{"id":11,"date":"2015-01-28T19:55:14","date_gmt":"2015-01-28T19:55:14","guid":{"rendered":"https:\/\/web.ciidiroaxaca.ipn.mx\/mros\/tesis\/"},"modified":"2026-02-12T20:06:36","modified_gmt":"2026-02-13T02:06:36","slug":"tesis","status":"publish","type":"page","link":"https:\/\/web.ciidiroaxaca.ipn.mx\/mros\/tesis\/","title":{"rendered":"Tesis"},"content":{"rendered":"\n<h3 class=\"wp-block-heading\"><strong>TESIS DE DOCTORADO<\/strong><\/h3>\n\n\n\n<h4 class=\"wp-block-heading\">CONCLUIDAS<\/h4>\n\n\n\n<p><strong>Ernesto de los Santos Reyes<\/strong>. 2024. An\u00e1lisis y modelamiento espacial en bosques h\u00famedos y su relaci\u00f3n con factores biof\u00edsicos y sociales en Sierra Norte, Oaxaca, M\u00e9xico.&nbsp;CIIDIR Oaxaca, Instituto Polit\u00e9cnico Nacional.<\/p>\n\n\n\n<p><strong>Hector Miguel Guzman Vazquez. <\/strong>2024. La familia Scarabaeidae de Oaxaca, M\u00e9xico (Insecta: Coleoptera): diversidad, distribuci\u00f3n y descripci\u00f3n de teratolog\u00edas. CIIDIR Oaxaca, Instituto Politecnico Nacional.<\/p>\n\n\n\n<p><strong>Omar Su\u00e1rez Garc\u00eda<\/strong>. 2021. Patrones de diversidad de aves en paisajes modificados de dos regiones de Oaxaca. CIIDIR Oaxaca,&nbsp;Instituto Polit\u00e9cnico Nacional.<\/p>\n\n\n\n<h4 class=\"wp-block-heading\">EN CURSO<\/h4>\n\n\n\n<p><strong>Lourdes Bautista P\u00e9rez<\/strong>. Inicio 2024.&nbsp;Diversidad arb\u00f3rea y modelos de biomasa y captura de carbono en los bosques de&nbsp;Ixtl\u00e1n de Ju\u00e1rez, Oaxaca.&nbsp;CIIDIR Oaxaca, Instituto Politecnico Nacional.<\/p>\n\n\n\n<p><strong>Gloria Molina Gayt\u00e1n<\/strong>. Inicio 2015. Monitoreo de macroinvertebrados acu\u00e1ticos como indicadores de contaminaci\u00f3n de la cuenca del rio Atoyac y su aplicaci\u00f3n para monitoreo comunitario y educaci\u00f3n ambiental. CIIDIR Oaxaca, Instituto Polit\u00e9cnico Nacional.<\/p>\n\n\n\n<h3 class=\"wp-block-heading\"><strong>TESIS DE&nbsp;MAESTRIA<\/strong><\/h3>\n\n\n\n<h4 class=\"wp-block-heading\">EN CURSO<\/h4>\n\n\n\n<p><strong>Rigoberto Arag\u00f3n Mart\u00ednez<\/strong>. Inicio 2025. C\u00f3digos de barras gen\u00e9ticos de escarabajos Scarabaeinae (Coleoptera: Scarabaeidae) registrados en los Valles Centrales de Oaxaca. CIIDIR Oaxaca, Instituto Politecnico Nacional.<\/p>\n\n\n\n<p><strong>Luis Miguel Cruz Gonzalez<\/strong>. Inicio 2020. Evaluaci\u00f3n de los efectos antropog\u00e9nicos sobre la vegetaci\u00f3n mediante im\u00e1genes satelitales en el municipio&nbsp;de Santiago Lachiguiri, Oaxaca. CIIDIR Oaxaca, Instituto Politecnico Nacional.<\/p>\n\n\n\n<h4 class=\"wp-block-heading\">CONCLUIDAS<\/h4>\n\n\n\n<p><strong>Rocio V\u00e1squez Hern\u00e1ndez<\/strong>. 2026.\u00a0An\u00e1lisis del cambio de uso de suelo en paisajes de cultivos de agave. CIIDIR Oaxaca, Instituto Politecnico Nacional.<\/p>\n\n\n\n<p><strong>Gabriela Garc\u00eda Garc\u00eda<\/strong>. 2024. Plan de arborizaci\u00f3n urbana para el municipio de Oaxaca de Ju\u00e1rez, Oaxaca. Universidad Autonoma de Benito Juarez de Oaxaca. <\/p>\n\n\n\n<p><strong>Nilraj Shrestha<\/strong>. 2022.&nbsp;Deep resolution mapping of satellite and remote sensing images.&nbsp;University for Sustainable Development Eberswalde, Germany.<\/p>\n\n\n\n<p><strong>Citlali Martinez Lopez. <\/strong>2020.&nbsp;Diversidad de \u00e1rboles en paisajes urbanos y rurales del estado de Oaxaca.&nbsp;CIIDIR Oaxaca, Instituto Polit\u00e9cnico Nacional.<\/p>\n\n\n\n<p><strong>Erwin Lopez Osorio<\/strong>. 2020. Patrones de diversidad de aves en un paisaje modificado por el hombre en la Sierra Norte, Oaxaca.&nbsp;CIIDIR Oaxaca, Instituto Polit\u00e9cnico Nacional.<\/p>\n\n\n\n<p><strong>Alba Lilia Santiago Cruz<\/strong>.&nbsp;<strong>2019<\/strong>. Diversidad \u03b2 de los anfibios del estado de Oaxaca.&nbsp;CIIDIR Oaxaca, Instituto Polit\u00e9cnico Nacional.<\/p>\n\n\n\n<p><strong>Dagoberto Pulido Arias. 2019. <\/strong>Aboveground carbon estimation in forest stands from aerial images. CICATA Queretaro, Instituto Polit\u00e9cnico Nacional.&nbsp;<\/p>\n\n\n\n<p><strong>Andres Aaron Ramirez<\/strong>. 2018. Estructura filogen\u00e9tica de comunidades de plantas le\u00f1osas en un bosque de encino a trav\u00e9s de un gradiente altitudinal en Oaxaca, M\u00e9xico.&nbsp;CIIDIR Oaxaca, Instituto Polit\u00e9cnico Nacional.<\/p>\n\n\n\n<p><strong>Coral Eloisa Rangel Rivera<\/strong>. 2017.&nbsp;Uso del h\u00e1bitat del mono ara\u00f1a (Ateles geoffroyi) y cobertura vegetal en un \u00c1rea Natural Protegida de la pen\u00ednsula de Yucat\u00e1n, M\u00e9xico. CIIDIR Oaxaca, Instituto Polit\u00e9cnico Nacional.<\/p>\n\n\n\n<p><strong>Victoria Capello<\/strong>. 2017.&nbsp;Diversidad de escarabajos coprofagos (Coleoptera: Scarabaeinae) en relaci\u00f3n a la heterogeneidad natural de las selvas en la Reserva de la Bi\u00f3sfera Calakmul. INECOL A.C., Xalapa, Veracruz.<\/p>\n\n\n\n<h3 class=\"wp-block-heading\"><strong>LICENCIATURA<\/strong><\/h3>\n\n\n\n<h4 class=\"wp-block-heading\">CONCLUIDAS<\/h4>\n\n\n\n<p><strong>Litzy Fern\u00e1ndez Rivera<\/strong>. 2024. Diversidad de Cole\u00f3ptera (Insecta) en tres sitios con bosque de encino de los Valles Centrales de Oaxaca. Universidad Aut\u00f3noma Benito Ju\u00e1rez de Oaxaca.<\/p>\n\n\n\n<p><strong>Esmeralda Donaj\u00ed Ram\u00edrez Ruiz.<\/strong> 2024. Comparaci\u00f3n de la efectividad entre dos tipos de trampa para el orden Coleoptera en tres localidades de Bosque de Quercus en Oaxaca, Universidad Aut\u00f3noma Benito Ju\u00e1rez de Oaxaca.<\/p>\n\n\n\n<p><strong>Alan Axel Arenas Parral. <\/strong>2019. Distribucion de escarabajos copr\u00f3fagos en las monta\u00f1as Pe\u00f1a de San Felipe y Zempoaltepetl, Sierra Norte de Oaxaca. Universidad Autonoma Benito Juarez de Oaxaca.<\/p>\n\n\n\n<p><strong>Jonas von Tschirnhaus<\/strong>. 2008. Initiale Bestandserfassung der Odonata im Municipio Cuetzalan de Progreso (Bundesstaat Puebla\/Mexiko) mit einer Populations- und Verhaltensstudie zu&nbsp;<em>Paraphlebia zoe<\/em>&nbsp;(Zygoptera: Megapodagrionidae). 55 paginas. Universidad de Ciencias Aplicadas Eberswalde, Brandenburg, Alemania. Facultad de Uso de Paisaje y Conservaci\u00f3n de la Naturaleza.<\/p>\n","protected":false},"excerpt":{"rendered":"<p>TESIS DE DOCTORADO CONCLUIDAS Ernesto de los Santos Reyes. 2024. An\u00e1lisis y modelamiento espacial en bosques h\u00famedos y su relaci\u00f3n con factores biof\u00edsicos y sociales en Sierra Norte, Oaxaca, M\u00e9xico.&nbsp;CIIDIR Oaxaca, Instituto Polit\u00e9cnico Nacional. Hector Miguel Guzman Vazquez. 2024. La familia Scarabaeidae de Oaxaca, M\u00e9xico (Insecta: Coleoptera): diversidad, distribuci\u00f3n y descripci\u00f3n de teratolog\u00edas. CIIDIR Oaxaca, [&hellip;]<\/p>\n","protected":false},"author":18,"featured_media":0,"parent":0,"menu_order":0,"comment_status":"closed","ping_status":"closed","template":"","meta":{"_swt_meta_header_display":false,"_swt_meta_footer_display":false,"_swt_meta_site_title_display":false,"_swt_meta_sticky_header":false,"_swt_meta_transparent_header":false,"footnotes":""},"class_list":["post-11","page","type-page","status-publish","hentry"],"_links":{"self":[{"href":"https:\/\/web.ciidiroaxaca.ipn.mx\/mros\/wp-json\/wp\/v2\/pages\/11","targetHints":{"allow":["GET"]}}],"collection":[{"href":"https:\/\/web.ciidiroaxaca.ipn.mx\/mros\/wp-json\/wp\/v2\/pages"}],"about":[{"href":"https:\/\/web.ciidiroaxaca.ipn.mx\/mros\/wp-json\/wp\/v2\/types\/page"}],"author":[{"embeddable":true,"href":"https:\/\/web.ciidiroaxaca.ipn.mx\/mros\/wp-json\/wp\/v2\/users\/18"}],"replies":[{"embeddable":true,"href":"https:\/\/web.ciidiroaxaca.ipn.mx\/mros\/wp-json\/wp\/v2\/comments?post=11"}],"version-history":[{"count":5,"href":"https:\/\/web.ciidiroaxaca.ipn.mx\/mros\/wp-json\/wp\/v2\/pages\/11\/revisions"}],"predecessor-version":[{"id":70,"href":"https:\/\/web.ciidiroaxaca.ipn.mx\/mros\/wp-json\/wp\/v2\/pages\/11\/revisions\/70"}],"wp:attachment":[{"href":"https:\/\/web.ciidiroaxaca.ipn.mx\/mros\/wp-json\/wp\/v2\/media?parent=11"}],"curies":[{"name":"wp","href":"https:\/\/api.w.org\/{rel}","templated":true}]}}