{"id":10,"date":"2015-01-28T19:54:34","date_gmt":"2015-01-28T19:54:34","guid":{"rendered":"https:\/\/web.ciidiroaxaca.ipn.mx\/mros\/proyectos-de-investigacion\/"},"modified":"2026-02-12T20:46:24","modified_gmt":"2026-02-13T02:46:24","slug":"proyectos-de-investigacion","status":"publish","type":"page","link":"https:\/\/web.ciidiroaxaca.ipn.mx\/mros\/proyectos-de-investigacion\/","title":{"rendered":"Proyectos de investigaci\u00f3n"},"content":{"rendered":"\n<p><strong>Barreras o puentes:\u00a0Distribuci\u00f3n de tres\u00a0Ordenes (8 familias) de\u00a0insectos en los Valles\u00a0Centrales de Oaxaca y\u00a0monta\u00f1as aleda\u00f1as,\u00a0usando c\u00f3digo de\u00a0barras\u00a0de\u00a0ADN.<\/strong> Proyecto CONAHCYT de Ciencia Basica y de Frontera (2024-2026). Director tecnico. <\/p>\n\n\n\n<p><strong>Xicotli Data: Integration of Biodiversity Data for the Management and Conservation of Wild Bee-Plant Interaction in Mexico. <\/strong>Proyecto interinstitucional CONABIO, INECOL, ECOSUR, CIIDIR Oaxaca. 2021-2023.<\/p>\n\n\n\n<p><strong>Diversidad y plantas hospedadoras de escarabajos met\u00e1licos\u00a0barrenadores de madera (Coleoptera: Buprestidae) en bosque de encinos del estado de Oaxaca.<\/strong> Investigaci\u00f3n posdoctoral Dr. Roberto Reyes Gonzalez (2022-2027).<\/p>\n\n\n\n<p><strong>Distribuci\u00f3n y diversidad de escarabajos ceramb\u00edcidos (Coleoptera: Cerambycidae) del estado de Oaxaca. <\/strong>Investigacion posdoctoral Dr. Jos\u00e9 G. Martinez Hernandez (2020-25)<strong>.<\/strong><\/p>\n\n\n\n<p><strong>Diversidad de escarabajos copronecr\u00f3fagos de alta monta\u00f1a en Oaxaca y su comparaci\u00f3n con monta\u00f1as del Eje&nbsp;<\/strong><strong>Neovolc\u00e1nico<\/strong>. Investigacion posdoctoral Dra. Alfonsina Arriaga (2017-18, 2019-2020).<\/p>\n\n\n\n<p><strong>Urban bees as a tool for education and conservation. <\/strong>2018-19. Otorgado por The Pollination Project (Estados Unidos). En colaboraci\u00f3n con Paola Andrea Gonzalez Vanegas (INECOL) y Martha Baena (UV).<\/p>\n\n\n\n<p><strong>Desarrollo de Indicadores Ecol\u00f3gicos para el Manejo Sustentable de Bosques<\/strong>. 2016-2017. Proyecto multidisciplinario del IPN, # 1747. Modulo: Desarrollo de indicadores ecol\u00f3gicos de complejidad estructural de bosques monitoreados con veh\u00edculos aereos no tripulados.&nbsp;<\/p>\n\n\n\n<p>Proyecto INSIGNIA. eBee Microdrone con camara multiespectral Sequoia y camara Sony RGB, software PIX4D classroom version.<\/p>\n","protected":false},"excerpt":{"rendered":"<p>Barreras o puentes:\u00a0Distribuci\u00f3n de tres\u00a0Ordenes (8 familias) de\u00a0insectos en los Valles\u00a0Centrales de Oaxaca y\u00a0monta\u00f1as aleda\u00f1as,\u00a0usando c\u00f3digo de\u00a0barras\u00a0de\u00a0ADN. Proyecto CONAHCYT de Ciencia Basica y de Frontera (2024-2026). Director tecnico. Xicotli Data: Integration of Biodiversity Data for the Management and Conservation of Wild Bee-Plant Interaction in Mexico. Proyecto interinstitucional CONABIO, INECOL, ECOSUR, CIIDIR Oaxaca. 2021-2023. Diversidad y [&hellip;]<\/p>\n","protected":false},"author":18,"featured_media":0,"parent":0,"menu_order":0,"comment_status":"closed","ping_status":"closed","template":"","meta":{"_swt_meta_header_display":false,"_swt_meta_footer_display":false,"_swt_meta_site_title_display":false,"_swt_meta_sticky_header":false,"_swt_meta_transparent_header":false,"footnotes":""},"class_list":["post-10","page","type-page","status-publish","hentry"],"_links":{"self":[{"href":"https:\/\/web.ciidiroaxaca.ipn.mx\/mros\/wp-json\/wp\/v2\/pages\/10","targetHints":{"allow":["GET"]}}],"collection":[{"href":"https:\/\/web.ciidiroaxaca.ipn.mx\/mros\/wp-json\/wp\/v2\/pages"}],"about":[{"href":"https:\/\/web.ciidiroaxaca.ipn.mx\/mros\/wp-json\/wp\/v2\/types\/page"}],"author":[{"embeddable":true,"href":"https:\/\/web.ciidiroaxaca.ipn.mx\/mros\/wp-json\/wp\/v2\/users\/18"}],"replies":[{"embeddable":true,"href":"https:\/\/web.ciidiroaxaca.ipn.mx\/mros\/wp-json\/wp\/v2\/comments?post=10"}],"version-history":[{"count":5,"href":"https:\/\/web.ciidiroaxaca.ipn.mx\/mros\/wp-json\/wp\/v2\/pages\/10\/revisions"}],"predecessor-version":[{"id":74,"href":"https:\/\/web.ciidiroaxaca.ipn.mx\/mros\/wp-json\/wp\/v2\/pages\/10\/revisions\/74"}],"wp:attachment":[{"href":"https:\/\/web.ciidiroaxaca.ipn.mx\/mros\/wp-json\/wp\/v2\/media?parent=10"}],"curies":[{"name":"wp","href":"https:\/\/api.w.org\/{rel}","templated":true}]}}