{"id":8,"date":"2016-10-19T16:10:09","date_gmt":"2016-10-19T16:10:09","guid":{"rendered":"https:\/\/web.ciidiroaxaca.ipn.mx\/mrasilla\/tesis-dirigidas\/"},"modified":"2025-09-21T03:51:23","modified_gmt":"2025-09-21T03:51:23","slug":"tesis","status":"publish","type":"page","link":"https:\/\/web.ciidiroaxaca.ipn.mx\/mrasilla\/tesis\/","title":{"rendered":"Tesis"},"content":{"rendered":"\n<p>Grado de Maestro en Gesti\u00f3n de proyectos para el desarrollo solidario. <strong>Selim S\u00e1nchez Lara Modelo<\/strong> apropiado de movilidad activa comunitaria solidaria y segura en un contexto semi-rural urbanizado en la Villa de Zaachila, Oaxaca. Instituto Polit\u00e9cnico Nacional CIIDIR Oaxaca.25 de enero 2023<\/p>\n\n\n\n<p>Grado de Maestro en Gesti\u00f3n de proyectos para el desarrollo solidario. <strong>Miguel \u00c1ngel Mart\u00ednez Santiago<\/strong>. Integraci\u00f3n arquitect\u00f3nica sustentable del comedor comunitario de San Cristobal, San Pablo Cuatro Venados Oaxaca. Instituto Polit\u00e9cnico Nacional\u00a0 CIIDIR Oaxaca.5 de julio 2019<\/p>\n\n\n\n<p>Grado de Maestra en Gesti\u00f3n de proyectos para el desarrollo solidario.\u00a0<strong>Citlalli Ojeda Salinas<\/strong>.\u00a0Apropiaci\u00f3n social de ecot\u00e9cnia \u201cCaptaci\u00f3n pluvial\u201d para mejoramiento\u00a0del tianguis gastron\u00f3mico: \u201cGadoo Gush\u201d de San Raymundo Jalpan, Oax.\u00a0Instituto Polit\u00e9cnico Nacional\u00a0 CIIDIR Oaxaca.\u00a01 de agosto 2019.\u00a0MENCI\u00d3N HONORIFICA<\/p>\n\n\n\n<p>Grado de Maestra en Gesti\u00f3n de proyectos para el desarrollo solidario. <strong>Brenda Lizbeth Garc\u00eda L\u00f3pez<\/strong>. Proyecto de Espacio Ludo-did\u00e1ctico en la Escuela Primaria Rural \u201cAquiles Serd\u00e1n\u201d, San Francisco Tutla, Oaxaca, M\u00e9xico. Instituto Polit\u00e9cnico Nacional\u00a0 CIIDIR Oaxaca. 17 de enero 2019. MENCI\u00d3N HONORIFICA<\/p>\n\n\n\n<p>Grado de Maestra en Gesti\u00f3n de proyectos para el desarrollo solidario. <strong>Cintia M\u00e9ndez Santiago.<\/strong> Integraci\u00f3n de redes para el abasto de alimentos. Instituto Polit\u00e9cnico Nacional\u00a0 CIIDIR Oaxaca. 4 de agosto 2016<\/p>\n\n\n\n<p>Grado de maestro en Maestro en administraci\u00f3n educativa. <strong>H\u00e9ctor Julio Meza Vel\u00e1squez<\/strong>. Dise\u00f1o de una unidad de aprendizaje referente a las etapas de proyecto educativa. MENCI\u00d3N HONORIFICA\/ 17\/06\/2016 Universidad La Salle Campus Oaxaca.<\/p>\n\n\n\n<p>Grado de maestro en Maestro en educaci\u00f3n superior. <strong>German Escobar Duran<\/strong>. Leyes ponderales de la materia centradas en alteraciones clim\u00e1ticas ocasionadas por la actividad humana. Dise\u00f1o de una unidad de aprendizaje para estudiantes del Colegio de Bachilleres del Estado de Oaxaca. MENCI\u00d3N HONORIFICA\/ 25\/06\/2016 Universidad La Salle Campus Oaxaca.<\/p>\n","protected":false},"excerpt":{"rendered":"<p>Grado de Maestro en Gesti\u00f3n de proyectos para el desarrollo solidario. Selim S\u00e1nchez Lara Modelo apropiado de movilidad activa comunitaria solidaria y segura en un contexto semi-rural urbanizado en la Villa de Zaachila, Oaxaca. Instituto Polit\u00e9cnico Nacional CIIDIR Oaxaca.25 de enero 2023 Grado de Maestro en Gesti\u00f3n de proyectos para el desarrollo solidario. Miguel \u00c1ngel [&hellip;]<\/p>\n","protected":false},"author":64,"featured_media":0,"parent":0,"menu_order":0,"comment_status":"closed","ping_status":"closed","template":"","meta":{"_swt_meta_header_display":false,"_swt_meta_footer_display":false,"_swt_meta_site_title_display":false,"_swt_meta_sticky_header":false,"_swt_meta_transparent_header":false,"footnotes":""},"class_list":["post-8","page","type-page","status-publish","hentry"],"_links":{"self":[{"href":"https:\/\/web.ciidiroaxaca.ipn.mx\/mrasilla\/wp-json\/wp\/v2\/pages\/8","targetHints":{"allow":["GET"]}}],"collection":[{"href":"https:\/\/web.ciidiroaxaca.ipn.mx\/mrasilla\/wp-json\/wp\/v2\/pages"}],"about":[{"href":"https:\/\/web.ciidiroaxaca.ipn.mx\/mrasilla\/wp-json\/wp\/v2\/types\/page"}],"author":[{"embeddable":true,"href":"https:\/\/web.ciidiroaxaca.ipn.mx\/mrasilla\/wp-json\/wp\/v2\/users\/64"}],"replies":[{"embeddable":true,"href":"https:\/\/web.ciidiroaxaca.ipn.mx\/mrasilla\/wp-json\/wp\/v2\/comments?post=8"}],"version-history":[{"count":2,"href":"https:\/\/web.ciidiroaxaca.ipn.mx\/mrasilla\/wp-json\/wp\/v2\/pages\/8\/revisions"}],"predecessor-version":[{"id":35,"href":"https:\/\/web.ciidiroaxaca.ipn.mx\/mrasilla\/wp-json\/wp\/v2\/pages\/8\/revisions\/35"}],"wp:attachment":[{"href":"https:\/\/web.ciidiroaxaca.ipn.mx\/mrasilla\/wp-json\/wp\/v2\/media?parent=8"}],"curies":[{"name":"wp","href":"https:\/\/api.w.org\/{rel}","templated":true}]}}