{"id":7,"date":"2016-10-19T16:08:53","date_gmt":"2016-10-19T16:08:53","guid":{"rendered":"https:\/\/web.ciidiroaxaca.ipn.mx\/mrasilla\/proyectos-de-investigacion\/"},"modified":"2025-10-13T21:54:00","modified_gmt":"2025-10-13T21:54:00","slug":"proyectos-de-investigacion","status":"publish","type":"page","link":"https:\/\/web.ciidiroaxaca.ipn.mx\/mrasilla\/proyectos-de-investigacion\/","title":{"rendered":"Proyectos de investigaci\u00f3n"},"content":{"rendered":"\n<ul class=\"wp-block-list\">\n<li><strong>DIRECTORA<\/strong> <\/li>\n\n\n\n<li>SIP-IPN 20254033 <strong>Estrategias para la gesti\u00f3n de recursos en escuelas de nivel b\u00e1sico en comunidades marginadas de Oaxaca para su transici\u00f3n hacia la sustentabilidad. <\/strong>Enero 2025-diciembre del 2027. <\/li>\n\n\n\n<li> SIP-IPN 20220953 <strong>Caracterizaci\u00f3n de la operatividad del curriculum en contingencia sanitaria de la maestr\u00eda profesional gesti\u00f3n de proyectos para el desarrollo solidario<\/strong>. Enero-diciembre del 2022.<\/li>\n\n\n\n<li> SIP-IPN 20211970 <strong>Caracterizaci\u00f3n de la operatividad del curriculum en contingencia sanitaria de la maestr\u00eda profesional gesti\u00f3n de proyectos para el desarrollo solidario<\/strong>. Enero-diciembre del 2021<\/li>\n\n\n\n<li> SIP-IPN 20196208 <strong>Evaluaci\u00f3n del proceso de formaci\u00f3n del cuerpo acad\u00e9mico de la maestr\u00eda \u00abGesti\u00f3n de proyectos para el desarrollo solidario\u00bb. <\/strong>Enero-diciembre del 2019.<\/li>\n\n\n\n<li>SIP-IPN 20141078 <strong>Diagn\u00f3stico de necesidades de formaci\u00f3n docente del cuerpo acad\u00e9mico de la maestr\u00eda \u00abGesti\u00f3n de Proyectos para el Desarrollo Solidario\u00bb.<\/strong> Enero-diciembre del 2014.\u00a0<\/li>\n\n\n\n<li><\/li>\n\n\n\n<li>SIP-IPN 20071706, 20082961. <strong>Alcances de la investigaci\u00f3n educativa en la pr\u00e1ctica docente en escuelas de ingenier\u00eda.<\/strong> Enero 2007-diciembre del 2008.<\/li>\n\n\n\n<li> SIP-IPN 20062037 <strong>La investigaci\u00f3n educativa en el Instituto Polit\u00e9cnico Nacional. <\/strong>Enero-diciembre 2006.<\/li>\n\n\n\n<li><strong>PARTICIPANTE<\/strong><\/li>\n\n\n\n<li>SIP 20171293 <strong>Dise\u00f1o sustentable de espacios y estrategias de apropiaci\u00f3n para mejoramiento de comunidades y fortalecer el desarrollo local<\/strong>. Enero-diciembre 2017<\/li>\n\n\n\n<li>SIP 20160680 Mejoramiento de la vivienda rural mediante estrategias de capacitaci\u00f3n, participaci\u00f3n, y autoconstrucci\u00f3n para elevar la calidad del h\u00e1bitat precario.. Enero-diciembre 2016<\/li>\n\n\n\n<li>Proyecto multidisciplinario SIP-IPN: 20130279. M\u00f3dulo: \u201cMedici\u00f3n de emisiones GEI en los procesos biol\u00f3gicos de tratamiento de residuos y propuestas de medidas de mitigaci\u00f3n\u201cMeta. 3. Dise\u00f1o de la transposici\u00f3n did\u00e1ctica de conocimientos involucrados con las emisiones GEI y el calentamiento global. Enero-diciembre 2013<\/li>\n\n\n\n<li>SIP-IPN 20131699. \u00a0\u201cSeguimiento y verificaci\u00f3n del desempe\u00f1o del SGC en el proceso de gesti\u00f3n de proyectos de investigaci\u00f3n del CIIDIR OAXACA \u201c. Meta: Dise\u00f1o de un programa de detecci\u00f3n de necesidades de formaci\u00f3n docente en el marco de un sistema de gesti\u00f3n de la calidad educativa. Enero-diciembre 2013.<\/li>\n\n\n\n<li>SIP-IPN 20110744. \u00a0Propuesta de un programa de detecci\u00f3n de necesidades de capacitaci\u00f3n docente en ESIME Culhuac\u00e1n para el desarrollo de habilidades docentes basadas en competencias complejas. Enero-diciembre 2011.<\/li>\n\n\n\n<li> SIP-IPN 20090291 An\u00e1lisis de las competencias de graduados de maestr\u00eda en ciencias en conservaci\u00f3n y aprovechamiento de los recursos naturales desde la perspectiva de los empleadores. Enero-diciembre\u00a0 2009.<\/li>\n<\/ul>\n","protected":false},"excerpt":{"rendered":"","protected":false},"author":64,"featured_media":0,"parent":0,"menu_order":0,"comment_status":"closed","ping_status":"closed","template":"","meta":{"_swt_meta_header_display":false,"_swt_meta_footer_display":false,"_swt_meta_site_title_display":false,"_swt_meta_sticky_header":false,"_swt_meta_transparent_header":false,"footnotes":""},"class_list":["post-7","page","type-page","status-publish","hentry"],"_links":{"self":[{"href":"https:\/\/web.ciidiroaxaca.ipn.mx\/mrasilla\/wp-json\/wp\/v2\/pages\/7","targetHints":{"allow":["GET"]}}],"collection":[{"href":"https:\/\/web.ciidiroaxaca.ipn.mx\/mrasilla\/wp-json\/wp\/v2\/pages"}],"about":[{"href":"https:\/\/web.ciidiroaxaca.ipn.mx\/mrasilla\/wp-json\/wp\/v2\/types\/page"}],"author":[{"embeddable":true,"href":"https:\/\/web.ciidiroaxaca.ipn.mx\/mrasilla\/wp-json\/wp\/v2\/users\/64"}],"replies":[{"embeddable":true,"href":"https:\/\/web.ciidiroaxaca.ipn.mx\/mrasilla\/wp-json\/wp\/v2\/comments?post=7"}],"version-history":[{"count":4,"href":"https:\/\/web.ciidiroaxaca.ipn.mx\/mrasilla\/wp-json\/wp\/v2\/pages\/7\/revisions"}],"predecessor-version":[{"id":58,"href":"https:\/\/web.ciidiroaxaca.ipn.mx\/mrasilla\/wp-json\/wp\/v2\/pages\/7\/revisions\/58"}],"wp:attachment":[{"href":"https:\/\/web.ciidiroaxaca.ipn.mx\/mrasilla\/wp-json\/wp\/v2\/media?parent=7"}],"curies":[{"name":"wp","href":"https:\/\/api.w.org\/{rel}","templated":true}]}}