{"id":10,"date":"2015-10-01T15:04:35","date_gmt":"2015-10-01T15:04:35","guid":{"rendered":"https:\/\/web.ciidiroaxaca.ipn.mx\/mperezf\/tesis\/"},"modified":"2025-09-21T22:06:39","modified_gmt":"2025-09-21T22:06:39","slug":"tesis","status":"publish","type":"page","link":"https:\/\/web.ciidiroaxaca.ipn.mx\/mperezf\/tesis\/","title":{"rendered":"Tesis"},"content":{"rendered":"\n<h3 class=\"wp-block-heading\">Direcci\u00f3n de tesis a nivel Doctorado<\/h3>\n\n\n\n<p>Direcci\u00f3n de tesis de la alumna<strong>\u00a0Guillermina Gonz\u00e1lez Saavedra<\/strong>\u00a0del\u00a0Doctorado en Ciencias en Conservaci\u00f3n y Aprovechamiento de Recursos Naturales. Tesis: Impacto socioambiental del consumo de alimentos ultraprocesados en adolescentes de los Valles Centrales de Oaxaca: un estudio comparativo entre \u00e1reas urbanas y rurales.\u00a0Tesis en proceso<\/p>\n\n\n\n<p>Direcci\u00f3n de tesis de la alumna <strong>Yareth Liduvina Nu\u00f1ez Reyes<\/strong> \u00a0del\u00a0Doctorado en Ciencias en Conservaci\u00f3n y Aprovechamiento de Recursos Naturales. Tesis: La alimentaci\u00f3n tradicional y su importancia para cubrir necesidades nutricionales en la poblaci\u00f3n infantil de Villa Sola de Vega.\u00a0Tesis en proceso<\/p>\n\n\n\n<p>Direcci\u00f3n de tesis del alumno <strong>Said Omar D\u00edaz Ortega <\/strong>del\u00a0Doctorado en Ciencias en Conservaci\u00f3n y Aprovechamiento de Recursos Naturales. Tesis: Evaluaci\u00f3n del aprovechamiento de los productos alimenticios de la milpa en la autosuficiencia alimentaria de las familias de dos comunidades de contraste en Ejutla de Crespo, Oaxaca.\u00a0Tesis en proceso<\/p>\n\n\n\n<p>Direcci\u00f3n de tesis de la alumna <strong>Gloria Irene Ponce Quezada <\/strong>del\u00a0Doctorado en Ciencias en Conservaci\u00f3n y Aprovechamiento de Recursos Naturales. Tesis: \u00a0Evaluaci\u00f3n de la aplicaci\u00f3n de una metodolog\u00eda de co-investigaci\u00f3n con adolescentes en tres regiones del Estado de Oaxaca enfocada en el consumo responsable de alimentos.\u00a0Tesis en proceso<\/p>\n\n\n\n<h3 class=\"wp-block-heading\">Direcci\u00f3n de tesis a nivel Maestr\u00eda<\/h3>\n\n\n\n<p>Direcci\u00f3n de tesis del alumno <strong>Jorge Rodr\u00edguez Hern\u00e1ndez<\/strong> de la Maestr\u00eda en Gesti\u00f3n de Proyectos para el Desarrollo Solidario. Tesis:\u00a0Consumo responsable de dispositivos digitales; construyendo consciencia de salud en la generaci\u00f3n conectada, en la Secundaria \u00ab21 de Noviembre\u00bb, Santa Cruz Xoxocotlan, Oaxaca.\u00a0\u00a0Tesis en proceso<\/p>\n\n\n\n<p>Direcci\u00f3n de tesis del alumno<strong> Edgar de la Cruz Miguel <\/strong>de la Maestr\u00eda en Gesti\u00f3n de Proyectos para el Desarrollo Solidario. Tesis:\u00a0Aplicaci\u00f3n de la agroecolog\u00eda en la producci\u00f3n de huevo desde las experiencias de un grupo de mujeres\u00a0 rurales con enfoque ecofeministas.\u00a0\u00a0Tesis en proceso<\/p>\n\n\n\n<p>Direcci\u00f3n de tesis de la alumna <strong>Magdalena Espina Garcia<\/strong> de la Maestr\u00eda en Gesti\u00f3n de Proyectos para el Desarrollo Solidario. Tesis:\u00a0Estrategias para promover los circuitos cortos de comercializaci\u00f3n con los integrantes del Mercadito Alternativo Coyolapan de Cuil\u00e1pam de Guerrero, Oaxaca.\u00a0\u00a0Fecha de graduaci\u00f3n, 31 de enero 2024.<\/p>\n\n\n\n<p>Direcci\u00f3n de tesis de la alumna <strong>Adela Luna R\u00edos<\/strong> de la Maestr\u00eda en Gesti\u00f3n de Proyectos para el Desarrollo Solidario. Tesis: Valorizaci\u00f3n del trabajo reproductivo y empoderamiento de las mujeres productoras de mezcal y licores a base de mezcal en Santiago Zoochila, Oaxaca\u00bb.\u00a0\u00a0Fecha de graduaci\u00f3n, 24 de julio 2024.<\/p>\n\n\n\n<p>Direcci\u00f3n de tesis de la alumna <strong>Martha Roxana L\u00f3pez P\u00e9rez <\/strong>de la Maestr\u00eda en Gesti\u00f3n de Proyectos para el Desarrollo Solidario. Tesis:\u00a0\u00abQuelites, un legado de sabidur\u00eda de las Mujeres Ind\u00edgenas de Zaragoza, Siniyuvi, Putla,\u00a0Oaxaca. En la gesti\u00f3n del reconocimiento de su valor cultural\u00a0 y alimenticio\u00bb.\u00a0\u00a0Fecha de graduaci\u00f3n, 22 de julio 2024.<\/p>\n\n\n\n<p>Direcci\u00f3n de tesis de la alumna <strong>Alicia L\u00f3pez Mart\u00ednez<\/strong> de la Maestr\u00eda en Gesti\u00f3n de Proyectos para el Desarrollo Solidario. Tesis:\u00a0 Cultivo de hongos seta (Pleurotus ostreatus) como impulso para la seguridad alimentaria de un grupo de mujeres de Santa Cruz Lachixolana, Etla, Oaxaca.\u00a0\u00a0Fecha de graduaci\u00f3n, 12 de febrero 2024.<\/p>\n\n\n\n<p>Direcci\u00f3n de tesis de la alumna<strong> Guillermina Gonz\u00e1lez Saavedra<\/strong> de la Maestr\u00eda en Gesti\u00f3n de Proyectos para el Desarrollo Solidario. Tesis:\u00a0La gesti\u00f3n del consumo responsable de los alimentos. El caso de una escuela secundaria en Santa Cruz Xoxocotl\u00e1n, Oax.\u00a0Fecha de graduaci\u00f3n, 21de agosto 2023.<\/p>\n\n\n\n<p>Direcci\u00f3n de tesis de la alumna<strong> Rosalina Vicente Fabi\u00e1n<\/strong>. de la Maestr\u00eda en Gesti\u00f3n de Proyectos para el Desarrollo Solidario. Tesis: Mujeres zapotecas de San Juan Taba\u00e1, Oaxaca, gestoras para la producci\u00f3n y consumo de hongo seta (Pleorotus ostreatus).\u00a0Fecha de graduaci\u00f3n 9 de febrero del 2022\u00a0 \u00a0<\/p>\n\n\n\n<p>Direcci\u00f3n de tesis del alumno <strong>Manuel Jes\u00fas<\/strong> de la Maestr\u00eda en Gesti\u00f3n de Proyectos para el Desarrollo Solidario. Tesis:\u00a0Aprovechamiento del cacahuate (Arachys Hypogaea) en la comunidad de San Lucas Tlanichico, mediante la creaci\u00f3n de un grupo solidario y participativo. Fecha de graduaci\u00f3n, 9 de septiembre del 2020.<\/p>\n\n\n\n<p>Direcci\u00f3n de tesis de la alumna <strong>Yareth Liduvina Nu\u00f1ez Reyes<\/strong> de la Maestr\u00eda en Gesti\u00f3n de Proyectos para el Desarrollo Solidario. Tesis: La contribuci\u00f3n de la cocina tradicional a la identidad cultural y la Soberan\u00eda Alimentaria en Sola de Vega, Oaxaca, M\u00e9xico.\u00a0\u00a0Fecha de graduaci\u00f3n, 2 de agosto del 2019<\/p>\n\n\n\n<p>Direcci\u00f3n de tesis del alumno <strong>H\u00e9ctor Alfonso Boh\u00f3rquez Cruz<\/strong> de la Maestr\u00eda en Gesti\u00f3n de Proyectos para el Desarrollo Solidario. Tesis:\u00a0Redise\u00f1ando la vivienda, basada en los saberes ind\u00edgenas y estrategias pasivas. caso Magdalena Teitipac, Tlacolula de Matamoros, Oaxaca. Fecha de graduaci\u00f3n, 17 de enero del 2019<\/p>\n\n\n\n<p>Direcci\u00f3n de tesis de la alumna <strong>Maribel Le\u00f3n Lara <\/strong>de la Maestr\u00eda en Gesti\u00f3n de Proyectos para el Desarrollo Solidario. Tesis:\u00a0Fortalecimiento institucional participativo del manejo de residuos s\u00f3lidos domiciliarios\u00a0 por medio de acciones proambientales. Caso San Antonino Castillo Velasco.\u00a0Fecha de graduaci\u00f3n, 11 de enero del 2019.<\/p>\n\n\n\n<p>Directora de tesis de la alumna <strong>Victoria P\u00e9rez Cruz<\/strong> de la Maestr\u00eda en Gesti\u00f3n de Proyectos para el Desarrollo Solidario. Tesis: \u201cObras de recarga artificial y su percepci\u00f3n a trav\u00e9s del enfoque hidrosolidario en una comunidad rural de Oaxaca\u201d.\u00a0Fecha de graduaci\u00f3n,\u00a0 31 de junio del 2018<\/p>\n\n\n\n<p>Directora de tesis de la alumna <strong>Pacheco Calder\u00f3n Adriana Leticia<\/strong> de la Maestr\u00eda en Gesti\u00f3n de Proyectos para el Desarrollo Solidario. Tesis:\u00a0\u201cProyecto de participaci\u00f3n comunitaria en el dise\u00f1o de un espacio p\u00fablico en el fraccionamiento Ciudad Yagul, Tlacolula, Oaxaca\u201d. Fecha de graduaci\u00f3n, 6 de julio 2017.<\/p>\n\n\n\n<p>Directora de tesis del alumno<strong> Said Omar D\u00edaz Ortega.<\/strong> Alumno de la Maestr\u00eda en Gesti\u00f3n de Proyectos para el Desarrollo Solidario. T\u00edtulo:\u00a0\u201cMujeres trabajando para la reciprocidad y responsabilidad en la alimentaci\u00f3n. Caso El Sandial San Andr\u00e9s Huay\u00e1pam, Oax.\u201d,\u00a0\u00a0Fecha de graduaci\u00f3n, 9 de junio del 2017.<\/p>\n\n\n\n<p>Directora de tesis del alumno <strong>Abraham David Guzm\u00e1n Cabrera<\/strong> de la Maestr\u00eda en Gesti\u00f3n de Proyectos para el Desarrollo Solidario. Tesis:\u00a0\u201cFortalecimiento del componente asociativo entre integrantes de la Plaza de la Econom\u00eda Solidaria El Marquesado\u00a0de la ciudad de Oaxaca de Ju\u00e1rez\u00bb. Fecha de graduado, 4 de agosto del 2016.<\/p>\n\n\n\n<p>Directora de tesis de <strong>Gloria Irene Ponce Quezada<\/strong>, de la Maestr\u00eda en Gesti\u00f3n de Proyectos para el Desarrollo Solidario. Tesis: \u201cIntervenci\u00f3n en el Consumo Alimentario de Mujeres en una Comunidad Mixteca de Oaxaca\u201d. En b\u00fasqueda de la Soberan\u00eda Alimentaria\u201d\u00a0Fecha de graduada, 17 de julio del 2015.\u00a0<\/p>\n\n\n\n<h3 class=\"wp-block-heading\">Asesora de tesis externas<\/h3>\n\n\n\n<p>Asesora de la alumna: <strong>Alejandra Margarita Boix Cruz<\/strong>, del Doctorado en Ciencias en Desarrollo Regional y Tecnol\u00f3gico, del Tecnol\u00f3gico Nacional de M\u00e9xico, Campus Oaxaca. tesis: Impacto de las pol\u00edticas p\u00fablicas en la salud y bienestar de la poblaci\u00f3n.\u00a0Fecha de graduaci\u00f3n, 8 de diciembre 2023.<\/p>\n\n\n\n<p>Asesora del alumno <strong>Royer Pacheco Cruz<\/strong>, de la maestr\u00eda en Acci\u00f3n Social en Contextos Globales del Instituto de Investigaciones sociales de la Universidad Aut\u00f3noma Benito Ju\u00e1rez de Oaxaca. Tesis: Impulso de un proceso de soberan\u00eda alimentaria a trav\u00e9s del sistema milpa en San Juan Coatecas Altas, Oaxaca.\u00a0 Fecha de graduaci\u00f3n, 26 de abril del 2022\u00a0 \u00a0 \u00a0 \u00a0<\/p>\n\n\n\n<h3 class=\"wp-block-heading\">Direcci\u00f3n de tesis de licenciatura&nbsp;<\/h3>\n\n\n\n<p><strong>Mar\u00eda Dolores V\u00e1squez Guti\u00e9rrez<\/strong>, del Instituto Tecnol\u00f3gico de Valle de Etla de la ingenier\u00eda en Desarrollo Comunitario. T\u00edtulo: Ar\u00e1ndano y su importancia sociocultural y Socioecon\u00f3mica en los Valles Centrales, Oaxaca. Fecha de graduaci\u00f3n, 28 de abril del 2017.<\/p>\n","protected":false},"excerpt":{"rendered":"<p>Direcci\u00f3n de tesis a nivel Doctorado Direcci\u00f3n de tesis de la alumna\u00a0Guillermina Gonz\u00e1lez Saavedra\u00a0del\u00a0Doctorado en Ciencias en Conservaci\u00f3n y Aprovechamiento de Recursos Naturales. Tesis: Impacto socioambiental del consumo de alimentos ultraprocesados en adolescentes de los Valles Centrales de Oaxaca: un estudio comparativo entre \u00e1reas urbanas y rurales.\u00a0Tesis en proceso Direcci\u00f3n de tesis de la alumna [&hellip;]<\/p>\n","protected":false},"author":70,"featured_media":0,"parent":0,"menu_order":0,"comment_status":"closed","ping_status":"closed","template":"","meta":{"_swt_meta_header_display":false,"_swt_meta_footer_display":false,"_swt_meta_site_title_display":false,"_swt_meta_sticky_header":false,"_swt_meta_transparent_header":false,"footnotes":""},"class_list":["post-10","page","type-page","status-publish","hentry"],"_links":{"self":[{"href":"https:\/\/web.ciidiroaxaca.ipn.mx\/mperezf\/wp-json\/wp\/v2\/pages\/10","targetHints":{"allow":["GET"]}}],"collection":[{"href":"https:\/\/web.ciidiroaxaca.ipn.mx\/mperezf\/wp-json\/wp\/v2\/pages"}],"about":[{"href":"https:\/\/web.ciidiroaxaca.ipn.mx\/mperezf\/wp-json\/wp\/v2\/types\/page"}],"author":[{"embeddable":true,"href":"https:\/\/web.ciidiroaxaca.ipn.mx\/mperezf\/wp-json\/wp\/v2\/users\/70"}],"replies":[{"embeddable":true,"href":"https:\/\/web.ciidiroaxaca.ipn.mx\/mperezf\/wp-json\/wp\/v2\/comments?post=10"}],"version-history":[{"count":3,"href":"https:\/\/web.ciidiroaxaca.ipn.mx\/mperezf\/wp-json\/wp\/v2\/pages\/10\/revisions"}],"predecessor-version":[{"id":43,"href":"https:\/\/web.ciidiroaxaca.ipn.mx\/mperezf\/wp-json\/wp\/v2\/pages\/10\/revisions\/43"}],"wp:attachment":[{"href":"https:\/\/web.ciidiroaxaca.ipn.mx\/mperezf\/wp-json\/wp\/v2\/media?parent=10"}],"curies":[{"name":"wp","href":"https:\/\/api.w.org\/{rel}","templated":true}]}}