{"id":9,"date":"2015-10-01T15:26:27","date_gmt":"2015-10-01T15:26:27","guid":{"rendered":"https:\/\/web.ciidiroaxaca.ipn.mx\/mortizgu\/actividades-academicas\/"},"modified":"2025-09-17T16:01:26","modified_gmt":"2025-09-17T16:01:26","slug":"actividades-academicas","status":"publish","type":"page","link":"https:\/\/web.ciidiroaxaca.ipn.mx\/mortizgu\/actividades-academicas\/","title":{"rendered":"Actividades acad\u00e9micas"},"content":{"rendered":"\n<p>DIRECTOR DE TESIS de tesis examen de grado de Maestr\u00eda en gesti\u00f3n de proyectos para el Desarrollo Solidario del C. Uriel Le\u00f3n Venegas, con la tesis \u201cProyecto participativo de Vivienda Vern\u00e1cula Sustentable en la comunidad de Santo Domingo Teojomulco, Sola de Vega, Oaxaca.\u201d Julio 2017.<\/p>\n\n\n\n<p>JURADO del examen de grado de Maestr\u00eda en gesti\u00f3n de proyectos para el Desarrollo Solidario de la C. Adriana Leticia Calder\u00f3n Pacheco, con la tesis \u201c Proyecto de participaci\u00f3n comunitaria en el dise\u00f1o de un espacio p\u00fablico en fraccionamiento. Ciudad Yagul. Tlacolula. Oaxaca.\u00bb Julio 2017.<\/p>\n\n\n\n<p>Catedr\u00e1tico del CIIDIR-IPN-Oaxaca, en la maestr\u00eda en Gesti\u00f3n de proyecto para el desarrollo Solidario. En la de materia de \u201cSEMINARIO DE PROYECTO III\u201d con clave 12B6572, semestre 2016-A en el periodo del 4 de Febrero al 10 de Junio del 2016.<\/p>\n\n\n\n<p>Catedr\u00e1tico del CIIDIR-IPN-Oaxaca, en la maestr\u00eda en Gesti\u00f3n de proyecto para el desarrollo Solidario. En la de materia de \u201cSEMINARIO ESTRUCTURAL\u201d con clave 12B6587, semestre 2016-A en el periodo del 4 de Febrero al 10 de Junio del 2016.<\/p>\n\n\n\n<p>Comit\u00e9 tutorial del alumno. Uriel Le\u00f3n Venegas, Cursa el 3er semestre en el periodo 2016-A del 13 de Enero al 10 de Junio del 2016.<\/p>\n\n\n\n<p>Comit\u00e9 tutorial del alumna. Adriana Leticia Pacheco Calder\u00f3n, Cursa el 3er semestre en el periodo 2016-A del 13 de Enero al 10 de Junio del 2016.<\/p>\n\n\n\n<p>Comit\u00e9 tutorial del alumno. Alberto Rafael Cort\u00e9s P\u00e9rez, Cursa el 3er semestre en el periodo 2015-B de Agosto 2015 a Enero 2016.<\/p>\n\n\n\n<p>Comit\u00e9 tutorial del alumno. Leonardo Javier Rodr\u00edguez Gonz\u00e1lez, Cursa el 3er semestre, en el periodo de &nbsp;Agosto-2015 Enero 2016.<\/p>\n\n\n\n<p>Comit\u00e9 tutorial de a alumna Mar\u00eda del Rosario Santiago G\u00f3mez, Cursa el 3er semestre en el periodo de 2015-B Agosto-2015 Enero 2016.<\/p>\n\n\n\n<p>Comit\u00e9 tutorial de a alumna Claudia Lorena Ibarra Ram\u00edrez, Cursa el 3er semestre en el periodo de 2015-B Agosto-2015 Enero 2016.<\/p>\n\n\n\n<p>Catedr\u00e1tico del CIIDIR-IPN-Oaxaca, en la maestr\u00eda en Gesti\u00f3n de proyecto para el desarrollo Solidario. En la de materia de \u201cDISE\u00d1O DE EJECUCI\u00d3N\u201d con clave 12B6588, semestre 2016-B en el periodo 8 de Agosto-21 Diciembre del 2016.<\/p>\n\n\n\n<p>Catedr\u00e1tico del CIIDIR-IPN-Oaxaca, en la maestr\u00eda en Gesti\u00f3n de proyecto para el desarrollo Solidario. En la de materia de \u201cSEMINARIO DE PROYECTO III\u201d con clave 12B6572, semestre 2015-B en el periodo 1 de Septiembre del 2015 al 19 de Enero del 2016.<\/p>\n\n\n\n<p>Catedr\u00e1tico del CIIDIR-IPN-Oaxaca, en la maestr\u00eda en Gesti\u00f3n de proyecto para el desarrollo Solidario. En la de materia de \u201cTECNOLOG\u00cdA SUSTENTABLE PARA LA EDIFICACI\u00d3N\u201d con clave 12B6585, semestre 2015-B en el periodo del 1 de Septiembre del 2015 al 19 de Enero del 2016.<\/p>\n\n\n\n<p>Miembro del colegio de profesores durante el periodo de Mayo &#8211; 2013 a Mayo \u2013 2016.<\/p>\n\n\n\n<p>El nombramiento de profesor PROFESOR DE ASIGNATURA del 2016 al 2018.<\/p>\n\n\n\n<p>El nombramiento de profesor COLEGIADO del 2013 al 2015.<\/p>\n\n\n\n<p>Catedr\u00e1tico del CIIDIR-IPN-Oaxaca, en la maestr\u00eda en Gesti\u00f3n de proyecto para el desarrollo Solidario. En la de materia de \u201cTECNOLOG\u00cdA SUSTENTABLE PARA LA EDIFICACI\u00d3N\u201d con clave 12B6585, semestre 2015-A en el periodo del 22 de Enero al 8 de Junio del 2015.<\/p>\n\n\n\n<p>Secretario del JURADO del examen de grado de Maestr\u00eda en gesti\u00f3n de proyectos para el Desarrollo Solidario del C. Salvatore D\u2019Auria con la tesis \u201c Participaci\u00f3n y dise\u00f1o bioclim\u00e1tico para la elaboraci\u00f3n de proyectos arquitect\u00f3nicos en contextos rurales\u00bb Julio 2015. (DP\/070\/2015).<\/p>\n\n\n\n<p>Secretario del JURADO del examen de grado de Maestr\u00eda en gesti\u00f3n de proyectos para el Desarrollo Solidario de la C. Gloria Irene Ponce Quezada con la tesis \u201c Intervenci\u00f3n en el consumo de alimentario de mujeres en una comunidad Mixteca de Oaxaca. En b\u00fasqueda de la Soberan\u00eda Alimentaria \u00bb Julio 2015. (DP\/121\/2015).<\/p>\n\n\n\n<p>Catedr\u00e1tico del CIIDIR-IPN-Oaxaca, en la maestr\u00eda en Gesti\u00f3n de proyecto para el desarrollo Solidario. En la de materia de \u201cTECNOLOG\u00cdA SUSTENTABLE PARA LA EDIFICACI\u00d3N\u201d con clave 12B6585, semestre 2014-A en el periodo 21 de Enero al 6 de Junio de 2014 (DP\/070\/2015).<\/p>\n\n\n\n<p>Catedr\u00e1tico del CIIDIR-IPN-Oaxaca, en la maestr\u00eda en Gesti\u00f3n de proyecto para el desarrollo Solidario. En la de materia de \u201cTECNOLOG\u00cdA SUSTENTABLE PARA LA EDIFICACI\u00d3N\u201d con clave 12B6585, semestre 2014-B en el periodo 11 de Agosto al 12 de Diciembre de 2014.<\/p>\n\n\n\n<p>Catedr\u00e1tico en la UABJO. Con la materia de Geometr\u00eda Anal\u00edtica en el periodo Agosto 2011-Enero-2012 Oficio de invitaci\u00f3n ECLiBio039 de 19 Agosto del 2011, Respuesta Oficio: SSEIS\/DSE\/003\/2012 del 27 de enero del 2012.<\/p>\n\n\n\n<p>Curso \u201cM\u00e9todos de captaci\u00f3n de agua de lluvia\u201d. 10 al 12 de Diciembre del 2003. Gerencia Regional Pac\u00edfico Sur de la CNA y la Universidad Aut\u00f3noma de Chapingo. Oaxaca, Oax. Instructor.<\/p>\n","protected":false},"excerpt":{"rendered":"<p>DIRECTOR DE TESIS de tesis examen de grado de Maestr\u00eda en gesti\u00f3n de proyectos para el Desarrollo Solidario del C. Uriel Le\u00f3n Venegas, con la tesis \u201cProyecto participativo de Vivienda Vern\u00e1cula Sustentable en la comunidad de Santo Domingo Teojomulco, Sola de Vega, Oaxaca.\u201d Julio 2017. JURADO del examen de grado de Maestr\u00eda en gesti\u00f3n de [&hellip;]<\/p>\n","protected":false},"author":65,"featured_media":0,"parent":0,"menu_order":0,"comment_status":"closed","ping_status":"closed","template":"","meta":{"_swt_meta_header_display":false,"_swt_meta_footer_display":false,"_swt_meta_site_title_display":false,"_swt_meta_sticky_header":false,"_swt_meta_transparent_header":false,"footnotes":""},"class_list":["post-9","page","type-page","status-publish","hentry"],"_links":{"self":[{"href":"https:\/\/web.ciidiroaxaca.ipn.mx\/mortizgu\/wp-json\/wp\/v2\/pages\/9","targetHints":{"allow":["GET"]}}],"collection":[{"href":"https:\/\/web.ciidiroaxaca.ipn.mx\/mortizgu\/wp-json\/wp\/v2\/pages"}],"about":[{"href":"https:\/\/web.ciidiroaxaca.ipn.mx\/mortizgu\/wp-json\/wp\/v2\/types\/page"}],"author":[{"embeddable":true,"href":"https:\/\/web.ciidiroaxaca.ipn.mx\/mortizgu\/wp-json\/wp\/v2\/users\/65"}],"replies":[{"embeddable":true,"href":"https:\/\/web.ciidiroaxaca.ipn.mx\/mortizgu\/wp-json\/wp\/v2\/comments?post=9"}],"version-history":[{"count":3,"href":"https:\/\/web.ciidiroaxaca.ipn.mx\/mortizgu\/wp-json\/wp\/v2\/pages\/9\/revisions"}],"predecessor-version":[{"id":27,"href":"https:\/\/web.ciidiroaxaca.ipn.mx\/mortizgu\/wp-json\/wp\/v2\/pages\/9\/revisions\/27"}],"wp:attachment":[{"href":"https:\/\/web.ciidiroaxaca.ipn.mx\/mortizgu\/wp-json\/wp\/v2\/media?parent=9"}],"curies":[{"name":"wp","href":"https:\/\/api.w.org\/{rel}","templated":true}]}}