{"id":8,"date":"2015-10-01T15:25:02","date_gmt":"2015-10-01T15:25:02","guid":{"rendered":"https:\/\/web.ciidiroaxaca.ipn.mx\/mortizgu\/tesis\/"},"modified":"2025-09-17T16:05:42","modified_gmt":"2025-09-17T16:05:42","slug":"tesis","status":"publish","type":"page","link":"https:\/\/web.ciidiroaxaca.ipn.mx\/mortizgu\/tesis\/","title":{"rendered":"Tesis"},"content":{"rendered":"\n<ul class=\"wp-block-list\">\n<li>Ricardo Hern\u00e1ndez Merino 2014. Espacios complementarios educativos para centros de educaci\u00f3n b\u00e1sica construida con PET.UABJO. pp 1-224. Directores M. en C. Margarito Ortiz Guzm\u00e1n y Valent\u00edn J. Morales Dom\u00ednguez. Tesis de licenciatura.<\/li>\n\n\n\n<li>Uriel Le\u00f3n Venegas 2017 \u201cProyecto participativo de Vivienda Vern\u00e1cula Sustentable en la comunidad de Santo Domingo Teojomulco. Sola de Vega. Oaxaca. Para obtener el grado de Maestr\u00eda en Gesti\u00f3n para el Desarrollo Solidario.\u00a0 Directores M. en C. Margarito Ortiz Guzm\u00e1n y Dr. Rafael Alavez Ramirez.<\/li>\n<\/ul>\n","protected":false},"excerpt":{"rendered":"","protected":false},"author":65,"featured_media":0,"parent":0,"menu_order":0,"comment_status":"closed","ping_status":"closed","template":"","meta":{"_swt_meta_header_display":false,"_swt_meta_footer_display":false,"_swt_meta_site_title_display":false,"_swt_meta_sticky_header":false,"_swt_meta_transparent_header":false,"footnotes":""},"class_list":["post-8","page","type-page","status-publish","hentry"],"_links":{"self":[{"href":"https:\/\/web.ciidiroaxaca.ipn.mx\/mortizgu\/wp-json\/wp\/v2\/pages\/8","targetHints":{"allow":["GET"]}}],"collection":[{"href":"https:\/\/web.ciidiroaxaca.ipn.mx\/mortizgu\/wp-json\/wp\/v2\/pages"}],"about":[{"href":"https:\/\/web.ciidiroaxaca.ipn.mx\/mortizgu\/wp-json\/wp\/v2\/types\/page"}],"author":[{"embeddable":true,"href":"https:\/\/web.ciidiroaxaca.ipn.mx\/mortizgu\/wp-json\/wp\/v2\/users\/65"}],"replies":[{"embeddable":true,"href":"https:\/\/web.ciidiroaxaca.ipn.mx\/mortizgu\/wp-json\/wp\/v2\/comments?post=8"}],"version-history":[{"count":2,"href":"https:\/\/web.ciidiroaxaca.ipn.mx\/mortizgu\/wp-json\/wp\/v2\/pages\/8\/revisions"}],"predecessor-version":[{"id":33,"href":"https:\/\/web.ciidiroaxaca.ipn.mx\/mortizgu\/wp-json\/wp\/v2\/pages\/8\/revisions\/33"}],"wp:attachment":[{"href":"https:\/\/web.ciidiroaxaca.ipn.mx\/mortizgu\/wp-json\/wp\/v2\/media?parent=8"}],"curies":[{"name":"wp","href":"https:\/\/api.w.org\/{rel}","templated":true}]}}