{"id":7,"date":"2015-10-01T15:24:02","date_gmt":"2015-10-01T15:24:02","guid":{"rendered":"https:\/\/web.ciidiroaxaca.ipn.mx\/mortizgu\/proyectos-de-investigacion\/"},"modified":"2025-09-17T16:03:53","modified_gmt":"2025-09-17T16:03:53","slug":"proyectos-de-investigacion","status":"publish","type":"page","link":"https:\/\/web.ciidiroaxaca.ipn.mx\/mortizgu\/proyectos-de-investigacion\/","title":{"rendered":"Proyectos de investigaci\u00f3n"},"content":{"rendered":"\n<ul class=\"wp-block-list\">\n<li>Estudio de propagaci\u00f3n vegetativa, evaluaci\u00f3n de sustratos ecocompactibles, sistemas de fertirrigaci\u00f3n sustentable y diferentes capacidades de contenedor en el cultivo del ar\u00e1ndano (Vaccinium corymbosum L) bajo condiciones de agricultura prtegida. SIP 20170289. Director Dr. Baldomero Z\u00e1rate Nicolas.<\/li>\n\n\n\n<li>Adici\u00f3n de desechos industrial a una matriz arcilla para la elaboraci\u00f3n de ladrillos sinterizados. SIP 20151128, Director Valent\u00edn J. Morales Dom\u00ednguez<\/li>\n\n\n\n<li>Metodolog\u00eda para determinar la humedad \u00f3ptima de compactaci\u00f3n en una compactadora manual de BTC- SIP20151868, Director del proyecto M. en C. Valent\u00edn J. Morales Dom\u00ednguez<\/li>\n\n\n\n<li>Evaluaci\u00f3n de dos variedades de ar\u00e1ndano (Vaccinium corymbosum L.) determinaci\u00f3n de densidades de plantaci\u00f3n, par\u00e1metros de riego sustentable y nutrici\u00f3n del cultivo bajo condiciones de agricultura protegida SIP-20150177 Director del proyecto Dr. Baldomero H. Z\u00e1rate Nicol\u00e1s (2 a\u00f1os-2015 y 2016)<\/li>\n<\/ul>\n\n\n\n<ul class=\"wp-block-list\">\n<li>Dise\u00f1o, construcci\u00f3n y caracterizaci\u00f3n de un prototipo de componentes constructivo para vivienda sustentable: SIP-2014\/RE\/11, Clave CONACYT 206387.(Director Dr. Rafael Ram\u00edrez Alav\u00e9s)<\/li>\n\n\n\n<li>Dise\u00f1o y caracterizaci\u00f3n termofisica de un material compuesto elaborado a base de residuos agr\u00edcolas para lograr ahorro de energ\u00eda en techos de ferrocemento y componentes constructivos de uso com\u00fan en la industria de la construcci\u00f3n en M\u00e9xico. SIP \u2013 2013755 (Director Dr. Rafael Ram\u00edrez Alav\u00e9s)<\/li>\n\n\n\n<li>Ceniza de bagazo de ca\u00f1a como adici\u00f3n mineral para mejorar las propiedades de materiales basados en cemento y contribuir a la reducci\u00f3n de emisi\u00f3n de CO<sub>2. <\/sub>SIP-20120783 (Director Dr. Jes\u00fas Cano)<\/li>\n\n\n\n<li>Resonancia magn\u00e9tica nuclear con t\u00e9cnica no destructiva y no invasiva para estudiar microestructura y fen\u00f3menos de trasporte en medios porosos: CONACYT 103763 (Director Dr. Jes\u00fas Cano &#8211; 2012)<\/li>\n\n\n\n<li>Desarrollo Tecnol\u00f3gico de aditivos sustentables de alto valor agregado para la industria del concreto: Modificadores de viscosidad (Autoconsolidables) aligerantes y desmoldantes. Clave CONACYT 250440 (Director Dr. Jes\u00fas Cano-2012)<\/li>\n\n\n\n<li>Desarrollo de un prototipo de palenque artesanal optimizando el proceso de elaboraci\u00f3n del mezcal. Clave CONACYT 140119 (Director Dr. Magdaleno Caballero-2012)<\/li>\n\n\n\n<li>Estimaci\u00f3n en tiempo frecuencia de los efectos de sitio en la ciudad de Oaxaca SIP-20120078 (Director Dr. Francisco Castellanos).<\/li>\n\n\n\n<li>Caracterizaci\u00f3n de la fermentaci\u00f3n l\u00e1ctica mediante transformada wavelet SIP-20110131 (Director Dr. Francisco Castellanos).<\/li>\n\n\n\n<li>Desarrollo de un Prototipo de palenque artesanal, optimizando el proceso de elaboraci\u00f3n del mezcal CONACYT 140119 (Director Dr. Magdaleno Caballero-2010).<\/li>\n\n\n\n<li>Mejoramiento de un adobe resistente y durable a base de suelo estabilizado con cemento y utilizando aditivos naturales.\u00a0 SIP 20090193. (Director. M. en C.\u00a0 Valent\u00edn J. Morales Dom\u00ednguez)<\/li>\n\n\n\n<li>Mejoramiento de un Adobe Resistente y Durable a Base de Suelo Estabilizado con Cemento y Utilizando Aditivos Naturales, enero del 2009 Financiado por el Instituto Polit\u00e9cnico Nacional, clave: SIP-20090193. (Director. M. en C.\u00a0 Valent\u00edn J. Morales Dom\u00ednguez)<\/li>\n\n\n\n<li>Alternativas de vivienda de bajo costo utilizando ferrocemento y adobe compactado. Mayo del 2006 a mayo del 2007. Financiado por la Fundaci\u00f3n Harp Hel\u00fa. (Director. M. en C.\u00a0 Valent\u00edn J. Morales Dom\u00ednguez)<\/li>\n\n\n\n<li>Mejoramiento del adobe compactado para la construcci\u00f3n econ\u00f3mica de viviendas en el estado de Oaxaca. Marzo del 2006 a la fecha. Financiado por el Instituto Polit\u00e9cnico Nacional, Claves: SIP20060660, SIP 20071066 y SIP 20080520. (Director. M. en C.\u00a0 Valent\u00edn J. Morales Dom\u00ednguez)<\/li>\n\n\n\n<li>Captaci\u00f3n de agua de lluvia para uso domestico en una comunidad de la Mixteca baja de Oaxaca.\u00a0 CGPI 20051024. (Director. M. en C.\u00a0 Valent\u00edn J. Morales Dom\u00ednguez)<\/li>\n\n\n\n<li>Construcci\u00f3n de vivienda sismorresistente utilizando bloques de ferrocemento con uniones atornilladas. \u00a0Junio del 2004 a marzo del 2006. Financiado por el Instituto Polit\u00e9cnico Nacional, clave CGPI 20040082 y CGPI 20050141 (Director. Jesus Cano)<\/li>\n\n\n\n<li>La\u00a0\u00a0 Tecnolog\u00eda\u00a0\u00a0 del\u00a0 ferrocemento\u00a0 aplicada\u00a0 en\u00a0 el\u00a0 mejoramiento\u00a0\u00a0 estructural\u00a0 de\u00a0 muros\u00a0 de\u00a0 adobe,\u00a0 columnas y vigas de concreto en viviendas. CGPI. 200326. (Director. M. en C.\u00a0 Valent\u00edn J. Morales Dom\u00ednguez)<\/li>\n\n\n\n<li>\u00a0Pantalla subterr\u00e1nea para la recarga del manto fre\u00e1tico en una comunidad del Distrito de Tlacolula Oaxaca. \u00a0CGPI.20030509. (Director. M. en C.\u00a0 Valent\u00edn J. Morales Dom\u00ednguez)<\/li>\n\n\n\n<li>La\u00a0\u00a0 Tecnolog\u00eda\u00a0\u00a0 del\u00a0 ferrocemento\u00a0 aplicada\u00a0 en\u00a0 el\u00a0 mejoramiento Estructural\u00a0 de\u00a0 muros\u00a0 de\u00a0 adobe,\u00a0 columnas y vigas de concreto, en viviendas.\u00a0 1\u00b0 de febrero del 2000 a 30 de junio del 2002. Financiado por el Instituto Polit\u00e9cnico Nacional, clave CGPI 200326. (Director. M. en C.\u00a0 Valent\u00edn J. Morales Dom\u00ednguez)<\/li>\n\n\n\n<li>Dise\u00f1o y construcci\u00f3n de elementos precolados de ferrocemento para la construcci\u00f3n econ\u00f3mica de escuelas. 1 \u00b0 de julio del 2001 al 30 de junio del 2003. Financiado por el Instituto Polit\u00e9cnico Nacional, clave CGPI 20010863. (Director. Rafael Ram\u00edrez Alav\u00e9s)<\/li>\n\n\n\n<li>Adecuaci\u00f3n tecnol\u00f3gica del\u00a0 ferrocemento en arroyos temporaleros. 98SIBEJ05003. (Director. Tobias Jim\u00e9nez Ruiz)<\/li>\n\n\n\n<li>Adecuaci\u00f3n tecnol\u00f3gica del\u00a0 ferrocemento\u00a0 para\u00a0 la\u00a0 retenci\u00f3n\u00a0 de Agua de lluvia en cauces de arroyos de temporal. CGPI 990047.(Director. Tertuliano Caballero)<\/li>\n\n\n\n<li>Evaluaci\u00f3n de pantallas de ferrocemento para retenci\u00f3n de aguas de lluvia en arroyos temporaleros. 98 SIBEJ 03-005. (Director. Tertuliano Caballero)<\/li>\n\n\n\n<li>Optimizaci\u00f3n\u00a0 estructural de cortinas de ferrocemento para retenci\u00f3n de aguas de lluvia en arroyos temporaleros. DEPI 970522. (Director. Tertuliano Caballero)<\/li>\n\n\n\n<li>Sistema Hidr\u00e1ulico de extracci\u00f3n de sedimentos de embalses peque\u00f1os. CGPI \u2013 970172. (Director. Oziel Z\u00e1rate Cruz).<\/li>\n\n\n\n<li>Investigar\u00a0 un modelo experimental en arco pantalla de ferrocemento, los esfuerzos inducidos por el empuje del agua. DEPI-966762. (Director. Oziel Z\u00e1rate Cruz).<\/li>\n\n\n\n<li>Dise\u00f1o y construcci\u00f3n\u00a0 de dos prototipos de pantallas de ferrocemento para retenci\u00f3n de agua de lluvia en la Regi\u00f3n de Valles Centrales. DEPI 954276. (Director. Tertuliano Caballero)<\/li>\n\n\n\n<li>Dise\u00f1o y construcci\u00f3n de un edificio integral de dos niveles y estudio de sus caracter\u00edsticas. DEPI 934267 (Director. Tertuliano Caballero)<\/li>\n\n\n\n<li>Establecimiento de un Jard\u00edn Bot\u00e1nico Regional. DEPI 913308. (Directora. Gladis Medina Manzanero)<\/li>\n\n\n\n<li>Desarrollo integral de una microcuenca en la Mixteca alta Oaxaque\u00f1a. DEPI 903159. (Director. Gabino Alberto Mart\u00ednez Guti\u00e9rrez)<\/li>\n\n\n\n<li>Desarrollo integral de la comunidad de Santa Mar\u00eda Ixcatl\u00e1n Teotitl\u00e1n. DEPI 900141 (Director. Tob\u00edas Jim\u00e9nez Ruiz).<\/li>\n<\/ul>\n","protected":false},"excerpt":{"rendered":"","protected":false},"author":65,"featured_media":0,"parent":0,"menu_order":0,"comment_status":"closed","ping_status":"closed","template":"","meta":{"_swt_meta_header_display":false,"_swt_meta_footer_display":false,"_swt_meta_site_title_display":false,"_swt_meta_sticky_header":false,"_swt_meta_transparent_header":false,"footnotes":""},"class_list":["post-7","page","type-page","status-publish","hentry"],"_links":{"self":[{"href":"https:\/\/web.ciidiroaxaca.ipn.mx\/mortizgu\/wp-json\/wp\/v2\/pages\/7","targetHints":{"allow":["GET"]}}],"collection":[{"href":"https:\/\/web.ciidiroaxaca.ipn.mx\/mortizgu\/wp-json\/wp\/v2\/pages"}],"about":[{"href":"https:\/\/web.ciidiroaxaca.ipn.mx\/mortizgu\/wp-json\/wp\/v2\/types\/page"}],"author":[{"embeddable":true,"href":"https:\/\/web.ciidiroaxaca.ipn.mx\/mortizgu\/wp-json\/wp\/v2\/users\/65"}],"replies":[{"embeddable":true,"href":"https:\/\/web.ciidiroaxaca.ipn.mx\/mortizgu\/wp-json\/wp\/v2\/comments?post=7"}],"version-history":[{"count":2,"href":"https:\/\/web.ciidiroaxaca.ipn.mx\/mortizgu\/wp-json\/wp\/v2\/pages\/7\/revisions"}],"predecessor-version":[{"id":30,"href":"https:\/\/web.ciidiroaxaca.ipn.mx\/mortizgu\/wp-json\/wp\/v2\/pages\/7\/revisions\/30"}],"wp:attachment":[{"href":"https:\/\/web.ciidiroaxaca.ipn.mx\/mortizgu\/wp-json\/wp\/v2\/media?parent=7"}],"curies":[{"name":"wp","href":"https:\/\/api.w.org\/{rel}","templated":true}]}}