{"id":5,"date":"2015-10-01T15:13:38","date_gmt":"2015-10-01T15:13:38","guid":{"rendered":"https:\/\/web.ciidiroaxaca.ipn.mx\/mortizgu\/m-en-c-margarito-ortiz-guzman\/"},"modified":"2025-09-17T16:03:17","modified_gmt":"2025-09-17T16:03:17","slug":"m-en-c-margarito-ortiz-guzman","status":"publish","type":"page","link":"https:\/\/web.ciidiroaxaca.ipn.mx\/mortizgu\/","title":{"rendered":"M. en C. Margarito Ortiz Guzm\u00e1n"},"content":{"rendered":"\n<figure class=\"wp-block-image aligncenter\"><img loading=\"lazy\" decoding=\"async\" width=\"146\" height=\"107\" src=\"https:\/\/web.ciidiroaxaca.ipn.mx\/mortizgu\/wp-content\/uploads\/sites\/65\/2015\/10\/margarito1.jpg\" alt=\"\" class=\"wp-image-4\"\/><\/figure>\n\n\n\n<p><\/p>\n\n\n\n<h4 class=\"wp-block-heading has-text-align-center\">Ingeniero Civil. Egresado de la Escuela Superior de Ingenier\u00eda y Arquitectura (ESIA) del Instituto Polit\u00e9cnico Nacional, Unidad Zacatenco. M\u00e9xico D.F.<\/h4>\n\n\n\n<h4 class=\"wp-block-heading has-text-align-center\">Maestr\u00eda en Ciencias de la Construcci\u00f3n en el Instituto Tecnol\u00f3gico de Oaxaca.<\/h4>\n\n\n\n<p class=\"has-text-align-center\">Ex Director Responsable de Obra en el Estado de Oaxaca.<\/p>\n\n\n\n<p class=\"has-text-align-center\">Ex Miembro del Colegio de Ingenieros Civiles en Oaxaca<\/p>\n\n\n\n<p class=\"has-text-align-center\">Jefe de Laboratorio de Construcci\u00f3n.<\/p>\n\n\n\n<p class=\"has-text-align-center\"><strong>\u00c1reas de Inter\u00e9s:<\/strong> El empleo del ferrocemento en represas, en grandes tanques, puente vehicular.<\/p>\n\n\n\n<p class=\"has-text-align-center\">\u00a0\u00a0\u00a0\u00a0\u00a0\u00a0\u00a0\u00a0\u00a0\u00a0\u00a0\u00a0\u00a0\u00a0\u00a0\u00a0\u00a0 \u00a0\u00a0\u00a0\u00a0\u00a0\u00a0\u00a0\u00a0\u00a0\u00a0Adobe Estabilizado, Estufa Solar, Horno Solar, Bomba de Ariete, Filtros de Agua, Puente Colgante.\u00a0\u00a0<\/p>\n\n\n\n<p class=\"has-text-align-center\">Correo electr\u00f3nico: <a href=\"mailto:mortizgu@ipn.mx\">mortizgu@ipn.mx<\/a><\/p>\n\n\n\n<p class=\"has-text-align-center\">Extensi\u00f3n:&nbsp;&nbsp;&nbsp;&nbsp;&nbsp; 82756<\/p>\n\n\n\n<p>&nbsp;<\/p>\n","protected":false},"excerpt":{"rendered":"<p>Ingeniero Civil. Egresado de la Escuela Superior de Ingenier\u00eda y Arquitectura (ESIA) del Instituto Polit\u00e9cnico Nacional, Unidad Zacatenco. M\u00e9xico D.F. Maestr\u00eda en Ciencias de la Construcci\u00f3n en el Instituto Tecnol\u00f3gico de Oaxaca. Ex Director Responsable de Obra en el Estado de Oaxaca. Ex Miembro del Colegio de Ingenieros Civiles en Oaxaca Jefe de Laboratorio de [&hellip;]<\/p>\n","protected":false},"author":65,"featured_media":0,"parent":0,"menu_order":0,"comment_status":"closed","ping_status":"closed","template":"","meta":{"_swt_meta_header_display":false,"_swt_meta_footer_display":false,"_swt_meta_site_title_display":false,"_swt_meta_sticky_header":false,"_swt_meta_transparent_header":false,"footnotes":""},"class_list":["post-5","page","type-page","status-publish","hentry"],"_links":{"self":[{"href":"https:\/\/web.ciidiroaxaca.ipn.mx\/mortizgu\/wp-json\/wp\/v2\/pages\/5","targetHints":{"allow":["GET"]}}],"collection":[{"href":"https:\/\/web.ciidiroaxaca.ipn.mx\/mortizgu\/wp-json\/wp\/v2\/pages"}],"about":[{"href":"https:\/\/web.ciidiroaxaca.ipn.mx\/mortizgu\/wp-json\/wp\/v2\/types\/page"}],"author":[{"embeddable":true,"href":"https:\/\/web.ciidiroaxaca.ipn.mx\/mortizgu\/wp-json\/wp\/v2\/users\/65"}],"replies":[{"embeddable":true,"href":"https:\/\/web.ciidiroaxaca.ipn.mx\/mortizgu\/wp-json\/wp\/v2\/comments?post=5"}],"version-history":[{"count":3,"href":"https:\/\/web.ciidiroaxaca.ipn.mx\/mortizgu\/wp-json\/wp\/v2\/pages\/5\/revisions"}],"predecessor-version":[{"id":29,"href":"https:\/\/web.ciidiroaxaca.ipn.mx\/mortizgu\/wp-json\/wp\/v2\/pages\/5\/revisions\/29"}],"wp:attachment":[{"href":"https:\/\/web.ciidiroaxaca.ipn.mx\/mortizgu\/wp-json\/wp\/v2\/media?parent=5"}],"curies":[{"name":"wp","href":"https:\/\/api.w.org\/{rel}","templated":true}]}}