{"id":5,"date":"2023-05-18T19:17:38","date_gmt":"2023-05-18T19:17:38","guid":{"rendered":"https:\/\/web.ciidiroaxaca.ipn.mx\/mlavariegan\/m-en-c-mario-cesar-lavariega-nolasco\/"},"modified":"2025-10-22T03:43:13","modified_gmt":"2025-10-22T09:43:13","slug":"m-en-c-mario-cesar-lavariega-nolasco","status":"publish","type":"page","link":"https:\/\/web.ciidiroaxaca.ipn.mx\/mlavariegan\/","title":{"rendered":"M. en C. Mario C\u00e9sar Lavariega Nolasco"},"content":{"rendered":"\n<figure class=\"wp-block-image\"><img loading=\"lazy\" decoding=\"async\" width=\"960\" height=\"710\" src=\"https:\/\/web.ciidiroaxaca.ipn.mx\/mlavariegan\/wp-content\/uploads\/sites\/43\/2023\/05\/Yo_.jpg\" alt=\"\" class=\"wp-image-4\" srcset=\"https:\/\/web.ciidiroaxaca.ipn.mx\/mlavariegan\/wp-content\/uploads\/sites\/43\/2023\/05\/Yo_.jpg 960w, https:\/\/web.ciidiroaxaca.ipn.mx\/mlavariegan\/wp-content\/uploads\/sites\/43\/2023\/05\/Yo_-300x222.jpg 300w, https:\/\/web.ciidiroaxaca.ipn.mx\/mlavariegan\/wp-content\/uploads\/sites\/43\/2023\/05\/Yo_-768x568.jpg 768w\" sizes=\"auto, (max-width: 960px) 100vw, 960px\" \/><\/figure>\n\n\n\n<p class=\"has-text-align-center\">Mis l\u00edneas de investigaci\u00f3n abordan la ecolog\u00eda y conservaci\u00f3n de fauna, con \u00e9nfasis en aves y mam\u00edferos y un enfoque comunitario.<\/p>\n\n\n\n<p class=\"has-text-align-center\">A trav\u00e9s de un proyecto de Ciencia de Frontera, en colaboraci\u00f3n con la Universidad de la Mixteca y la Universidad Pedag\u00f3gica Nacional, estamos desarrollando m\u00e9todos anal\u00edticos para estudiar patrones de coocurrencia de mam\u00edferos en bosques tropicales del norte de Oaxaca.<\/p>\n\n\n\n<p><\/p>\n\n\n\n<p><\/p>\n\n\n\n<p><\/p>\n\n\n\n<p><\/p>\n\n\n\n<p>Contacto: mlavariegan@ipn.mx    mariolavnol@yahoo.com.mx<\/p>\n","protected":false},"excerpt":{"rendered":"<p>Mis l\u00edneas de investigaci\u00f3n abordan la ecolog\u00eda y conservaci\u00f3n de fauna, con \u00e9nfasis en aves y mam\u00edferos y un enfoque comunitario. A trav\u00e9s de un proyecto de Ciencia de Frontera, en colaboraci\u00f3n con la Universidad de la Mixteca y la Universidad Pedag\u00f3gica Nacional, estamos desarrollando m\u00e9todos anal\u00edticos para estudiar patrones de coocurrencia de mam\u00edferos en [&hellip;]<\/p>\n","protected":false},"author":43,"featured_media":0,"parent":0,"menu_order":0,"comment_status":"closed","ping_status":"closed","template":"","meta":{"_swt_meta_header_display":false,"_swt_meta_footer_display":false,"_swt_meta_site_title_display":false,"_swt_meta_sticky_header":false,"_swt_meta_transparent_header":false,"footnotes":""},"class_list":["post-5","page","type-page","status-publish","hentry"],"_links":{"self":[{"href":"https:\/\/web.ciidiroaxaca.ipn.mx\/mlavariegan\/wp-json\/wp\/v2\/pages\/5","targetHints":{"allow":["GET"]}}],"collection":[{"href":"https:\/\/web.ciidiroaxaca.ipn.mx\/mlavariegan\/wp-json\/wp\/v2\/pages"}],"about":[{"href":"https:\/\/web.ciidiroaxaca.ipn.mx\/mlavariegan\/wp-json\/wp\/v2\/types\/page"}],"author":[{"embeddable":true,"href":"https:\/\/web.ciidiroaxaca.ipn.mx\/mlavariegan\/wp-json\/wp\/v2\/users\/43"}],"replies":[{"embeddable":true,"href":"https:\/\/web.ciidiroaxaca.ipn.mx\/mlavariegan\/wp-json\/wp\/v2\/comments?post=5"}],"version-history":[{"count":5,"href":"https:\/\/web.ciidiroaxaca.ipn.mx\/mlavariegan\/wp-json\/wp\/v2\/pages\/5\/revisions"}],"predecessor-version":[{"id":52,"href":"https:\/\/web.ciidiroaxaca.ipn.mx\/mlavariegan\/wp-json\/wp\/v2\/pages\/5\/revisions\/52"}],"wp:attachment":[{"href":"https:\/\/web.ciidiroaxaca.ipn.mx\/mlavariegan\/wp-json\/wp\/v2\/media?parent=5"}],"curies":[{"name":"wp","href":"https:\/\/api.w.org\/{rel}","templated":true}]}}