{"id":13,"date":"2023-05-18T19:18:51","date_gmt":"2023-05-18T19:18:51","guid":{"rendered":"https:\/\/web.ciidiroaxaca.ipn.mx\/mlavariegan\/publicaciones\/"},"modified":"2025-10-22T03:34:02","modified_gmt":"2025-10-22T09:34:02","slug":"publicaciones","status":"publish","type":"page","link":"https:\/\/web.ciidiroaxaca.ipn.mx\/mlavariegan\/publicaciones\/","title":{"rendered":"Publicaciones"},"content":{"rendered":"\n<ul class=\"wp-block-list\">\n<li>Rojas\u2010S\u00e1nchez, J. V., Coates, R. I., S\u00e1nchez\u2010Cordero, V., Lavariega, M. C., &amp; Flores\u2010Mart\u00ednez, J. J. (2025). <a href=\"https:\/\/onlinelibrary.wiley.com\/doi\/full\/10.1002\/ece3.70812\" data-type=\"link\" data-id=\"https:\/\/onlinelibrary.wiley.com\/doi\/full\/10.1002\/ece3.70812\">Diversity and abundance of the species of arboreal mammals in a tropical rainforest in southeast Mexico<\/a>. <em>Ecology and Evolution<\/em>, <em>15<\/em>(1), e70812.<\/li>\n\n\n\n<li>Mart\u00edn\u2010Regalado, C. N., Lavariega, M. C., &amp; Briones\u2010Salas, M. (2025). <a href=\"https:\/\/onlinelibrary.wiley.com\/doi\/full\/10.1002\/ece3.70814\" data-type=\"link\" data-id=\"https:\/\/onlinelibrary.wiley.com\/doi\/full\/10.1002\/ece3.70814\">Spatial patterns of taxonomic, functional, and phylogenetic diversity of mammals in Southern Mexico<\/a>. <em>Ecology and Evolution<\/em>, <em>15<\/em>(1), e70814.<\/li>\n\n\n\n<li>Galindo-Aguilar, R. E., Lavariega, M. C., Hern\u00e1ndez, M. D. J. P., Gonz\u00e1lez, C. A. L., &amp; Rosas, O. C. R. (2025). <a href=\"https:\/\/archivo.revistas.ucr.ac.cr\/\/index.php\/rbt\/article\/view\/58524\" data-type=\"link\" data-id=\"https:\/\/archivo.revistas.ucr.ac.cr\/\/index.php\/rbt\/article\/view\/58524\">Effects of human disturbance on medium and large mammals in primary and secondary tropical forests in Southern Mexico<\/a>. <em>Revista de Biolog\u00eda Tropical<\/em>, <em>73<\/em>(1), 7.<\/li>\n\n\n\n<li>R\u00edos-Sol\u00eds, J. A., Lavariega, M. C., Flores-Mart\u00ednez, J. J., Sanchez, V., &amp; Pech-Canch\u00e9, J. M. (2024). <a href=\"https:\/\/papers.ssrn.com\/sol3\/papers.cfm?abstract_id=4879712\" data-type=\"link\" data-id=\"https:\/\/papers.ssrn.com\/sol3\/papers.cfm?abstract_id=4879712\">Roadkills on medium-sized mammals in a tropical region in southern Mexico<\/a>. <em>Available at SSRN 4879712<\/em>.<\/li>\n\n\n\n<li>Cruz-Romo, L., Contreras-Moreno, F. M., Jes\u00fas-Espinosa, D., S\u00e1nchez-Pinz\u00f3n, K., M\u00e9ndez-Tun, J., S\u00e1nchez-Cordero, V., &#8230; &amp; Lavariega, M. C. (2025). <a href=\"https:\/\/rapt.kglmeridian.com\/view\/journals\/rapt\/59\/2\/article-p1_12.xml\" data-type=\"link\" data-id=\"https:\/\/rapt.kglmeridian.com\/view\/journals\/rapt\/59\/2\/article-p1_12.xml\">Raptor Visitation to Natural and Artificial Water Sources in a Tropical Forest in Southern Mexico.<\/a> <em>Journal of Raptor Research<\/em>, <em>59<\/em>(2), 1-9.<\/li>\n\n\n\n<li>Contreras\u2010Moreno, F. M., Cruz\u2010Romo, L., Jes\u00fas\u2010Espinosa, D., S\u00e1nchez\u2010Pinz\u00f3n, K. G., S\u00e1nchez\u2010Cordero, V., Luna\u2010Olivera, B. C., &#8230; &amp; Lavariega, M. C. (2025). <a href=\"https:\/\/conbio.onlinelibrary.wiley.com\/doi\/full\/10.1111\/csp2.70091\" data-type=\"link\" data-id=\"https:\/\/conbio.onlinelibrary.wiley.com\/doi\/full\/10.1111\/csp2.70091\">Population trends of jaguars in a tropical forest in southern Mexico<\/a>. <em>Conservation Science and Practice<\/em>, e70091.<\/li>\n\n\n\n<li>S\u00e1nchez-Pinz\u00f3n, K., Contreras-Moreno, F. M., Jes\u00fas-Espinosa, D., M\u00e9ndez-Tun, J., Cruz-Romo, L., Petrone, S., &#8230; &amp; Bautista-Ram\u00edrez, P. (2025). <a href=\"https:\/\/therya.mastozoologiamexicana.com\/index.php\/THERYA\/article\/download\/6192\/1520?inline=1\" data-type=\"link\" data-id=\"https:\/\/therya.mastozoologiamexicana.com\/index.php\/THERYA\/article\/download\/6192\/1520?inline=1\">Felid activity at artificial water troughs in a tropical forest in southeastern Mexico<\/a>. <em>Therya<\/em>, <em>16<\/em>(2).<\/li>\n\n\n\n<li>Briones-Salas, M., Ramos-M\u00e9ndez, D., Lavariega, M. C., &amp; Monroy-Gamboa, A. G. (2023). <a href=\"https:\/\/www.jstor.org\/stable\/48772330\" data-type=\"link\" data-id=\"https:\/\/www.jstor.org\/stable\/48772330\">The use of camera traps to study the hooded skunk Mephitis macroura (Carnivora: Mephitidae) abundance<\/a>. <em>Caldasia<\/em>, <em>45<\/em>(2), 332-340.<\/li>\n\n\n\n<li>Martin-Regalado, C. N., Pedersen, S. C., &amp; Lavariega, M. C. (2022). <a href=\"https:\/\/www.ingentaconnect.com\/content\/miiz\/actac\/2022\/00000024\/00000001\/art00017\" data-type=\"link\" data-id=\"https:\/\/www.ingentaconnect.com\/content\/miiz\/actac\/2022\/00000024\/00000001\/art00017\">Alopecia in bats<\/a>. <em>Acta Chiropterologica<\/em>, <em>24<\/em>(1), 209-219.<\/li>\n\n\n\n<li>Figel, J. J., Botero-Canola, S., Lavariega, M. C., &amp; Luna-Krauletz, M. D. (2022). <a href=\"https:\/\/link.springer.com\/article\/10.1007\/s13280-022-01754-8\" target=\"_blank\" rel=\"noreferrer noopener\">Overlooked jaguar guardians: Indigenous territories and range-wide conservation of a cultural icon<\/a>. Ambio, 51(12), 2532-2543.<\/li>\n\n\n\n<li>Galindo-Aguilar, R. E., Luna-Olivera, B. C., Ram\u00edrez-Ib\u00e1\u00f1ez, M., &amp; Lavariega, M. C. (2022). <a href=\"https:\/\/www.cambridge.org\/core\/journals\/journal-of-tropical-ecology\/article\/abs\/spatiotemporal-cooccurrence-of-predators-and-prey-in-a-neotropical-mammal-community-in-southern-mexico\/B959ED6C482B517545D550C2C00559DE\" target=\"_blank\" rel=\"noreferrer noopener\">Spatiotemporal co-occurrence of predators and prey in a neotropical mammal community in southern Mexico<\/a>. Journal of Tropical Ecology, 1-10.<\/li>\n\n\n\n<li>Martin-Regalado, C. N., Pedersen, S. C., &amp; Lavariega, M. C. (2022). <a href=\"https:\/\/doi.org\/10.3161\/15081109ACC2022.24.1.017\" target=\"_blank\" rel=\"noreferrer noopener\">Alopecia in bats<\/a>. Acta Chiropterologica, 24(1), 209-219.<\/li>\n\n\n\n<li>Lavariega, M. C., Briones-Salas, M., Monroy-Gamboa, A. G., &amp; Ramos-M\u00e9ndez, D. (2022). <a href=\"https:\/\/raco.cat\/index.php\/ABC\/article\/view\/401644\" target=\"_blank\" rel=\"noreferrer noopener\">Population density and daily activity patterns of bobcat in its southernmost continental distribution<\/a>. Animal Biodiversity and Conservation, 45(2), 145-160.<\/li>\n\n\n\n<li>Flores-Mart\u00ednez, J. J., Coates, R., S\u00e1nchez-Cordero, V., R\u00edos-Sol\u00eds, J. A., Luna-Olivera, B. C., Ram\u00edrez-Ib\u00e1\u00f1ez, M., &amp; Lavariega, M. C. (2022). <a href=\"https:\/\/doi.org\/10.1177\/19400829221084261\" target=\"_blank\" rel=\"noreferrer noopener\">Spatiotemporal Coexistence of Mesopredators and Their Prey in a Defaunated Neotropical Rainforest<\/a>. Tropical Conservation Science, 15, 19400829221084261.<\/li>\n\n\n\n<li>Prisciliano-V\u00e1zquez, J. R., Galindo-Aguilar, E., Lavariega, M. C., Luna-Krauletz M, Espinoza-Ram\u00edrez M, Clark-Tapia R, Alfonso-Corrado, C. (2021). <a href=\"https:\/\/web.ciidiroaxaca.ipn.mx\/mlavariegan\/wp-content\/uploads\/sites\/43\/2023\/05\/Occurrence-of-jaguar-in-the-Chinantla-region-southern-Mexico.pdf\" target=\"_blank\" rel=\"noreferrer noopener\">Occurrence of jaguar (Panthera onca) in the Chinantla region, southern Mexico<\/a>. Caldasia 43(2)<\/li>\n\n\n\n<li>R\u00edos-Sol\u00eds, J. A., Flores-Mart\u00ednez, J. J., S\u00e1nchez-Cordero, V., &amp; Lavariega, M. C. (2021). <a href=\"https:\/\/www.revistas-conacyt.unam.mx\/therya\/index.php\/THERYA\/article\/view\/1105\/pdf_341\">Diversity and activity patterns of medium-and large-sized terrestrial mammals at the Los Tuxtlas Biosphere Reserve<\/a>, M\u00e9xico. THERYA, 12(2), 237.<\/li>\n\n\n\n<li>Monroy-Gamboa, A. G., Cab-Sulub, L., Lavariega, M. C., &amp; \u00c1lvarez-Casta\u00f1eda, S. T. (2021). <a href=\"https:\/\/www.sciencedirect.com\/science\/article\/pii\/S0140196321000471\" target=\"_blank\" rel=\"noreferrer noopener\">Modeling biodiversity changes and conservation issues in a desert sky island<\/a>. Journal of Arid Environments, 189, 104481.<\/li>\n\n\n\n<li>Ram\u00edrez-Bautista, A., &amp; Lavariega, M. C. (2021). <a href=\"https:\/\/mastozoologiamexicana.com\/ojs\/index.php\/theryanotes\/article\/view\/87\" target=\"_blank\" rel=\"noreferrer noopener\">Medium and large-sized mammals in montane habitats of Oaxaca, M\u00e9xico.<\/a> Therya Notes, 2, 8-14.<\/li>\n\n\n\n<li>Lavariega, M. C., Mart\u00ednez-Ram\u00edrez, E., Santiago-Olivera, R. N., Cruz-Ru\u00edz, G. I., G\u00f3mez-Ugalde, R. M., &amp; Briones-Salas, M. (2020). <a href=\"https:\/\/revista.ib.unam.mx\/index.php\/bio\/article\/view\/2820\" target=\"_blank\" rel=\"noreferrer noopener\">Ecology of the neotropical otter (Lontra longicaudis) in southern Tehuac\u00e1n-Cuicatl\u00e1n Biosphere Reserve, Mexico<\/a>. Revista Mexicana de Biodiversidad, 91, 912820.<\/li>\n\n\n\n<li>L\u00f3pez-Gonz\u00e1lez, C., Elizalde-Arellano, C., Briones-Salas, M. A., Lavariega, M. C., &amp; L\u00f3pez-Vidal, J. C. (2020). <a href=\"https:\/\/www.revistas-conacyt.unam.mx\/therya\/index.php\/THERYA\/article\/view\/978\" target=\"_blank\" rel=\"noreferrer noopener\">65 years of museum-based mammal research in Mexico: from taxonomy to worldwide information networks<\/a>. THERYA, 1(1).<\/li>\n\n\n\n<li>Lavariega M. C., Briones-Salas M., Monroy-Gamboa A.G., Herrera-Arenas O. y Rubio-Espinoza M. (2020). <a href=\"https:\/\/www.mexorn.org\/index.php\/huitzil\/article\/view\/470\" target=\"_blank\" rel=\"noreferrer noopener\">Riqueza y conservaci\u00f3n de las aves del suroeste de Oaxaca<\/a>. Huitzil 21(2): e-591.<\/li>\n\n\n\n<li>Lavariega, M. C., Mata-Gonz\u00e1lez, S., Briones-Salas, M., &amp; Guevara, L. (2020). <a href=\"http:\/\/mastozoologiamexicana.com\/ojs\/index.php\/theryanotes\/article\/view\/14\" target=\"_blank\" rel=\"noreferrer noopener\">Broadening the distribution of the microendemic shrew Cryptotis phillipsii<\/a> (Eulipotyphla, Soricidae). Therya Notes, 1(1), 34-38.<\/li>\n\n\n\n<li>Lavariega, M. C., R\u00edos-Sol\u00eds, J. A., Flores-Mart\u00ednez, J. J., Galindo-Aguilar, R. E., S\u00e1nchez-Cordero, V., Juan-Albino, S., &amp; Soriano-Mart\u00ednez, I. (2020). <a href=\"https:\/\/journals.sagepub.com\/doi\/full\/10.1177\/1940082920917825\" target=\"_blank\" rel=\"noreferrer noopener\">Community-Based Monitoring of Jaguar (Panthera onca) in the Chinantla Region, Mexico<\/a>. Tropical Conservation Science, 13, 1940082920917825.<\/li>\n\n\n\n<li>Mart\u00edn-Regalado, C. N., Briones-Salas, M., Manr\u00edquez-Mor\u00e1n, N., S\u00e1nchez-Rojas, G., Cornejo-Latorre, C., Lavariega, M. C., &amp; Moreno, C. E. (2020). <a href=\"https:\/\/link.springer.com\/article\/10.1007\/s10682-020-10034-4\" target=\"_blank\" rel=\"noreferrer noopener\">Assembly mechanisms and environmental predictors of the phylogenetic diversity of cricetid rodents in southern Mexico<\/a>. Evolutionary Ecology, 1-17.<\/li>\n\n\n\n<li>Galindo-Aguilar, R. E., M. C. Lavariega, J. A. Rueda, J. R., Prisciliano-V\u00e1zquez y M. J. P\u00e9rez-Hern\u00e1ndez. (2019). <a href=\"https:\/\/doi.org\/10.47603\/manovol5n2.20-24\" target=\"_blank\" rel=\"noreferrer noopener\">Registros recientes de Caluromys derbianus (Didelphimoprphia: Didelphidae), Tamandua mexicana (Pilosa: Myermecophagidae) y Coendou mexicanus (Rodentia: Erethizontidae) en Oaxaca,<\/a> M\u00e9xico. Mammalogy Notes 5(2): 20-24.&nbsp;<\/li>\n\n\n\n<li>Padilla-G\u00f3mez, E., Santiago-Velasco, J., Lavariega, M. C., &amp; Ram\u00edrez-Bautista, A. (2019). <a href=\"https:\/\/doi.org\/10.31687\/saremNMS.19.0.13\" target=\"_blank\" rel=\"noreferrer noopener\">Noteworthy records of jaguar (Panthera onca), tayra (Eira barbara), and paca (Cuniculus paca) from southern Mexico<\/a>. Notas sobre mam\u00edferos Sudamericanos 20(2): e-536.<\/li>\n\n\n\n<li>Lavariega, M. C., A. G. Monroy-Gam\u00acboa, E. Padilla-G\u00f3mez y U. Olivera-Mart\u00ednez. (2019). <a href=\"https:\/\/doi.org\/10.28947\/hrmo.2019.20.2.455\" target=\"_blank\" rel=\"noreferrer noopener\">Patrones de actividad de la chachalaca p\u00e1lida (Ortalis poliocephala)<\/a>. Huitzil 20(2): e-536.<\/li>\n\n\n\n<li>Briones-Salas, M., M. C. Lavariega, C. E. Moreno, &amp; J. Viveros. (2019). <a href=\"https:\/\/www.ncbi.nlm.nih.gov\/pmc\/articles\/PMC6760491\/\" target=\"_blank\" rel=\"noreferrer noopener\">Responses of phyllostomid bats to traditional agriculture in neotropical montane forests of southern Mexico<\/a>. Zoological Studies 58:9.<\/li>\n\n\n\n<li>Padilla-G\u00f3mez, E., G. Herrera-M\u00e9ndez, J. Santiago, &amp; M. C. Lavariega. (2019). <a href=\"https:\/\/doi.org\/10.22201\/fc.25942158e.2019.1.65\" target=\"_blank\" rel=\"noreferrer noopener\">Heloderma horridum. Revista Latinoamericana de Herpetolog\u00eda<\/a> 2(1): 55-56.<\/li>\n\n\n\n<li>Mar\u00edn-Regalado, C.N., M. Briones-Salas, M. C. Lavariega, &amp;&nbsp;C. E. Moreno. (2019). <a href=\"https:\/\/doi.org\/10.1371\/journal.pone.0217154\" target=\"_blank\" rel=\"noreferrer noopener\">Spatial incongruence in the species richness and functional diversity of cricetid rodents<\/a>. PLoS ONE 14(6): e0217154.<\/li>\n\n\n\n<li>Garc\u00eda\u2013Luis, M., M. Briones\u2013Salas, &amp; M. C. Lavariega. (2019). <a href=\"http:\/\/DOI: https:\/\/doi.org\/10.32800\/amz.2019.17.0001\" target=\"_blank\" rel=\"noreferrer noopener\">Bat species richness in the region of the Central Valleys of Oaxaca, Mexico<\/a>. Arxius de Miscel\u00b7l\u00e0nia Zool\u00f2gica, 17: 1\u201311.<\/li>\n\n\n\n<li>Briones-Salas M., M. C. Lavariega, &amp;&nbsp;I. Lira. (2019). <a href=\"https:\/\/doi.org\/10.32800\/abc.2019.42.0099\" target=\"_blank\" rel=\"noreferrer noopener\">Mammal diversity before the construction of a hydroelectric power dam in southern Mexico<\/a>. Animal Biodiversity and Conservation 42.1: 99-112.<\/li>\n\n\n\n<li>Padilla-G\u00f3mez, E., M. C. Lavariega, P. A. Garc\u00eda-Santiago, J. Santiago-Velasco y R. O. M\u00e9ndez- M\u00e9ndez. (2018). <a href=\"https:\/\/doi.org\/10.17161\/bi.v13i0.6975\" target=\"_blank\" rel=\"noreferrer noopener\">An open-access platform for camera-trapping data<\/a>. Biodiversity Informatics 13:1-10.<\/li>\n\n\n\n<li>Flores-Diego, R., S. O. Pel\u00e1ez-Santiago, C. T. Aldape-L\u00f3pez, &amp; M. C. Lavariega. (2017).<a href=\"https:\/\/web.ciidiroaxaca.ipn.mx\/mlavariegan\/wp-content\/uploads\/sites\/43\/2023\/05\/12.26.-Pseudoeurycea-mystax.pdf\"> <\/a><a href=\"https:\/\/web.ciidiroaxaca.ipn.mx\/mlavariegan\/wp-content\/uploads\/sites\/43\/2023\/05\/12.26.-Pseudoeurycea-mystax.pdf\" target=\"_blank\" rel=\"noreferrer noopener\">Pseudoeurycea <\/a><a href=\"https:\/\/web.ciidiroaxaca.ipn.mx\/mlavariegan\/wp-content\/uploads\/sites\/43\/2023\/05\/12.26.-Pseudoeurycea-mystax.pdf\">mystax. Mesoamerican Herpetology<\/a> 4(3):665-666.<\/li>\n\n\n\n<li>G\u00f3mez-Ugalde, R. M., M. Dom\u00ednguez-Laso, R. Flores-Diego y M. C. Lavariega. (2017). <a href=\"https:\/\/doi.org\/10.47603\/manovol4n1.10-13\" target=\"_blank\" rel=\"noreferrer noopener\">Registros recientes de la ardilla voladora del sur Glaucomys volans (Rodentia: Sciuridae) en la mixteca alta oaxaque\u00f1a, M\u00e9xico. <\/a>Mammalogy Notes 4(1):16-19.<\/li>\n\n\n\n<li>Lavariega M. C., C. A. Mas\u00e9s-Garc\u00eda, A. L\u00f3pez, R. Santiago, E. Morales, E. Mart\u00ednez-Ram\u00edrez y E. Cruz-Arenas. (2017). R<a href=\"https:\/\/doi.org\/10.47603\/manovol4n1.18-21\" target=\"_blank\" rel=\"noreferrer noopener\">egistros notables de Panthera onca y Taxidea taxus (Carn\u00edvora: Mammalia) en Oaxaca, M\u00e9xico.<\/a> Mammalogy Notes 4(1):24-27.<\/li>\n\n\n\n<li>Briones-Salas M., M. C. Lavariega,&nbsp;&amp; C. Moreno. (2017). <a href=\"https:\/\/peerj.com\/articles\/3424\/\" target=\"_blank\" rel=\"noreferrer noopener\">Effects of a wind farm installation on the understory bat community of a highly biodiverse tropical region in Mexico<\/a>. PeerJ 5:e3424.<\/li>\n\n\n\n<li>Lavariega M. C., N. Mart\u00edn-Regalado, A. G. Monroy-Gamboa, y M. Briones-Salas. (2017). <a href=\"https:\/\/doi.org\/10.19136\/era.a4n10.855\" target=\"_blank\" rel=\"noreferrer noopener\">Estado de conservaci\u00f3n de los vertebrados terrestres de Oaxaca, M\u00e9xico<\/a>. Ecosistemas y Recursos Agropecuarios 4(10):135-146.<\/li>\n\n\n\n<li>Mart\u00edn-Regalado, N., M. C. Lavariega, R. M. G\u00f3mez-Ugalde y C. Rodr\u00edguez-P\u00e9rez. (2016). <a href=\"https:\/\/doi.org\/10.32800\/amz.2016.14.0217\">Anf<\/a><a href=\"https:\/\/doi.org\/10.32800\/amz.2016.14.0217\" target=\"_blank\" rel=\"noreferrer noopener\">i<\/a><a href=\"https:\/\/doi.org\/10.32800\/amz.2016.14.0217\">bios y reptiles de la sierra de Cuatro Venados, Oaxaca, M\u00e9xico.<\/a> Arxius de Miscel-lania Zoologica 14:217-232.<\/li>\n\n\n\n<li>Lavariega M. C., M. Briones-Salas, A. Mazas-Teodocio, &amp; E. Dur\u00e1n-Medina. (2016). <a href=\"https:\/\/doi.org\/10.1111\/1749-4877.12183\" target=\"_blank\" rel=\"noreferrer noopener\">Ecology and local knowledge of the Baird\u00b4s tapir (Tapirella bairdii) in the Sierra Madre de Oaxaca.<\/a> Integrative Zoology 11:361-374.<\/li>\n\n\n\n<li>Lavariega M. C. y M. Briones-Salas. (2016). <a href=\"https:\/\/web.ciidiroaxaca.ipn.mx\/mlavariegan\/wp-content\/uploads\/sites\/43\/2023\/05\/12.18.-Observaciones-de-movimientos-de-murcielagos.pdf\" target=\"_blank\" rel=\"noreferrer noopener\">Observaciones de movimientos de murci\u00e9lagos en un paisaje fragmentado en el Istmo de Tehuantepec.<\/a> THERYA 7(2):321-332.<\/li>\n\n\n\n<li>Lavariega M. C. y M. Briones-Salas. (2016). <a href=\"https:\/\/web.ciidiroaxaca.ipn.mx\/mlavariegan\/wp-content\/uploads\/sites\/43\/2023\/05\/71-Texto-del-articulo-116-1-10-20190921.pdf\" target=\"_blank\" rel=\"noreferrer noopener\">Cranial measurements of jaguars (Panthera onca) from the State of Oaxaca, Mexico<\/a>. Mammalian Notes 3(1):41-43.<\/li>\n\n\n\n<li>Lavariega M. C., J. Garc\u00eda-Meza, Y. Mart\u00ednez-Ay\u00f3n, D. Camarillo-Ch\u00e1vez, T. Hern\u00e1ndez-Velasco y M. Briones-Salas. (2016). <a href=\"https:\/\/web.ciidiroaxaca.ipn.mx\/mlavariegan\/wp-content\/uploads\/sites\/43\/2023\/05\/12.16.-Analisis-de-las-presas-de-la-Lechuza-de-Campanario.pdf\" target=\"_blank\" rel=\"noreferrer noopener\">An\u00e1lisis de las presas de la Lechuza de Campanario (Tytonidae) en Oaxaca Central, M\u00e9xico.<\/a> Neotropical Biology and Conservation 11(1):24-30.<\/li>\n\n\n\n<li>Lavariega M. C., N. Mart\u00edn-Regalado, R. M. G\u00f3mez-Ugalde y J. Arag\u00f3n. (2016). <a href=\"https:\/\/doi.org\/10.28947\/hrmo.2016.17.2.247\" target=\"_blank\" rel=\"noreferrer noopener\">Avifauna de la Sierra de Cuatro Venados<\/a>. Huitzil 17(2):198-214.<\/li>\n\n\n\n<li>Briones-Salas M., N. Mart\u00edn-Regalado, &amp; M. C. Lavariega. (2016). <a href=\"https:\/\/doi.org\/10.15560\/12.2.1862\" target=\"_blank\" rel=\"noreferrer noopener\">Mammals <\/a><a href=\"https:\/\/doi.org\/10.15560\/12.2.1862\">in tropical dry forest on the central coast of Oaxaca, M\u00e9xico<\/a>. Check List 12(2):1862.<\/li>\n\n\n\n<li>Lavariega, M. C. (2016). <a href=\"https:\/\/doi.org\/10.28947\/hrmo.2016.17.1.217\" target=\"_blank\" rel=\"noreferrer noopener\">Registros notables de aves en el noroeste del distrito de Villa Alta, Oaxaca. Huitzil,<\/a> Revista Mexicana de Ornitolog\u00eda. 17(1):44-53.<\/li>\n\n\n\n<li>Briones-Salas M., M. Cort\u00e9s-Marcial y M. C. Lavariega. (2015). D<a href=\"https:\/\/doi.org\/10.1016\/j.rmb.2015.07.008\" target=\"_blank\" rel=\"noreferrer noopener\">iversidad y distribuci\u00f3n geogr\u00e1fica de los mam\u00edferos terrestres del estado de Oaxaca.<\/a> Revista Mexicana de Biodiversidad. 86:685-710.<\/li>\n\n\n\n<li>Camarillo-Ch\u00e1vez, L. D., M. C. Lavariega,&nbsp;&amp; M. Briones-Salas. (2015). <a href=\"https:\/\/web.ciidiroaxaca.ipn.mx\/mlavariegan\/wp-content\/uploads\/sites\/43\/2023\/05\/12.11.-Tapir-track-record.pdf\" target=\"_blank\" rel=\"noreferrer noopener\">Record and track description of a Baird\u00b4s tapir juvenile in the north of Oaxaca<\/a>. Tapir Conservation 24(33):13-14.<\/li>\n\n\n\n<li>Lavariega, M. C., M. Briones-Salas y C. Rodr\u00edguez. (2013). <a href=\"https:\/\/doi.org\/10.7550\/rmb.32857\" target=\"_blank\" rel=\"noreferrer noopener\">Registro de tapir centroamericano (Tapirus bairdii) con c\u00e1maras trampa en la Sierra Madre de Oaxaca<\/a>. Revista Mexicana de Biodiversidad. 84:1007-1011.<\/li>\n\n\n\n<li>Santos, A. R., A. L. Hern\u00e1ndez, M. C. Lavariega y R. M. G\u00f3mez-Ugalde. (2013). <a href=\"https:\/\/doi.org\/10.29312\/remexca.v0i6.1287\" target=\"_blank\" rel=\"noreferrer noopener\">Diversidad de aves en cultivares de Santa Mar\u00eda Yahuiche, Sierra Madre de Oaxaca, M\u00e9xico<\/a>. Revista Mexicana de Ciencias Agr\u00edcolas, 6:1241-1250.<\/li>\n\n\n\n<li>Mart\u00edn-Regalado, C. N., M. C. Lavariega y R. M. G\u00f3mez-Ugalde. (2013). <a href=\"https:\/\/web.ciidiroaxaca.ipn.mx\/mlavariegan\/wp-content\/uploads\/sites\/43\/2023\/05\/12.7.-Registro-historico-T-bairdii.pdf\" target=\"_blank\" rel=\"noreferrer noopener\">Registro hist\u00f3rico del tapir centroamericano (Tapirus bairdii) en el Istmo de Tehuantepec, Oaxaca<\/a>. Acta Zool\u00f3gica Mexicana (n. s.), 29(2):454-457.<\/li>\n\n\n\n<li>Lavariega, M. C., C. N. Mart\u00edn-Regalado y R. M. G\u00f3mez-Ugalde. (2012). <a href=\"https:\/\/www.revistas-conacyt.unam.mx\/therya\/index.php\/THERYA\/article\/view\/91\" target=\"_blank\" rel=\"noreferrer noopener\">Mam\u00edferos del centro occidente de Oaxaca, M\u00e9xico<\/a>. Therya 3(3):349-370.<\/li>\n\n\n\n<li>Lavariega, M. C., M. Briones-Salas y R. M. G\u00f3mez-Ugalde. (2012). <a href=\"https:\/\/mn.sarem.org.ar\/article\/mamiferos-medianos-y-grandes-de-la-sierra-de-villa-alta-oaxaca-mexico\/\" target=\"_blank\" rel=\"noreferrer noopener\">Mam\u00edferos medianos y grandes de la Sierra de Villa Alta, Oaxaca, M\u00e9xico.<\/a> Mastozoolog\u00eda Neotropical. 19(2):225-241.<\/li>\n\n\n\n<li>Mart\u00edn-Regalado, C. N., M. C. Lavariega y R. M. G\u00f3mez-Ugalde. (2012). <a href=\"https:\/\/revista.ib.unam.mx\/index.php\/bio\/article\/view\/1006\/913\" target=\"_blank\" rel=\"noreferrer noopener\">Registros nuevos de Abronia mixteca (Sauria: Anguidae) en Oaxaca<\/a>, M\u00e9xico. Revista Mexicana de Biodiversidad. 83:859-863.<\/li>\n\n\n\n<li>Briones-Salas, M., M. C. Lavariega e I. Lira. (2012). <a href=\"https:\/\/doi.org\/10.22201\/ib.20078706e.2012.1.1149\" target=\"_blank\" rel=\"noreferrer noopener\">Distribuci\u00f3n actual y potencial del jaguar (Panthera onca) en Oaxaca, M\u00e9xico<\/a>. Revista Mexicana de Biodiversidad. 83:246-257.<\/li>\n\n\n\n<li>Lavariega, M. C., N Martin-Regalado, C. Rodr\u00edguez y R. M. G\u00f3mez-Ugalde. (2011). <a href=\"https:\/\/www.mexorn.org\/index.php\/huitzil\/article\/view\/132\/117\" target=\"_blank\" rel=\"noreferrer noopener\">Registro del tecolote afilador (Aegolius acadicus) en las monta\u00f1as y valles del occidente de Oaxaca<\/a>, M\u00e9xico. Huitzil 12 (2):48-52.&nbsp;<\/li>\n<\/ul>\n\n\n\n<h3 class=\"wp-block-heading\">Cap\u00edtulos de libro<\/h3>\n\n\n\n<ul class=\"wp-block-list\">\n<li>Mart\u00edn-Regalado, C. N., G\u00f3mez-Ugalde, R. M., Cisneros-Palacios, M. E. y Lavariega, M. C. (2020). Estudio de la fauna del cerro Guiengola. En: Guiengola, Tehuantepec orgullo zapoteca (E. G. Fern\u00e1ndez D\u00e1vila, coord.)&nbsp; Instituto Nacional de Antropolog\u00eda e Historia. pp. 253-267.<\/li>\n\n\n\n<li>* Briones-Salas M., M. C. Lavariega, M. Cort\u00e9s-Marcial, A. G. Monroy-Gamboa y C. A. Mas\u00e9s-Garc\u00eda. (2016). Iniciativas de conservaci\u00f3n para los mam\u00edferos de Oaxaca, M\u00e9xico. Pp. 329-366 en Riqueza y Conservaci\u00f3n de los Mam\u00edferos en M\u00e9xico a Nivel Estatal (Briones-Salas, M., Y. Hortelano-Moncada, G. Maga\u00f1a-Cota, G. S\u00e1nchez-Rojas y J. E. Sosa-Escalante, eds.). Instituto de Biolog\u00eda, Universidad Nacional Aut\u00f3noma de M\u00e9xico, Asociaci\u00f3n Mexicana de Mastozoolog\u00eda A. C. y Universidad de Guanajuato, Ciudad de M\u00e9xico, M\u00e9xico.<\/li>\n\n\n\n<li>Lavariega, M. C., R. Rivera y M. Briones-Salas. (2013). Efectos del cambio de uso de suelo y cambio clim\u00e1tico en el h\u00e1bitat del jaguar. En: A. Aquino, A. S\u00e1nchez, M Briones-Salas, A. Huerta (eds.), El jaguar en Oaxaca. Gobierno del Estado de Oaxaca, Carteles Editores. Oaxaca, M\u00e9xico.<\/li>\n\n\n\n<li>Lavariega, M. C., M. Briones-Salas y Y. Mart\u00ednez. (2011). Registros del jaguar (Panthera onca) en el estado de Oaxaca, M\u00e9xico. En: M Briones-Salas, A. S\u00e1nchez, A. Aquino, T. Palacios y Y. Mart\u00ednez (eds.), Estudios del jaguar en Oaxaca. Gobierno del Estado de Oaxaca, Acciona Carteles Editores. Oaxaca, M\u00e9xico. 51-78 pp.<\/li>\n<\/ul>\n\n\n\n<h3 class=\"wp-block-heading\">Divulgaci\u00f3n<\/h3>\n\n\n\n<ul class=\"wp-block-list\">\n<li>Lavariega, M. C., Ballesteros-Barrera, C., &amp; Martin-Regalado, N. (2025). <a href=\"https:\/\/theryaixmana.mastozoologiamexicana.com\/index.php\/theryaixmana\/article\/view\/707\" data-type=\"link\" data-id=\"https:\/\/theryaixmana.mastozoologiamexicana.com\/index.php\/theryaixmana\/article\/view\/707\">\u00bfTodos los ratones ciervo son iguales?<\/a>. <em>Therya ixmana<\/em>, <em>4<\/em>(3), 163-164.<\/li>\n\n\n\n<li>Mart\u00edn-Regalado, N., Briones-Salas, M., &amp; Lavariega, M. C. (2025). <a href=\"https:\/\/theryaixmana.mastozoologiamexicana.com\/index.php\/theryaixmana\/article\/download\/643\/643.\" data-type=\"link\" data-id=\"https:\/\/theryaixmana.mastozoologiamexicana.com\/index.php\/theryaixmana\/article\/download\/643\/643.\">\u00bfD\u00f3nde est\u00e1 la diversidad de mam\u00edferos en Oaxaca?<\/a> <em>Therya ixmana<\/em>, <em>4<\/em>(2), 81-83.<\/li>\n\n\n\n<li>Mart\u00edn-Regalado, N., M. Briones-Salas y&nbsp;M. C. Lavariega. (2017). <a href=\"https:\/\/www.utm.mx\/edi_anteriores\/temas62\/T62_1E2_Diversidad%20y%20conservacion%20en%20la%20Coleccion%20Mastozoolo.pdf\" target=\"_blank\" rel=\"noreferrer noopener\">Diversidad y conservaci\u00f3n en la Colecci\u00f3n Mastozool\u00f3gica del CIIDIR-Oaxaca<\/a>. Temas de Ciencia y Tecnolog\u00eda 21(62):13-20.&nbsp;<\/li>\n<\/ul>\n\n\n\n<p><\/p>\n","protected":false},"excerpt":{"rendered":"<p>Cap\u00edtulos de libro Divulgaci\u00f3n<\/p>\n","protected":false},"author":43,"featured_media":0,"parent":0,"menu_order":0,"comment_status":"closed","ping_status":"closed","template":"","meta":{"_swt_meta_header_display":false,"_swt_meta_footer_display":false,"_swt_meta_site_title_display":false,"_swt_meta_sticky_header":false,"_swt_meta_transparent_header":false,"footnotes":""},"class_list":["post-13","page","type-page","status-publish","hentry"],"_links":{"self":[{"href":"https:\/\/web.ciidiroaxaca.ipn.mx\/mlavariegan\/wp-json\/wp\/v2\/pages\/13","targetHints":{"allow":["GET"]}}],"collection":[{"href":"https:\/\/web.ciidiroaxaca.ipn.mx\/mlavariegan\/wp-json\/wp\/v2\/pages"}],"about":[{"href":"https:\/\/web.ciidiroaxaca.ipn.mx\/mlavariegan\/wp-json\/wp\/v2\/types\/page"}],"author":[{"embeddable":true,"href":"https:\/\/web.ciidiroaxaca.ipn.mx\/mlavariegan\/wp-json\/wp\/v2\/users\/43"}],"replies":[{"embeddable":true,"href":"https:\/\/web.ciidiroaxaca.ipn.mx\/mlavariegan\/wp-json\/wp\/v2\/comments?post=13"}],"version-history":[{"count":5,"href":"https:\/\/web.ciidiroaxaca.ipn.mx\/mlavariegan\/wp-json\/wp\/v2\/pages\/13\/revisions"}],"predecessor-version":[{"id":49,"href":"https:\/\/web.ciidiroaxaca.ipn.mx\/mlavariegan\/wp-json\/wp\/v2\/pages\/13\/revisions\/49"}],"wp:attachment":[{"href":"https:\/\/web.ciidiroaxaca.ipn.mx\/mlavariegan\/wp-json\/wp\/v2\/media?parent=13"}],"curies":[{"name":"wp","href":"https:\/\/api.w.org\/{rel}","templated":true}]}}