{"id":8,"date":"2015-01-21T22:16:43","date_gmt":"2015-01-21T22:16:43","guid":{"rendered":"https:\/\/web.ciidiroaxaca.ipn.mx\/michavezg\/actividades-academicas\/"},"modified":"2025-09-17T19:30:16","modified_gmt":"2025-09-17T19:30:16","slug":"actividades-academicas","status":"publish","type":"page","link":"https:\/\/web.ciidiroaxaca.ipn.mx\/michavezg\/actividades-academicas\/","title":{"rendered":"Actividades acad\u00e9micas"},"content":{"rendered":"\n<h3 class=\"wp-block-heading\">Cursos<\/h3>\n\n\n\n<ul class=\"wp-block-list\">\n<li>Materiales para ingenier\u00eda 2017A, 2018A, 2019B, 2024A<\/li>\n\n\n\n<li>Propiedades mec\u00e1nicas y reol\u00f3gicas 2015B 2016B<\/li>\n\n\n\n<li>Temas selectos II (Fisicoqu\u00edmica de pol\u00edmeros) 2018B<\/li>\n\n\n\n<li>Temas selectos I (Introducci\u00f3n a la fisicoqu\u00edmica) 2017B, 2020A<\/li>\n\n\n\n<li>Temas selectos I (Polimeros) 2021A<\/li>\n\n\n\n<li>Seminario de investigaci\u00f3n de maestr\u00eda (Ingenier\u00eda) I 2016A<\/li>\n\n\n\n<li>Seminario de investigaci\u00f3n de maestr\u00eda (Ingenier\u00eda) III 2015B, 2023B<\/li>\n\n\n\n<li>Seminario de Investigaci\u00f3n de maestr\u00eda (Ingenier\u00eda) IV 2017 B<\/li>\n\n\n\n<li>Seminario de investigaci\u00f3n de doctorado III 2015B<\/li>\n\n\n\n<li>Seminario de investigaci\u00f3n de doctorado V 2018B<\/li>\n\n\n\n<li>Seminario de investigaci\u00f3n de doctorado VIII 2022A<\/li>\n<\/ul>\n\n\n\n<p>&nbsp;<\/p>\n\n\n\n<h3 class=\"wp-block-heading\">Otras Actividades<\/h3>\n\n\n\n<ol class=\"wp-block-list\">\n<li>Conferencia \u201cMateriales ecol\u00f3gicamente correctos para el nuevo milenio\u201d, Bachillerato de la Universidad La Salle Oaxaca, 15 de abril de 2015.<\/li>\n\n\n\n<li>Conferencia, \u201cLa Ingenier\u00eda Sustentable como una respuesta a la innovaci\u00f3n cient\u00edfica y tecnol\u00f3gica\u201d, Jornadas de Ingenier\u00eda de la Universidad La Salle Oaxaca, 12 de mayo de 2015.<\/li>\n\n\n\n<li>Taller \u201cPol\u00edmeros Biodegradables\u201d, Ingenier\u00eda Ambiental, Universidad La Salle Oaxaca, Mayo 2015.<\/li>\n\n\n\n<li>Taller \u201cPol\u00edmeros pegajosos\u201d, Jornadas de la semana nacional de la ciencia y la tecnolog\u00eda, CIIDIR Unidad Oaxaca-COCYT, octubre 2015.<\/li>\n\n\n\n<li>Curso de capacitaci\u00f3n para usuarios \u201cMolino de cuchillas\u201d Fritsch, 29 de abril de 2016<\/li>\n\n\n\n<li>Conferencia \u00abLa innovaci\u00f3n cient\u00edfica y tecnol\u00f3gica en Am\u00e9rica Latina, como inspiraci\u00f3n para los j\u00f3venes investigadores\u00bb, 4to Encuentro de J\u00f3venes Investigadores de Oaxaca &#8211; COCYT, 10 y 11 noviembre 2016.<\/li>\n\n\n\n<li>Curso \u00abSecado por Aspersi\u00f3n\u00bb, Curso, Universidad Tecnol\u00f3gica de los Valles Centrales de Oaxaca, 24, 25 y 26 de abril de 2017<\/li>\n\n\n\n<li>Taller \u201cIntroducci\u00f3n al proceso de extrusi\u00f3n e moldeado de piezas por inyecci\u00f3n\u201d a estudiantes del COSEIIO 28 abril 2017<\/li>\n\n\n\n<li>Taller \u201cPolimeros; como reducir el uso de los pl\u00e1sticos\u201d a estudiantes y padres de familia de educaci\u00f3n b\u00e1sica en la Biblioteca Infantil de Oaxaca, 8 de junio de 2018<\/li>\n\n\n\n<li>Participaci\u00f3n en el programa de radio \u201cCuestiones Urgentes\u201d, Tema \u201cBiopl\u00e1sticos; buscando substituir los materiales provenientes del petr\u00f3leo\u201d, CORTV, agosto 2018<\/li>\n\n\n\n<li>Conferencia \u201cPolimeros Biodegradables\u201d a estudiantes del Tecnol\u00f3gico Nacional de M\u00e9xico Campus Oaxaca, 22 de noviembre de 2018<\/li>\n\n\n\n<li>Conferencia \u201cEstudio de materiales sustentables a partir de macromol\u00e9culas, principalmente biopol\u00edmeros\u201d Expo ciencia y tecnolog\u00eda 2019, Oaxaca de Ju\u00e1rez, 8, 9 y 10 de abril de 2019<\/li>\n\n\n\n<li>Premio \u00abObtenci\u00f3n de un biopl\u00e1stico con memoria de forma a partir de residuos de la industria pesquera \u00bb FINALISTA, Premio Nacional de Innovaci\u00f3n Pesquera y Acu\u00edcola 2019\u00a0en la\u00a0CATEGOR\u00cdA ESTUDIANTES, Mazatlan, Sinaloa, M\u00e9xico.<\/li>\n\n\n\n<li>Premio\u00a0\u00abUSO DE UN BIOCOMP\u00d3SITO A BASE DE ALMID\u00d3N DE MA\u00cdZ Y FIBRAS DE AGAVE COMO HERRAMIENTA DE RESTAURACI\u00d3N DE ARRECIFES CORALINOS\u00bb FINALISTA, Premio Nacional de Innovaci\u00f3n Pesquera y Acu\u00edcola 2019\u00a0en la\u00a0CATEGOR\u00cdA ESTUDIANTES, Mazatlan, Sinaloa, M\u00e9xico.<\/li>\n\n\n\n<li>Conferencia \u201cRumbo a la sustituci\u00f3n de los pl\u00e1sticos provenientes del petr\u00f3leo, para estudiantes de nivel medio superior, Prepa en l\u00ednea, 1 de julio de 2021<\/li>\n\n\n\n<li>Conferencia \u201cBiopol\u00edmeros para la obtenci\u00f3n de nuevos materiales\u201d, Tecnol\u00f3gico Nacional de M\u00e9xico campus Valle de Etla, 7 de octubre de 2021<\/li>\n\n\n\n<li>Taller \u201cTrabajo de investigaci\u00f3n\u201d para estudiantes del Instituto Tecnol\u00f3gico de Salina Cruz, 24 de mayo de 2023<\/li>\n\n\n\n<li>Evaluador de la 22 semana Nacional de Ciencia y Tecnolog\u00eda, Expociencias Estatal (Oaxaca) en el \u00e1rea de Medio ambiente y ciencias de materiales. 20 de octubre de 2015<\/li>\n\n\n\n<li>Evaluador de Proyectos Productivos Sustentables con Componentes Cient\u00edficos y Tecnol\u00f3gicos de 2016, 25 de enero de 2016<\/li>\n\n\n\n<li>Evualuador CONAHCyT (Ciencia Basica, Estancias Postdoctorales y Innovaci\u00f3n)<\/li>\n\n\n\n<li>Revisor de las revistas\u00a0Food Chemistry, Food Packing and Shell Life, Food Bioscience, \u00a0Materials Today: Proceedings, The International Journal of Artificial Organs, International Journal in Biological Macromolecules, Cleaner Chemical Engineering, Materials Chemistry and Physics, Sustainable Chemistry and Pharmacy, Revista Mexicana de Ingenier\u00eda Qu\u00edmica, Acta Universitaria, European Polymer Journal. Y participaci\u00f3n en el comit\u00e9 cient\u00edfico del 4th y 5th International Conference on Natural Fibers<\/li>\n<\/ol>\n","protected":false},"excerpt":{"rendered":"<p>Cursos &nbsp; Otras Actividades<\/p>\n","protected":false},"author":24,"featured_media":0,"parent":0,"menu_order":0,"comment_status":"closed","ping_status":"closed","template":"","meta":{"_swt_meta_header_display":false,"_swt_meta_footer_display":false,"_swt_meta_site_title_display":false,"_swt_meta_sticky_header":false,"_swt_meta_transparent_header":false,"footnotes":""},"class_list":["post-8","page","type-page","status-publish","hentry"],"_links":{"self":[{"href":"https:\/\/web.ciidiroaxaca.ipn.mx\/michavezg\/wp-json\/wp\/v2\/pages\/8","targetHints":{"allow":["GET"]}}],"collection":[{"href":"https:\/\/web.ciidiroaxaca.ipn.mx\/michavezg\/wp-json\/wp\/v2\/pages"}],"about":[{"href":"https:\/\/web.ciidiroaxaca.ipn.mx\/michavezg\/wp-json\/wp\/v2\/types\/page"}],"author":[{"embeddable":true,"href":"https:\/\/web.ciidiroaxaca.ipn.mx\/michavezg\/wp-json\/wp\/v2\/users\/24"}],"replies":[{"embeddable":true,"href":"https:\/\/web.ciidiroaxaca.ipn.mx\/michavezg\/wp-json\/wp\/v2\/comments?post=8"}],"version-history":[{"count":3,"href":"https:\/\/web.ciidiroaxaca.ipn.mx\/michavezg\/wp-json\/wp\/v2\/pages\/8\/revisions"}],"predecessor-version":[{"id":27,"href":"https:\/\/web.ciidiroaxaca.ipn.mx\/michavezg\/wp-json\/wp\/v2\/pages\/8\/revisions\/27"}],"wp:attachment":[{"href":"https:\/\/web.ciidiroaxaca.ipn.mx\/michavezg\/wp-json\/wp\/v2\/media?parent=8"}],"curies":[{"name":"wp","href":"https:\/\/api.w.org\/{rel}","templated":true}]}}