{"id":6,"date":"2015-01-21T22:03:24","date_gmt":"2015-01-21T22:03:24","guid":{"rendered":"https:\/\/web.ciidiroaxaca.ipn.mx\/michavezg\/proyectos-de-investigacion\/"},"modified":"2025-10-13T18:00:16","modified_gmt":"2025-10-13T18:00:16","slug":"proyectos-de-investigacion","status":"publish","type":"page","link":"https:\/\/web.ciidiroaxaca.ipn.mx\/michavezg\/proyectos-de-investigacion\/","title":{"rendered":"Proyectos de investigaci\u00f3n"},"content":{"rendered":"\n<p><strong>\u201cAdecuaci\u00f3n de los espacios f\u00edsicos del laboratorio de desarrollo tecnol\u00f3gico del CIIDIR Oaxaca para el desarrollo con seguridad de las actividades de procesamiento de pol\u00edmeros\u201d<\/strong>, CONACYT Bioseguridad 2015, 264110, <strong>Director. $4,720,000.00<\/strong><\/p>\n\n\n\n<p><strong>\u00abEquipamiento para la obtenci\u00f3n de nuevos materiales bioactivos por el m\u00e9todo de extrusi\u00f3n e inyecci\u00f3n\u00bb<\/strong>, Fortalecimiento a la infraestructura, CONACYT 2015, 251504, <strong>Director. $1,190,000.00<\/strong><\/p>\n\n\n\n<p>&nbsp;<\/p>\n\n\n\n<h3 class=\"wp-block-heading\">Proyectos Institucionales del IPN<\/h3>\n\n\n\n<p><strong>SIP20254294.<\/strong> Participante. Efectos de la enzima transglutaminasa en la elaboraci\u00f3n de empaques de alimentos producidos a partir de residuos de la industria pesquera<\/p>\n\n\n\n<p><strong>SIP20241318.<\/strong> Participante.\u201d Caracterizaci\u00f3n ultras\u00f3nica de materiales basados en cemento y de materiales similares\u201d<\/p>\n\n\n\n<p><strong>SIP20231433<\/strong>. Participante. \u201cAn\u00e1lisis de la estabilidad de jugo de maracuy\u00e1 secado por aspersi\u00f3n mediante RMN, FTIR y propiedades fisicoqu\u00edmicas\u201d<\/p>\n\n\n\n<p><strong>SIP20220864<\/strong>. Participante. \u201cEvaluaci\u00f3n del efecto de la temperatura de entrada en el secado por aspersi\u00f3n de jugo de fresa con biopol\u00edmeros como agente encapsulante\u201d&nbsp;<\/p>\n\n\n\n<p><strong>SIP20220743<\/strong>. Participante. \u201cFructanos de agave como agentes encapsulantes de compuestos bioactivos secados por aspersi\u00f3n\u201d<\/p>\n\n\n\n<p><strong>SIP20210814<\/strong>. Participante. \u201cFilamentos para impresi\u00f3n 3D a partir de pol\u00edmeros biodegradables y fibras naturales\u201d&nbsp;<\/p>\n\n\n\n<p><strong>SIP20201696<\/strong>: Participante. \u201cAplicaci\u00f3n de relaxometr\u00eda de 1H de RMN para la caracterizaci\u00f3n de materiales nanocompuestos\u201d&nbsp;<\/p>\n\n\n\n<p><strong>SIP20200758 <\/strong>Participante. \u201cIdentificaci\u00f3n, evaluaci\u00f3n y desarrollo de nuevos productos a partir del agave y sus residuos (pencas)\u201d&nbsp;<\/p>\n\n\n\n<p><strong>SIP 20196797-20200902<\/strong>: Participante. \u201cObtenci\u00f3n de empaques inteligentes, bioactivos y biodegradables para alimentos a partir de residuos de la industria pesquera\u201d&nbsp;<\/p>\n\n\n\n<p><strong>SIP20195515<\/strong>: Participante. \u201cEstudio de la memoria de forma de materiales termopl\u00e1sticos dopados con nanopart\u00edculas de plata\u201d&nbsp;<\/p>\n\n\n\n<p><strong>SIP20195514<\/strong>: Participante. \u201cIdentificaci\u00f3n, evaluaci\u00f3n y desarrollo de nuevos productos a partir del agave y sus residuos (pencas)\u201d<\/p>\n\n\n\n<p><strong>SIP20180444<\/strong>: Participante. \u201cCarbohidratos solubles, perfil fitoqu\u00edmico, estructura y potencial probi\u00f3tico de los fructanos de plantas de Agave potatorum de diferentes edades\u00bb<\/p>\n\n\n\n<p><strong>SIP20181201<\/strong>: Participante. \u201cDeterminaci\u00f3n de impurezas mediante procesado de se\u00f1ales de infrarrojo obtenidas de muestras org\u00e1nicas e inorg\u00e1nicas\u201d<\/p>\n\n\n\n<p><strong>SIP20170309<\/strong>: Participante. \u201cCarbohidratos solubles, perfil fitoqu\u00edmico, estructura y potencial probi\u00f3tico de los fructanos de Agave potatorum de diferentes edades\u201d&nbsp;<\/p>\n\n\n\n<p><strong>SIP20171403<\/strong>: Participante. \u201cEvaluaci\u00f3n de la eficiencia de extracci\u00f3n de colorantes de c\u00e1scara de pitaya (Stenocereus queretaroensis) y jiotilla (Escontria chiotilla) usando ondas ultras\u00f3nicas como fuerza motriz\u201d<\/p>\n\n\n\n<p><strong>SIP20161339 <\/strong>Participante. \u201cSeguimiento del proceso de fermentaci\u00f3n de az\u00facares mediante ultrasonido como alternativa a los procedimientos anal\u00edticos convencionales\u201d<\/p>\n\n\n\n<p>&nbsp;<\/p>\n","protected":false},"excerpt":{"rendered":"<p>\u201cAdecuaci\u00f3n de los espacios f\u00edsicos del laboratorio de desarrollo tecnol\u00f3gico del CIIDIR Oaxaca para el desarrollo con seguridad de las actividades de procesamiento de pol\u00edmeros\u201d, CONACYT Bioseguridad 2015, 264110, Director. $4,720,000.00 \u00abEquipamiento para la obtenci\u00f3n de nuevos materiales bioactivos por el m\u00e9todo de extrusi\u00f3n e inyecci\u00f3n\u00bb, Fortalecimiento a la infraestructura, CONACYT 2015, 251504, Director. $1,190,000.00 [&hellip;]<\/p>\n","protected":false},"author":24,"featured_media":0,"parent":0,"menu_order":0,"comment_status":"closed","ping_status":"closed","template":"","meta":{"_swt_meta_header_display":false,"_swt_meta_footer_display":false,"_swt_meta_site_title_display":false,"_swt_meta_sticky_header":false,"_swt_meta_transparent_header":false,"footnotes":""},"class_list":["post-6","page","type-page","status-publish","hentry"],"_links":{"self":[{"href":"https:\/\/web.ciidiroaxaca.ipn.mx\/michavezg\/wp-json\/wp\/v2\/pages\/6","targetHints":{"allow":["GET"]}}],"collection":[{"href":"https:\/\/web.ciidiroaxaca.ipn.mx\/michavezg\/wp-json\/wp\/v2\/pages"}],"about":[{"href":"https:\/\/web.ciidiroaxaca.ipn.mx\/michavezg\/wp-json\/wp\/v2\/types\/page"}],"author":[{"embeddable":true,"href":"https:\/\/web.ciidiroaxaca.ipn.mx\/michavezg\/wp-json\/wp\/v2\/users\/24"}],"replies":[{"embeddable":true,"href":"https:\/\/web.ciidiroaxaca.ipn.mx\/michavezg\/wp-json\/wp\/v2\/comments?post=6"}],"version-history":[{"count":5,"href":"https:\/\/web.ciidiroaxaca.ipn.mx\/michavezg\/wp-json\/wp\/v2\/pages\/6\/revisions"}],"predecessor-version":[{"id":55,"href":"https:\/\/web.ciidiroaxaca.ipn.mx\/michavezg\/wp-json\/wp\/v2\/pages\/6\/revisions\/55"}],"wp:attachment":[{"href":"https:\/\/web.ciidiroaxaca.ipn.mx\/michavezg\/wp-json\/wp\/v2\/media?parent=6"}],"curies":[{"name":"wp","href":"https:\/\/api.w.org\/{rel}","templated":true}]}}