{"id":4,"date":"2015-01-21T21:58:19","date_gmt":"2015-01-21T21:58:19","guid":{"rendered":"https:\/\/web.ciidiroaxaca.ipn.mx\/michavezg\/dr-miguel-chavez-gutierrez\/"},"modified":"2026-01-22T14:29:51","modified_gmt":"2026-01-22T20:29:51","slug":"dr-miguel-chavez-gutierrez","status":"publish","type":"page","link":"https:\/\/web.ciidiroaxaca.ipn.mx\/michavezg\/","title":{"rendered":"Dr. Miguel Ch\u00e1vez Guti\u00e9rrez"},"content":{"rendered":"\n<h3 class=\"wp-block-heading has-text-align-center\">Doctor en ciencias en el \u00e1rea de Pol\u00edmeros<\/h3>\n\n\n\n<p class=\"has-text-align-center\">Por la Universidade Estadual de Campinas (UNICAMP), en el Instituto de Quimica, en Sao Paulo, Brasil.<\/p>\n\n\n\n<h3 class=\"wp-block-heading has-text-align-center\">Maestro en ciencia e ingenier\u00eda de materiales<\/h3>\n\n\n\n<p class=\"has-text-align-center\">Por la Universidad Nacional Aut\u00f3noma de M\u00e9xico, en el IIM, en CU, M\u00e9xico.<\/p>\n\n\n\n<h3 class=\"wp-block-heading has-text-align-center\">Ingeniero Qu\u00edmico<\/h3>\n\n\n\n<p class=\"has-text-align-center\">Por la Universidad Nacional Aut\u00f3noma de M\u00e9xico, de la Facultad de Qu\u00edmica, en CU, M\u00e9xico.<\/p>\n\n\n\n<p class=\"has-text-align-center\">Estancia Postdoctoral en el Cinvestav Unidad Quer\u00e9taro en el departamento de Materiales Org\u00e1nicos, 2012-2014.<\/p>\n\n\n\n<p class=\"has-text-align-center\">Estancia sab\u00e1tica en la University of British Columbia en el Department of Wood Science, Advanced Renewable Materials Lab, Vancouver, Canada, 2022-2023.&nbsp;<\/p>\n\n\n\n<h4 class=\"wp-block-heading has-text-align-center\">Sistema Nacional de Investigadores I&nbsp;(2018-2029)<\/h4>\n\n\n\n<h4 class=\"wp-block-heading has-text-align-center\">Investigador por M\u00e9xico adscrito al CIDIIR-Oaxaca del IPN<\/h4>\n\n\n\n<p class=\"has-text-align-center\">&nbsp;<strong>L\u00ednea de Investigaci\u00f3n:<\/strong> Estudio de materiales sustentables, a partir de macromol\u00e9culas, principalmente biopol\u00edmeros.<\/p>\n\n\n\n<p class=\"has-text-align-center\">Correos electr\u00f3nicos: michavezg@ipn.mx, mchavezgu@conacyt.mx<\/p>\n\n\n\n<p class=\"has-text-align-center\">Tel\u00e9fono: (951) 517 0610 Ext. 82740<\/p>\n\n\n\n<p class=\"has-text-align-center\"><a href=\"https:\/\/www.webofscience.com\/wos\/author\/record\/AAZ-4263-2020\">https:\/\/www.webofscience.com\/wos\/author\/record\/AAZ-4263-2020<\/a><\/p>\n\n\n\n<p class=\"has-text-align-center\"><a href=\"https:\/\/scholar.google.com.mx\/citations?user=2Fc1gjUAAAAJ&amp;hl=es\">\u202aMiguel C. Guti\u00e9rrez\u202c &#8211; \u202aGoogle Acad\u00e9mico\u202c<\/a><\/p>\n\n\n\n<p class=\"has-text-align-center\"><a href=\"https:\/\/orcid.org\/0000-0002-7237-826X\" target=\"_blank\" rel=\"noreferrer noopener\">https:\/\/orcid.org\/0000-0002-7237-826X<\/a><\/p>\n\n\n\n<p class=\"has-text-align-center\"><a href=\"https:\/\/www.scopus.com\/authid\/detail.uri?authorId=57196598801\">Guti\u00e9rrez, Miguel C. &#8211; Author details &#8211; Scopus<\/a><\/p>\n\n\n\n<div style=\"height:54px\" aria-hidden=\"true\" class=\"wp-block-spacer\"><\/div>\n\n\n\n<p>Son bienvenidos a participar&nbsp; en el proceso de admisi\u00f3n 2025B que cierra el registro el 4 de abril de 2025, aspirantes a los posgrados en:<\/p>\n\n\n\n<ul class=\"wp-block-list\">\n<li>Doctorado en Ciencias en Conservaci\u00f3n y Aprovechamiento de Recursos Naturales<\/li>\n\n\n\n<li>Doctorado en Ciencia y Tecnolog\u00eda de Ingenier\u00eda Civil, Materiales y Mec\u00e1nica Computacional<\/li>\n\n\n\n<li>Maestria&nbsp;en Ciencias en Conservaci\u00f3n y Aprovechamiento de Recursos Naturales<\/li>\n<\/ul>\n\n\n\n<p>As\u00ed como estudiantes de licenciatura para realizar tesis, servicio social o estancia. En las siguientes lineas, as\u00ed como otros relacionados en el \u00e1rea de POLIMEROS.<\/p>\n\n\n\n<div class=\"wp-block-group has-global-padding is-layout-constrained wp-block-group-is-layout-constrained\">\n<ul class=\"wp-block-list\">\n<li>Materiales inteligentes, principalmente pol\u00edmeros con memoria de forma<\/li>\n\n\n\n<li>Nanocompositos de matriz polim\u00e9rica obtenidos por extrusi\u00f3n-inyecci\u00f3n<\/li>\n\n\n\n<li>Pel\u00edculas polim\u00e9ricas para empaques alimenticios<\/li>\n\n\n\n<li>Investigaciones con materiales de recursos renovables y sustentables, como fibras vegetales, residuos de agroindustrias, etc.<\/li>\n\n\n\n<li>Dise\u00f1o de filamentos polim\u00e9ricos para impresi\u00f3n 3D y 4D<\/li>\n<\/ul>\n\n\n\n<p>&nbsp;<\/p>\n<\/div>\n\n\n\n<p><\/p>\n\n\n\n<figure class=\"wp-block-image size-full\"><img loading=\"lazy\" decoding=\"async\" width=\"728\" height=\"609\" src=\"https:\/\/web.ciidiroaxaca.ipn.mx\/michavezg\/wp-content\/uploads\/sites\/19\/2026\/01\/Miky-patagonico-1.jpg\" alt=\"\" class=\"wp-image-69\" srcset=\"https:\/\/web.ciidiroaxaca.ipn.mx\/michavezg\/wp-content\/uploads\/sites\/19\/2026\/01\/Miky-patagonico-1.jpg 728w, https:\/\/web.ciidiroaxaca.ipn.mx\/michavezg\/wp-content\/uploads\/sites\/19\/2026\/01\/Miky-patagonico-1-300x251.jpg 300w\" sizes=\"auto, (max-width: 728px) 100vw, 728px\" \/><\/figure>\n","protected":false},"excerpt":{"rendered":"<p>Doctor en ciencias en el \u00e1rea de Pol\u00edmeros Por la Universidade Estadual de Campinas (UNICAMP), en el Instituto de Quimica, en Sao Paulo, Brasil. Maestro en ciencia e ingenier\u00eda de materiales Por la Universidad Nacional Aut\u00f3noma de M\u00e9xico, en el IIM, en CU, M\u00e9xico. Ingeniero Qu\u00edmico Por la Universidad Nacional Aut\u00f3noma de M\u00e9xico, de la [&hellip;]<\/p>\n","protected":false},"author":24,"featured_media":0,"parent":0,"menu_order":0,"comment_status":"closed","ping_status":"closed","template":"","meta":{"_swt_meta_header_display":false,"_swt_meta_footer_display":false,"_swt_meta_site_title_display":false,"_swt_meta_sticky_header":false,"_swt_meta_transparent_header":false,"footnotes":""},"class_list":["post-4","page","type-page","status-publish","hentry"],"_links":{"self":[{"href":"https:\/\/web.ciidiroaxaca.ipn.mx\/michavezg\/wp-json\/wp\/v2\/pages\/4","targetHints":{"allow":["GET"]}}],"collection":[{"href":"https:\/\/web.ciidiroaxaca.ipn.mx\/michavezg\/wp-json\/wp\/v2\/pages"}],"about":[{"href":"https:\/\/web.ciidiroaxaca.ipn.mx\/michavezg\/wp-json\/wp\/v2\/types\/page"}],"author":[{"embeddable":true,"href":"https:\/\/web.ciidiroaxaca.ipn.mx\/michavezg\/wp-json\/wp\/v2\/users\/24"}],"replies":[{"embeddable":true,"href":"https:\/\/web.ciidiroaxaca.ipn.mx\/michavezg\/wp-json\/wp\/v2\/comments?post=4"}],"version-history":[{"count":11,"href":"https:\/\/web.ciidiroaxaca.ipn.mx\/michavezg\/wp-json\/wp\/v2\/pages\/4\/revisions"}],"predecessor-version":[{"id":70,"href":"https:\/\/web.ciidiroaxaca.ipn.mx\/michavezg\/wp-json\/wp\/v2\/pages\/4\/revisions\/70"}],"wp:attachment":[{"href":"https:\/\/web.ciidiroaxaca.ipn.mx\/michavezg\/wp-json\/wp\/v2\/media?parent=4"}],"curies":[{"name":"wp","href":"https:\/\/api.w.org\/{rel}","templated":true}]}}