{"id":7,"date":"2011-10-26T16:36:28","date_gmt":"2011-10-26T16:36:28","guid":{"rendered":"https:\/\/web.ciidiroaxaca.ipn.mx\/mgarciagu\/proyectos\/"},"modified":"2025-10-22T06:01:44","modified_gmt":"2025-10-22T12:01:44","slug":"proyectos","status":"publish","type":"page","link":"https:\/\/web.ciidiroaxaca.ipn.mx\/mgarciagu\/proyectos\/","title":{"rendered":"Proyectos dirigidos o con participacion"},"content":{"rendered":"\n<p>Proyectos Internos recientes<\/p>\n\n\n\n<ul class=\"wp-block-list\">\n<li>Herramientas moleculares para evaluar relaciones poblacionales entre los decapodos carideos de diferentes cuencas hidrol\u00f3gicas en el Estado de Oaxaca.<\/li>\n\n\n\n<li>Variaciones en la actividad enzim\u00e1tica del langostino Macrobrachium tenellum durante su transici\u00f3n de condiciones silvestres al manejo en cultivo<\/li>\n\n\n\n<li>Efecto del origen proteico en dietas formuladas sobre la actividad enzim\u00e1tica digestiva, el crecimiento y la supervivencia de langostinos Macrobrachium tenellum<\/li>\n\n\n\n<li>Evaluaci\u00f3n Ecol\u00f3gica de Invertebrados en Lagunas Costeras de Oaxaca como Indicadores de Salud Ecosist\u00e9mica<\/li>\n\n\n\n<li><\/li>\n\n\n\n<li>Otros Proyectos<\/li>\n\n\n\n<li>Exploraci\u00f3n de especies Dec\u00e1poda de agua dulce con potencial para la acuacultura en el estado de Oaxaca.&nbsp; Director. Financiado por: SIP-IPN.&nbsp; Desde: Vigente.<\/li>\n\n\n\n<li>Condiciones adecuadas de cultivo para la producci\u00f3n de juveniles de langostino Macrobrachium americanum con base en la calidad del agua, densidad de cultivo y alimentacion. Director.&nbsp; Financiado por: Consejo Estatal de Ciencia y Tecnolog\u00eda del estado de Sinaloa.&nbsp; Desde: Vigente.<\/li>\n\n\n\n<li>El langostino de rio Macrobrachium americanum como una alternativa a la acuacultura en el estado de Sinaloa. Director.Financiado por: Consejo Nacional de Ciencia y Tecnolog\u00eda, a trav\u00e9s de FOMIX.&nbsp; Desde: Enero 2007 hasta marzo de 2008.<\/li>\n\n\n\n<li>Propuesta para implementar el cultivo bajo condiciones controladas del langostino de r\u00edo Macrobrachium americanum en el norte de Sinaloa.&nbsp; Director.Financiado por: Consejo Estatal de Ciencia y Tecnolog\u00eda del estado de Sinaloa.&nbsp; Desde: Enero a Diciembre de 2006.<\/li>\n\n\n\n<li>Desarrollo de t\u00e9cnicas de producci\u00f3n de juveniles del langostino de r\u00edo Macrobrachium americanum. en el estado de Sinaloa.&nbsp; Director.Financiado por: SIP-IPN.&nbsp; Desde: Enero 2006 hasta diciembre de 2007.<\/li>\n\n\n\n<li>Cultivo, desarrollo larval y tolerancia a variables ambientales de larvas de poblaciones de crust\u00e1ceos anomuros y braquiuros (Decapoda: Anomura, Brachyura) de sistemas lagunares tropicales del estado de Sinaloa, M\u00e9xico. Codirecci\u00f3n. Financiado por: Consejo Nacional de Ciencia y Tecnolog\u00eda.&nbsp; Desde: 2003 hasta: 2005.<\/li>\n\n\n\n<li>Determinaci\u00f3n de los requerimientos nutricionales de la langosta de agua dulce Cherax quadricarinatus con especial \u00e9nfasis en la relaci\u00f3n prote\u00edna-energ\u00eda y su efecto en la respuesta fisiol\u00f3gica del organismo.&nbsp; Colaborador.&nbsp; Financiado por: Consejo Nacional de Ciencia y Tecnolog\u00eda, CIBNOR.&nbsp; Desde: 1999 hasta: 2002.<\/li>\n\n\n\n<li>Biodiversidad de los crust\u00e1ceos perac\u00e1ridos del SE del golfo de California y del Pac\u00edfico Mexicano. Colaborador.&nbsp; Financiado por: Comisi\u00f3n Nacional para el uso de la Biodiversidad (CONABIO).&nbsp; Desde: 1997 hasta: 1999.<\/li>\n\n\n\n<li>Distribuci\u00f3n de poliquetos bent\u00f3nicos del sur de Sinaloa. Colaborador.&nbsp; Financiado por: Comisi\u00f3n Nacional para el uso de la Biodiversidad, UNAM.&nbsp; Desde: 1997 hasta: 1999.<\/li>\n\n\n\n<li>Efecto del oxigeno disuelto en el crecimiento, metabolismo respiratorio y balance energ\u00e9tico del camar\u00f3n caf\u00e9 Penaeus californiensis.&nbsp; Colaborador.&nbsp; Financiado por: CIBNOR, UABCS.&nbsp; Desde: 1991 hasta: 1994.<\/li>\n<\/ul>\n","protected":false},"excerpt":{"rendered":"<p>Proyectos Internos recientes<\/p>\n","protected":false},"author":37,"featured_media":0,"parent":0,"menu_order":0,"comment_status":"closed","ping_status":"closed","template":"","meta":{"_swt_meta_header_display":false,"_swt_meta_footer_display":false,"_swt_meta_site_title_display":false,"_swt_meta_sticky_header":false,"_swt_meta_transparent_header":false,"footnotes":""},"class_list":["post-7","page","type-page","status-publish","hentry"],"_links":{"self":[{"href":"https:\/\/web.ciidiroaxaca.ipn.mx\/mgarciagu\/wp-json\/wp\/v2\/pages\/7","targetHints":{"allow":["GET"]}}],"collection":[{"href":"https:\/\/web.ciidiroaxaca.ipn.mx\/mgarciagu\/wp-json\/wp\/v2\/pages"}],"about":[{"href":"https:\/\/web.ciidiroaxaca.ipn.mx\/mgarciagu\/wp-json\/wp\/v2\/types\/page"}],"author":[{"embeddable":true,"href":"https:\/\/web.ciidiroaxaca.ipn.mx\/mgarciagu\/wp-json\/wp\/v2\/users\/37"}],"replies":[{"embeddable":true,"href":"https:\/\/web.ciidiroaxaca.ipn.mx\/mgarciagu\/wp-json\/wp\/v2\/comments?post=7"}],"version-history":[{"count":4,"href":"https:\/\/web.ciidiroaxaca.ipn.mx\/mgarciagu\/wp-json\/wp\/v2\/pages\/7\/revisions"}],"predecessor-version":[{"id":44,"href":"https:\/\/web.ciidiroaxaca.ipn.mx\/mgarciagu\/wp-json\/wp\/v2\/pages\/7\/revisions\/44"}],"wp:attachment":[{"href":"https:\/\/web.ciidiroaxaca.ipn.mx\/mgarciagu\/wp-json\/wp\/v2\/media?parent=7"}],"curies":[{"name":"wp","href":"https:\/\/api.w.org\/{rel}","templated":true}]}}