{"id":5,"date":"2011-10-26T16:25:55","date_gmt":"2011-10-26T16:25:55","guid":{"rendered":"https:\/\/web.ciidiroaxaca.ipn.mx\/mgarciagu\/dr-marcelo-ulises-garcia-guerrero\/"},"modified":"2025-10-22T21:58:30","modified_gmt":"2025-10-23T03:58:30","slug":"dr-marcelo-ulises-garcia-guerrero","status":"publish","type":"page","link":"https:\/\/web.ciidiroaxaca.ipn.mx\/mgarciagu\/","title":{"rendered":"Dr. Marcelo Ulises Garc\u00eda Guerrero"},"content":{"rendered":"\n<h3 class=\"wp-block-heading has-text-align-center\">Investigacion basica y aplicada para la conservacion y zootecnia de langostinos dulceacuicolas nativos de M\u00e9xico<\/h3>\n\n\n\n<p class=\"has-text-align-center\">&nbsp;<\/p>\n\n\n\n<h4 class=\"wp-block-heading has-text-align-center\">Licenciatura y Maestria en Biologia Marina<\/h4>\n\n\n\n<h4 class=\"wp-block-heading has-text-align-center\">Doctorado en Ciencias con especialidad Acuacultura<\/h4>\n\n\n\n<p><\/p>\n\n\n\n<h4 class=\"wp-block-heading has-text-align-center\">Areas de Inter\u00e9s:<\/h4>\n\n\n\n<p class=\"has-text-align-center\">Zootecnia de especies con inter\u00e9s comercial y cient\u00edfico<\/p>\n\n\n\n<p class=\"has-text-align-center\">Respuesta fisiol\u00f3gica a cambios f\u00edsicos y qu\u00edmicos en el agua<\/p>\n\n\n\n<p class=\"has-text-align-center\">Estudios de din\u00e1mica poblacional de especies poco conocidas o en riesgo<\/p>\n\n\n\n<h3 class=\"wp-block-heading has-text-align-center\"><figure><img loading=\"lazy\" decoding=\"async\" src=\"https:\/\/web.ciidiroaxaca.ipn.mx\/mgarciagu\/wp-content\/uploads\/sites\/32\/2011\/10\/email.JPG\" alt=\"\" width=\"247\" height=\"45\"><\/figure><\/h3>\n\n\n\n<p class=\"has-text-align-center\">Extensi\u00f3n: 82782<\/p>\n\n\n\n<p class=\"has-text-align-center\"><a href=\"https:\/\/www.scopus.com\/authid\/detail.uri?authorId=6602489665\" target=\"_blank\" rel=\"noreferrer noopener\">https:\/\/www.scopus.com\/authid\/detail.uri?authorId=6602489665<\/a><\/p>\n\n\n\n<p class=\"has-text-align-center\"><a href=\"https:\/\/www.researchgate.net\/profile\/Marcelo_Garcia-Guerrero\" target=\"_blank\" rel=\"noreferrer noopener\">https:\/\/www.researchgate.net\/profile\/Marcelo_Garcia-Guerrero<\/a><\/p>\n","protected":false},"excerpt":{"rendered":"<p>Investigacion basica y aplicada para la conservacion y zootecnia de langostinos dulceacuicolas nativos de M\u00e9xico &nbsp; Licenciatura y Maestria en Biologia Marina Doctorado en Ciencias con especialidad Acuacultura Areas de Inter\u00e9s: Zootecnia de especies con inter\u00e9s comercial y cient\u00edfico Respuesta fisiol\u00f3gica a cambios f\u00edsicos y qu\u00edmicos en el agua Estudios de din\u00e1mica poblacional de especies [&hellip;]<\/p>\n","protected":false},"author":37,"featured_media":51,"parent":0,"menu_order":0,"comment_status":"closed","ping_status":"closed","template":"","meta":{"_swt_meta_header_display":false,"_swt_meta_footer_display":false,"_swt_meta_site_title_display":false,"_swt_meta_sticky_header":false,"_swt_meta_transparent_header":false,"footnotes":""},"class_list":["post-5","page","type-page","status-publish","has-post-thumbnail","hentry"],"_links":{"self":[{"href":"https:\/\/web.ciidiroaxaca.ipn.mx\/mgarciagu\/wp-json\/wp\/v2\/pages\/5","targetHints":{"allow":["GET"]}}],"collection":[{"href":"https:\/\/web.ciidiroaxaca.ipn.mx\/mgarciagu\/wp-json\/wp\/v2\/pages"}],"about":[{"href":"https:\/\/web.ciidiroaxaca.ipn.mx\/mgarciagu\/wp-json\/wp\/v2\/types\/page"}],"author":[{"embeddable":true,"href":"https:\/\/web.ciidiroaxaca.ipn.mx\/mgarciagu\/wp-json\/wp\/v2\/users\/37"}],"replies":[{"embeddable":true,"href":"https:\/\/web.ciidiroaxaca.ipn.mx\/mgarciagu\/wp-json\/wp\/v2\/comments?post=5"}],"version-history":[{"count":4,"href":"https:\/\/web.ciidiroaxaca.ipn.mx\/mgarciagu\/wp-json\/wp\/v2\/pages\/5\/revisions"}],"predecessor-version":[{"id":29,"href":"https:\/\/web.ciidiroaxaca.ipn.mx\/mgarciagu\/wp-json\/wp\/v2\/pages\/5\/revisions\/29"}],"wp:featuredmedia":[{"embeddable":true,"href":"https:\/\/web.ciidiroaxaca.ipn.mx\/mgarciagu\/wp-json\/wp\/v2\/media\/51"}],"wp:attachment":[{"href":"https:\/\/web.ciidiroaxaca.ipn.mx\/mgarciagu\/wp-json\/wp\/v2\/media?parent=5"}],"curies":[{"name":"wp","href":"https:\/\/api.w.org\/{rel}","templated":true}]}}