{"id":8,"date":"2011-10-31T19:38:36","date_gmt":"2011-10-31T19:38:36","guid":{"rendered":"https:\/\/web.ciidiroaxaca.ipn.mx\/mcaballero\/tesis\/"},"modified":"2025-10-22T13:00:12","modified_gmt":"2025-10-22T19:00:12","slug":"tesis","status":"publish","type":"page","link":"https:\/\/web.ciidiroaxaca.ipn.mx\/mcaballero\/tesis\/","title":{"rendered":"Tesis"},"content":{"rendered":"\n<h4 class=\"wp-block-heading\">TESIS DE GRADO DIRIGIDAS<\/h4>\n\n\n\n<ul class=\"wp-block-list\">\n<li><strong>G\u00f3mez Guerrero Agust\u00edn Vidal.<\/strong> \u00abEstudio de la estructura y diversidad de las comunidades microbianas presentes en el proceso de digesti\u00f3n anaerobia de residuos mezcaleros con <em>Agave angustifolia<\/em> Haw\u00bb. Doctorado en Ciencias en Conservaci\u00f3n y Aprovechamiento de Recursos Naturales; IPN CIIDIR Unidad Oaxaca; codirecci\u00f3n con la Dra. Idania Valdez V\u00e1zquez del Instituto de Ingenier\u00eda Juriquilla, Qro. de la UNAM. En proceso.<\/li>\n\n\n\n<li><strong>Rosario D\u00edaz Luis \u00c1ngel.<\/strong> \u00abAn\u00e1lisis de condiciones higrot\u00e9rmicas para las gallinas de postura en el estado de Oaxaca\u00bb. Doctorado en Ciencias en Conservaci\u00f3n y Aprovechamiento de Recursos Naturales; IPN CIIDIR Unidad Oaxaca; codirecci\u00f3n con el Dr. Rafael Alavez Ram\u00edrez. En proceso.<\/li>\n\n\n\n<li><strong>Ju\u00e1rez L\u00f3pez Claudia Roxana<\/strong>. \u201cEvaluaci\u00f3n del ciclo de vida del mezcal en Oaxaca, M\u00e9xico; y el impacto ambiental por el cambio de uso del suelo\u201d. Doctorado en Ciencias en Conservaci\u00f3n y Aprovechamiento de Recursos Naturales. IPN CIIDIR Unidad Oaxaca; codirecci\u00f3n con el Dr. Fernando Chi\u00f1as Castillo del Tecnol\u00f3gico Nacional de M\u00e9xico.  Disertada el 14 de enero de 2025.<\/li>\n\n\n\n<li><strong>Boh\u00f3rquez Santiago Adri\u00e1n<\/strong>. \u201cAmortiguamiento y desfase t\u00e9rmico de un PCM inmerso en concreto ligero a base tepezil\u201d. Maestr\u00eda en Ciencias en Conservaci\u00f3n y Aprovechamiento de Recursos Naturales; IPN CIIDIR Unidad Oaxaca; codirecci\u00f3n con el Dr. Rafael Alavez Ram\u00edrez. Disertada el 26 de octubre de 2023.<\/li>\n\n\n\n<li><strong> Garc\u00eda G\u00f3mez <strong>Itzel<\/strong><\/strong>. \u00abEstudio t\u00e9rmico de un material org\u00e1nico de cambio de fase, probado en una vestimenta de seguridad para altas temperaturas\u00bb. Maestr\u00eda en Ciencias en Conservaci\u00f3n y Aprovechamiento de Recursos Naturales; IPN CIIDIR Unidad Oaxaca; codirecci\u00f3n con el Dr. Rafael Alavez Ram\u00edrez. Disertada el 29 de enero de 2021.<\/li>\n\n\n\n<li><strong>Ram\u00edrez Sorroza Marco Antonio.<\/strong> \u00abConductividad t\u00e9rmica de un panel biocompuesto empleando fibra de bagazo de <em>Agave angustifolia<\/em> Haw y l\u00e1tex\u00bb. Maestr\u00eda en Ciencias en Conservaci\u00f3n y Aprovechamiento de Recursos Naturales; IPN CIIDIR Unidad Oaxaca; codirecci\u00f3n con el Dr. Rafael Alavez Ram\u00edrez. Disertada el 31 de enero de 2018.<\/li>\n\n\n\n<li><strong>Olivera Andy Alfonso.<\/strong> \u00abCaracterizaci\u00f3n mec\u00e1nica y termof\u00edsica de tejas hechas con cemento portland compuesto y fibras de bagazo de <em>Agave angustifolia<\/em> Haw\u00bb. Maestr\u00eda en Ciencias en Conservaci\u00f3n y Aprovechamiento de Recursos Naturales; IPN CIIDIR Unidad Oaxaca; codirecci\u00f3n con el Dr. Rafael Alavez Ram\u00edrez. Disertada el 31 de enero de 2018.<\/li>\n\n\n\n<li><strong>Mart\u00ednez D\u00edaz Carlos.<\/strong> \u00abComportamiento tribol\u00f3gico de composito reforzado con fibra de <em>Agave angustifolia<\/em> Haw para pastillas de frenado\u00bb. Maestr\u00eda en Ciencias en Conservaci\u00f3n y Aprovechamiento de Recursos Naturales. IPN CIIDIR Unidad Oaxaca; codirecci\u00f3n con el Dr. Fernando Chi\u00f1as Castillo del Tecnol\u00f3gico Nacional de M\u00e9xico.  Disertada el 03 de agosto de 2017.<\/li>\n\n\n\n<li><strong>R\u00edos Col\u00edn A\u00edda Carmen.<\/strong> \u00abEvaluaci\u00f3n de sustentabilidad en sistemas de producci\u00f3n Maguey-Mezcal artesanal, en el Municipio de Villa Sola de Vega, Oaxaca\u00bb. Maestr\u00eda en Ciencias en Conservaci\u00f3n y Aprovechamiento de Recursos Naturales. IPN CIIDIR Unidad Oaxaca; codirecci\u00f3n con el Dr. Jaime Ruiz Vega. Disertada el 26 de enero de 2017.<\/li>\n\n\n\n<li><strong>Mart\u00ednez Jim\u00e9nez Raymundo.<\/strong> \u00abDistribuci\u00f3n potencial y reproducci\u00f3n por semilla de especies de agave empleadas en la elaboraci\u00f3n de mezcal, en el municipio de Villa de Sola de Vega, Oaxaca\u00bb. Maestr\u00eda en Ciencias en Conservaci\u00f3n y Aprovechamiento de Recursos Naturales. IPN CIIDIR Unidad Oaxaca; codirecci\u00f3n con el Dr. Jaime Ruiz Vega. Disertada el 26 de enero de 2017.<\/li>\n\n\n\n<li><strong>Hidalgo Reyes Mart\u00edn.<\/strong> \u00abDesarrollo y caracterizaci\u00f3n mec\u00e1nica de un material a base de fibras de <em>Agave angustifolia<\/em> Haw, para elaborar un envase biodegradable para frutos de papaya (<em>Carica papaya<\/em>)\u00bb. Doctorado en Ciencias en Conservaci\u00f3n y Aprovechamiento de Recursos Naturales. IPN CIIDIR Unidad Oaxaca; codirecci\u00f3n con el Dr. Luis H\u00e9ctor Hern\u00e1ndez G\u00f3mez de la SEPI-IPN Zacatenco. Disertada el 24 de julio de 2015.<\/li>\n\n\n\n<li><strong>Silva P\u00e9rez Luis Miguel.<\/strong> \u00abInnovaci\u00f3n de un material biocompuesto para tapones de bebidas espirituosas utilizando fibras de bagazo de <em>Agave angustifolia<\/em> Haw\u00bb. Maestr\u00eda en Ciencias en Conservaci\u00f3n y Aprovechamiento de Recursos Naturales. IPN CIIDIR Unidad Oaxaca. Disertada el 25 de junio de 2015.<\/li>\n\n\n\n<li><strong>G\u00f3mez Guerrero Agust\u00edn Vidal.<\/strong> \u00abProducci\u00f3n de biog\u00e1s a partir del bagazo y vinaza del <em>Agave angustifolia<\/em> Haw, generados como residuos en la elaboraci\u00f3n del mezcal\u00bb. Maestr\u00eda en Ciencias en Conservaci\u00f3n y Aprovechamiento de Recursos Naturales. IPN CIIDIR Unidad Oaxaca; codirecci\u00f3n con el Dr. Luis H\u00e9ctor Hern\u00e1ndez G\u00f3mez de la SEPI-IPN Zacatenco. Disertada el 18 de diciembre de 2014.<\/li>\n\n\n\n<li><strong>Mart\u00ednez Ib\u00e1\u00f1ez Andr\u00e9s Gersain.<\/strong> \u00abDesarrollo de un modelo auto-regresivo con entradas ex\u00f3genas para la predicci\u00f3n de la temperatura en un invernadero del estado de Oaxaca\u00bb. Maestr\u00eda en Ciencias en Conservaci\u00f3n y Aprovechamiento de Recursos Naturales. IPN CIIDIR Unidad Oaxaca; codirecci\u00f3n con el Dr. Pastor Teodoro Matadamas Ort\u00edz. Disertada el 16 de diciembre de 2011.<\/li>\n\n\n\n<li><strong> R\u00edos Santos <strong>Luis Alberto<\/strong>.<\/strong> \u00abDeterminaci\u00f3n del comportamiento viscoel\u00e1stico y modelo reol\u00f3gico de las fibras de hojas de <em>Agave angustifolia<\/em> Haw\u00bb. Maestr\u00eda en Ciencias en Conservaci\u00f3n y Aprovechamiento de Recursos Naturales. IPN CIIDIR Unidad Oaxaca. Disertada el 28 de julio de 2011.<\/li>\n\n\n\n<li><strong> Garc\u00eda M\u00e9ndez <strong>Rey Fernando<\/strong>.<\/strong> \u00abCaracterizaci\u00f3n de las hojas del <em>Agave angustifolia<\/em> Haw a la compresi\u00f3n con velocidad de ensayo variable\u00bb. Maestr\u00eda en Ciencias en Conservaci\u00f3n y Aprovechamiento de Recursos Naturales. IPN CIIDIR Unidad Oaxaca.  Disertada el 17 de junio de 2010.<\/li>\n\n\n\n<li><strong> Cort\u00e9s Mart\u00ednez <strong>Carlos Inocencio<\/strong>.<\/strong> \u00abPropiedades mec\u00e1nicas a tensi\u00f3n de las fibras del bagazo del <em>Agave angustifolia<\/em> Haw, residuo proveniente de la producci\u00f3n artesanal del mezcal\u00bb. Maestr\u00eda en Ciencias en Conservaci\u00f3n y Aprovechamiento de Recursos Naturales. IPN CIIDIR Unidad Oaxaca. Disertada el 12 de febrero de 2010.<\/li>\n\n\n\n<li><strong> Montes Bernab\u00e9 <strong>Jos\u00e9 Luis<\/strong>.<\/strong>\u00abEvaluaci\u00f3n de las caracter\u00edsticas mec\u00e1nicas del adobe compactado reforzado con fibras de bagazo de <em>Agave angustifolia<\/em> Haw\u00bb. Maestr\u00eda en Ciencias en Conservaci\u00f3n y Aprovechamiento de Recursos Naturales. IPN CIIDIR Unidad Oaxaca. Disertada el 14 de diciembre de 2009.<\/li>\n\n\n\n<li><strong> Morales Rodr\u00edguez <strong>Romualdo<\/strong>.<\/strong> \u00abIngenier\u00eda B\u00e1sica de una planta para la industria del mezcal en Mitla, Tlacolula, Oaxaca\u00bb. Maestr\u00eda en Ciencias en Conservaci\u00f3n y Aprovechamiento de Recursos Naturales. IPN CIIDIR Unidad Oaxaca. Disertada el 4 de julio de 2008.<\/li>\n\n\n\n<li><strong> L\u00f3pez Hern\u00e1ndez <strong>Isa\u00ed<\/strong>.<\/strong> \u00abPruebas de resistencia a la tensi\u00f3n en fibras de las hojas de <em>Agave angustifolia<\/em> Haw para determinar su comportamiento mec\u00e1nico\u00bb. Maestr\u00eda en Ciencias en Conservaci\u00f3n y Aprovechamiento de Recursos Naturales. IPN CIIDIR Unidad Oaxaca. Disertada el16 de diciembre de 2008.<\/li>\n\n\n\n<li><strong> Jos\u00e9 Jos\u00e9 <strong>Armando<\/strong>.<\/strong> \u00abDeterminaci\u00f3n de la energ\u00eda de corte por impacto sobre el <em>Agave angustifolia<\/em> Haw\u00bb. Maestr\u00eda en Ciencias en Conservaci\u00f3n y Aprovechamiento de Recursos Naturales. IPN CIIDIR Unidad Oaxaca. Disertada el 16 de diciembre de 2008.<\/li>\n<\/ul>\n\n\n\n<p>&nbsp;<\/p>\n","protected":false},"excerpt":{"rendered":"<p>TESIS DE GRADO DIRIGIDAS &nbsp;<\/p>\n","protected":false},"author":11,"featured_media":0,"parent":0,"menu_order":0,"comment_status":"closed","ping_status":"closed","template":"","meta":{"_swt_meta_header_display":false,"_swt_meta_footer_display":false,"_swt_meta_site_title_display":false,"_swt_meta_sticky_header":false,"_swt_meta_transparent_header":false,"footnotes":""},"class_list":["post-8","page","type-page","status-publish","hentry"],"_links":{"self":[{"href":"https:\/\/web.ciidiroaxaca.ipn.mx\/mcaballero\/wp-json\/wp\/v2\/pages\/8","targetHints":{"allow":["GET"]}}],"collection":[{"href":"https:\/\/web.ciidiroaxaca.ipn.mx\/mcaballero\/wp-json\/wp\/v2\/pages"}],"about":[{"href":"https:\/\/web.ciidiroaxaca.ipn.mx\/mcaballero\/wp-json\/wp\/v2\/types\/page"}],"author":[{"embeddable":true,"href":"https:\/\/web.ciidiroaxaca.ipn.mx\/mcaballero\/wp-json\/wp\/v2\/users\/11"}],"replies":[{"embeddable":true,"href":"https:\/\/web.ciidiroaxaca.ipn.mx\/mcaballero\/wp-json\/wp\/v2\/comments?post=8"}],"version-history":[{"count":9,"href":"https:\/\/web.ciidiroaxaca.ipn.mx\/mcaballero\/wp-json\/wp\/v2\/pages\/8\/revisions"}],"predecessor-version":[{"id":87,"href":"https:\/\/web.ciidiroaxaca.ipn.mx\/mcaballero\/wp-json\/wp\/v2\/pages\/8\/revisions\/87"}],"wp:attachment":[{"href":"https:\/\/web.ciidiroaxaca.ipn.mx\/mcaballero\/wp-json\/wp\/v2\/media?parent=8"}],"curies":[{"name":"wp","href":"https:\/\/api.w.org\/{rel}","templated":true}]}}