{"id":5,"date":"2011-10-31T19:00:41","date_gmt":"2011-10-31T19:00:41","guid":{"rendered":"https:\/\/web.ciidiroaxaca.ipn.mx\/mcaballero\/dr-magdaleno-caballero-caballero\/"},"modified":"2025-09-23T19:37:05","modified_gmt":"2025-09-23T19:37:05","slug":"dr-magdaleno-caballero-caballero","status":"publish","type":"page","link":"https:\/\/web.ciidiroaxaca.ipn.mx\/mcaballero\/","title":{"rendered":"Dr. Magdaleno Caballero Caballero"},"content":{"rendered":"\n<figure class=\"wp-block-image aligncenter is-resized\"><img decoding=\"async\" src=\"https:\/\/web.ciidiroaxaca.ipn.mx\/mcaballero\/wp-content\/uploads\/sites\/11\/2011\/10\/Dr-Magdaleno-Caballero.jpg\" alt=\"\" style=\"width:284px;height:auto\"\/><\/figure>\n\n\n\n<p>&nbsp;<\/p>\n\n\n\n<h4 class=\"wp-block-heading has-text-align-center\">Investigador Nacional<\/h4>\n\n\n\n<p class=\"has-text-align-center\">Miembro del Sistema Nacional de Investigadores Nivel I<\/p>\n\n\n\n<h4 class=\"wp-block-heading has-text-align-center\">Doctorado en Ciencias<\/h4>\n\n\n\n<p class=\"has-text-align-center\">por el Tecnol\u00f3gico Nacional de M\u00e9xico<\/p>\n\n\n\n<h4 class=\"wp-block-heading has-text-align-center\">Maestr\u00eda en Ciencias<\/h4>\n\n\n\n<p class=\"has-text-align-center\">en Ingenier\u00eda Mec\u00e1nica con especialidad en Energ\u00e9tica por la Escuela Superior de Ingenier\u00eda Mec\u00e1nica y El\u00e9ctrica (ESIME) del Instituto Polit\u00e9cnico Nacional<\/p>\n\n\n\n<p class=\"has-text-align-center\">Ingeniero Mec\u00e1nico<\/p>\n\n\n\n<p class=\"has-text-align-center\">con especialidad en T\u00e9rmica e Hidr\u00e1ulica por la Escuela Superior de Ingenier\u00eda Mec\u00e1nica y El\u00e9ctrica (ESIME) del Instituto Polit\u00e9cnico Nacional&nbsp;<\/p>\n\n\n\n<p class=\"has-text-align-center\">Profesor Colegiado miembro del Colegio de Profesores del CIIDIR Unidad Oaxaca del Instituto Polit\u00e9cnico Nacional<\/p>\n\n\n\n<p class=\"has-text-align-center\">Profesor titular del Programa de Doctorado en Conservaci\u00f3n y Aprovechamiento de los Recursos Naturales<\/p>\n\n\n\n<p class=\"has-text-align-center\">Profesor titular del Programa de Maestr\u00eda en Ciencias en Conservaci\u00f3n y Aprovechamiento de los Recursos Naturales<\/p>\n\n\n\n<p class=\"has-text-align-center\">Ambos programas con nivel de Consolidado en el Programa Nacional de Posgrados de Calidad (PNPC) de CONACYT.<\/p>\n\n\n\n<p class=\"has-text-align-center\">&nbsp;Correos: <a href=\"mailto:mcaballero@ipn.mx\">mcaballero@ipn.mx<\/a><\/p>\n\n\n\n<p class=\"has-text-align-center\">Tel\u00e9fonos: Ciudad de Oaxaca (951) 51 711 99 ext 82742<\/p>\n\n\n\n<p class=\"has-text-align-center\">&nbsp;&nbsp;&nbsp;&nbsp;&nbsp;&nbsp;&nbsp;&nbsp;&nbsp;&nbsp;&nbsp;&nbsp;&nbsp;&nbsp;&nbsp;&nbsp;&nbsp;&nbsp;&nbsp; Desde la CDMX&nbsp;&nbsp;&nbsp;&nbsp;&nbsp; (555) 729 60 00 ext 82742<\/p>\n\n\n\n<p>&nbsp;<\/p>\n\n\n\n<p><strong>\u00c1REAS DE INVESTIGACI\u00d3N:&nbsp;<\/strong>Caracterizaci\u00f3n de las propiedades mec\u00e1nicas, f\u00edsicas, qu\u00edmicas, t\u00e9rmicas y ac\u00fasticas de los materiales; M\u00e9todo de energ\u00eda; Impacto o carga din\u00e1mica, Reolog\u00eda de materiales biol\u00f3gicos Generaci\u00f3n de energ\u00edas renovables; Aprovechamiento de biomasa.<\/p>\n\n\n\n<p><strong>L\u00cdNEA DE INVESTIGACI\u00d3N:<\/strong> Desarrollo de ciencia b\u00e1sica y aplicada; as\u00ed como generaci\u00f3n de tecnolog\u00eda, para el aprovechamiento integral del agave y otros vegetales con fines industriales.<\/p>\n\n\n\n<p>A los aspirantes a cursar los programas de maestr\u00eda y doctorado, as\u00ed como a los estudiantes de licenciatura, residencias profesionales, Verano de la Investigaaci\u00f3n Cient\u00edfica y servicio social; siempre ser\u00e1n bienvenidos para abordar alguno de los siguientes:<\/p>\n\n\n\n<p><strong>TEMAS DE INTER\u00c9S:<\/strong><\/p>\n\n\n\n<p>Investigaci\u00f3n B\u00e1sica: sobre la b\u00fasqueda de las propiedades de los materiales de desecho y residuales&nbsp; de la industria mezcalera (hojas en verde, bagazo, vinazas, etc) y de la ALGA DEL SARGAZO.<\/p>\n\n\n\n<p>Investigaci\u00f3n Aplicada: sobre el uso de materiales naturales y compuestos ya caracterizados, derivados de la industria mezcalera y de la ALGA DEL SARGAZO, para ser aplicados a los siguientes tipos de industria: el\u00e9ctrica, textil, del calzado, farmac\u00e9utica, de la construcci\u00f3n, automotriz y del transporte, de la aviaci\u00f3n, del papel y celulosa.<\/p>\n\n\n\n<p><strong>Desarrollo Tecnol\u00f3gico:<\/strong><\/p>\n\n\n\n<ul class=\"wp-block-list\">\n<li>Dise\u00f1o y construcci\u00f3n de maquinaria y equipo innovador para la agroindustria en general de peque\u00f1os productores.<\/li>\n\n\n\n<li>Dise\u00f1o y construcci\u00f3n de maquinaria y equipo para la microindustria del mezcal y derivados.<\/li>\n\n\n\n<li>Dise\u00f1o y elaboraci\u00f3n de utensilios y prendas a base de materiales org\u00e1nicos degradables y compostables a corto plazo, empleando materiales vegetales como derivados del agave y el sargazo.<\/li>\n\n\n\n<li>Dise\u00f1o y construcci\u00f3n de plantas de baja escala generadoras de energ\u00eda, aprovechando la energ\u00eda hidr\u00e1ulica.<\/li>\n\n\n\n<li>Dise\u00f1o y construcci\u00f3n de plantas de baja escala generadoras de energ\u00eda, aprovechando la energ\u00eda solar.<\/li>\n<\/ul>\n\n\n\n<p><\/p>\n","protected":false},"excerpt":{"rendered":"<p>&nbsp; Investigador Nacional Miembro del Sistema Nacional de Investigadores Nivel I Doctorado en Ciencias por el Tecnol\u00f3gico Nacional de M\u00e9xico Maestr\u00eda en Ciencias en Ingenier\u00eda Mec\u00e1nica con especialidad en Energ\u00e9tica por la Escuela Superior de Ingenier\u00eda Mec\u00e1nica y El\u00e9ctrica (ESIME) del Instituto Polit\u00e9cnico Nacional Ingeniero Mec\u00e1nico con especialidad en T\u00e9rmica e Hidr\u00e1ulica por la Escuela [&hellip;]<\/p>\n","protected":false},"author":11,"featured_media":0,"parent":0,"menu_order":0,"comment_status":"closed","ping_status":"closed","template":"","meta":{"_swt_meta_header_display":false,"_swt_meta_footer_display":false,"_swt_meta_site_title_display":false,"_swt_meta_sticky_header":false,"_swt_meta_transparent_header":false,"footnotes":""},"class_list":["post-5","page","type-page","status-publish","hentry"],"_links":{"self":[{"href":"https:\/\/web.ciidiroaxaca.ipn.mx\/mcaballero\/wp-json\/wp\/v2\/pages\/5","targetHints":{"allow":["GET"]}}],"collection":[{"href":"https:\/\/web.ciidiroaxaca.ipn.mx\/mcaballero\/wp-json\/wp\/v2\/pages"}],"about":[{"href":"https:\/\/web.ciidiroaxaca.ipn.mx\/mcaballero\/wp-json\/wp\/v2\/types\/page"}],"author":[{"embeddable":true,"href":"https:\/\/web.ciidiroaxaca.ipn.mx\/mcaballero\/wp-json\/wp\/v2\/users\/11"}],"replies":[{"embeddable":true,"href":"https:\/\/web.ciidiroaxaca.ipn.mx\/mcaballero\/wp-json\/wp\/v2\/comments?post=5"}],"version-history":[{"count":3,"href":"https:\/\/web.ciidiroaxaca.ipn.mx\/mcaballero\/wp-json\/wp\/v2\/pages\/5\/revisions"}],"predecessor-version":[{"id":64,"href":"https:\/\/web.ciidiroaxaca.ipn.mx\/mcaballero\/wp-json\/wp\/v2\/pages\/5\/revisions\/64"}],"wp:attachment":[{"href":"https:\/\/web.ciidiroaxaca.ipn.mx\/mcaballero\/wp-json\/wp\/v2\/media?parent=5"}],"curies":[{"name":"wp","href":"https:\/\/api.w.org\/{rel}","templated":true}]}}