{"id":12,"date":"2020-02-07T20:12:07","date_gmt":"2020-02-07T20:12:07","guid":{"rendered":"https:\/\/web.ciidiroaxaca.ipn.mx\/mcaballero\/desarrollo-tecnologico\/"},"modified":"2025-09-03T20:01:19","modified_gmt":"2025-09-03T20:01:19","slug":"desarrollo-tecnologico","status":"publish","type":"page","link":"https:\/\/web.ciidiroaxaca.ipn.mx\/mcaballero\/desarrollo-tecnologico\/","title":{"rendered":"Desarrollo tecnol\u00f3gico"},"content":{"rendered":"\n<h3 class=\"wp-block-heading\">DESARROLLOS TECNOL\u00d3GICOS DE MAYOR IMPACTO REALIZADOS DEL A\u00d1O 2000 A LA FECHA:<\/h3>\n\n\n\n<ul class=\"wp-block-list\">\n<li><p><strong>2022<\/strong>. M\u00e1quina desfibradora de hojas de agave en verde.<\/p><\/li>\n\n\n\n<li><strong>2021<\/strong>. M\u00e1quina trituradora de fibra seca de agave con cicl\u00f3n colector.&nbsp;<\/li>\n\n\n\n<li><strong>2018<\/strong>.- TITULO DE PATENTE No. 358266&nbsp;<\/li>\n\n\n\n<li>Denominaci\u00f3n: <br>M\u00e1quina port\u00e1til, de impacto de martillos fijos horizontales, desvainadora, separadora y extractora de c\u00e1psulas de achiote o semillas del fruto de Bixa orellana<\/li>\n<\/ul>\n\n\n\n<figure class=\"wp-block-image aligncenter size-large is-resized\"><img loading=\"lazy\" decoding=\"async\" width=\"745\" height=\"1024\" src=\"https:\/\/web.ciidiroaxaca.ipn.mx\/mcaballero\/wp-content\/uploads\/sites\/11\/2020\/02\/patente-745x1024.jpg\" alt=\"Registro de patente\" class=\"wp-image-11\" style=\"width:544px;height:auto\" srcset=\"https:\/\/web.ciidiroaxaca.ipn.mx\/mcaballero\/wp-content\/uploads\/sites\/11\/2020\/02\/patente-745x1024.jpg 745w, https:\/\/web.ciidiroaxaca.ipn.mx\/mcaballero\/wp-content\/uploads\/sites\/11\/2020\/02\/patente-218x300.jpg 218w, https:\/\/web.ciidiroaxaca.ipn.mx\/mcaballero\/wp-content\/uploads\/sites\/11\/2020\/02\/patente-768x1056.jpg 768w, https:\/\/web.ciidiroaxaca.ipn.mx\/mcaballero\/wp-content\/uploads\/sites\/11\/2020\/02\/patente.jpg 873w\" sizes=\"auto, (max-width: 745px) 100vw, 745px\" \/><\/figure>\n\n\n\n<ul class=\"wp-block-list\">\n<li><strong>2018<\/strong>. Prototipo de molde por inyecci\u00f3n para generar probetas de pl\u00e1stico y fibras.&nbsp;<\/li>\n\n\n\n<li><strong>2017<\/strong>. Prototipo de molde por inyecci\u00f3n para generar probetas de materiales para fricci\u00f3n&nbsp;<\/li>\n\n\n\n<li><strong>2016<\/strong>. Desarrollo tecnol\u00f3gico de un prototipo pulverizador de fibra de bagazo de agave para elaborar biocompuestos.&nbsp;<\/li>\n\n\n\n<li><strong>2015<\/strong>. Desarrollo tecnol\u00f3gico de un prototipo de operaci\u00f3n manual de llenadora de botellas de mezcal.&nbsp;<\/li>\n\n\n\n<li><strong>2014<\/strong>. Desarrollo tecnol\u00f3gico de un prototipo para generar probetas cil\u00edndricas de un biocompuesto.&nbsp;<\/li>\n\n\n\n<li><strong>2013<\/strong>. Desarrollo tecnol\u00f3gico del prototipo de molino con rueda de piedra mecanizada para moler Agave angustifolia Haw hidrolizado para la producci\u00f3n de mezcal artesanal.&nbsp;<\/li>\n\n\n\n<li><strong>2013<\/strong>. Desarrollo tecnol\u00f3gico de una m\u00e1quina desfibradora de hojas en verde del Agave angustifolia Haw.&nbsp;<\/li>\n\n\n\n<li><strong>2011<\/strong>. Innovaci\u00f3n de la fase de destilaci\u00f3n del proceso de fabricaci\u00f3n de mezcal.&nbsp;<\/li>\n\n\n\n<li><strong>2011<\/strong>. Innovaci\u00f3n de la fase de fermentaci\u00f3n del proceso de fabricaci\u00f3n del mezcal.&nbsp;<\/li>\n\n\n\n<li><strong>2011<\/strong>. Desarrollo tecnol\u00f3gico de una m\u00e1quina de molienda de ciclo semicerrado para agave hidrolizado.&nbsp;<\/li>\n\n\n\n<li><strong>2011<\/strong>. Desarrollo tecnol\u00f3gico de un tren de maquinaria para el exprimido y lavado de fibras de Agave angustifolia Haw cocido, para eficientar la producci\u00f3n de mezcal artesanal.&nbsp;<\/li>\n\n\n\n<li><strong>2011<\/strong>. Desarrollo tecnol\u00f3gico de un tren de hornos para la fase de destilaci\u00f3n de mezcal.&nbsp;<\/li>\n\n\n\n<li><strong>2011<\/strong>. Dise\u00f1o del equipamiento e infraestructura de una planta destiladora de licor de agave ubicada en la comunidad de San Nicol\u00e1s Huajuapan, Municipio de Huehuetl\u00e1n El Grande, Puebla.&nbsp;<\/li>\n\n\n\n<li><strong>2010<\/strong>. Dise\u00f1o de una planta destiladora de licor de agave.&nbsp;<\/li>\n\n\n\n<li><strong>2009<\/strong>. Desarrollo tecnol\u00f3gico de un molino de martillos con elementos percutores para obtener part\u00edculas de NIM y tepezcohuite a una granulometr\u00eda de malla 75.&nbsp;<\/li>\n\n\n\n<li><strong>2009<\/strong>. Desarrollo tecnol\u00f3gico de una m\u00e1quina para obtener harina de nopal con 5% de humedad.&nbsp;<\/li>\n\n\n\n<li><strong>2009<\/strong>. Prototipo generador de probetas c\u00fabicas para la extracci\u00f3n de jugos de agave en la obtenci\u00f3n de carbohidratos (fructanos).&nbsp;<\/li>\n\n\n\n<li><strong>2009<\/strong>. Desarrollo tecnol\u00f3gico de una m\u00e1quina desgarradora de biomasa hidrolizada de agave.&nbsp;<\/li>\n\n\n\n<li><strong>2008<\/strong>. Dise\u00f1o de un prototipo de molino de corte radial para el procesamiento de nopal Opuntia ficus indica en verde.&nbsp;<\/li>\n\n\n\n<li><strong>2007<\/strong>. Dise\u00f1o de un evaporador para mieles de agave.&nbsp;<\/li>\n\n\n\n<li><strong>2007<\/strong>. Dise\u00f1o y construcci\u00f3n de un prototipo molino de timbiriche para planta piloto del CEPROBI Yautepec Morelos.&nbsp;<\/li>\n\n\n\n<li><strong>2006<\/strong>. Dise\u00f1o y construcci\u00f3n de un prototipo molino extractor de rodillos en acero inoxidable para la extracci\u00f3n de jugos de agave en verde y cocido.&nbsp;<\/li>\n\n\n\n<li><strong>2006<\/strong>. Dise\u00f1o y construcci\u00f3n de una torre de enfriamiento para la fase de destilaci\u00f3n y fermentaci\u00f3n del proceso de fabricaci\u00f3n del mezcal.&nbsp;<\/li>\n\n\n\n<li><strong>2006<\/strong>. Dise\u00f1o y construcci\u00f3n de un transportador de canjilones para jugo y agave cocido.&nbsp;<\/li>\n\n\n\n<li><strong>2006<\/strong>. Dise\u00f1o y construcci\u00f3n de una m\u00e1quina seccionadora de Agave angustifolia Haw en verde.&nbsp;<\/li>\n\n\n\n<li><strong>2005<\/strong>. Desarrollo tecnol\u00f3gico dise\u00f1o de una autoclave para la cocci\u00f3n de maguey mezcalero para la producci\u00f3n de mieles de agave y mezcal.&nbsp;<\/li>\n\n\n\n<li><strong>2005<\/strong>. Estudio de Metrolog\u00eda Dimensional de Mallas.&nbsp;<\/li>\n\n\n\n<li><strong>2005<\/strong>. Desarrollo tecnol\u00f3gico de un molino para el aprovechamiento de los residuos org\u00e1nicos de las agroindustrias del mezcal y la copra.&nbsp;<\/li>\n\n\n\n<li><strong>2004<\/strong>. Dise\u00f1o y construcci\u00f3n de compuerta herm\u00e9tica para una autoclave para la cocci\u00f3n de agave mezcalero.&nbsp;<\/li>\n\n\n\n<li><strong>2004<\/strong>. Dise\u00f1o y construcci\u00f3n de un molino de martillos para procesar hierbas medicinales para una comunidad de Baja California, (Empresa Anclatek, S. A. de C. V).&nbsp;<\/li>\n\n\n\n<li><strong>2004<\/strong>. Dise\u00f1o y construcci\u00f3n de una m\u00e1quina freidora de tostadas, para peque\u00f1o productor de la comunidad de Santiago Etla, Oaxaca.&nbsp;<\/li>\n\n\n\n<li><strong>2003<\/strong>. Dise\u00f1o de un sistema distribuidor de vapor de un equipo autoclave para la cocci\u00f3n de maguey mezcalero. Junio-diciembre.&nbsp;<\/li>\n\n\n\n<li><strong>2003<\/strong>. Dise\u00f1o de un sistema de rotaci\u00f3n de una autoclave para la cocci\u00f3n de agave mezcalero para 5 toneladas.&nbsp;<\/li>\n\n\n\n<li><strong>2002<\/strong>. Dise\u00f1o y construcci\u00f3n de un transportador de agave en verde.&nbsp;<\/li>\n\n\n\n<li><strong>2002<\/strong>. Dise\u00f1o y construcci\u00f3n de una m\u00e1quina de molienda de materiales vegetales.<\/li>\n<\/ul>\n\n\n\n<p><\/p>\n","protected":false},"excerpt":{"rendered":"<p>DESARROLLOS TECNOL\u00d3GICOS DE MAYOR IMPACTO REALIZADOS DEL A\u00d1O 2000 A LA FECHA:<\/p>\n","protected":false},"author":11,"featured_media":0,"parent":0,"menu_order":0,"comment_status":"closed","ping_status":"closed","template":"","meta":{"_swt_meta_header_display":false,"_swt_meta_footer_display":false,"_swt_meta_site_title_display":false,"_swt_meta_sticky_header":false,"_swt_meta_transparent_header":false,"footnotes":""},"class_list":["post-12","page","type-page","status-publish","hentry"],"_links":{"self":[{"href":"https:\/\/web.ciidiroaxaca.ipn.mx\/mcaballero\/wp-json\/wp\/v2\/pages\/12","targetHints":{"allow":["GET"]}}],"collection":[{"href":"https:\/\/web.ciidiroaxaca.ipn.mx\/mcaballero\/wp-json\/wp\/v2\/pages"}],"about":[{"href":"https:\/\/web.ciidiroaxaca.ipn.mx\/mcaballero\/wp-json\/wp\/v2\/types\/page"}],"author":[{"embeddable":true,"href":"https:\/\/web.ciidiroaxaca.ipn.mx\/mcaballero\/wp-json\/wp\/v2\/users\/11"}],"replies":[{"embeddable":true,"href":"https:\/\/web.ciidiroaxaca.ipn.mx\/mcaballero\/wp-json\/wp\/v2\/comments?post=12"}],"version-history":[{"count":4,"href":"https:\/\/web.ciidiroaxaca.ipn.mx\/mcaballero\/wp-json\/wp\/v2\/pages\/12\/revisions"}],"predecessor-version":[{"id":52,"href":"https:\/\/web.ciidiroaxaca.ipn.mx\/mcaballero\/wp-json\/wp\/v2\/pages\/12\/revisions\/52"}],"wp:attachment":[{"href":"https:\/\/web.ciidiroaxaca.ipn.mx\/mcaballero\/wp-json\/wp\/v2\/media?parent=12"}],"curies":[{"name":"wp","href":"https:\/\/api.w.org\/{rel}","templated":true}]}}