{"id":9,"date":"2011-10-28T15:17:12","date_gmt":"2011-10-28T15:17:12","guid":{"rendered":"https:\/\/web.ciidiroaxaca.ipn.mx\/mbriones\/tesis\/"},"modified":"2025-09-18T18:27:11","modified_gmt":"2025-09-18T18:27:11","slug":"tesis","status":"publish","type":"page","link":"https:\/\/web.ciidiroaxaca.ipn.mx\/mbriones\/tesis\/","title":{"rendered":"Tesis"},"content":{"rendered":"\n<h3 class=\"wp-block-heading\">TESIS CONCLUIDAS<\/h3>\n\n\n\n<h4 class=\"wp-block-heading\">Doctorado<\/h4>\n\n\n\n<p><strong>CINTIA NATALIA MARTIN REGALADO. <\/strong>Diversidad funcional y filogen\u00e9tica de las comunidades de roedores cric\u00e9tidos (Rodentia:Cricetidae) de Oaxaca. 2020. Universidad Aut\u00f3noma del estado de Hidalgo.<\/p>\n\n\n\n<p><strong>MARGARITA GARCIA LUIS.<\/strong> Caracterizaci\u00f3n, variaci\u00f3n y patrones de actividad de murci\u00e9lagos insect\u00edvoros en Oaxaca. 2018. CIIDIR-OAXACA.<\/p>\n\n\n\n<p><strong>MALINALLI CORTES MARCIAL.<\/strong> Efectos del deterioro del h\u00e1bitat en los carn\u00edvoros de las \u00e1reas comunales protegidas de la planicie costera de Tehuantepec, Oaxaca. 2015. CIIDIR-OAXACA.<\/p>\n\n\n\n<p><strong>IV\u00c1N LIRA TORRES.<\/strong> Impacto de la Cacer\u00eda de Subsistencia y Ganader\u00eda Extensiva en las Poblaciones de Carn\u00edvoros y sus Presas en la Selva Zoque, Oaxaca. 2014. CIIDIR-OAXACA.<\/p>\n\n\n\n<h4 class=\"wp-block-heading\">Maestr\u00eda<\/h4>\n\n\n\n<p><strong>GABRIELA ELENA MEDINA CRUZ.<\/strong> Respuesta de los ensambles de murci\u00e9lagos a la urbanizaci\u00f3n en el sur de M\u00e9xico. 2019. CIIDIR-OAXACA.<\/p>\n\n\n\n<p><strong>ROCIO GARCIA PAZ.<\/strong> Composici\u00f3n de peque\u00f1os roedores en bosque templado y \u00e1reas de cultivo en Sierra Norte, Oaxaca. 2019. CIIDIR-OAXACA<\/p>\n\n\n\n<p><strong>NYDIA NICTE DIAZ BERNAL.<\/strong> Caracterizaci\u00f3n del uso de h\u00e1bitat de las especies de felinos presentes en un \u00e1rea destinada voluntariamente a la conservaci\u00f3n en Oaxaca. 2017. CIIDIR-OAXACA<\/p>\n\n\n\n<p><strong>IZCHEL GABRIELA VARGAS JIMENEZ.<\/strong> Filogeograf\u00eda de la rata canguro end\u00e9mica de M\u00e9xico (Dipodomys phillipsi). 2017. CIIDIR-OAXACA<\/p>\n\n\n\n<p><strong>NIDIA MARGARITA REYES COLLI.<\/strong> Abundancia relativa, patrones de actividad y preferencia de habitat de especies de ungulados en la regi\u00f3n de la Chinantla Alta, Oaxaca. 2017. CIIDIR-OAXACA.<\/p>\n\n\n\n<p><strong>DAGOBERTO RAMOS M\u00c9NDEZ.<\/strong> Diversidad, actividad y uso de h\u00e1bitat de carn\u00edvoros en dos sitios con distinto grado de perturbaci\u00f3n en el municipio de Cosoltepec, Oaxaca. 2016. CIIDIR-OAXACA.<\/p>\n\n\n\n<p><strong>CARLOS ALBERTO MAS\u00c9S GARC\u00cdA.<\/strong> Evaluaci\u00f3n del manejo, protecci\u00f3n y aprovechamiento legal e ilegal de vertebrados silvestres de Oaxaca, M\u00e9xico. 2016. CIIDIR-OAXACA.<\/p>\n\n\n\n<p><strong>YAZMIN DEL MAR MARTINEZ AYON. <\/strong>Dieta y remoci\u00f3n de semillas consumidas por Dipodomys phillipsii oaxacae en Cosoltepec, Oaxaca. 2015. CIIDIR-OAXACA.<\/p>\n\n\n\n<p><strong>MISAEL GOMEZ JIMENEZ.<\/strong> Percepci\u00f3n y conocimiento tradicional sobre la fauna silvestre por habitantes de la comunidad de Capulalpam de M\u00e9ndez, Ixtl\u00e1n, Oaxaca. 2014. CIIDIR-OAXACA.<\/p>\n\n\n\n<p><strong>MARIO CESAR LAVARIEGA NOLASCO.<\/strong> Distribuci\u00f3n potencial del jaguar (Panthera onca) y evaluaci\u00f3n en dos sitios en Oaxaca. 2013. CIIDIR-OAXACA.<\/p>\n\n\n\n<p><strong>MARGARITA GARCIA LUIS. <\/strong>Monitoreo ac\u00fastico de murci\u00e9lagos insect\u00edvoros en los Valles Centrales de Oaxaca. 2013. CIIDIR-OAXACA.<\/p>\n\n\n\n<p><strong>TANIA MARGARITA PALACIOS ROMO. <\/strong>Estructura y dieta del ensamble de los murci\u00e9lagos nectar\u00edvoros de San Marcos Arteaga, Sierra Mixteca, Oaxaca. 2011. CIIDIR-OAXACA.<\/p>\n\n\n\n<p><strong>AIDA TREJO ORTIZ. <\/strong>Caracterizaci\u00f3n ac\u00fastica de los murci\u00e9lagos insect\u00edvoros del Parque Nacional Huatulco, Oaxaca. 2011. CIIDIR-OAXACA.<\/p>\n\n\n\n<p><strong>ARACELI MARTINEZ HERNANDEZ.<\/strong> Zonas de importancia para la conservaci\u00f3n de los carn\u00edvoros en Oaxaca. 2010. CIIDIR-OAXACA.<\/p>\n\n\n\n<p><strong>JOSUE YURIKO GARCIA MEZA.<\/strong> Efecto del cambio clim\u00e1tico en la distribuci\u00f3n potencial del orden Soricomorpha en el Estado de Oaxaca. 2010. CIIDIR-OAXACA.<\/p>\n\n\n\n<p><strong>MALINALLI CORT\u00c9S MARCIAL.<\/strong> Diversidad de Mam\u00edferos medianos y grandes en dos sitios con diferente grado de conservaci\u00f3n en la Venta Juchit\u00e1n, Oaxaca. 2009. CIIDIR-OAXACA.<\/p>\n\n\n\n<p><strong>GUADALUPE MIREYA VALDEZ G\u00d3MEZ. <\/strong>Contenido de hormonas esteroides y de algunos metabolitos como indicadores de funciones reproductivas y metab\u00f3licas en Peromyscus melanocarpus en la Sierra Madre de Oaxaca, M\u00e9xico. 2009. CIIDIR-OAXACA.<\/p>\n\n\n\n<p><strong>MARIA DELFINA LUNA KRAULETZ. <\/strong>Conservaci\u00f3n de carn\u00edvoros en el \u00e1rea comunal protegida de Santiago Comaltepec, Sierra Madre de Oaxaca. 2008. CIIDIR-OAXACA.<\/p>\n\n\n\n<p><strong>ALINA GABRIELA MONROY GAMBOA. <\/strong>Uso de h\u00e1bitat y \u00e1mbito hogare\u00f1o del coyote (Canis latrans) en un \u00e1rea comunal protegida de la Sierra Madre de Oaxaca. 2007. CIIDIR-OAXACA.<\/p>\n\n\n\n<p><strong>ARIADNA MARIN SANCHEZ.<\/strong> \u00c1mbito hogare\u00f1o del coyote Canis latrans en Ixtepeji, Sierra Madre de Oaxaca. 2004. Universidad Aut\u00f3noma Metropolitana.<\/p>\n\n\n\n<p><strong>MAR\u00cdA ANTONIETA CASARIEGO MADORELL. <\/strong>Abundancia relativa y h\u00e1bitos alimentarios de la nutria de r\u00edo (Lontra longicaudis annectens). 2004. Universidad Nacional Aut\u00f3noma de M\u00e9xico.<\/p>\n\n\n\n<p><strong>TERESITA DE JES\u00daS ORT\u00cdZ MART\u00cdNEZ.<\/strong> Densidad poblacional y uso de h\u00e1bitat del venado cola blanca (Odocoileus virginianus) en los Municipios de Amatl\u00e1n y Yaves\u00eda, Sierra Norte de Oaxaca. 2000. Instituci\u00f3n: Instituto de Ecolog\u00eda, A.C.<\/p>\n\n\n\n<h3 class=\"wp-block-heading\">Licenciatura<\/h3>\n\n\n\n<p><strong>JULIO RODOLFO LOPEZ LOPEZ.<\/strong> An\u00e1lisis ecol\u00f3gico y social para la conservaci\u00f3n de fauna silvestre en la comunidad de Santiago Comaltepec, Ixtl\u00e1n, Oaxaca, M\u00e9xico. 2019. UNSIJ.<\/p>\n\n\n\n<p><strong>OSCAR VELASCO JIM\u00c9NEZ. <\/strong>Contenido de metales en murci\u00e9lagos frug\u00edvoros de La Venta, Juchit\u00e1n, Oaxaca. 2016. ITVO-CIIDIR-OAXACA, IPN.<\/p>\n\n\n\n<p><strong>GABRIELA ELENA MEDINA CRUZ.<\/strong> Estr\u00e9s fisiol\u00f3gico en murci\u00e9lagos frug\u00edvoros en La Venta, Juchit\u00e1n, Oaxaca. 2016. ITVO-CIIDIR-OAXACA, IPN.<\/p>\n\n\n\n<p><strong>TERESA HERN\u00c1NDEZ VELASCO.<\/strong> Diversidad de mam\u00edferos medianos y grandes en tres tipos de vegetaci\u00f3n de San Pedro Y\u00f3lox. 2016. ITVO-CIIDIR-OAXACA, IPN.<\/p>\n\n\n\n<p><strong>VIRIDIANA V\u00c1SQUEZ ALONZO. <\/strong>Estructura del ensamble de los murci\u00e9lagos (Chiroptera) de la Mixteca Alta, Oaxaca. M\u00e9xico. 2015. ITVO-CIIDIR-OAXACA, IPN.<\/p>\n\n\n\n<p><strong>JOS\u00c9 DE JES\u00daS P\u00c9REZ AGUILAR.<\/strong> Diversidad de roedores del \u00e1rea comunal de San Marcos Arteaga, Huajuapan de Le\u00f3n. 2012. ITVO-CIIDIR-OAXACA, IPN.<\/p>\n\n\n\n<p><strong>IV\u00c1N CABALLERO SIBAJA. <\/strong>Abundancia y distribuci\u00f3n de mam\u00edferos carn\u00edvoros de San Marcos Arteaga, Mixteca, Oaxaca. 2012. ITVO-CIIDIR-OAXACA, IPN.<\/p>\n\n\n\n<p><strong>JONATHAN ARAG\u00d3N MART\u00cdNEZ. <\/strong>Riqueza Mastofaunistica del municipio de San Marcos Arteaga, Huajuapan de Le\u00f3n, Oaxaca. 2012. ITVO-CIIDIR-OAXACA, IPN.<\/p>\n\n\n\n<p><strong>YAZM\u00cdN DEL MAR MART\u00cdNEZ AY\u00d3N. <\/strong>Mam\u00edferos medianos y grandes de la Venta, Juchit\u00e1n, Oaxaca, M\u00e9xico. 2010. ITVO-CIIDIR-OAXACA, IPN.<\/p>\n\n\n\n<p><strong>SILVIA LUNA LUNA.<\/strong> Abundancia relativa de la nutria (Lontra longicaudis) en el r\u00edo Soyolapan, Santiago Comaltepec, Ixtl\u00e1n, Oaxaca. 2010. ITVO-CIIDIR-OAXACA, IPN.<\/p>\n\n\n\n<p><strong>JUAN ANTONIO VELASCO IBA\u00d1EZ. <\/strong>H\u00e1bitos alimentarios de la nutria (Lontra longicaudis) en el r\u00edo Soyolapan, Santiago Comaltepec, Oaxaca. 2010. ITVO-CIIDIR-OAXACA, IPN.<\/p>\n\n\n\n<p><strong>NOEM\u00cd HERN\u00c1NDEZ LOAEZA. <\/strong>Mam\u00edferos de la Cuenca del rio Verde Santiago Jamiltepec Oaxaca. 2010. ITVO-CIIDIR-OAXACA, IPN.<\/p>\n\n\n\n<p><strong>MARGARITA GARC\u00cdA LUIS.<\/strong> La quir\u00f3pterofauna de los Valles Centrales de Oaxaca. 2010. ITVO-CIIDIR-OAXACA, IPN.<\/p>\n\n\n\n<p><strong>IVETT PE\u00d1A AZCONA.<\/strong> Mam\u00edferos del Cerro de las Flores Tehuantepec, Oaxaca, M\u00e9xico. 2010. ITVO-CIIDIR-OAXACA, IPN.<\/p>\n\n\n\n<p><strong>MARIO C\u00c9SAR LAVARIEGA NOLASCO.<\/strong> Mam\u00edferos medianos y grandes de Santiago Camotl\u00e1n: Afinidad Biogeogr\u00e1fica, Estado de Conservaci\u00f3n y Conocimiento local\u201d. 2008. ITVO-CIIDIR-OAXACA, IPN.<\/p>\n\n\n\n<p><strong>MALINALLI CORT\u00c9S MARCIAL.<\/strong> Registros hist\u00f3ricos y distribuci\u00f3n geogr\u00e1fica para la conservaci\u00f3n de los mam\u00edferos en el estado de Oaxaca. 2006. UAM-CIIDIR-OAXACA, IPN.<\/p>\n\n\n\n<p><strong>LUCINA RUIZ P\u00c9REZ.<\/strong> 2006. Diversidad de peque\u00f1os mam\u00edferos en la regi\u00f3n cafetalera de Pluma Hidalgo, Oaxaca. ITAO-CIIDIR-OAXACA, IPN.<\/p>\n\n\n\n<p><strong>MAR\u00cdA DELFINA LUNA KRAULETZ.<\/strong> Distribuci\u00f3n, abundancia y conservaci\u00f3n de carn\u00edvoros en Santiago Comaltepec, Sierra Madre de Oaxaca. 2005. ITAO-CIIDIR-OAXACA, IPN.<\/p>\n\n\n\n<p><strong>GABRIELA P\u00c9REZ IRINEO.<\/strong> Estudio demogr\u00e1fico y reproductivo de Liomys pictus en dos zonas de bosque tropical caducifolio en el estado de Oaxaca. 2004. UNAM-CIIDIR-OAXACA, IPN.<\/p>\n\n\n\n<p><strong>ER\u00c9NDIRA LIBERTAD ARELLANES LICEA.<\/strong> H\u00e1bitos alimentarios de la nutria neotropical (Lontra longicaudis annectens) en el r\u00edo Zimat\u00e1n, Santiago Astata Oaxaca. 2004. ITAO-CIIDIR-OAXACA, IPN.<\/p>\n\n\n\n<p><strong>BEATRIZ REBECA HERN\u00c1NDEZ CH\u00c1VEZ.<\/strong> Estructura y diversidad de la comunidad de murci\u00e9lagos de la costa de Oaxaca. 2003. UNAM-CIIDIR-OAXACA, IPN.<\/p>\n\n\n\n<p><strong>V\u00cdCTOR HUGO CASTILLO P\u00c9REZ. <\/strong>Estructura y diversidad de mam\u00edferos del sudeste de la costa de Oaxaca. 2002. UNAM-CIIDIR-OAXACA, IPN.<\/p>\n\n\n\n<p><strong>FLORENCIO LUNA CASTELLANOS.<\/strong> H\u00e1bitos alimentarios del venado cola blanca (Odocoileus virginianus) en la Sierra Norte del estado de Oaxaca. 2001. BUAP-CIIDIR-OAXACA, IPN.<\/p>\n\n\n\n<p><strong>LIDIA VEL\u00c1SQUEZ MORALES. <\/strong>Distribuci\u00f3n altitudinal de peque\u00f1os mam\u00edferos en la Sierra Norte de Oaxaca. 2001. ITAO-CIIDIR-OAXACA, IPN.<\/p>\n\n\n\n<p><strong>JAQUELINE CRUZ ALFARO.<\/strong> Abundancia relativa de la nutria neotropical (Lontra longicaudis annectens) en el r\u00edo Zimat\u00e1n, en la Costa de Oaxaca. 2000. ITAO-CIIDIR-OAXACA, IPN.<\/p>\n\n\n\n<p><strong>CLAUDIA LETICIA GARC\u00cdA CRUZ. <\/strong>Densidad poblacional de venado cola blanca en un bosque templado de la Sierra Norte de Oaxaca. 2000. ITAO-CIIDIR-OAXACA, IPN.<\/p>\n\n\n\n<p><strong>JAIME MANUEL CALDER\u00d3N PATR\u00d3N. <\/strong>Estudio sobre la estructura de la comunidad de quir\u00f3pteros en Ixtl\u00e1n, Oaxaca. 2000. ITAO-CIIDIR-OAXACA, IPN.<\/p>\n\n\n\n<p>&nbsp;<\/p>\n\n\n\n<h3 class=\"wp-block-heading\">TESIS VIGENTES<\/h3>\n\n\n\n<h4 class=\"wp-block-heading\">Doctorado<\/h4>\n\n\n\n<p><strong>MARIO ALBERTO PERALTA P\u00c9REZ.<\/strong> Conservadurismo de nicho ecol\u00f3gico y biogeograf\u00eda: implicaciones en la conservaci\u00f3n. CIIDIR-OAXACA, IPN.<\/p>\n\n\n\n<p><strong>ROSA ELENA GALINDO AGUILAR.<\/strong> Riqueza y abundancia de mam\u00edferos neotropicales en un paisaje fragmentado del sur de M\u00e9xico. CIIDIR-OAXACA, IPN.<\/p>\n\n\n\n<p><strong>CARLOS ALBERTO MASES GARC\u00cdA.<\/strong> Riesgo de colapso Ecosist\u00e9mico del bosque templado h\u00famedo perennifolio en Oaxaca, M\u00e9xico. CIIDIR-OAXACA, IPN.<\/p>\n\n\n\n<h3 class=\"wp-block-heading\">Maestr\u00eda<\/h3>\n\n\n\n<p><strong>GABRIELA IVETTE MART\u00cdNEZ MERINO.<\/strong> Preferencia y Calidad del H\u00e1bitat de mam\u00edferos medianos y grandes en Ayoquezco de Aldama, Oaxaca, M\u00e9xico. CIIDIR-OAXACA, IPN.<\/p>\n\n\n\n<p><strong>SERGIO P\u00c9REZ CONTRERAS.<\/strong> Idoneidad de h\u00e1bitat y mapa de riesgo por actividades humanas para Lontra longicaudis (Olfers, 1818) en el estado de Oaxaca, M\u00e9xico. CIIDIR-OAXACA, IPN.<\/p>\n","protected":false},"excerpt":{"rendered":"<p>TESIS CONCLUIDAS Doctorado CINTIA NATALIA MARTIN REGALADO. Diversidad funcional y filogen\u00e9tica de las comunidades de roedores cric\u00e9tidos (Rodentia:Cricetidae) de Oaxaca. 2020. Universidad Aut\u00f3noma del estado de Hidalgo. MARGARITA GARCIA LUIS. Caracterizaci\u00f3n, variaci\u00f3n y patrones de actividad de murci\u00e9lagos insect\u00edvoros en Oaxaca. 2018. CIIDIR-OAXACA. MALINALLI CORTES MARCIAL. Efectos del deterioro del h\u00e1bitat en los carn\u00edvoros de [&hellip;]<\/p>\n","protected":false},"author":35,"featured_media":0,"parent":0,"menu_order":0,"comment_status":"closed","ping_status":"closed","template":"","meta":{"_swt_meta_header_display":false,"_swt_meta_footer_display":false,"_swt_meta_site_title_display":false,"_swt_meta_sticky_header":false,"_swt_meta_transparent_header":false,"footnotes":""},"class_list":["post-9","page","type-page","status-publish","hentry"],"_links":{"self":[{"href":"https:\/\/web.ciidiroaxaca.ipn.mx\/mbriones\/wp-json\/wp\/v2\/pages\/9","targetHints":{"allow":["GET"]}}],"collection":[{"href":"https:\/\/web.ciidiroaxaca.ipn.mx\/mbriones\/wp-json\/wp\/v2\/pages"}],"about":[{"href":"https:\/\/web.ciidiroaxaca.ipn.mx\/mbriones\/wp-json\/wp\/v2\/types\/page"}],"author":[{"embeddable":true,"href":"https:\/\/web.ciidiroaxaca.ipn.mx\/mbriones\/wp-json\/wp\/v2\/users\/35"}],"replies":[{"embeddable":true,"href":"https:\/\/web.ciidiroaxaca.ipn.mx\/mbriones\/wp-json\/wp\/v2\/comments?post=9"}],"version-history":[{"count":2,"href":"https:\/\/web.ciidiroaxaca.ipn.mx\/mbriones\/wp-json\/wp\/v2\/pages\/9\/revisions"}],"predecessor-version":[{"id":43,"href":"https:\/\/web.ciidiroaxaca.ipn.mx\/mbriones\/wp-json\/wp\/v2\/pages\/9\/revisions\/43"}],"wp:attachment":[{"href":"https:\/\/web.ciidiroaxaca.ipn.mx\/mbriones\/wp-json\/wp\/v2\/media?parent=9"}],"curies":[{"name":"wp","href":"https:\/\/api.w.org\/{rel}","templated":true}]}}