{"id":8,"date":"2011-10-28T15:11:05","date_gmt":"2011-10-28T15:11:05","guid":{"rendered":"https:\/\/web.ciidiroaxaca.ipn.mx\/mbriones\/proyectos\/"},"modified":"2025-09-30T19:08:17","modified_gmt":"2025-09-30T19:08:17","slug":"proyectos-de-investigacion","status":"publish","type":"page","link":"https:\/\/web.ciidiroaxaca.ipn.mx\/mbriones\/proyectos-de-investigacion\/","title":{"rendered":"Proyectos de Investigaci\u00f3n"},"content":{"rendered":"\n<ul class=\"wp-block-list\">\n<li>Patrones ecol\u00f3gicos y gen\u00e9ticos de la rata canguro (<em>Dipodomys phyllispii<\/em>) en Oaxaca, M\u00e9xico. Fuente de financiamiento: Secretar\u00eda de Investigaci\u00f3n y Posgrado del IPN (<strong>SIP20195164<\/strong>). <strong>VIGENTE<\/strong>.<\/li>\n\n\n\n<li>Caracterizaci\u00f3n de firmas vocales de murci\u00e9lagos insect\u00edvoros de Oaxaca. 2018. Fuente de financiamiento: Secretar\u00eda de Investigaci\u00f3n y Posgrado del IPN (<strong>SIP20180158<\/strong>). <strong>CONCLUIDO<\/strong><\/li>\n\n\n\n<li>Manejo y aprovechamiento de vertebrados terrestres de Oaxaca. 2017.Fuente de financiamiento: Secretar\u00eda de Investigaci\u00f3n y Posgrado del IPN (<strong>SIP20170981<\/strong>). <strong>CONCLUIDO<\/strong><\/li>\n\n\n\n<li>La importancia de las colecciones mastozool\u00f3gicas en la conservaci\u00f3n de mam\u00edferos de Oaxaca. 2016. Fuente de financiamiento: Secretar\u00eda de Investigaci\u00f3n y Posgrado del IPN (<strong>SIP20160703<\/strong>). <strong>CONCLUIDO<\/strong><\/li>\n\n\n\n<li>Conservaci\u00f3n de mam\u00edferos de Oaxaca, M\u00e9xico. 2015. Fuente de financiamiento: Secretar\u00eda de Investigaci\u00f3n y Posgrado del IPN (<strong>SIP20150583<\/strong>). <strong>CONCLUIDO<\/strong><\/li>\n\n\n\n<li>Estudio y conservaci\u00f3n de los carn\u00edvoros en Oaxaca. 2015. Fuente de financiamiento: Secretar\u00eda de Investigaci\u00f3n y Posgrado del IPN (<strong>SIP20150583<\/strong>) <strong>CONCLUIDO<\/strong><\/li>\n\n\n\n<li>Modelado de la distribuci\u00f3n potencial de los mam\u00edferos end\u00e9micos y cuasiend\u00e9micos de Oaxaca. 2012-2013. Fuente de financiamiento: Comisi\u00f3n Nacional para el Conocimiento y Uso de la Biodiversidad (CONABIO).\u00a0 <strong>CONCLUIDO<\/strong><\/li>\n\n\n\n<li>Impacto ecol\u00f3gico de los aerogeneradores sobre las especies de murci\u00e9lagos en la regi\u00f3n del Istmo de Tehuantepec, Oaxaca. 2010-2011. Fuente de financiamiento: EURUS S.A. P.I\u00a0 DE CV. <strong>CONCLUIDO<\/strong><\/li>\n\n\n\n<li>Proyecto de investigaci\u00f3n para la caracterizaci\u00f3n de fauna y vegetaci\u00f3n acu\u00e1tica y terrestre del sistemas ambiental regional del proyecto de Aprovechamiento Hidr\u00e1ulico de Usos M\u00faltiples Paso de la Reina, Oaxaca. 2008. Fuente de financiamiento: Comisi\u00f3n Federal de Electricidad. <strong>CONCLUIDO<\/strong><\/li>\n\n\n\n<li>Diversidad Mastofaun\u00edstica en las \u00e1reas comunales protegidas en la Sierra Madre de Oaxaca. 2008. Fuente de financiamiento: Secretaria de investigaci\u00f3n y posgrado, Instituto Polit\u00e9cnico Nacional. <strong>CONCLUIDO<\/strong><\/li>\n\n\n\n<li>Inventario\u00a0 faun\u00edstico en Santiago Comaltepec, Oaxaca. 2006. Fuente de financiamiento: Comunidad de Santiago Comaltepec y COINBIO. <strong>CONCLUIDO<\/strong><\/li>\n\n\n\n<li>Importancia de los mam\u00edferos silvestres en la protecci\u00f3n de la Sierra Madre de Oaxaca. 2006-2007 Fuente de financiamiento: Secretaria de investigaci\u00f3n y posgrado, Instituto Polit\u00e9cnico Nacional. <strong>CONCLUIDO<\/strong><\/li>\n\n\n\n<li>Riqueza Mastofaun\u00edstica de la Sierra de Miahuatl\u00e1n, Oaxaca. 2004-2006. Fuente de financiamiento: Coordinaci\u00f3n General de Estudios de Posgrado e Investigaci\u00f3n (CGEPI), IPN (CGEPI: 20040336; CGEPI: 20050547). <strong>CONCLUIDO<\/strong><\/li>\n\n\n\n<li>Incorporaci\u00f3n de nuevos registros de mam\u00edferos de la regi\u00f3n Sierra Norte de Oaxaca. 2004.Fuente de financiamiento: Comisi\u00f3n Nacional para el Conocimiento y Uso de la Biodiversidad (CONABIO-BA009). <strong>CONCLUIDO<\/strong><\/li>\n\n\n\n<li>Conocimiento, capacitaci\u00f3n y difusi\u00f3n sobre el manejo de fauna silvestre en las \u00e1reas comunitarias protegidas de la Costa y la Sierra Norte de\u00a0Oaxaca. 2002-2003 Fuente de financiamiento: Fondo Mundial para la Conservaci\u00f3n de la Naturaleza (WWF-QQ82). <strong>CONCLUIDO<\/strong><\/li>\n\n\n\n<li>Ecolog\u00eda de comunidades de mam\u00edferos de la costa de Oaxaca. 2002-2004. Fuente de financiamiento: Coordinaci\u00f3n General de Estudios de Posgrado e Investigaci\u00f3n (CGEPI), IPN. <strong>CONCLUIDO<\/strong><\/li>\n\n\n\n<li>Diversidad, distribuci\u00f3n y conservaci\u00f3n de los mam\u00edferos de la selva seca de la costa de Oaxaca. 2000-2002. Fuente de financiamiento: Fondo Mundial para la Conservaci\u00f3n de la Naturaleza (WWF), Sistema de Investigaci\u00f3n Benito Ju\u00e1rez (SIBEJ), CONACyT; y la Coordinaci\u00f3n General de Estudios de Posgrado e Investigaci\u00f3n (CGEPI), IPN. <strong>CONCLUIDO<\/strong><\/li>\n\n\n\n<li>Educaci\u00f3n y capacitaci\u00f3n para la conservaci\u00f3n de la fauna silvestre de las cuencas de los r\u00edos Copalita y Zimat\u00e1n en la costa de Oaxaca. 2001. Fuente de financiamiento: Fondo Mundial para la Conservaci\u00f3n de la Naturaleza (WWF). <strong>CONCLUIDO<\/strong><\/li>\n\n\n\n<li>Estudio de diversidad para la conservaci\u00f3n de los mam\u00edferos de la Sierra Costera\u00a0 de Oaxaca. 2000-2001. Fuente de financiamiento: Fondo Mundial para la Conservaci\u00f3n de la Naturaleza (WWF). <strong>CONCLUIDO<\/strong><\/li>\n\n\n\n<li>Los mam\u00edferos de la regi\u00f3n Sierra Norte de Oaxaca, M\u00e9xico. 1998-1999. Fuente de financiamiento: Comisi\u00f3n Nacional para el Conocimiento y Uso de la Biodiversidad (CONABIO). <strong>CONCLUIDO<\/strong><\/li>\n\n\n\n<li>Manejo y conservaci\u00f3n del venado cola blanca en comunidades ind\u00edgenas de la Sierra Norte de Oaxaca. 1998-2000. Fuente de financiamiento: Sistema de Investigaci\u00f3n Benito Ju\u00e1rez (SIBEJ), CONACyT; Fondo Mexicano para la Conservaci\u00f3n de la Naturaleza y la Direcci\u00f3n de Estudios de Posgrado e Investigaci\u00f3n (DEPI), IPN. <strong>CONCLUIDO<\/strong><\/li>\n\n\n\n<li>Los mam\u00edferos de los bosques h\u00famedos del noreste de Oaxaca. 1996-1998. Fuente de financiamiento: Direcci\u00f3n de Estudios de Posgrado e Investigaci\u00f3n (DEPI), IPN. Clave: DEPI-970549. <strong>CONCLUIDO<\/strong><\/li>\n<\/ul>\n","protected":false},"excerpt":{"rendered":"","protected":false},"author":35,"featured_media":0,"parent":0,"menu_order":0,"comment_status":"closed","ping_status":"closed","template":"","meta":{"_swt_meta_header_display":false,"_swt_meta_footer_display":false,"_swt_meta_site_title_display":false,"_swt_meta_sticky_header":false,"_swt_meta_transparent_header":false,"footnotes":""},"class_list":["post-8","page","type-page","status-publish","hentry"],"_links":{"self":[{"href":"https:\/\/web.ciidiroaxaca.ipn.mx\/mbriones\/wp-json\/wp\/v2\/pages\/8","targetHints":{"allow":["GET"]}}],"collection":[{"href":"https:\/\/web.ciidiroaxaca.ipn.mx\/mbriones\/wp-json\/wp\/v2\/pages"}],"about":[{"href":"https:\/\/web.ciidiroaxaca.ipn.mx\/mbriones\/wp-json\/wp\/v2\/types\/page"}],"author":[{"embeddable":true,"href":"https:\/\/web.ciidiroaxaca.ipn.mx\/mbriones\/wp-json\/wp\/v2\/users\/35"}],"replies":[{"embeddable":true,"href":"https:\/\/web.ciidiroaxaca.ipn.mx\/mbriones\/wp-json\/wp\/v2\/comments?post=8"}],"version-history":[{"count":3,"href":"https:\/\/web.ciidiroaxaca.ipn.mx\/mbriones\/wp-json\/wp\/v2\/pages\/8\/revisions"}],"predecessor-version":[{"id":38,"href":"https:\/\/web.ciidiroaxaca.ipn.mx\/mbriones\/wp-json\/wp\/v2\/pages\/8\/revisions\/38"}],"wp:attachment":[{"href":"https:\/\/web.ciidiroaxaca.ipn.mx\/mbriones\/wp-json\/wp\/v2\/media?parent=8"}],"curies":[{"name":"wp","href":"https:\/\/api.w.org\/{rel}","templated":true}]}}