{"id":6,"date":"2011-10-27T21:14:21","date_gmt":"2011-10-27T21:14:21","guid":{"rendered":"https:\/\/web.ciidiroaxaca.ipn.mx\/mbriones\/dr-miguel-angel-briones-salas\/"},"modified":"2025-09-18T17:40:52","modified_gmt":"2025-09-18T17:40:52","slug":"dr-miguel-angel-briones-salas","status":"publish","type":"page","link":"https:\/\/web.ciidiroaxaca.ipn.mx\/mbriones\/","title":{"rendered":"Dr. Miguel \u00c1ngel Briones Salas"},"content":{"rendered":"\n<figure class=\"wp-block-image aligncenter is-resized\"><img decoding=\"async\" src=\"https:\/\/web.ciidiroaxaca.ipn.mx\/mbriones\/wp-content\/uploads\/sites\/30\/2011\/10\/Miguel.jpg\" alt=\"\" style=\"width:302px;height:auto\"\/><\/figure>\n\n\n\n<p>&nbsp;&nbsp;&nbsp;<\/p>\n\n\n\n<h3 class=\"wp-block-heading has-text-align-center\">Doctorado en Ciencias (Biolog\u00eda) <\/h3>\n\n\n\n<p class=\"has-text-align-center\">Por la Facultad de Ciencias de la UNAM<\/p>\n\n\n\n<p class=\"has-text-align-center\">Profesor colegiado del posgrado del CIIDIR-OAXACA, Instituto Polit\u00e9cnico Nacional<\/p>\n\n\n\n<h3 class=\"wp-block-heading has-text-align-center\">Sistema Nacional de Investigadores Nivel I<\/h3>\n\n\n\n<p class=\"has-text-align-center\">Jefe del Laboratorio de Vertebrados Terrestres<br><a href=\"https:\/\/www.ciidiroaxaca.ipn.mx\/colecciones\/mastozoologia\/\" target=\"_blank\" rel=\"noopener\">Responsable de la Colecci\u00f3n Mastozool\u00f3gica\u00a0del CIIDIR-OAXACA<\/a><br>Ex Presidente de la Asociaci\u00f3n Mexicana de Mastozoolog\u00eda (AMMAC)<br>\u00c1reas de inter\u00e9s: Ecolog\u00eda de poblaciones, comunidades y conservaci\u00f3n de mam\u00edferos silvestres (especialmente de Oaxaca)<\/p>\n\n\n\n<p class=\"has-text-align-center\">Correo electr\u00f3nico: mbriones@ipn.mx\u00a0\u00a0\u00a0\u00a0\u00a0\u00a0\u00a0\u00a0\u00a0\u00a0\u00a0\u00a0\u00a0 Extensi\u00f3n: 82759<\/p>\n\n\n\n<p><\/p>\n","protected":false},"excerpt":{"rendered":"<p>&nbsp;&nbsp;&nbsp; Doctorado en Ciencias (Biolog\u00eda) Por la Facultad de Ciencias de la UNAM Profesor colegiado del posgrado del CIIDIR-OAXACA, Instituto Polit\u00e9cnico Nacional Sistema Nacional de Investigadores Nivel I Jefe del Laboratorio de Vertebrados TerrestresResponsable de la Colecci\u00f3n Mastozool\u00f3gica\u00a0del CIIDIR-OAXACAEx Presidente de la Asociaci\u00f3n Mexicana de Mastozoolog\u00eda (AMMAC)\u00c1reas de inter\u00e9s: Ecolog\u00eda de poblaciones, comunidades y conservaci\u00f3n [&hellip;]<\/p>\n","protected":false},"author":35,"featured_media":0,"parent":0,"menu_order":0,"comment_status":"closed","ping_status":"closed","template":"","meta":{"_swt_meta_header_display":false,"_swt_meta_footer_display":false,"_swt_meta_site_title_display":false,"_swt_meta_sticky_header":false,"_swt_meta_transparent_header":false,"footnotes":""},"class_list":["post-6","page","type-page","status-publish","hentry"],"_links":{"self":[{"href":"https:\/\/web.ciidiroaxaca.ipn.mx\/mbriones\/wp-json\/wp\/v2\/pages\/6","targetHints":{"allow":["GET"]}}],"collection":[{"href":"https:\/\/web.ciidiroaxaca.ipn.mx\/mbriones\/wp-json\/wp\/v2\/pages"}],"about":[{"href":"https:\/\/web.ciidiroaxaca.ipn.mx\/mbriones\/wp-json\/wp\/v2\/types\/page"}],"author":[{"embeddable":true,"href":"https:\/\/web.ciidiroaxaca.ipn.mx\/mbriones\/wp-json\/wp\/v2\/users\/35"}],"replies":[{"embeddable":true,"href":"https:\/\/web.ciidiroaxaca.ipn.mx\/mbriones\/wp-json\/wp\/v2\/comments?post=6"}],"version-history":[{"count":2,"href":"https:\/\/web.ciidiroaxaca.ipn.mx\/mbriones\/wp-json\/wp\/v2\/pages\/6\/revisions"}],"predecessor-version":[{"id":36,"href":"https:\/\/web.ciidiroaxaca.ipn.mx\/mbriones\/wp-json\/wp\/v2\/pages\/6\/revisions\/36"}],"wp:attachment":[{"href":"https:\/\/web.ciidiroaxaca.ipn.mx\/mbriones\/wp-json\/wp\/v2\/media?parent=6"}],"curies":[{"name":"wp","href":"https:\/\/api.w.org\/{rel}","templated":true}]}}