{"id":9,"date":"2011-10-21T16:40:27","date_gmt":"2011-10-21T16:40:27","guid":{"rendered":"https:\/\/web.ciidiroaxaca.ipn.mx\/mbautistac\/tesis\/"},"modified":"2025-10-11T00:34:24","modified_gmt":"2025-10-11T00:34:24","slug":"tesis","status":"publish","type":"page","link":"https:\/\/web.ciidiroaxaca.ipn.mx\/mbautistac\/tesis\/","title":{"rendered":"Tesis"},"content":{"rendered":"\n<h3 class=\"wp-block-heading rtejustify\"><strong>\u00a0L\u00edneas de tesis propuestas<\/strong><\/h3>\n\n\n\n<ul class=\"wp-block-list\">\n<li>Indicadores de&nbsp;calidad del suelo en ecosistemas forestales y agroecosistemas<\/li>\n\n\n\n<li>Bacterias promotoras del crecimiento vegetal en cultivos de importancia econ\u00f3mica y en ecosistemas forestales<\/li>\n\n\n\n<li>Perfil de la comunidad microbiana asociada a especies silvestres del g\u00e9nero <em>Agave<\/em><\/li>\n\n\n\n<li>Nutrici\u00f3n de agaves mezcaleros silvestres y cultivados<\/li>\n<\/ul>\n\n\n\n<p class=\"rtejustify\"><\/p>\n\n\n\n<h3 class=\"wp-block-heading rtejustify\"><strong>\u00a0 Tesis dirigidas<\/strong> <\/h3>\n\n\n\n<h4 class=\"wp-block-heading\"><strong>\u00a0\u00a0 Posgrado<\/strong> en los \u00faltimos 5 a\u00f1os<\/h4>\n\n\n\n<ul class=\"wp-block-list\">\n<li>Direcci\u00f3n de la Tesis de Maestr\u00eda \u201cFertilizantes de liberaci\u00f3n lenta y micorrizas en <em>Agave<\/em> <em>marmorata<\/em> Roezl y <em>Agave rhodacantha<\/em> Trel. en condiciones de campo\u201d Autor: Jes\u00fas Mendoza Jim\u00e9nez. Maestr\u00eda en Ciencias en Conservaci\u00f3n y Aprovechamiento de Recursos Naturales, CIIDIR IPN Oaxaca. Fecha de obtenci\u00f3n de grado: 19 de agosto de 2025.<\/li>\n\n\n\n<li>Direcci\u00f3n de la Tesis de Doctorado \u201cHalobacterias resistentes a desecaci\u00f3n y su efecto en el crecimiento de <em>Agave potatorum <\/em>Zucc.\u201d Autora: Jessie Hern\u00e1ndez Canseco. Doctorado en Ciencias en Conservaci\u00f3n y Aprovechamiento de Recursos Naturales, CIIDIR IPN Oaxaca. Fecha de obtenci\u00f3n de grado: 04 de febrero de 2025.<\/li>\n\n\n\n<li>Direcci\u00f3n de la Tesis de Maestr\u00eda \u201cFertilizantes de libreaci\u00f3n lenta y bioestimulantes vegetales en <em>Agave salmiana<\/em> Ottp ex Salm-Dick subsp. <em>salmiana<\/em>\u201d. Autor: Itzhak Emmanuel L\u00f3pez Gonz\u00e1lez. Maestr\u00eda en Ciencias en Conservaci\u00f3n y Aprovechamiento de Recursos Naturales, CIIDIR IPN Oaxaca. Fecha de obtenci\u00f3n de grado: 07 de junio de 2024.<\/li>\n\n\n\n<li>Codirecci\u00f3n de la Tesis de Maestr\u00eda \u201cEfecto del manejo forestal sobre algunas propiedades ed\u00e1ficas y reservorios de carbono org\u00e1nicos en Santa Mar\u00eda Jaltianguis, Oaxaca, M\u00e9xico\u201d. Autor: Nayeli Victoria Garc\u00eda. Maestr\u00eda en Ciencias en Conservaci\u00f3n de los Recursos Forestales, Universidad de la Sierra Ju\u00e1rez. Fecha de obtenci\u00f3n de grado: 31 de mayo de 2024.<\/li>\n\n\n\n<li>\u00a0\u201cActividad antifungica de aceites esenciales para el manejo de <em>Aspergillus nidulans<\/em> y <em>Aspergillus fumigatus <\/em>in vitro\u201d. Autor: Jes\u00fas Andr\u00e9s Morales L\u00f3pez. Maestr\u00eda en Ciencias en Conservaci\u00f3n y Aprovechamiento de Recusos Naturales, CIIDIR IPN Oaxaca. Fecha de obtenci\u00f3n de grado: 20 de enero de 2023.<\/li>\n\n\n\n<li>\u201cExtractos de prop\u00f3leos contra roya del cafeto (<em>Hemileia vastatrix<\/em> Berk y Broome)\u201d. Autor: Marlo San Juan Mart\u00ednez. Maestr\u00eda en Ciencias en Conservaci\u00f3n y Aprovechamiento de Recursos Naturales, CIIDIR IPN Oaxaca. Fecha de obtenci\u00f3n de grado: 12 de julio de 2022.<\/li>\n\n\n\n<li>\u201cFertilizantes de liberaci\u00f3n lenta en dos especies silvestres del g\u00e9nero <em>Agave<\/em>\u201d. Autor: Carlos Castillejos Reyes. Maestr\u00eda en Ciencias en Conservaci\u00f3n y Aprovechamiento de Recursos Naturales, CIIDIR IPN Oaxaca. Fecha de obtenci\u00f3n de grado: 12 de agosto de 2022.<\/li>\n\n\n\n<li>\u201cEfecto del \u00e1cido glut\u00e1mico en plantas de tomate (<em>Solanum lycopersicum<\/em> L.). Autor:\u00a0Miguel \u00c1ngel Ram\u00edrez Cruz.\u00a0Maestr\u00eda en Ciencias en Conservaci\u00f3n y Aprovechamiento de Recursos Naturales, CIIDIR IPN Oaxaca. Fecha de obtenci\u00f3n de grado: 25 de febrero de 2021.<\/li>\n\n\n\n<li>\u201cIndicadores ed\u00e1ficos bajo diferentes usos del suelo en un ecosistema originalmente ocupado por bosque mes\u00f3filo de monta\u00f1a\u201d. Autor: Marisol Ram\u00edrez L\u00f3pez. Maestr\u00eda en Ciencias en Conservaci\u00f3n y Aprovechamiento de Recursos Naturales, CIIDIR IPN Oaxaca. Fecha de obtenci\u00f3n de grado: 17 de enero de 2020.<\/li>\n<\/ul>\n\n\n\n<p class=\"rtejustify\">&nbsp;<\/p>\n\n\n\n<h4 class=\"wp-block-heading rtejustify\">&nbsp;&nbsp; <strong>Licenciatura<\/strong><\/h4>\n\n\n\n<ul class=\"wp-block-list\">\n<li>\u201cBacterias promotoras del crecimiento vegetal en maguey tobal\u00e1 (Agave potatorum Zucc)\u201d. Autor. Misael Mart\u00ednez Mart\u00ednez. Nova Universitas. Fecha de obtenci\u00f3n de grado: 24 de febrero de 2022. (Codirecci\u00f3n)<\/li>\n\n\n\n<li>\u00abActividad de invertasa y celulasa en la riz\u00f3sfera de ma\u00edz bajo fertilizaci\u00f3n \u00f3rgano-mineral\u00bb. Autor. Sof\u00eda Vicente D\u00edaz. Qu\u00edmico Bi\u00f3logo. Facultad de Ciencias Qu\u00edmicas. Universidad Aut\u00f3noma Benito Ju\u00e1rez de Oaxaca. Examen sustentado en octubre de 2013.<\/li>\n\n\n\n<li>\u00abRespuesta de la fosfatasa a la fertilizaci\u00f3n org\u00e1nica y mineral en suelos de la mixteca oaxaque\u00f1a\u00bb. Autor: Anah\u00ed Mart\u00ednez Cuevas. Qu\u00edmico Bi\u00f3logo. Facultad de Ciencias Qu\u00edmicas. Universidad Aut\u00f3noma Benito Ju\u00e1rez de Oaxaca. Examen sustentado en junio de 2012.<\/li>\n\n\n\n<li>\u00abProp\u00e1gulos micorr\u00edzicos viables en la riz\u00f3sfera de ma\u00edz bajo fertilizaci\u00f3n \u00f3rgano-mineral\u00bb. Autor: Concepci\u00f3n Ba\u00f1os Cruz. Qu\u00edmico Bi\u00f3logo. Facultad de Ciencias Qu\u00edmicas. Universidad Aut\u00f3noma Benito Ju\u00e1rez de Oaxaca. Examen sustentado en marzo de 2012.<\/li>\n\n\n\n<li>\u201cEfecto de la aplicaci\u00f3n de fertilizantes de liberaci\u00f3n lenta y org\u00e1nicos sobre la actividad de la fosfatasa \u00e1cida y alcalina en suelos rizosf\u00e9ricos de Agave angustifolia Haw.\u201d Autor: Ver\u00f3nica del Carmen Mart\u00ednez Gallegos. Qu\u00edmico Farmac\u00e9utico Bi\u00f3logo. Facultad de Ciencias Qu\u00edmicas. Universidad Aut\u00f3noma Benito Ju\u00e1rez de Oaxaca. Examen sustentado en agosto de 2009.<\/li>\n\n\n\n<li>\u201cFertilidad f\u00edsica y qu\u00edmica de los suelos cultivados con Agave angustifolia Haw\u201d. Autor: Alma Mijangos Reyes. Qu\u00edmico Farmac\u00e9utico Bi\u00f3logo. Facultad de Ciencias Qu\u00edmicas. Universidad Aut\u00f3noma Benito Ju\u00e1rez de Oaxaca. Examen sustentado en mayo de 2007.&nbsp;<\/li>\n<\/ul>\n","protected":false},"excerpt":{"rendered":"<p>\u00a0L\u00edneas de tesis propuestas \u00a0 Tesis dirigidas \u00a0\u00a0 Posgrado en los \u00faltimos 5 a\u00f1os &nbsp; &nbsp;&nbsp; Licenciatura<\/p>\n","protected":false},"author":47,"featured_media":0,"parent":0,"menu_order":0,"comment_status":"closed","ping_status":"closed","template":"","meta":{"_swt_meta_header_display":false,"_swt_meta_footer_display":false,"_swt_meta_site_title_display":false,"_swt_meta_sticky_header":false,"_swt_meta_transparent_header":false,"footnotes":""},"class_list":["post-9","page","type-page","status-publish","hentry"],"_links":{"self":[{"href":"https:\/\/web.ciidiroaxaca.ipn.mx\/mbautistac\/wp-json\/wp\/v2\/pages\/9","targetHints":{"allow":["GET"]}}],"collection":[{"href":"https:\/\/web.ciidiroaxaca.ipn.mx\/mbautistac\/wp-json\/wp\/v2\/pages"}],"about":[{"href":"https:\/\/web.ciidiroaxaca.ipn.mx\/mbautistac\/wp-json\/wp\/v2\/types\/page"}],"author":[{"embeddable":true,"href":"https:\/\/web.ciidiroaxaca.ipn.mx\/mbautistac\/wp-json\/wp\/v2\/users\/47"}],"replies":[{"embeddable":true,"href":"https:\/\/web.ciidiroaxaca.ipn.mx\/mbautistac\/wp-json\/wp\/v2\/comments?post=9"}],"version-history":[{"count":6,"href":"https:\/\/web.ciidiroaxaca.ipn.mx\/mbautistac\/wp-json\/wp\/v2\/pages\/9\/revisions"}],"predecessor-version":[{"id":68,"href":"https:\/\/web.ciidiroaxaca.ipn.mx\/mbautistac\/wp-json\/wp\/v2\/pages\/9\/revisions\/68"}],"wp:attachment":[{"href":"https:\/\/web.ciidiroaxaca.ipn.mx\/mbautistac\/wp-json\/wp\/v2\/media?parent=9"}],"curies":[{"name":"wp","href":"https:\/\/api.w.org\/{rel}","templated":true}]}}