{"id":8,"date":"2011-10-21T16:33:27","date_gmt":"2011-10-21T16:33:27","guid":{"rendered":"https:\/\/web.ciidiroaxaca.ipn.mx\/mbautistac\/publicaciones-ultimos-cinco-anos\/"},"modified":"2025-10-11T02:42:38","modified_gmt":"2025-10-11T02:42:38","slug":"publicaciones","status":"publish","type":"page","link":"https:\/\/web.ciidiroaxaca.ipn.mx\/mbautistac\/publicaciones\/","title":{"rendered":"Publicaciones en los \u00faltimos 5 a\u00f1os"},"content":{"rendered":"\n<p><strong>Bautista-Cruz A.,<\/strong> Castillejos-Reyes, C., S\u00e1nchez-Mendoza, S., Sandoval-Garc\u00eda, R. 2025. Slow-release fertilizers in arroque\u00f1o agave (<em>Agave<\/em> spp.): effects on growth and nutrition. Revista Bio Ciencias, 12, e1959. https:\/\/doi.org\/10.15741\/revbio.12.e1959<\/p>\n\n\n\n<p>Gonz\u00e1lez-L\u00f3pez, A.M., Qui\u00f1ones-Aguilar, E.E., <strong>Bautista-Cruz, A., <\/strong>Rinc\u00f3n-Enr\u00edquez, G. 2025. Influence of arbuscular mycorrhizal fungi on the growth and physiology of <em>Annona muricata<\/em> (L.) under two irrigation levels under greenhouse conditions. Scientia Horticulturae 344, 114115. <a href=\"https:\/\/doi.org\/10.1016\/j.scienta.2025.114115\">https:\/\/doi.org\/10.1016\/j.scienta.2025.114115<\/a><\/p>\n\n\n\n<p>Hern\u00e1ndez-Canseco, J.; <strong>Bautista-Cruz, A.,<\/strong> Rinc\u00f3n-Enr\u00edquez, G.; Garc\u00eda-S\u00e1nchez, E.; Aquino-Bola\u00f1os, T. 2025. First report of drought-tolerant halobacteria associated with <em>Agave potatorum<\/em> Zucc. Agronomy Basel 15, 573. <a href=\"https:\/\/doi.org\/10.3390\/agronomy15030573\">https:\/\/doi.org\/10.3390\/agronomy15030573<\/a><\/p>\n\n\n\n<p>S\u00e1nchez-Mendoza, S.,<strong> Bautista-Cruz, A. <\/strong>2024.<strong> <\/strong>Response of <em>Agave potatorum <\/em>Zucc to two doses of slow-release fertilizer and growth regulators. Revista Bio Ciencias, 11, e1661. <a href=\"https:\/\/doi.org\/10.15741\/revbio.11.e1661\">https:\/\/doi.org\/10.15741\/revbio.11.e1661<\/a><\/p>\n\n\n\n<p><strong>Bautista-Cruz, A.,<\/strong> Aquino-Bola\u00f1os, T., Hern\u00e1ndez-Canseco, J., Qui\u00f1ones-Aguilar, E.E. 2024. Cellulolytic aerobic bacteria isolated from agricultural and forest soils: An overview. Biology-Basel, 13, 102. <a href=\"https:\/\/doi.org\/10.3390\/biology13020102\">https:\/\/doi.org\/10.3390\/biology13020102<\/a><\/p>\n\n\n\n<p>Aquino-Bola\u00f1os, T., Aquino-L\u00f3pez, T., Ruiz-Veja, J., <strong>Bautista-Cruz, A.<\/strong> 2024. Da\u00f1os de <em>Strategus aloeus<\/em> (Coleoptera: Scarabaeidae) en dos especies de agave y su manejo a base de hongos entomopat\u00f3genos en suspensiones de aceite. Revista Colombiana de Entomolog\u00eda, 50 (1), e12865. <a href=\"https:\/\/doi.org\/10.25100\/socolen.v50i1.12865\">https:\/\/doi.org\/10.25100\/socolen.v50i1.12865<\/a><\/p>\n\n\n\n<p>Aquino-Bola\u00f1os, T., Ortiz-Hern\u00e1ndez, Y.D., <strong>Bautista-Cruz, A.,<\/strong> Acevedo-Ortiz, M.A. 2023. Viability of Entomopathogenic Fungi in Oil Suspensions and Their Effectiveness against the Agave Pest <em>Scyphophorus acupunctatus<\/em> under Laboratory Conditions. Agronomy-Basel 13 (6), 1468. <a href=\"https:\/\/doi.org\/10.3390\/agronomy13061468\">https:\/\/doi.org\/10.3390\/agronomy13061468<\/a><\/p>\n\n\n\n<p>S\u00e1nchez-Mendoza, S., Bautista-Aparicio, G., <strong>Bautista-Cruz, A<\/strong>. 2022. Inorganic fertilization improves <em>Agave potatorum<\/em> Zucc growth and nutrition. Int. J. Agric. Nat. Resour. 49(3):147-156. DOI 10.7764\/ijanr.v49i3.2338.<\/p>\n\n\n\n<p>Hern\u00e1ndez-Canseco, J., <strong>Bautista-Cruz, A.<\/strong>, S\u00e1nchez-Mendoza, S., Aquino-Bola\u00f1os, T.,&nbsp;S\u00e1nchez-Medina, P.S. 2022. Plant growth-promoting halobacteria and their ability to protect crops from abiotic stress: An eco-friendly alternative for saline soils. Agronomy 12, 804.&nbsp; <a href=\"https:\/\/doi.org\/10.3390\/agronomy12040804\" target=\"_blank\" rel=\"noreferrer noopener\">https:\/\/doi.org\/10.3390\/agronomy12040804<\/a><\/p>\n\n\n\n<p>Ram\u00edrez-Cruz, M.A., <strong>Bautista-Cruz, A.<\/strong>, B\u00e1ez-P\u00e9rez, A., Aquino-Bola\u00f1os, T., Morales, I., Garc\u00eda-S\u00e1nchez, E. 2022. La aplicaci\u00f3n foliar de \u00e1cido glut\u00e1mico mejora el rendimiento y algunos par\u00e1metros f\u00edsicos y qu\u00edmicos de la calidad del fruto de tomate (Solanum lycopersicum L.). Interciencia 47 (1\/2): 31-38. <a href=\"https:\/\/www.interciencia.net\/wp-content\/uploads\/2022\/03\/04_6831_Com_Bautista_v47n1_2.pdf\" target=\"_blank\" rel=\"noreferrer noopener\">04_6831_Com_Bautista_v47n1_2.pdf (interciencia.net<\/a>)<\/p>\n\n\n\n<p>S\u00e1nchez-Mendoza, S.,<strong> Bautista-Cruz, A. <\/strong>2022. Efecto de fertilizantes de liberaci\u00f3n lenta&nbsp;y fitohormonas en el crecimiento de <em>Agave angustifolia<\/em> Haw. Entreciencias: Di\u00e1logos en la Sociedad del Conocimiento 10 (24): 1-11. DOI: 10.22201\/enesl.20078064e.2022.24.82738. ISSN: 2007-8064<\/p>\n\n\n\n<p>R\u00edos-Sandoval, M., Rinc\u00f3n-Enr\u00edquez, G.,<strong> Bautista-Cruz, M.A.<\/strong>, Qui\u00f1ones-Aguilar, E. E., 2022. Biofertilizers in mexican lime (<em>Citrus aurantifolia<\/em> (Christm.) Swingle): Arbuscular mycorrhizal fungi and <em>Azospirillum brasilense<\/em> in greenhouse. Tropical and Subtropical Agroecosystems 25 (134). 1-12 http:\/\/doi.org\/10.56369\/tsaes.4246<\/p>\n\n\n\n<p>In\u00e9s-V\u00e1squez, S., Aquino-Bola\u00f1os, T., <strong>Bautista-Cruz, A<\/strong>., Morales, I., Mart\u00ednez-Guti\u00e9rrez, G.A. 2021. Portainjertos nativos de <em>Solanum lycopersicum<\/em> L. y su efecto en el rendimiento y tolerancia a Meloidogyne incognita. Interciencia 46 (5): 204-210<\/p>\n\n\n\n<p>Garc\u00eda-Mart\u00ednez, L. I., S. S\u00e1nchez-Mendoza,&nbsp;<strong>A. Bautista-Cruz<\/strong>. 2020. Combinaci\u00f3n de hongos micorr\u00edzicos y fertilizaci\u00f3n fosforada en el crecimiento de dos agaves silvestres. Terra Latinoamericana 38: 771-780. https:\/\/doi.org\/10.28940\/terra.v38i4.702<\/p>\n\n\n\n<p><strong>Bautista-Cruz, A<\/strong>., V. Mart\u00ednez-Gallegos. 2020. Promoci\u00f3n del crecimiento de <em>Agave potatorum <\/em>Zucc. por bacterias fijadoras de nitr\u00f3geno de vida libre. Terra Latinoamericana N\u00famero Especial 38-3: 555-567. DOI: https:\/\/doi.org\/10.28940\/terra.v38i3.647<\/p>\n\n\n\n<p>S\u00e1nchez-Mendoza, S., <strong>Bautista-Cruz, A<\/strong>., Robles, C., Rodr\u00edguez-Mendoza, M.N. 2020. Irrigation and slow-release fertilizers promote the nutrition and growth of <em>Agave angustifolia<\/em> Haw. Journal of Plant Nutrition 43 (5): 699-708 <a href=\"https:\/\/doi.org\/10.1080\/01904167.2019.1701025\" target=\"_blank\" rel=\"noreferrer noopener\">https:\/\/doi.org\/10.1080\/01904167.2019.1701025<\/a><\/p>\n\n\n\n<h2 class=\"wp-block-heading\">Libros<\/h2>\n\n\n\n<p><strong>Bautista-Cruz, A.<\/strong> y J.D. Etchevers B. 2014. Una revisi\u00f3n sobre los conceptos de la calidad del suelo: sus indicadores e \u00edndices. Editorial Acad\u00e9mica Espa\u00f1ola. ISBN 978-3-8473-6509-9.<\/p>\n\n\n\n<h3 class=\"wp-block-heading\">Cap\u00edtulos de libro en los \u00faltimos 5 a\u00f1os <\/h3>\n\n\n\n<p>P\u00e9rez Felix, G.P., Aquino Bola\u00f1os, T., <strong>Bautista Cruz, M.A., <\/strong>Canseco-Santiago, D.E. 2025. <em>Trichoderma<\/em> sp. Una alternativa en el manejo del picudo del agave (<em>Scyphophorus acupunctatus<\/em>). pp. 122-134. In: Editorial ASMIIA. 2025. El Desarrollo Sostenible ante la Crisis Clim\u00e1tica en M\u00e9xico. <a href=\"http:\/\/doi.org\/10.59955\/9786076990551\">http:\/\/doi.org\/10.59955\/9786076990551<\/a>. ISBN: 978-607-69905-5-1 (e-book\/pdf)<\/p>\n\n\n\n<p>Morales L\u00f3pez, J.A., Aquino Bola\u00f1os, T., Aquino Aguilar, T., Garc\u00eda S\u00e1nchez, E., <strong>Bautista Cruz, M.A.<\/strong> 2025. Actividad antif\u00fangica de extractos de plantas del g\u00e9nero <em>Allium<\/em> contra <em>Candida albicans<\/em> y <em>Candida kruzei<\/em>. pp. 135-151. In: Editorial ASMIIA. 2025. El Desarrollo Sostenible ante la Crisis Clim\u00e1tica en M\u00e9xico. <a href=\"http:\/\/doi.org\/10.59955\/9786076990551\">http:\/\/doi.org\/10.59955\/9786076990551<\/a>. ISBN: 978-607-69905-5-1 (e-book\/pdf)<\/p>\n\n\n\n<p>B\u00e1ez-P\u00e9rez, A., Lim\u00f3n-Ortega, A., <strong>Bautista-Cruz, A<\/strong>., Morales-Zamora, B.P. 2021. 30 years of conservation agriculture practices on vertisols in Central Mexico. pp. 416-428. In: FAO and ITPS. 2021. Recarbonizing Global Soils\u2013A technical manual of recommended sustainable soil management. Volume 4: Cropland, grassland, integrated systems and farming approaches\u2013Case studies. Rome. <a href=\"https:\/\/doi.org\/10.4060\/cb6598en\" target=\"_blank\" rel=\"noreferrer noopener\">https:\/\/doi.org\/10.4060\/cb6598en<\/a><\/p>\n\n\n\n<p>B\u00e1ez-P\u00e9rez, A., Etchevers-Barra, J.D., Hidalgo-Moreno, C.I., Prat, C., <strong>Bautista-Cruz, A.<\/strong>, Gallardo-Lancho, J.F. 2021. Rehabilitation of hardened neo-volcanic soils in Mexico. pp. 429-441. In: In: FAO and ITPS. 2021. Recarbonizing Global Soils\u2013A technical manual of recommended sustainable soil management. Volume 4: Cropland, grassland, integrated systems and farming approaches\u2013Case studies. Rome. <a href=\"https:\/\/doi.org\/10.4060\/cb6598en\" target=\"_blank\" rel=\"noreferrer noopener\">https:\/\/doi.org\/10.4060\/cb6598en<\/a><\/p>\n\n\n\n<p><\/p>\n","protected":false},"excerpt":{"rendered":"<p>Bautista-Cruz A., Castillejos-Reyes, C., S\u00e1nchez-Mendoza, S., Sandoval-Garc\u00eda, R. 2025. Slow-release fertilizers in arroque\u00f1o agave (Agave spp.): effects on growth and nutrition. Revista Bio Ciencias, 12, e1959. https:\/\/doi.org\/10.15741\/revbio.12.e1959 Gonz\u00e1lez-L\u00f3pez, A.M., Qui\u00f1ones-Aguilar, E.E., Bautista-Cruz, A., Rinc\u00f3n-Enr\u00edquez, G. 2025. Influence of arbuscular mycorrhizal fungi on the growth and physiology of Annona muricata (L.) under two irrigation levels under [&hellip;]<\/p>\n","protected":false},"author":47,"featured_media":0,"parent":0,"menu_order":0,"comment_status":"closed","ping_status":"closed","template":"","meta":{"_swt_meta_header_display":false,"_swt_meta_footer_display":false,"_swt_meta_site_title_display":false,"_swt_meta_sticky_header":false,"_swt_meta_transparent_header":false,"footnotes":""},"class_list":["post-8","page","type-page","status-publish","hentry"],"_links":{"self":[{"href":"https:\/\/web.ciidiroaxaca.ipn.mx\/mbautistac\/wp-json\/wp\/v2\/pages\/8","targetHints":{"allow":["GET"]}}],"collection":[{"href":"https:\/\/web.ciidiroaxaca.ipn.mx\/mbautistac\/wp-json\/wp\/v2\/pages"}],"about":[{"href":"https:\/\/web.ciidiroaxaca.ipn.mx\/mbautistac\/wp-json\/wp\/v2\/types\/page"}],"author":[{"embeddable":true,"href":"https:\/\/web.ciidiroaxaca.ipn.mx\/mbautistac\/wp-json\/wp\/v2\/users\/47"}],"replies":[{"embeddable":true,"href":"https:\/\/web.ciidiroaxaca.ipn.mx\/mbautistac\/wp-json\/wp\/v2\/comments?post=8"}],"version-history":[{"count":16,"href":"https:\/\/web.ciidiroaxaca.ipn.mx\/mbautistac\/wp-json\/wp\/v2\/pages\/8\/revisions"}],"predecessor-version":[{"id":69,"href":"https:\/\/web.ciidiroaxaca.ipn.mx\/mbautistac\/wp-json\/wp\/v2\/pages\/8\/revisions\/69"}],"wp:attachment":[{"href":"https:\/\/web.ciidiroaxaca.ipn.mx\/mbautistac\/wp-json\/wp\/v2\/media?parent=8"}],"curies":[{"name":"wp","href":"https:\/\/api.w.org\/{rel}","templated":true}]}}