{"id":12,"date":"2011-11-10T17:27:36","date_gmt":"2011-11-10T17:27:36","guid":{"rendered":"https:\/\/web.ciidiroaxaca.ipn.mx\/mbautistac\/proyectos-vigentes\/"},"modified":"2025-10-21T18:42:04","modified_gmt":"2025-10-22T00:42:04","slug":"proyectos-de-investigacion","status":"publish","type":"page","link":"https:\/\/web.ciidiroaxaca.ipn.mx\/mbautistac\/proyectos-de-investigacion\/","title":{"rendered":"Proyectos de Investigaci\u00f3n durante los \u00faltimos 5 a\u00f1os"},"content":{"rendered":"\n<p>-Efecto de bioinoculantes bacterianos halotolerantes multicepa en el crecimiento y nutrici\u00f3n de <em>Agave potatorum<\/em> Zucc. SIP 20252379<\/p>\n\n\n\n<p>&#8211;<a>Bionutrici\u00f3n y fertilizantes de liberaci\u00f3n lenta en agaves mezcaleros y pulqueros<\/a>, SIP 20232778, <a>SIP<\/a>20241081<\/p>\n\n\n\n<p>-Bioestimulantes vegetales en agave, SIP 20230068 y SIP 20240857<\/p>\n\n\n\n<p>-Fertilizantes de liberaci\u00f3n lenta en especies silvestres del g\u00e9nero <em>Agave<\/em>,  SIP 20210608, SIP 20220752<\/p>\n\n\n\n<p>-Bacterias hal\u00f3filas cultivables en suelos que sustentan especies del g\u00e9nero <em>Agave<\/em>, SIP 20190109, SIP 20200643<\/p>\n\n\n\n<hr class=\"wp-block-separator has-alpha-channel-opacity\" \/>\n\n\n\n<p><a id=\"_msocom_1\"><\/a><\/p>\n\n\n\n<p><\/p>\n\n\n\n<p><\/p>\n","protected":false},"excerpt":{"rendered":"<p>-Efecto de bioinoculantes bacterianos halotolerantes multicepa en el crecimiento y nutrici\u00f3n de Agave potatorum Zucc. SIP 20252379 &#8211;Bionutrici\u00f3n y fertilizantes de liberaci\u00f3n lenta en agaves mezcaleros y pulqueros, SIP 20232778, SIP20241081 -Bioestimulantes vegetales en agave, SIP 20230068 y SIP 20240857 -Fertilizantes de liberaci\u00f3n lenta en especies silvestres del g\u00e9nero Agave, SIP 20210608, SIP 20220752 -Bacterias [&hellip;]<\/p>\n","protected":false},"author":47,"featured_media":0,"parent":0,"menu_order":0,"comment_status":"closed","ping_status":"closed","template":"","meta":{"_swt_meta_header_display":false,"_swt_meta_footer_display":false,"_swt_meta_site_title_display":false,"_swt_meta_sticky_header":false,"_swt_meta_transparent_header":false,"footnotes":""},"class_list":["post-12","page","type-page","status-publish","hentry"],"_links":{"self":[{"href":"https:\/\/web.ciidiroaxaca.ipn.mx\/mbautistac\/wp-json\/wp\/v2\/pages\/12","targetHints":{"allow":["GET"]}}],"collection":[{"href":"https:\/\/web.ciidiroaxaca.ipn.mx\/mbautistac\/wp-json\/wp\/v2\/pages"}],"about":[{"href":"https:\/\/web.ciidiroaxaca.ipn.mx\/mbautistac\/wp-json\/wp\/v2\/types\/page"}],"author":[{"embeddable":true,"href":"https:\/\/web.ciidiroaxaca.ipn.mx\/mbautistac\/wp-json\/wp\/v2\/users\/47"}],"replies":[{"embeddable":true,"href":"https:\/\/web.ciidiroaxaca.ipn.mx\/mbautistac\/wp-json\/wp\/v2\/comments?post=12"}],"version-history":[{"count":7,"href":"https:\/\/web.ciidiroaxaca.ipn.mx\/mbautistac\/wp-json\/wp\/v2\/pages\/12\/revisions"}],"predecessor-version":[{"id":72,"href":"https:\/\/web.ciidiroaxaca.ipn.mx\/mbautistac\/wp-json\/wp\/v2\/pages\/12\/revisions\/72"}],"wp:attachment":[{"href":"https:\/\/web.ciidiroaxaca.ipn.mx\/mbautistac\/wp-json\/wp\/v2\/media?parent=12"}],"curies":[{"name":"wp","href":"https:\/\/api.w.org\/{rel}","templated":true}]}}