{"id":7,"date":"2012-08-17T19:42:03","date_gmt":"2012-08-17T19:42:03","guid":{"rendered":"https:\/\/web.ciidiroaxaca.ipn.mx\/maragon\/tesis\/"},"modified":"2025-10-16T14:21:14","modified_gmt":"2025-10-16T20:21:14","slug":"tesis","status":"publish","type":"page","link":"https:\/\/web.ciidiroaxaca.ipn.mx\/maragons\/tesis\/","title":{"rendered":"Tesis"},"content":{"rendered":"\n<p>Torres-Z\u00e1rate, S. R.(2025) Fortalecimiento en el manejo integral de residuos s\u00f3lidos<br>urbanos del municipio de Santa Mar\u00eda Atzompa, desde la econom\u00eda solidaria y el buen vivir. Tesis de Maestr\u00eda en Gesti\u00f3n de Proyectos para el Desarrollo Solidario. IPN\u00a0<\/p>\n\n\n\n<p> Guti\u00e9rrez-Ruiz, L.(2025) Fortalecimiento de la cultura del agua en la elaboraci\u00f3n de artesan\u00edas textiles en Teotitl\u00e1n del Valle Oaxaca, M\u00e9xico. Tesis de Maestr\u00eda en Gesti\u00f3n de Proyectos para el Desarrollo Solidario. IPN\u00a0<\/p>\n\n\n\n<p> Santiago-Mendoza, P. E. (2024) Preservaci\u00f3n de la etnobot\u00e1nica medicinal tradicional de la cultura Xidza en San Gaspar Yagalaxi, Ixtl\u00e1n de Ju\u00e1rez, Oaxaca. Tesis de Maestr\u00eda en Gesti\u00f3n de Proyectos para el Desarrollo Solidario. IPN\u00a0 <\/p>\n\n\n\n<p>Gayt\u00e1n-Ram\u00edrez,  F. (2022). Dise\u00f1o del producto tur\u00edstico para la implementaci\u00f3n del ecoturismo ind\u00edgena en la comunidad de San Miguel Maninaltepec, Ixtl\u00e1n, Oaxaca. Tesis de Maestr\u00eda en Gesti\u00f3n de Proyectos para el Desarrollo Solidario. IPN\u00a0\u00a0<\/p>\n\n\n\n<p>2022 Santiago-Olivera, R. N. (2022). Fortalecimiento de una Unidad de Manejo para la Conservaci\u00f3n Comunitaria de venado cola blanca (Odocoileus virginianus) en San Pedro Yolox, Oaxaca. Tesis de Maestr\u00eda en Gesti\u00f3n de Proyectos para el Desarrollo Solidario. IPN\u00a0\u00a0<\/p>\n\n\n\n<p>Hern\u00e1ndez-Velasco,  T. (2022). Reactivaci\u00f3n de la Unidad de Manejo para la Conservaci\u00f3n comunitaria de venado cola blanca (Odocoileus virginianus) \u201cYolox\u201d mediante un plan operativo participativo, en la comunidad de San Pedro Y\u00f3lox, Oaxaca. Tesis de Maestr\u00eda en Gesti\u00f3n de Proyectos para el Desarrollo Solidario. IPN\u00a0\u00a0<\/p>\n\n\n\n<p> Osnaya-Ruiz, M. (2022) Adopci\u00f3n social de infraestructura hidr\u00e1ulica en San Baltazar Guelavila, Oaxaca: un an\u00e1lisis de la sistematizaci\u00f3n de experiencias.\u00a0Tesis de Maestr\u00eda en Gesti\u00f3n de Proyectos para el Desarrollo Solidario. IPN\u00a0<\/p>\n\n\n\n<p>P\u00e9rez-Cruz, V. (2018). Obras de recarga artificial y su percepci\u00f3n a trav\u00e9s del enfoque hidrosolidario en una comunidad rural del Oaxaca. Tesis de Maestr\u00eda en Gesti\u00f3n de Proyectos para el Desarrollo Solidario. IPN\u00a0<\/p>\n\n\n\n<p><\/p>\n","protected":false},"excerpt":{"rendered":"<p>Torres-Z\u00e1rate, S. R.(2025) Fortalecimiento en el manejo integral de residuos s\u00f3lidosurbanos del municipio de Santa Mar\u00eda Atzompa, desde la econom\u00eda solidaria y el buen vivir. Tesis de Maestr\u00eda en Gesti\u00f3n de Proyectos para el Desarrollo Solidario. IPN\u00a0 Guti\u00e9rrez-Ruiz, L.(2025) Fortalecimiento de la cultura del agua en la elaboraci\u00f3n de artesan\u00edas textiles en Teotitl\u00e1n del Valle [&hellip;]<\/p>\n","protected":false},"author":69,"featured_media":0,"parent":0,"menu_order":0,"comment_status":"closed","ping_status":"closed","template":"","meta":{"_swt_meta_header_display":false,"_swt_meta_footer_display":false,"_swt_meta_site_title_display":false,"_swt_meta_sticky_header":false,"_swt_meta_transparent_header":false,"footnotes":""},"class_list":["post-7","page","type-page","status-publish","hentry"],"_links":{"self":[{"href":"https:\/\/web.ciidiroaxaca.ipn.mx\/maragons\/wp-json\/wp\/v2\/pages\/7","targetHints":{"allow":["GET"]}}],"collection":[{"href":"https:\/\/web.ciidiroaxaca.ipn.mx\/maragons\/wp-json\/wp\/v2\/pages"}],"about":[{"href":"https:\/\/web.ciidiroaxaca.ipn.mx\/maragons\/wp-json\/wp\/v2\/types\/page"}],"author":[{"embeddable":true,"href":"https:\/\/web.ciidiroaxaca.ipn.mx\/maragons\/wp-json\/wp\/v2\/users\/69"}],"replies":[{"embeddable":true,"href":"https:\/\/web.ciidiroaxaca.ipn.mx\/maragons\/wp-json\/wp\/v2\/comments?post=7"}],"version-history":[{"count":5,"href":"https:\/\/web.ciidiroaxaca.ipn.mx\/maragons\/wp-json\/wp\/v2\/pages\/7\/revisions"}],"predecessor-version":[{"id":56,"href":"https:\/\/web.ciidiroaxaca.ipn.mx\/maragons\/wp-json\/wp\/v2\/pages\/7\/revisions\/56"}],"wp:attachment":[{"href":"https:\/\/web.ciidiroaxaca.ipn.mx\/maragons\/wp-json\/wp\/v2\/media?parent=7"}],"curies":[{"name":"wp","href":"https:\/\/api.w.org\/{rel}","templated":true}]}}