{"id":6,"date":"2012-08-17T19:41:18","date_gmt":"2012-08-17T19:41:18","guid":{"rendered":"https:\/\/web.ciidiroaxaca.ipn.mx\/maragon\/proyectos-de-investigacion\/"},"modified":"2025-10-22T06:27:37","modified_gmt":"2025-10-22T12:27:37","slug":"proyectos-de-investigacion","status":"publish","type":"page","link":"https:\/\/web.ciidiroaxaca.ipn.mx\/maragons\/proyectos-de-investigacion\/","title":{"rendered":"Proyectos de Investigaci\u00f3n"},"content":{"rendered":"\n<p><\/p>\n\n\n\n<p>2024 Identificaci\u00f3n del potencial de contaminaci\u00f3n h\u00eddrica generada en el tiradero municipal de Santa Mar\u00eda Atzompa Oax (<strong>SIP 20241996<\/strong>), IPN<\/p>\n\n\n\n<p>2023 Dise\u00f1o de una presa de ferrocemento para retenci\u00f3n de agua de lluvia en el paraje El Chapulin en Santa Cruz Xoxocotl\u00e1n (<strong>SIP 20231731<\/strong>), IPN<\/p>\n\n\n\n<p>2022 Efecto en el m\u00f3dulo de elasticidad de mortero hidr\u00e1ulico de la fibra de bagazo de maguey,\u00a0 Clave <strong>SIP 20221601<\/strong>, IPN <\/p>\n\n\n\n<p>2021. Efecto de la fibra de bagazo de maguey en la resistencia a la compresi\u00f3n del mortero hidr\u00e1ulico. Clave <strong>SIP 20210895<\/strong>, IPN.<\/p>\n\n\n\n<p>2020 . Determinaci\u00f3n de par\u00e1metros de dise\u00f1o para la construcci\u00f3n de una represa de ferrocemento en Valles Centrales de Oaxaca. Clave <strong>SIP 20200283<\/strong>, IPN (Participante)<\/p>\n\n\n\n<p>2019. Comportamiento de placas de mortero reforzadas con mallas de acero y barras de pol\u00edmeros reforzadas con fibras de vidrio (PRFV). Clave<strong> SIP 20196161<\/strong>, IPN. (Participante)<\/p>\n\n\n\n<p>2018 Efecto de esbeltez en placas de mortero armado., Clave <strong>SIP 20182198<\/strong>, IPN. (participante)<\/p>\n\n\n\n<p>2017. Asesor\u00eda en la construcci\u00f3n de una presa de ferrocemento en el paraje Xha Guees viis, Teotitl\u00e1n del Valle, Oax.<\/p>\n\n\n\n<p>2017 Estudio evaluaci\u00f3n de las obras construidas con fines de recarga del sistema acu\u00edfero en los Distritos de Ocotl\u00e1n, Zimatl\u00e1n y Ejutla, Oax., y sus implicaciones sobre el decreto de veda.<\/p>\n\n\n\n<p><\/p>\n","protected":false},"excerpt":{"rendered":"<p>2024 Identificaci\u00f3n del potencial de contaminaci\u00f3n h\u00eddrica generada en el tiradero municipal de Santa Mar\u00eda Atzompa Oax (SIP 20241996), IPN 2023 Dise\u00f1o de una presa de ferrocemento para retenci\u00f3n de agua de lluvia en el paraje El Chapulin en Santa Cruz Xoxocotl\u00e1n (SIP 20231731), IPN 2022 Efecto en el m\u00f3dulo de elasticidad de mortero hidr\u00e1ulico [&hellip;]<\/p>\n","protected":false},"author":69,"featured_media":0,"parent":0,"menu_order":0,"comment_status":"closed","ping_status":"closed","template":"","meta":{"_swt_meta_header_display":false,"_swt_meta_footer_display":false,"_swt_meta_site_title_display":false,"_swt_meta_sticky_header":false,"_swt_meta_transparent_header":false,"footnotes":""},"class_list":["post-6","page","type-page","status-publish","hentry"],"_links":{"self":[{"href":"https:\/\/web.ciidiroaxaca.ipn.mx\/maragons\/wp-json\/wp\/v2\/pages\/6","targetHints":{"allow":["GET"]}}],"collection":[{"href":"https:\/\/web.ciidiroaxaca.ipn.mx\/maragons\/wp-json\/wp\/v2\/pages"}],"about":[{"href":"https:\/\/web.ciidiroaxaca.ipn.mx\/maragons\/wp-json\/wp\/v2\/types\/page"}],"author":[{"embeddable":true,"href":"https:\/\/web.ciidiroaxaca.ipn.mx\/maragons\/wp-json\/wp\/v2\/users\/69"}],"replies":[{"embeddable":true,"href":"https:\/\/web.ciidiroaxaca.ipn.mx\/maragons\/wp-json\/wp\/v2\/comments?post=6"}],"version-history":[{"count":6,"href":"https:\/\/web.ciidiroaxaca.ipn.mx\/maragons\/wp-json\/wp\/v2\/pages\/6\/revisions"}],"predecessor-version":[{"id":61,"href":"https:\/\/web.ciidiroaxaca.ipn.mx\/maragons\/wp-json\/wp\/v2\/pages\/6\/revisions\/61"}],"wp:attachment":[{"href":"https:\/\/web.ciidiroaxaca.ipn.mx\/maragons\/wp-json\/wp\/v2\/media?parent=6"}],"curies":[{"name":"wp","href":"https:\/\/api.w.org\/{rel}","templated":true}]}}