{"id":5,"date":"2012-08-03T21:16:32","date_gmt":"2012-08-03T21:16:32","guid":{"rendered":"https:\/\/web.ciidiroaxaca.ipn.mx\/maragon\/publicaciones\/"},"modified":"2025-10-22T06:30:07","modified_gmt":"2025-10-22T12:30:07","slug":"publicaciones","status":"publish","type":"page","link":"https:\/\/web.ciidiroaxaca.ipn.mx\/maragons\/publicaciones\/","title":{"rendered":"Publicaciones"},"content":{"rendered":"\n<h3 class=\"wp-block-heading\">Publicaciones.<\/h3>\n\n\n\n<p>Morales,D. J. Arag\u00f3n S. M. y Ortiz G.M (2025) Aprendizaje comunitario del ferrocemento . con enfoque de sustentabilidad h\u00eddrica. en Ramos, S. A.; S\u00e1nchez, M. P.; M\u00e9ndez, G. E. y Sep\u00falveda, A. J. Problemas ambiental y alternativas hacia la sustentabilidad en agua, alimentaci\u00f3n y residuos. Medell\u00edn: Knowledge &amp; Sciences \/ Sello Editorial Corporaci\u00f3n Universitaria Americana.<\/p>\n\n\n\n<p>Santiago, M.P.; Gonz\u00e1lez P. G y Arag\u00f3n S., M. (2024) Aprendizaje transformativo para fortalecer la medicina herbolaria tradicional, caso San Batazar Yagalaxi, Ixtl\u00e1n, Oaxaca. en Ojeda O. M.; Rubio, A.Z. y Becerra, R. M. Educaci\u00f3n y aprendizaje en un mundo de diferencias. Ediciones ILCSA S.A. de C.V.<\/p>\n\n\n\n<p>&nbsp;Espinosa, F.T.; Arag\u00f3n S.M; Navarro, M.S.; y Ortiz, G. M. (2024) Aprendizaje Social como enfoque de apropiaci\u00f3n de la tecnolog\u00eda SCALL en un centro escolar rural: caso Santa Cruz Xoxocotl\u00e1n, Oaxaca. en Hern\u00e1ndez, R. M., Ocampo, F. I y Flores D. A. (Eds.),<em>La crisis del agua en el siglo XXI: Perspectivas y soluciones<\/em>. El Colegio de Tlaxcala, A. C<\/p>\n\n\n\n<p>Ortiz Guzm\u00e1n, M., Morales Dom\u00ednguez, V.,\u00a0 y Arag\u00f3n Sulik, M.(2022) Manejo adaptativo para incrementar la disponibilidad de agua para producci\u00f3n de seda en zona semi\u00e1rida. Una revisi\u00f3n a la agenda 2030, Cap 2(pp 530-538). Ediciones ILCSA S.A. de C.V.<\/p>\n\n\n\n<p>Arag\u00f3n, S.M., P\u00e9rez, C V. y Morales, D. V. (2021) Contribuci\u00f3n a la gobernanza del agua subterr\u00e1nea mediante la recarga artificial en San Antonino Oaxaca. Universidad &amp; Ciencia. No Extra 10. ISSN-e 2227-2690<\/p>\n\n\n\n<p>Arag\u00f3n,\u00a0 S. M., Escolero, O., Navarro, M. S, y Ortiz, G. M.(2015) Distribuci\u00f3n geogr\u00e1fica del ars\u00e9nico en el acu\u00edfero de los Valles centrales de Oaxaca, Revista Ingenier\u00eda Hidr\u00e1ulica y ambiental ISSN:1815-59IX, vol. XXXVI. N\u00famero I. Cuba.<\/p>\n\n\n\n<p>Arag\u00f3n S., Navarro M, S. Belmonte, J.S,. (2012) Calibraci\u00f3n del m\u00e9todo DRASTIC en acu\u00edferos utilizando nitratos como indicador. Revista cient\u00edfica de Ingenier\u00eda Hidr\u00e1ulica y ambiental, ISSN:1815-591 Vol. XXXIII. N\u00famero 2. Cuba<\/p>\n\n\n\n<p>Ortiz, G. M, Arag\u00f3n, S.M, y Morales, D.V. (2012) Presa de ferrocemento opci\u00f3n econ\u00f3mica para retenci\u00f3n de agua pluvial: caso de estudio. Revista cient\u00edfica de Ingenier\u00eda Hidr\u00e1ulica y ambiental, ISSN:1815-591 Vol. XXXIII. N\u00famero 2. Cuba.<\/p>\n\n\n\n<p>Navarro M, S., Belmonte, J.S., Arag\u00f3n, S.M. (2011) Contribuci\u00f3n al conocimiento de la calidad del agua en la zona de influencia del vertedero de residuos s\u00f3lidos urbanos, caso Oaxaca de Ju\u00e1rez. Revista Temas de ciencia y Tecnolog\u00eda, vol. 15 Universidad Tecnol\u00f3gica de la Mixteca.<\/p>\n\n\n\n<p>Ortiz, G. M, Arag\u00f3n, S.M, y Morales, D.V. (2009) La sustentabilidad h\u00eddrica mediante el almacenamiento comunitario en zonas marginadas de la Mixteca Alta de Oaxaca, M\u00e9xico. Revista cient\u00edfica de Ingenier\u00eda Hidr\u00e1ulica y ambiental, ISSN:1815-591 Vol. XXX, Cuba.<\/p>\n\n\n\n<h3 class=\"wp-block-heading\">Libro<\/h3>\n\n\n\n<p>Ortiz Guzm\u00e1n, M., Morales Dom\u00ednguez, V.,&nbsp; y Arag\u00f3n Sulik, M.(2012).&nbsp; Presa de ferrocemento para retener agua en zonas \u00e1ridas. Editorial Acad\u00e9mica Espa\u00f1ola. 88 pp.<\/p>\n\n\n\n<div class=\"wp-block-uagb-container uagb-block-176d5fe0 alignfull uagb-is-root-container\"><div class=\"uagb-container-inner-blocks-wrap\">\n\n<div class=\"wp-block-uagb-container uagb-block-33f56a76\"><\/div>\n\n\n<div class=\"wp-block-uagb-container uagb-block-6e7b6b1c\"><\/div>\n\n\n<div class=\"wp-block-uagb-container uagb-block-24a7bd5e\"><\/div>\n\n\n<div class=\"wp-block-uagb-container uagb-block-8880b7b2\"><\/div>\n\n<\/div><\/div>\n\n\n\n<div class=\"wp-block-uagb-container uagb-block-829de0b9 alignfull uagb-is-root-container\"><div class=\"uagb-container-inner-blocks-wrap\"><\/div><\/div>\n","protected":false},"excerpt":{"rendered":"<p>Publicaciones. Morales,D. J. Arag\u00f3n S. M. y Ortiz G.M (2025) Aprendizaje comunitario del ferrocemento . con enfoque de sustentabilidad h\u00eddrica. en Ramos, S. A.; S\u00e1nchez, M. P.; M\u00e9ndez, G. E. y Sep\u00falveda, A. J. Problemas ambiental y alternativas hacia la sustentabilidad en agua, alimentaci\u00f3n y residuos. Medell\u00edn: Knowledge &amp; Sciences \/ Sello Editorial Corporaci\u00f3n Universitaria [&hellip;]<\/p>\n","protected":false},"author":69,"featured_media":0,"parent":0,"menu_order":0,"comment_status":"closed","ping_status":"closed","template":"","meta":{"_swt_meta_header_display":false,"_swt_meta_footer_display":false,"_swt_meta_site_title_display":false,"_swt_meta_sticky_header":false,"_swt_meta_transparent_header":false,"footnotes":""},"class_list":["post-5","page","type-page","status-publish","hentry"],"_links":{"self":[{"href":"https:\/\/web.ciidiroaxaca.ipn.mx\/maragons\/wp-json\/wp\/v2\/pages\/5","targetHints":{"allow":["GET"]}}],"collection":[{"href":"https:\/\/web.ciidiroaxaca.ipn.mx\/maragons\/wp-json\/wp\/v2\/pages"}],"about":[{"href":"https:\/\/web.ciidiroaxaca.ipn.mx\/maragons\/wp-json\/wp\/v2\/types\/page"}],"author":[{"embeddable":true,"href":"https:\/\/web.ciidiroaxaca.ipn.mx\/maragons\/wp-json\/wp\/v2\/users\/69"}],"replies":[{"embeddable":true,"href":"https:\/\/web.ciidiroaxaca.ipn.mx\/maragons\/wp-json\/wp\/v2\/comments?post=5"}],"version-history":[{"count":8,"href":"https:\/\/web.ciidiroaxaca.ipn.mx\/maragons\/wp-json\/wp\/v2\/pages\/5\/revisions"}],"predecessor-version":[{"id":63,"href":"https:\/\/web.ciidiroaxaca.ipn.mx\/maragons\/wp-json\/wp\/v2\/pages\/5\/revisions\/63"}],"wp:attachment":[{"href":"https:\/\/web.ciidiroaxaca.ipn.mx\/maragons\/wp-json\/wp\/v2\/media?parent=5"}],"curies":[{"name":"wp","href":"https:\/\/api.w.org\/{rel}","templated":true}]}}