{"id":4,"date":"2012-08-03T21:10:21","date_gmt":"2012-08-03T21:10:21","guid":{"rendered":"https:\/\/web.ciidiroaxaca.ipn.mx\/maragon\/m-en-c-manuel-dino-aragon-sulik\/"},"modified":"2025-09-17T14:49:32","modified_gmt":"2025-09-17T14:49:32","slug":"m-en-c-manuel-dino-aragon-sulik","status":"publish","type":"page","link":"https:\/\/web.ciidiroaxaca.ipn.mx\/maragons\/","title":{"rendered":"M. en C. Manuel Dino Arag\u00f3n Sulik"},"content":{"rendered":"\n<h3 class=\"wp-block-heading has-text-align-center rtecenter\">&nbsp;<strong>Maestro en Ingenier\u00eda Hidr\u00e1ulica, UNAM&nbsp;<\/strong><\/h3>\n\n\n\n<ul class=\"wp-block-list\">\n<li>Eventos hidrometeorol\u00f3gicos extremos: evaluaci\u00f3n de sequias e inundaciones.<\/li>\n\n\n\n<li>Agua y sociedad: gobernanza, resiliencia, cultura del agua y aprendizaje social<\/li>\n\n\n\n<li>Gesti\u00f3n de cuencas, aprovechamientos h\u00eddricos, captaci\u00f3n de agua pluvial, obras hidr\u00e1ulicas y recarga artificial subterr\u00e1nea.<\/li>\n\n\n\n<li>Comportamiento din\u00e1mico de r\u00edos: modelaci\u00f3n num\u00e9rica.<\/li>\n<\/ul>\n\n\n\n<p class=\"has-text-align-center\">Correo electr\u00f3nico: maragons@ipn.mx<\/p>\n\n\n\n<p class=\"has-text-align-center\">Tel. &nbsp;5170610&nbsp;&nbsp;ext. 82716&nbsp;<\/p>\n","protected":false},"excerpt":{"rendered":"<p>&nbsp;Maestro en Ingenier\u00eda Hidr\u00e1ulica, UNAM&nbsp; Correo electr\u00f3nico: maragons@ipn.mx Tel. &nbsp;5170610&nbsp;&nbsp;ext. 82716&nbsp;<\/p>\n","protected":false},"author":69,"featured_media":0,"parent":0,"menu_order":0,"comment_status":"closed","ping_status":"closed","template":"","meta":{"_swt_meta_header_display":false,"_swt_meta_footer_display":false,"_swt_meta_site_title_display":false,"_swt_meta_sticky_header":false,"_swt_meta_transparent_header":false,"footnotes":""},"class_list":["post-4","page","type-page","status-publish","hentry"],"_links":{"self":[{"href":"https:\/\/web.ciidiroaxaca.ipn.mx\/maragons\/wp-json\/wp\/v2\/pages\/4","targetHints":{"allow":["GET"]}}],"collection":[{"href":"https:\/\/web.ciidiroaxaca.ipn.mx\/maragons\/wp-json\/wp\/v2\/pages"}],"about":[{"href":"https:\/\/web.ciidiroaxaca.ipn.mx\/maragons\/wp-json\/wp\/v2\/types\/page"}],"author":[{"embeddable":true,"href":"https:\/\/web.ciidiroaxaca.ipn.mx\/maragons\/wp-json\/wp\/v2\/users\/69"}],"replies":[{"embeddable":true,"href":"https:\/\/web.ciidiroaxaca.ipn.mx\/maragons\/wp-json\/wp\/v2\/comments?post=4"}],"version-history":[{"count":2,"href":"https:\/\/web.ciidiroaxaca.ipn.mx\/maragons\/wp-json\/wp\/v2\/pages\/4\/revisions"}],"predecessor-version":[{"id":32,"href":"https:\/\/web.ciidiroaxaca.ipn.mx\/maragons\/wp-json\/wp\/v2\/pages\/4\/revisions\/32"}],"wp:attachment":[{"href":"https:\/\/web.ciidiroaxaca.ipn.mx\/maragons\/wp-json\/wp\/v2\/media?parent=4"}],"curies":[{"name":"wp","href":"https:\/\/api.w.org\/{rel}","templated":true}]}}