{"id":8,"date":"2015-01-09T17:31:20","date_gmt":"2015-01-09T17:31:20","guid":{"rendered":"https:\/\/web.ciidiroaxaca.ipn.mx\/maladron\/actividades-academicas\/"},"modified":"2025-09-01T16:28:04","modified_gmt":"2025-09-01T16:28:04","slug":"actividades-academicas","status":"publish","type":"page","link":"https:\/\/web.ciidiroaxaca.ipn.mx\/maladron\/actividades-academicas\/","title":{"rendered":"Actividades acad\u00e9micas"},"content":{"rendered":"\n<p><strong>Asignaturas<\/strong><\/p>\n\n\n\n<div>\n<ul>\n<li style=\"text-align: left;\">Percepci\u00f3n Remota<\/li>\n<li style=\"text-align: left;\">Geof\u00edsica Aplicada<\/li>\n<li style=\"text-align: left;\">Introducci\u00f3n a la hidrogeolog\u00eda<\/li>\n<li style=\"text-align: left;\">Seminario de Investigaci\u00f3n<\/li>\n<li style=\"text-align: left;\">M\u00e9todos potenciales en la exploraci\u00f3n de recursos naturales<\/li>\n<\/ul>\n<\/div>\n","protected":false},"excerpt":{"rendered":"<p>Asignaturas Percepci\u00f3n Remota Geof\u00edsica Aplicada Introducci\u00f3n a la hidrogeolog\u00eda Seminario de Investigaci\u00f3n M\u00e9todos potenciales en la exploraci\u00f3n de recursos naturales<\/p>\n","protected":false},"author":32,"featured_media":0,"parent":0,"menu_order":0,"comment_status":"closed","ping_status":"closed","template":"","meta":{"_swt_meta_header_display":false,"_swt_meta_footer_display":false,"_swt_meta_site_title_display":false,"_swt_meta_sticky_header":false,"_swt_meta_transparent_header":false,"footnotes":""},"class_list":["post-8","page","type-page","status-publish","hentry"],"_links":{"self":[{"href":"https:\/\/web.ciidiroaxaca.ipn.mx\/maladron\/wp-json\/wp\/v2\/pages\/8","targetHints":{"allow":["GET"]}}],"collection":[{"href":"https:\/\/web.ciidiroaxaca.ipn.mx\/maladron\/wp-json\/wp\/v2\/pages"}],"about":[{"href":"https:\/\/web.ciidiroaxaca.ipn.mx\/maladron\/wp-json\/wp\/v2\/types\/page"}],"author":[{"embeddable":true,"href":"https:\/\/web.ciidiroaxaca.ipn.mx\/maladron\/wp-json\/wp\/v2\/users\/32"}],"replies":[{"embeddable":true,"href":"https:\/\/web.ciidiroaxaca.ipn.mx\/maladron\/wp-json\/wp\/v2\/comments?post=8"}],"version-history":[{"count":3,"href":"https:\/\/web.ciidiroaxaca.ipn.mx\/maladron\/wp-json\/wp\/v2\/pages\/8\/revisions"}],"predecessor-version":[{"id":55,"href":"https:\/\/web.ciidiroaxaca.ipn.mx\/maladron\/wp-json\/wp\/v2\/pages\/8\/revisions\/55"}],"wp:attachment":[{"href":"https:\/\/web.ciidiroaxaca.ipn.mx\/maladron\/wp-json\/wp\/v2\/media?parent=8"}],"curies":[{"name":"wp","href":"https:\/\/api.w.org\/{rel}","templated":true}]}}