{"id":5,"date":"2015-01-09T17:19:35","date_gmt":"2015-01-09T17:19:35","guid":{"rendered":"https:\/\/web.ciidiroaxaca.ipn.mx\/maladron\/publicaciones\/"},"modified":"2025-09-01T16:14:38","modified_gmt":"2025-09-01T16:14:38","slug":"publicaciones","status":"publish","type":"page","link":"https:\/\/web.ciidiroaxaca.ipn.mx\/maladron\/publicaciones\/","title":{"rendered":"Publicaciones"},"content":{"rendered":"\n<p>Mar\u00eda Ladr\u00f3n de Guevara, H\u00e9ctor J. Peinado-Guevara, Omar Delgado-Rodr\u00edguez, Vladimir Shevnin, Jaime Herrera-Barrientos, Salvador Isidro Belmonte-Jim\u00e9nez and V\u00edctor M. Peinado-Guevara. Geoelectrical and geochemical characterization of groundwater in shallow coastal aquifer (PJOES-01306-2016-02). Polish Journal of Environmental Studies, Vol. 26, No. 4 (2017), pp 1511-1519.\u00a0<a href=\"https:\/\/www.pjoes.com\/pdf-68423-24076?filename=Geoelectrical%20and.pdf\" target=\"_blank\" rel=\"noreferrer noopener\">https:\/\/www.pjoes.com\/pdf-68423-24076?filename=Geoelectrical%20and.pdf<\/a><\/p>\n\n\n\n<p>&nbsp;<\/p>\n\n\n\n<p>&nbsp;<\/p>\n\n\n\n<p><\/p>\n","protected":false},"excerpt":{"rendered":"<p>Mar\u00eda Ladr\u00f3n de Guevara, H\u00e9ctor J. Peinado-Guevara, Omar Delgado-Rodr\u00edguez, Vladimir Shevnin, Jaime Herrera-Barrientos, Salvador Isidro Belmonte-Jim\u00e9nez and V\u00edctor M. Peinado-Guevara. Geoelectrical and geochemical characterization of groundwater in shallow coastal aquifer (PJOES-01306-2016-02). Polish Journal of Environmental Studies, Vol. 26, No. 4 (2017), pp 1511-1519.\u00a0https:\/\/www.pjoes.com\/pdf-68423-24076?filename=Geoelectrical%20and.pdf &nbsp; &nbsp;<\/p>\n","protected":false},"author":32,"featured_media":0,"parent":0,"menu_order":0,"comment_status":"closed","ping_status":"closed","template":"","meta":{"_swt_meta_header_display":false,"_swt_meta_footer_display":false,"_swt_meta_site_title_display":false,"_swt_meta_sticky_header":false,"_swt_meta_transparent_header":false,"footnotes":""},"class_list":["post-5","page","type-page","status-publish","hentry"],"_links":{"self":[{"href":"https:\/\/web.ciidiroaxaca.ipn.mx\/maladron\/wp-json\/wp\/v2\/pages\/5","targetHints":{"allow":["GET"]}}],"collection":[{"href":"https:\/\/web.ciidiroaxaca.ipn.mx\/maladron\/wp-json\/wp\/v2\/pages"}],"about":[{"href":"https:\/\/web.ciidiroaxaca.ipn.mx\/maladron\/wp-json\/wp\/v2\/types\/page"}],"author":[{"embeddable":true,"href":"https:\/\/web.ciidiroaxaca.ipn.mx\/maladron\/wp-json\/wp\/v2\/users\/32"}],"replies":[{"embeddable":true,"href":"https:\/\/web.ciidiroaxaca.ipn.mx\/maladron\/wp-json\/wp\/v2\/comments?post=5"}],"version-history":[{"count":4,"href":"https:\/\/web.ciidiroaxaca.ipn.mx\/maladron\/wp-json\/wp\/v2\/pages\/5\/revisions"}],"predecessor-version":[{"id":50,"href":"https:\/\/web.ciidiroaxaca.ipn.mx\/maladron\/wp-json\/wp\/v2\/pages\/5\/revisions\/50"}],"wp:attachment":[{"href":"https:\/\/web.ciidiroaxaca.ipn.mx\/maladron\/wp-json\/wp\/v2\/media?parent=5"}],"curies":[{"name":"wp","href":"https:\/\/api.w.org\/{rel}","templated":true}]}}