{"id":4,"date":"2015-01-09T17:12:55","date_gmt":"2015-01-09T17:12:55","guid":{"rendered":"https:\/\/web.ciidiroaxaca.ipn.mx\/maladron\/dra-maria-de-los-angeles-ladron-de-guevara-torres\/"},"modified":"2025-09-02T17:55:59","modified_gmt":"2025-09-02T17:55:59","slug":"dra-maria-de-los-angeles-ladron-de-guevara-torres","status":"publish","type":"page","link":"https:\/\/web.ciidiroaxaca.ipn.mx\/maladron\/","title":{"rendered":"Dra. Mar\u00eda de los \u00c1ngeles Ladr\u00f3n de Guevara Torres"},"content":{"rendered":"\n<p class=\"has-text-align-center\"><strong>FISICA UNAM<\/strong><\/p>\n\n\n\n<p class=\"has-text-align-center\">Maestr\u00eda en Geof\u00edsica de Exploraci\u00f3n UNAM<\/p>\n\n\n\n<p class=\"has-text-align-center\">Profesor colegiado de posgrado del CIIDIR Oaxaca, Instituto Polit\u00e9cnico Nacional<\/p>\n\n\n\n<h5 class=\"wp-block-heading\">L\u00edneas de investigaci\u00f3n<\/h5>\n\n\n\n<ul class=\"wp-block-list\">\n<li>Procesamiento de im\u00e1genes de Sat\u00e9lites<\/li>\n\n\n\n<li>Hidrogeolog\u00eda ambiental<\/li>\n\n\n\n<li>Exploraci\u00f3n geof\u00edsica de recursos naturales<\/li>\n\n\n\n<li>Procesado e interpretaci\u00f3n de datos geof\u00edsicos<\/li>\n\n\n\n<li>Modelado computacional de acu\u00edferos<\/li>\n<\/ul>\n\n\n\n<h5 class=\"wp-block-heading\">Temas generales de Tesis (Lic y posgrado)<\/h5>\n\n\n\n<ul class=\"wp-block-list\">\n<li>Percepci\u00f3n remota para la exploraci\u00f3n de recursos naturales<\/li>\n\n\n\n<li>Modelado de flujo y transporte de sistemas acu\u00edferos<\/li>\n\n\n\n<li>Geof\u00edsica aplicada en monitoreo de contaminantes y exploraci\u00f3n de agua subterr\u00e1nea<\/li>\n\n\n\n<li>Cambio clim\u00e1tico:&nbsp; vulnerabilidad y adaptaci\u00f3n de sistemas h\u00eddricos<\/li>\n\n\n\n<li>Caracterizaci\u00f3n hidrogeol\u00f3gica de acu\u00edfero<\/li>\n<\/ul>\n\n\n\n<p class=\"has-text-align-center\">Correo electr\u00f3nico:\u00a0 <a href=\"mailto:maladron@ipn.mx\">maladron@ipn.mx<\/a>\u00a0\u00a0\u00a0\u00a0\u00a0\u00a0 Tel. 951-5171199, ext: 82716<\/p>\n\n\n\n<p><\/p>\n","protected":false},"excerpt":{"rendered":"<p>FISICA UNAM Maestr\u00eda en Geof\u00edsica de Exploraci\u00f3n UNAM Profesor colegiado de posgrado del CIIDIR Oaxaca, Instituto Polit\u00e9cnico Nacional L\u00edneas de investigaci\u00f3n Temas generales de Tesis (Lic y posgrado) Correo electr\u00f3nico:\u00a0 maladron@ipn.mx\u00a0\u00a0\u00a0\u00a0\u00a0\u00a0 Tel. 951-5171199, ext: 82716<\/p>\n","protected":false},"author":32,"featured_media":0,"parent":0,"menu_order":0,"comment_status":"closed","ping_status":"closed","template":"","meta":{"_swt_meta_header_display":false,"_swt_meta_footer_display":false,"_swt_meta_site_title_display":false,"_swt_meta_sticky_header":false,"_swt_meta_transparent_header":false,"footnotes":""},"class_list":["post-4","page","type-page","status-publish","hentry"],"_links":{"self":[{"href":"https:\/\/web.ciidiroaxaca.ipn.mx\/maladron\/wp-json\/wp\/v2\/pages\/4","targetHints":{"allow":["GET"]}}],"collection":[{"href":"https:\/\/web.ciidiroaxaca.ipn.mx\/maladron\/wp-json\/wp\/v2\/pages"}],"about":[{"href":"https:\/\/web.ciidiroaxaca.ipn.mx\/maladron\/wp-json\/wp\/v2\/types\/page"}],"author":[{"embeddable":true,"href":"https:\/\/web.ciidiroaxaca.ipn.mx\/maladron\/wp-json\/wp\/v2\/users\/32"}],"replies":[{"embeddable":true,"href":"https:\/\/web.ciidiroaxaca.ipn.mx\/maladron\/wp-json\/wp\/v2\/comments?post=4"}],"version-history":[{"count":7,"href":"https:\/\/web.ciidiroaxaca.ipn.mx\/maladron\/wp-json\/wp\/v2\/pages\/4\/revisions"}],"predecessor-version":[{"id":60,"href":"https:\/\/web.ciidiroaxaca.ipn.mx\/maladron\/wp-json\/wp\/v2\/pages\/4\/revisions\/60"}],"wp:attachment":[{"href":"https:\/\/web.ciidiroaxaca.ipn.mx\/maladron\/wp-json\/wp\/v2\/media?parent=4"}],"curies":[{"name":"wp","href":"https:\/\/api.w.org\/{rel}","templated":true}]}}