{"id":7,"date":"2011-10-18T21:07:29","date_gmt":"2011-10-18T21:07:29","guid":{"rendered":"https:\/\/web.ciidiroaxaca.ipn.mx\/lmendezla\/dra-lilia-leticia-mendez-lagunas\/"},"modified":"2026-04-13T20:08:33","modified_gmt":"2026-04-14T02:08:33","slug":"dra-lilia-leticia-mendez-lagunas","status":"publish","type":"page","link":"https:\/\/web.ciidiroaxaca.ipn.mx\/lmendezla\/","title":{"rendered":"Dra. Lilia Leticia M\u00e9ndez Lagunas"},"content":{"rendered":"\n<figure class=\"wp-block-image aligncenter is-resized\"><img decoding=\"async\" src=\"https:\/\/web.ciidiroaxaca.ipn.mx\/lmendezla\/wp-content\/uploads\/sites\/3\/2011\/10\/MENDEZ-LAGUNAS-LILIA-LETICIA.jpg\" alt=\"\" style=\"width:175px;height:auto\" \/><\/figure>\n\n\n\n<p><\/p>\n\n\n\n<p class=\"has-text-align-center\"><strong>Doctora en Ciencia y Tecnolog\u00eda de los Alimentos, Universit\u00e9 Laval, Canad\u00e1.<\/strong><\/p>\n\n\n\n<p class=\"has-text-align-center\">Maestra en Ciencia en Ingenier\u00eda Qu\u00edmica, Instituto Tecnol\u00f3gico de Celaya.<\/p>\n\n\n\n<p class=\"has-text-align-center\">Depto. de Ingenier\u00eda Qu\u00edmica, Celaya Gto., M\u00e9xico.<\/p>\n\n\n\n<p class=\"has-text-align-center\">Miembro del Sistema Nacional de Investigadores Nivel II (2024-2028).<\/p>\n\n\n\n<p class=\"has-text-align-center\">Premio a la Innovaci\u00f3n Mexicana 2025. Categor\u00eda N\u00b02-Modelo de utilidad por el proyecto \u00abColector solar de doble paso\u00bb. IMPI.<\/p>\n\n\n\n<p class=\"has-text-align-center\">Miembro de la Red de Biotecnolog\u00eda del IPN (2015-2028).<\/p>\n\n\n\n<p class=\"has-text-align-center\">Miembro de la Red de Energ\u00eda del IPN (2025-2028).<\/p>\n\n\n\n<p class=\"has-text-align-center\">Profesor Colegiado del posgrado del CIIDIR Oaxaca, Instituto Polit\u00e9cnico Nacional.<\/p>\n\n\n\n<p class=\"has-text-align-center\">Miembro de la Comisi\u00f3n de Evaluaci\u00f3n al Desempe\u00f1o Acad\u00e9mico (2008-a la fecha).<\/p>\n\n\n\n<h4 class=\"wp-block-heading\">L\u00edneas de investigaci\u00f3n:<\/h4>\n\n\n\n<ul class=\"wp-block-list\">\n<li>Productos nutrac\u00e9uticos particularmente antioxidantes, productos funcionales.<\/li>\n\n\n\n<li>Conservaci\u00f3n de los alimentos por deshidrataci\u00f3n.<\/li>\n\n\n\n<li>Efecto de procesos t\u00e9rmicos durante la industrializaci\u00f3n de productos con actividad nutrac\u00e9utica.<\/li>\n<\/ul>\n\n\n\n<p class=\"has-text-align-center\">correo electr\u00f3nico: lmendezla@ipn.mx<\/p>\n\n\n\n<p><\/p>\n","protected":false},"excerpt":{"rendered":"<p>Doctora en Ciencia y Tecnolog\u00eda de los Alimentos, Universit\u00e9 Laval, Canad\u00e1. Maestra en Ciencia en Ingenier\u00eda Qu\u00edmica, Instituto Tecnol\u00f3gico de Celaya. Depto. de Ingenier\u00eda Qu\u00edmica, Celaya Gto., M\u00e9xico. Miembro del Sistema Nacional de Investigadores Nivel II (2024-2028). Premio a la Innovaci\u00f3n Mexicana 2025. Categor\u00eda N\u00b02-Modelo de utilidad por el proyecto \u00abColector solar de doble paso\u00bb. [&hellip;]<\/p>\n","protected":false},"author":3,"featured_media":0,"parent":0,"menu_order":0,"comment_status":"closed","ping_status":"closed","template":"","meta":{"_swt_meta_header_display":false,"_swt_meta_footer_display":false,"_swt_meta_site_title_display":false,"_swt_meta_sticky_header":false,"_swt_meta_transparent_header":false,"footnotes":""},"class_list":["post-7","page","type-page","status-publish","hentry"],"_links":{"self":[{"href":"https:\/\/web.ciidiroaxaca.ipn.mx\/lmendezla\/wp-json\/wp\/v2\/pages\/7","targetHints":{"allow":["GET"]}}],"collection":[{"href":"https:\/\/web.ciidiroaxaca.ipn.mx\/lmendezla\/wp-json\/wp\/v2\/pages"}],"about":[{"href":"https:\/\/web.ciidiroaxaca.ipn.mx\/lmendezla\/wp-json\/wp\/v2\/types\/page"}],"author":[{"embeddable":true,"href":"https:\/\/web.ciidiroaxaca.ipn.mx\/lmendezla\/wp-json\/wp\/v2\/users\/3"}],"replies":[{"embeddable":true,"href":"https:\/\/web.ciidiroaxaca.ipn.mx\/lmendezla\/wp-json\/wp\/v2\/comments?post=7"}],"version-history":[{"count":5,"href":"https:\/\/web.ciidiroaxaca.ipn.mx\/lmendezla\/wp-json\/wp\/v2\/pages\/7\/revisions"}],"predecessor-version":[{"id":106,"href":"https:\/\/web.ciidiroaxaca.ipn.mx\/lmendezla\/wp-json\/wp\/v2\/pages\/7\/revisions\/106"}],"wp:attachment":[{"href":"https:\/\/web.ciidiroaxaca.ipn.mx\/lmendezla\/wp-json\/wp\/v2\/media?parent=7"}],"curies":[{"name":"wp","href":"https:\/\/api.w.org\/{rel}","templated":true}]}}