{"id":11,"date":"2011-10-18T21:50:32","date_gmt":"2011-10-18T21:50:32","guid":{"rendered":"https:\/\/web.ciidiroaxaca.ipn.mx\/lmendezla\/actividades-academicas\/"},"modified":"2026-04-13T18:09:58","modified_gmt":"2026-04-14T00:09:58","slug":"actividades-academicas","status":"publish","type":"page","link":"https:\/\/web.ciidiroaxaca.ipn.mx\/lmendezla\/actividades-academicas\/","title":{"rendered":"Actividades acad\u00e9micas"},"content":{"rendered":"\n<h2 class=\"wp-block-heading\">Doctorado:<\/h2>\n\n\n\n<ul class=\"wp-block-list\">\n<li>Seminario&nbsp;I.&nbsp; 2025-A.<\/li>\n\n\n\n<li>Seminario V. 2022-B.<\/li>\n\n\n\n<li>Seminario de Investigaci\u00f3n&nbsp; VI. 2020-A.<\/li>\n\n\n\n<li>Seminario&nbsp;de Investigaci\u00f3n I. 2019-B.<\/li>\n\n\n\n<li>Seminario&nbsp;de Investigaci\u00f3n I. 2019-A.<\/li>\n\n\n\n<li>Seminario de Investigaci\u00f3n VI. 2018-B.<\/li>\n\n\n\n<li>Seminario&nbsp;de Investigaci\u00f3n II. 2017-A.<\/li>\n\n\n\n<li>Seminario de Investigaci\u00f3n I. 2016-A.<\/li>\n<\/ul>\n\n\n\n<h2 class=\"wp-block-heading\">Maestr\u00eda:<\/h2>\n\n\n\n<ul class=\"wp-block-list\">\n<li>Seminario de Investigaci\u00f3n II (ING). 2026-A.<\/li>\n\n\n\n<li>Dise\u00f1os experimentales y an\u00e1lisis estad\u00edsticos de datos en Ingenier\u00eda (ING).&nbsp;2025-B.<\/li>\n\n\n\n<li>Temas selectos I (Inocuidad alimentaria) (ING). 2025-A.<\/li>\n\n\n\n<li>Dise\u00f1os experimentales y an\u00e1lisis estad\u00edsticos de datos en Ingenier\u00eda (ING).&nbsp;2025-A.<\/li>\n\n\n\n<li>Dise\u00f1os experimentales y an\u00e1lisis estad\u00edsticos de datos en Ingenier\u00eda (ING).&nbsp;2024-B.<\/li>\n\n\n\n<li>Temas selectos I (ING).&nbsp;2024-B.<\/li>\n\n\n\n<li>Dise\u00f1os experimentales y an\u00e1lisis estad\u00edsticos de datos en Ingenier\u00eda (ING).&nbsp;2024-B.<\/li>\n\n\n\n<li>Seminario de Investigaci\u00f3n II* (ING). 2024-B.<\/li>\n\n\n\n<li>Dise\u00f1os experimentales y an\u00e1lisis estad\u00edsticos de datos en Ingenier\u00eda. 2024-A.<\/li>\n\n\n\n<li>Principios b\u00e1sicos de cromatograf\u00eda de gases-FID.&nbsp;04, 05, 06 octubre 2023.<\/li>\n\n\n\n<li>Dise\u00f1os experimentales y an\u00e1lisis estad\u00edstico de datos en ingenier\u00eda (ING).&nbsp;2023-B.<\/li>\n\n\n\n<li>Seminario de Investigaci\u00f3n&nbsp; III (ING). 2023-A.<\/li>\n\n\n\n<li>Dise\u00f1os experimentales y an\u00e1lisis estad\u00edstico de datos en ingenier\u00eda. 2022-B.<\/li>\n\n\n\n<li>Dise\u00f1os experimentales y an\u00e1lisis estad\u00edstico de datos en ingenier\u00eda. 2022-A.<\/li>\n\n\n\n<li>Temas selecto (Inocuidad Alimentaria). 2022-A.<\/li>\n\n\n\n<li>Seminario de Investigaci\u00f3n I. 2021-B.<\/li>\n\n\n\n<li>Exenci\u00f3n total: 2021-A.<\/li>\n\n\n\n<li>Dise\u00f1os experimentales y an\u00e1lisis estad\u00edstico de datos en ingenier\u00eda. 2020-B.<\/li>\n\n\n\n<li>Dise\u00f1os experimentales y an\u00e1lisis estad\u00edstico de datos en ingenier\u00eda. 2020-A.<\/li>\n\n\n\n<li>Seminario de Investigaci\u00f3n II. 2020-A.<\/li>\n\n\n\n<li>Dise\u00f1os experimentales y an\u00e1lisis estad\u00edstico de datos en ingenier\u00eda. 2019-B.<\/li>\n\n\n\n<li>Dise\u00f1os experimentales y an\u00e1lisis estad\u00edstico de datos en ingenier\u00eda. 2019-A.<\/li>\n\n\n\n<li>Dise\u00f1os experimentales y an\u00e1lisis estad\u00edsticos de datos en ingenier\u00eda 2018-B.<\/li>\n<\/ul>\n\n\n\n<h5 class=\"wp-block-heading\">Semestre 2017B-2018A, A\u00f1o sab\u00e1tico.<\/h5>\n\n\n\n<ul class=\"wp-block-list\">\n<li>Seminario de Investigaci\u00f3n II. 2017-A.<\/li>\n\n\n\n<li>Dise\u00f1os experimentales y an\u00e1lisis estad\u00edsticos de datos en ingenier\u00eda 2016-B.<\/li>\n\n\n\n<li>Seminario de Investigaci\u00f3n I. 2016-A.<\/li>\n\n\n\n<li>Qu\u00edmica de los Alimentos. 2016-A.<\/li>\n\n\n\n<li>T\u00e9cnicas de separaci\u00f3n y m\u00e9todos instrumentales de an\u00e1lisis 2016-A.<\/li>\n\n\n\n<li>Dise\u00f1os experimentales y an\u00e1lisis estad\u00edstico de datos en ingenier\u00eda. 2015-B.<\/li>\n\n\n\n<li>Dise\u00f1os experimentales y an\u00e1lisis estad\u00edstico de datos en ingenier\u00eda. 2015-B.<\/li>\n<\/ul>\n","protected":false},"excerpt":{"rendered":"<p>Doctorado: Maestr\u00eda: Semestre 2017B-2018A, A\u00f1o sab\u00e1tico.<\/p>\n","protected":false},"author":3,"featured_media":0,"parent":0,"menu_order":0,"comment_status":"closed","ping_status":"closed","template":"","meta":{"_swt_meta_header_display":false,"_swt_meta_footer_display":false,"_swt_meta_site_title_display":false,"_swt_meta_sticky_header":false,"_swt_meta_transparent_header":false,"footnotes":""},"class_list":["post-11","page","type-page","status-publish","hentry"],"_links":{"self":[{"href":"https:\/\/web.ciidiroaxaca.ipn.mx\/lmendezla\/wp-json\/wp\/v2\/pages\/11","targetHints":{"allow":["GET"]}}],"collection":[{"href":"https:\/\/web.ciidiroaxaca.ipn.mx\/lmendezla\/wp-json\/wp\/v2\/pages"}],"about":[{"href":"https:\/\/web.ciidiroaxaca.ipn.mx\/lmendezla\/wp-json\/wp\/v2\/types\/page"}],"author":[{"embeddable":true,"href":"https:\/\/web.ciidiroaxaca.ipn.mx\/lmendezla\/wp-json\/wp\/v2\/users\/3"}],"replies":[{"embeddable":true,"href":"https:\/\/web.ciidiroaxaca.ipn.mx\/lmendezla\/wp-json\/wp\/v2\/comments?post=11"}],"version-history":[{"count":9,"href":"https:\/\/web.ciidiroaxaca.ipn.mx\/lmendezla\/wp-json\/wp\/v2\/pages\/11\/revisions"}],"predecessor-version":[{"id":99,"href":"https:\/\/web.ciidiroaxaca.ipn.mx\/lmendezla\/wp-json\/wp\/v2\/pages\/11\/revisions\/99"}],"wp:attachment":[{"href":"https:\/\/web.ciidiroaxaca.ipn.mx\/lmendezla\/wp-json\/wp\/v2\/media?parent=11"}],"curies":[{"name":"wp","href":"https:\/\/api.w.org\/{rel}","templated":true}]}}