{"id":8,"date":"2011-10-31T20:13:17","date_gmt":"2011-10-31T20:13:17","guid":{"rendered":"https:\/\/web.ciidiroaxaca.ipn.mx\/llagunez\/tesis\/"},"modified":"2025-09-04T18:57:08","modified_gmt":"2025-09-04T18:57:08","slug":"tesis","status":"publish","type":"page","link":"https:\/\/web.ciidiroaxaca.ipn.mx\/llagunez\/tesis\/","title":{"rendered":"Tesis"},"content":{"rendered":"\n<ul class=\"wp-block-list\">\n<li>Aislamiento, Identificaci\u00f3n y Efecto de los Aceites Esenciales de Bursera bipinata en el control de Hemileia vastatrix. Nivel Doctorado. <strong>Emanuel Hern\u00e1ndez Cortes<\/strong>. (En proceso).<\/li>\n\n\n\n<li>Efecto de Laelia albida, Laelia dawsonni, Laelia\u00a0halbingeriana como Neuroprotector en un modelo de degeneraci\u00f3n inducida de neuritas en neuronas corticales cultivadas de embriones de rat\u00f3n ddY pre\u00f1ado. Nivel Doctorado. <strong>Jos\u00e9 Antonio Maldonado Garc\u00eda<\/strong>. (En proceso).<\/li>\n\n\n\n<li>Extracci\u00f3n selectiva de compuestos anticoagulantes de Prosthechea karwinskii. Nivel maestr\u00eda. <strong>Anel Karina Bernal Mart\u00ednez<\/strong>. (En proceso)<\/li>\n\n\n\n<li>Desarrollo de un m\u00e9todo de aislamiento con qu\u00edmica verde de compuestos bioactivos a partir de una especie vegetal y evaluaci\u00f3n de su efecto en el sistema nervioso central. Nivel doctorado. <strong>Mayra Ariadna Garc\u00eda Pati\u00f1o<\/strong>. (En proceso)<\/li>\n\n\n\n<li>Aplicaci\u00f3n de la Qu\u00edmica Verde en la Identificaci\u00f3n y Evaluaci\u00f3n del Efecto de los Compuestos Bioactivos de Crescentia alata como Antiinflamatorios y Anticancerigenos. Nivel doctorado. <strong>Paola Ester L\u00f3pez D\u00edaz<\/strong>. (En proceso)<\/li>\n\n\n\n<li>Estudio antiinflamatorio del aceite esencial de Salmea scandens en fibroblastos de pulpa dental. Nivel maestr\u00eda, <strong>Olivia Maciel Amador<\/strong>. (En proceso).<\/li>\n\n\n\n<li>Plantas nativas de Cuilap\u00e1m de Guerrero con uso tradicional en toxicidad para insectos y con posible potencial como repelentes de mosquitos. Nivel Licenciatura. <strong>Ver\u00f3nica Silva Calleja<\/strong>. Instituto Tecnol\u00f3gico del Valle de Oaxaca. (Concluida el 2 de marzo 2022).<\/li>\n\n\n\n<li>Aceites esenciales en frutos de Burcera bipinnata en San Pedro Juchatengo, Oaxaca. Nivel maestr\u00eda, <strong>Emanuel Hern\u00e1ndez Cortes<\/strong>. Insituto Tecnol\u00f3gico del Valle de Oaxaca. (Concluida el 23 de agosto 2022).<\/li>\n\n\n\n<li>Estudio antiinflamatorio del aceite esencial deSalmea scandensen fibroblastos de pulpa dental. Nivel maestr\u00eda, <strong>Olivia Maciel Amador<\/strong>. (En proceso).<\/li>\n\n\n\n<li>Extracci\u00f3n asistida con ultrasonidos e identificaci\u00f3n de metabolitos secundarios de Laelia furfur\u00e1cea (Orchidaceae) con efecto en la actividad de los factores de la coagulaci\u00f3n y la agregaci\u00f3n plaquetaria de donadores sanos y pacientes con trombosis. Nivel Doctorado, <strong>Abimael L\u00f3pez P\u00e9rez<\/strong>. (Concluida 12 agosto 2022).<\/li>\n\n\n\n<li>Aislamiento asistido con energ\u00edas renovables de compuestos fen\u00f3licos de Prosthechea karwinskii y su efecto en s\u00edndrome metab\u00f3lico. Nivel Doctorado, <strong>Gabriela Soledad Barrag\u00e1n Zarate<\/strong>. (Concluida 17 diciembre 2021).<\/li>\n\n\n\n<li>Evoluci\u00f3n de la actividad hipoglucemiante de extractos hidroalcoholicos de semilla de Moringa oleifera en un modelo murino. <strong>Jonathan de Jesus Perez Tejas<\/strong>. Tecnol\u00f3gico Nacional de M\u00e9xico, Instituto Tecnl\u00f3gico de Tuxtepec. Concluida 29 julio de 2020.<\/li>\n\n\n\n<li>Identificaci\u00f3n y evaluaci\u00f3n de la bioaccesibilidad de los compuestos bioactivos de extractos de hojas de Moringa oelifera mediante un simulador g\u00e1strico. <strong>Josue Lucas Merino<\/strong>. Tecnol\u00f3gico Nacional de Mexico, Instituto Tecnol\u00f3gico de Tuxtepec. Concluida 31 enero de 2020.<\/li>\n\n\n\n<li>Manejo sustentable de Prosthechea karwinskii (Mart.) J.M.H. Shaw a trav\u00e9s de su caracterizaci\u00f3n ecol\u00f3gica, la identificaci\u00f3n de las fragancias florales y su propagaci\u00f3n In vitro. <strong>Cristella D\u00edaz Bedolla<\/strong>. Universidad Michoacana de San Nicol\u00e1s de Hidalgo. Maestr\u00eda. Concluida obtenci\u00f3n de grado 28 de agosto 2020.<\/li>\n\n\n\n<li>Fitoquimica y Actividad biol\u00f3gica de Prosthechea karwinskii (Orchidaceae). Nivel doctorado, <strong>Alejandra Rojas Olivos<\/strong>. (Obtenci\u00f3n de grado 26 de marzo 2019).<\/li>\n\n\n\n<li>Extracci\u00f3n, cuantificaci\u00f3n y actividad antiinflamatoria de compuestos fen\u00f3licos de \u00a0Laelia furfur\u00e1cea (Orchidaceae). Nivel Maestr\u00eda, <strong>Abimael L\u00f3pez P\u00e9rez<\/strong>. (Obtenci\u00f3n de grado 16 de junio del 2016).<\/li>\n\n\n\n<li>Extracci\u00f3n asistida por microondas de polisac\u00e1ridos del nopal (Opuntia ficus). Nivel Licenciatura, Salvador Castro Ram\u00edrez.<\/li>\n\n\n\n<li>Evaluaci\u00f3n de la actividad antifungica in vitro de extractos de agave nussaviorum obtenidos por el uso de energ\u00edas alternas. Nivel Maestr\u00eda, <strong>Priscila Ch\u00e1vez Ru\u00edz<\/strong>. (Obtenci\u00f3n de grado 20 de enero 2015).<\/li>\n\n\n\n<li>Evaluaci\u00f3n del efecto en la Actividad Antioxidante de los extractos obtenidos por m\u00e9todos asistidos con ultrasonidos en Prosthechea karwinskii (Orchidaceae). <strong>Blanca Yakelina Silva Valeriano<\/strong> (Titulado 27 noviembre 2014).<\/li>\n\n\n\n<li>Evaluaci\u00f3n del efecto hipoglucemiante de las fracciones del extracto del Ricinus comunis. Nivel Maestr\u00eda, <strong>Martha Lorenzo P\u00e9rez<\/strong>. (Obtenci\u00f3n de grado 3 de mayo 2013).<\/li>\n\n\n\n<li>Caracterizaci\u00f3n de la cin\u00e9tica de Crecimiento de Microorganismos L\u00e1cticos a trav\u00e9s de Ultrasonidos y sus transformada Wavelet. Nivel Maestr\u00eda, <strong>Luis Ricardo Reyes Est\u00e9vez<\/strong>. (Obtenci\u00f3n de grado 13 de diciembre 2011)<\/li>\n\n\n\n<li>An\u00e1lisis qu\u00edmico de las fragancias producidas por las orqu\u00eddeas Prosthechea varicosa y Prosthechea karwinskii para la identificaci\u00f3n de compuestos vol\u00e1tiles. Nivel Maestr\u00eda, <strong>Xochitl Pantale\u00f3n Bautista<\/strong>. (Obtenci\u00f3n de grado 9 de diciembre 2011).<\/li>\n\n\n\n<li>Evaluaci\u00f3n microbiol\u00f3gica del quesillo con la aplicaci\u00f3n de un nuevo recubrimiento comestible. Nivel licenciatura, <strong>Carina Gladis Cruz Ram\u00edrez<\/strong>. (Titulada en 24 junio 2011).<\/li>\n\n\n\n<li>Estudio de la actividad antimicrobiana del aceite esencial y extractos vegetales evaluados en quesillo. Nivel Maestr\u00eda, <strong>Adri\u00e1n Crist\u00f3bal Enr\u00edquez Araujo<\/strong>, (obtenci\u00f3n de grado el 15 de diciembre 2010).<\/li>\n\n\n\n<li>Obtenci\u00f3n de extractos naturales utilizando diversos m\u00e9todos de extracci\u00f3n. Nivel licenciatura, <strong>David Garc\u00eda Toledo<\/strong>. (Titulado 2 diciembre 2010).<\/li>\n\n\n\n<li>Optimizaci\u00f3n de m\u00e9todos de extracci\u00f3n con energ\u00edas auxiliares y caracterizaci\u00f3n de la fracci\u00f3n fen\u00f3lica de Prosthechea karwinskii y Prosthechea varicosa. Nivel Maestr\u00eda, <strong>Oscar Francisco Mijangos Ric\u00e1rdez<\/strong>. (Obtenci\u00f3n de grado el 17 junio 2010).<\/li>\n\n\n\n<li>Evaluaci\u00f3n del efecto de sonicaci\u00f3n-microondas en el beneficio de vainilla (Vanilla planifolia Andrews). Nivel Maestr\u00eda, <strong>Isidro Pacheco Reyes<\/strong>. (Obtenci\u00f3n de grado el 31 de Julio 2009).<\/li>\n\n\n\n<li>Hidrodestilaci\u00f3n y caracterizaci\u00f3n del aceite esencial de plantas medicinales de Santa Mar\u00eda Huitepec, Oaxaca. Nivel Maestr\u00eda, <strong>Alejandra Rojas Olivo<\/strong>. (Obtenci\u00f3n de grado el 31 de Julio 2009).<\/li>\n\n\n\n<li>Desarrollo de un producto org\u00e1nico de humedad intermedia a partir del fruto de maracuya (Passiflora edulis) var. flavicarpa y evaluaci\u00f3n de los par\u00e1metros indicadores de aceptaci\u00f3n por el consumidor. Nivel Licenciatura, <strong>Alma Dolores Ram\u00edrez Pacheco<\/strong>, Facultad de Ciencias Qu\u00edmicas de la UABJO, (titulada el 6 septiembre 2002).<\/li>\n\n\n\n<li>Elaboraci\u00f3n de ate a partir de maracuya (Passiflora edulis Sims var. Flavicarpa). Nivel Licenciatura, <strong>Hortencia Jim\u00e9nez P\u00e9rez<\/strong>, ITVO, (titulada el 5 septiembre 2002).<\/li>\n\n\n\n<li>Determinaci\u00f3n del \u00edndice de corte en mango variedad oro. Nivel Licenciatura, <strong>Luis Alberto Hern\u00e1ndez Osorio<\/strong>, (titulada 27 octubre de 1999).<\/li>\n\n\n\n<li>Deshidratado de achiote (Bixa orellana) como una alternativa de conservaci\u00f3n. Nivel Licenciatura, <strong>Soledad Esther Maldonado Bravo<\/strong>, (titulada 14 diciembre de 1998).<\/li>\n\n\n\n<li>Caracterizaci\u00f3n f\u00edsico-qu\u00edmica de achiote (Bixa orellana) que se produce en la regi\u00f3n mazateca del Estado de Oaxaca. Nivel Licenciatura, <strong>Jes\u00fas Carlos Gonz\u00e1lez Melchor<\/strong>, (titulada 10 diciembre de 1998).<\/li>\n\n\n\n<li>Determinaci\u00f3n de las isotermas de sorci\u00f3n en polvo de mango deshidratado por aspersi\u00f3n. Nivel Licenciatura, <strong>Zoila Soledad Cuevas L\u00f3pez<\/strong>, (titulada 27 marzo de 1996).<\/li>\n<\/ul>\n","protected":false},"excerpt":{"rendered":"","protected":false},"author":14,"featured_media":0,"parent":0,"menu_order":0,"comment_status":"closed","ping_status":"closed","template":"","meta":{"_swt_meta_header_display":false,"_swt_meta_footer_display":false,"_swt_meta_site_title_display":false,"_swt_meta_sticky_header":false,"_swt_meta_transparent_header":false,"footnotes":""},"class_list":["post-8","page","type-page","status-publish","hentry"],"_links":{"self":[{"href":"https:\/\/web.ciidiroaxaca.ipn.mx\/llagunez\/wp-json\/wp\/v2\/pages\/8","targetHints":{"allow":["GET"]}}],"collection":[{"href":"https:\/\/web.ciidiroaxaca.ipn.mx\/llagunez\/wp-json\/wp\/v2\/pages"}],"about":[{"href":"https:\/\/web.ciidiroaxaca.ipn.mx\/llagunez\/wp-json\/wp\/v2\/types\/page"}],"author":[{"embeddable":true,"href":"https:\/\/web.ciidiroaxaca.ipn.mx\/llagunez\/wp-json\/wp\/v2\/users\/14"}],"replies":[{"embeddable":true,"href":"https:\/\/web.ciidiroaxaca.ipn.mx\/llagunez\/wp-json\/wp\/v2\/comments?post=8"}],"version-history":[{"count":3,"href":"https:\/\/web.ciidiroaxaca.ipn.mx\/llagunez\/wp-json\/wp\/v2\/pages\/8\/revisions"}],"predecessor-version":[{"id":48,"href":"https:\/\/web.ciidiroaxaca.ipn.mx\/llagunez\/wp-json\/wp\/v2\/pages\/8\/revisions\/48"}],"wp:attachment":[{"href":"https:\/\/web.ciidiroaxaca.ipn.mx\/llagunez\/wp-json\/wp\/v2\/media?parent=8"}],"curies":[{"name":"wp","href":"https:\/\/api.w.org\/{rel}","templated":true}]}}