{"id":7,"date":"2011-10-31T20:10:21","date_gmt":"2011-10-31T20:10:21","guid":{"rendered":"https:\/\/web.ciidiroaxaca.ipn.mx\/llagunez\/proyectos-de-investigacion\/"},"modified":"2025-09-04T18:30:48","modified_gmt":"2025-09-04T18:30:48","slug":"proyectos-de-investigacion","status":"publish","type":"page","link":"https:\/\/web.ciidiroaxaca.ipn.mx\/llagunez\/proyectos-de-investigacion\/","title":{"rendered":"Proyectos de investigaci\u00f3n"},"content":{"rendered":"\n<ul class=\"wp-block-list\">\n<li>Aislamiento asistido con qu\u00edmica verde y Aplicaci\u00f3n de compuestos bioactivos para el desarrollo de bioplaguicidas con base en el conocimiento etnobot\u00e1nico. Proyecto Multidisciplinario 2128. (<strong>Coordinador<\/strong>)<\/li>\n\n\n\n<li>Desarrollo de m\u00e9todos para el aislamiento e identificaci\u00f3n de compuestos bioactivos de origen vegetal asistido con qu\u00edmica verde. SIP 20220649, Proyecto Multidisciplinario clave SIP-2128 (<strong>Director<\/strong>).<\/li>\n\n\n\n<li>Desarrollo de m\u00e9todos para el aislamiento e identificaci\u00f3n de compuestos bioactivos de origen vegetal asistido con qu\u00edmica verde. SIP 20210285, Proyecto Multidisciplinario clave SIP-2128 \u00a0(<strong>Director<\/strong>).<\/li>\n\n\n\n<li>Aislamiento asistido con qu\u00edmica verde y Aplicaci\u00f3n de compuestos bioactivos para el desarrollo de bioplaguicidas con base en el conocimiento etnobot\u00e1nico. Proyecto Multidisciplinario 2128. (<strong>Coordinador<\/strong>)<\/li>\n\n\n\n<li>Desarrollo de m\u00e9todos para el aislamiento e identificaci\u00f3n de compuestos bioactivos de origen vegetal asistido con qu\u00edmica verde. SIP 20202023, (<strong>Director<\/strong>).<\/li>\n\n\n\n<li>Identificaci\u00f3n y bioactividad de compuestos en aceite esencial aislado de plantas arom\u00e1ticas por m\u00e9todos asistidos con qu\u00edmica verde. SIP 20195897. (<strong>Director<\/strong>).<\/li>\n\n\n\n<li>M\u00e9todos de Aislamiento de Compuestos Antiinflamatorios de Prothechea karwinskii asistidos con Energ\u00eda Renovable. SIP 20180382.\u00a0(<strong>Director<\/strong>).<\/li>\n\n\n\n<li>M\u00e9todos de Aislamiento de Compuestos Antiinflamatorios de Prothechea karwinskii asistidos con Energ\u00eda Renovable. SIP20170263. (<strong>Director<\/strong>).<\/li>\n\n\n\n<li>Variabilidad geogr\u00e1fica en la composici\u00f3n del extracto hidroetanolico de la orqu\u00eddea Prosthechea karwinskii y su potencial antiinflamatorio. SIP20170169. (<strong>Participante<\/strong>).<\/li>\n\n\n\n<li>Proyecto de Apoyo al Fortalecimiento y Desarrollo de la Infraestructura Cient\u00edfica y Tecnol\u00f3gica \u201cFortalecimiento al Laboratorio de Extracci\u00f3n y An\u00e1lisis de Productos Naturales Renovables Vegetales\u201d clave CONACYT 270428, clave SIP-2016-RE\/050, (<strong>Director<\/strong>).<\/li>\n\n\n\n<li>Identificaci\u00f3n de los compuestos vol\u00e1tiles de Laelia furfur\u00e1cea. SIP20161270. (<strong>Director<\/strong>).\u00a0\u00a0<\/li>\n\n\n\n<li>Identificaci\u00f3n de los compuestos vol\u00e1tiles de Prosthechea karwinskii. SIP20151953. (<strong>Director<\/strong>).<\/li>\n\n\n\n<li>Sistemas reproductivos e hibridaci\u00f3n en especies simp\u00e1tricas del g\u00e9nero Lepanthes (Orchidaceae). SIP 20151431. (<strong>Participante<\/strong>).<\/li>\n\n\n\n<li>Extracci\u00f3n y purificaci\u00f3n de manoglicanos de Prosthechea karwinskii Orchidaceae) y su evaluaci\u00f3n en par\u00e1metros caracter\u00edsticos del s\u00edndrome metab\u00f3lico. SIP 20141332 (<strong>Director<\/strong>).<\/li>\n\n\n\n<li>Extracci\u00f3n de las mol\u00e9culas antioxidantes de Prostechea karwinskii (Orchidaceae) SIP 20131737 (<strong>Director<\/strong>).<\/li>\n\n\n\n<li>Estratificaci\u00f3n vertical de una comunidad de epifitas vasculares en bosque de encino. SIP 20131364 (<strong>Participante<\/strong>).<\/li>\n\n\n\n<li>Estudio fisicoqu\u00edmico y actividad biol\u00f3gica del muc\u00edlago de Prostechea karwinskii (Orchidaceae). SIP 20121368 \u00a0(<strong>Director<\/strong>).<\/li>\n\n\n\n<li>Biolog\u00eda floral de Prosthechea michuacana. SIP 20121328 (<strong>Participante<\/strong>).<\/li>\n\n\n\n<li>Desarrollo tecnol\u00f3gico de aditivos sustentables de alto valor agregado para la industria del concreto: modificadores de viscosidad (autoconsolidables), aligerantes y desmoldantes, Clave CONACYT 150440, clave SIP-2011-RE\/119 \u00a0(<strong>Director<\/strong>).<\/li>\n\n\n\n<li>Caracterizaci\u00f3n de los compuestos vol\u00e1tiles de Prosthechea varicosa. SIP 20110617 (Director).<\/li>\n\n\n\n<li>Caracterizaci\u00f3n de la fermentaci\u00f3n l\u00e1ctica mediante transformada wavelet. 20110131 (Participante).<\/li>\n\n\n\n<li>Icones ochidacearum: Orchids of M\u00e9xico 5. SIP 20110478. (<strong>Participante<\/strong>).<\/li>\n\n\n\n<li>Desarrollo de aditivos, compuestos y energ\u00eda sustentables para la industria del concreto. Clave CONACYT 137669, clave SIP-2010-RE\/95 \u00a0(<strong>Participante<\/strong>).<\/li>\n\n\n\n<li>An\u00e1lisis qu\u00edmico de orqu\u00eddeas de Oaxaca. SIP 20100309 (<strong>Director<\/strong>).<\/li>\n\n\n\n<li>Icones Orchidacearum: Orchids of Mexico Parts 5 and 6. SIP 20100307 (<strong>Participante<\/strong>).<\/li>\n\n\n\n<li>Uso de energ\u00edas alternas para el aprovechamiento de los recursos vegetales.\u00a0 SIP 20090760\u00a0(<strong>Director<\/strong>).<\/li>\n\n\n\n<li>Orqu\u00eddeas en riesgo del estado de Oaxaca. SIP 20090393 (Participante).<\/li>\n\n\n\n<li>Valorizaci\u00f3n del aceite esencial de las plantas medicinales de Santa Mar\u00eda Huitepec, Oaxaca. SIP 20080593\u00a0(<strong>Director<\/strong>).<\/li>\n\n\n\n<li>Manejo y conservaci\u00f3n de las orqu\u00eddeas de la reserva comunal de Santa Mar\u00eda Huitepec, Oaxaca. SIP 20080292 (<strong>Participante<\/strong>).<\/li>\n\n\n\n<li>Desarrollo de nuevos procesos para la extracci\u00f3n y valorizaci\u00f3n de substancias naturales de los recursos vegetales del Estado de Oaxaca. SIP 20070525 (<strong>Director<\/strong>).<\/li>\n\n\n\n<li>Plan de manejo de las orqu\u00eddeas de la reserva comunal de Santa Mar\u00eda Huitepec, CONAFOR, agosto-diciembre 2007. Financiamiento de $56,000.00 (<strong>Participante<\/strong>).<\/li>\n\n\n\n<li>Modelaci\u00f3n matem\u00e1tica de las propiedades termodin\u00e1micas y de transporte durante el secado de achiote y papaya, y su relaci\u00f3n con la calidad final, clave CGPI 20010860. (<strong>Director<\/strong>).<\/li>\n\n\n\n<li>Estufado de madera: Estudios de procesos para su apropiaci\u00f3n por las organizaciones forestales, clave CGPI 200324 y SIBEJ 19990505013. (<strong>Participante<\/strong>)<\/li>\n\n\n\n<li>Aprovechamiento agroindustrial de productos no tradicionales de las zonas cafetaleras, clave CGPI 200316 y SIBEJ 19990501031. (<strong>Participante<\/strong>)<\/li>\n\n\n\n<li>Aprovechamiento e industrializaci\u00f3n del achiote (Bixa orellana), clave DEPI 978001, y clave SIBEJ-CONACyT CONACyT A029. (<strong>Director<\/strong>)<\/li>\n\n\n\n<li>Tecnolog\u00edas integrales para el manejo postcosecha de mango (Mang\u00edfera indica), clave DEPI 968000, y clave SIBEJ-CONACyT A021. (<strong>Participante<\/strong>)<\/li>\n\n\n\n<li>Aplicaci\u00f3n de atm\u00f3sferas modificadas para aumentar la vida postcosecha y disminuir la p\u00e9rdida en mango oro en estado fresco, clave DEPI 954217. (<strong>Participante<\/strong>).<\/li>\n\n\n\n<li>Adecuaci\u00f3n de tecnolog\u00edas para la elaboraci\u00f3n de productos de mango y pi\u00f1a secados por aspersi\u00f3n, clave DEPI 945200. (<strong>Participante<\/strong>).<\/li>\n\n\n\n<li>Desarrollo de tecnolog\u00edas de bajo impacto ecol\u00f3gico para el aprovechamiento del mango en el estado de Oaxaca, clave DEPI 934208. (<strong>Participante<\/strong>).<\/li>\n<\/ul>\n","protected":false},"excerpt":{"rendered":"","protected":false},"author":14,"featured_media":0,"parent":0,"menu_order":0,"comment_status":"closed","ping_status":"closed","template":"","meta":{"_swt_meta_header_display":false,"_swt_meta_footer_display":false,"_swt_meta_site_title_display":false,"_swt_meta_sticky_header":false,"_swt_meta_transparent_header":false,"footnotes":""},"class_list":["post-7","page","type-page","status-publish","hentry"],"_links":{"self":[{"href":"https:\/\/web.ciidiroaxaca.ipn.mx\/llagunez\/wp-json\/wp\/v2\/pages\/7","targetHints":{"allow":["GET"]}}],"collection":[{"href":"https:\/\/web.ciidiroaxaca.ipn.mx\/llagunez\/wp-json\/wp\/v2\/pages"}],"about":[{"href":"https:\/\/web.ciidiroaxaca.ipn.mx\/llagunez\/wp-json\/wp\/v2\/types\/page"}],"author":[{"embeddable":true,"href":"https:\/\/web.ciidiroaxaca.ipn.mx\/llagunez\/wp-json\/wp\/v2\/users\/14"}],"replies":[{"embeddable":true,"href":"https:\/\/web.ciidiroaxaca.ipn.mx\/llagunez\/wp-json\/wp\/v2\/comments?post=7"}],"version-history":[{"count":3,"href":"https:\/\/web.ciidiroaxaca.ipn.mx\/llagunez\/wp-json\/wp\/v2\/pages\/7\/revisions"}],"predecessor-version":[{"id":42,"href":"https:\/\/web.ciidiroaxaca.ipn.mx\/llagunez\/wp-json\/wp\/v2\/pages\/7\/revisions\/42"}],"wp:attachment":[{"href":"https:\/\/web.ciidiroaxaca.ipn.mx\/llagunez\/wp-json\/wp\/v2\/media?parent=7"}],"curies":[{"name":"wp","href":"https:\/\/api.w.org\/{rel}","templated":true}]}}