{"id":11,"date":"2011-10-31T20:20:25","date_gmt":"2011-10-31T20:20:25","guid":{"rendered":"https:\/\/web.ciidiroaxaca.ipn.mx\/llagunez\/actividades-academicas\/"},"modified":"2025-09-04T18:15:49","modified_gmt":"2025-09-04T18:15:49","slug":"actividades-academicas","status":"publish","type":"page","link":"https:\/\/web.ciidiroaxaca.ipn.mx\/llagunez\/actividades-academicas\/","title":{"rendered":"Actividades acad\u00e9micas"},"content":{"rendered":"\n<p>He participado activamente en actividades de docencia en el posgrado del CIIDIR Oaxaca, director y participante de proyectos de investigaci\u00f3n en mi grupo de trabajo, he desarrollado la labor de presidente de la academia de ingenier\u00eda del colegio de profesores de mi centro de trabajo, as\u00ed como la coordinaci\u00f3n de la comisi\u00f3n de evaluaci\u00f3n al desempe\u00f1o docente del CIIDIR Oaxaca. As\u00ed mismo en comit\u00e9s de evaluaci\u00f3n de proyectos de investigaci\u00f3n b\u00e1sica CONACYT y seguimiento de proyectos CONACYT, y en convocatorias de proyectos investigaci\u00f3n de la Universidad de Colima. Tambi\u00e9n participo como \u00e1rbitro en la evaluaci\u00f3n de art\u00edculos cient\u00edficos de las revistas Internationales Journal of Environmental Analytical Chemistry y Journal of Chemical Technology &amp; Biotechnology.<\/p>\n\n\n\n<p>Profesor investigador y colegiado e integrante del n\u00facleo acad\u00e9mico del Doctorado y Maestr\u00eda en Ciencias en Conservaci\u00f3n y Aprovechamiento de Recursos Naturales que imparte el CIIDIR Unidad Oaxaca del Instituto Polit\u00e9cnico Nacional, Investigador Nacional Nivel I con especialidad en Extracci\u00f3n, purificaci\u00f3n y an\u00e1lisis extracto provenientes de productos naturales. Experiencia en la formaci\u00f3n de recursos humanos de licenciatura, maestr\u00eda y doctorado e impartici\u00f3n de cursos a nivel licenciatura y posgrado. Asesor\u00eda t\u00e9cnica a peque\u00f1as y medianas empresas del estado Oaxaca en la puesta en marcha y soluci\u00f3n a problemas de operaci\u00f3n y calidad.&nbsp;Jefe del laboratorio de Extracci\u00f3n y an\u00e1lisis de productos naturales del CIIDIR Unidad Oaxaca.<\/p>\n\n\n\n<div class=\"wp-block-columns is-layout-flex wp-container-core-columns-is-layout-28f84493 wp-block-columns-is-layout-flex\">\n<div class=\"wp-block-column is-layout-flow wp-block-column-is-layout-flow\">\n<figure class=\"wp-block-image aligncenter is-resized\"><img decoding=\"async\" src=\"https:\/\/web.ciidiroaxaca.ipn.mx\/llagunez\/wp-content\/uploads\/sites\/14\/2011\/10\/Imagen3.jpg\" alt=\"\" style=\"width:276px;height:auto\"\/><\/figure>\n<\/div>\n\n\n\n<div class=\"wp-block-column is-layout-flow wp-block-column-is-layout-flow\">\n<figure class=\"wp-block-image aligncenter\"><img decoding=\"async\" src=\"https:\/\/web.ciidiroaxaca.ipn.mx\/llagunez\/wp-content\/uploads\/sites\/14\/2011\/10\/Imagen4.jpg\" alt=\"\"\/><\/figure>\n<\/div>\n<\/div>\n\n\n\n<h3 class=\"wp-block-heading\"><strong>Colaboraci\u00f3n con otros centros de investigaci\u00f3n e instituciones<\/strong><\/h3>\n\n\n\n<h4 class=\"wp-block-heading\"><strong>Instituciones extranjeras:<\/strong><\/h4>\n\n\n\n<ul class=\"wp-block-list\">\n<li><a href=\"http:\/\/www.inp-toulouse.fr\/fr\/index.html\" target=\"_blank\" rel=\"noreferrer noopener\">Institut National Polythnique de Toulouse, France<\/a>.<\/li>\n\n\n\n<li><a href=\"http:\/\/scholar.google.fr\/citations?user=wsfY5PEAAAAJ&amp;hl=fr\" target=\"_blank\" rel=\"noreferrer noopener\">Prof. Gerard Vilarem<\/a>.<\/li>\n\n\n\n<li>Universidad de Cordoba,Espa\u00f1a.<\/li>\n\n\n\n<li>Prof. M.D. Luque de Castro<\/li>\n<\/ul>\n\n\n\n<h4 class=\"wp-block-heading\"><strong>Instituciones Nacionales:<\/strong><\/h4>\n\n\n\n<ul class=\"wp-block-list\">\n<li>Instituto de Qu\u00edmica de la UNAM<\/li>\n\n\n\n<li>Facultad de bioan\u00e1lisis de la Universidad Veracruzana<\/li>\n\n\n\n<li>Universidad Iberoamericana<\/li>\n\n\n\n<li>Instituto Tecnol\u00f3gico de M\u00e9rida<\/li>\n<\/ul>\n","protected":false},"excerpt":{"rendered":"<p>He participado activamente en actividades de docencia en el posgrado del CIIDIR Oaxaca, director y participante de proyectos de investigaci\u00f3n en mi grupo de trabajo, he desarrollado la labor de presidente de la academia de ingenier\u00eda del colegio de profesores de mi centro de trabajo, as\u00ed como la coordinaci\u00f3n de la comisi\u00f3n de evaluaci\u00f3n al [&hellip;]<\/p>\n","protected":false},"author":14,"featured_media":0,"parent":0,"menu_order":0,"comment_status":"closed","ping_status":"closed","template":"","meta":{"_swt_meta_header_display":false,"_swt_meta_footer_display":false,"_swt_meta_site_title_display":false,"_swt_meta_sticky_header":false,"_swt_meta_transparent_header":false,"footnotes":""},"class_list":["post-11","page","type-page","status-publish","hentry"],"_links":{"self":[{"href":"https:\/\/web.ciidiroaxaca.ipn.mx\/llagunez\/wp-json\/wp\/v2\/pages\/11","targetHints":{"allow":["GET"]}}],"collection":[{"href":"https:\/\/web.ciidiroaxaca.ipn.mx\/llagunez\/wp-json\/wp\/v2\/pages"}],"about":[{"href":"https:\/\/web.ciidiroaxaca.ipn.mx\/llagunez\/wp-json\/wp\/v2\/types\/page"}],"author":[{"embeddable":true,"href":"https:\/\/web.ciidiroaxaca.ipn.mx\/llagunez\/wp-json\/wp\/v2\/users\/14"}],"replies":[{"embeddable":true,"href":"https:\/\/web.ciidiroaxaca.ipn.mx\/llagunez\/wp-json\/wp\/v2\/comments?post=11"}],"version-history":[{"count":3,"href":"https:\/\/web.ciidiroaxaca.ipn.mx\/llagunez\/wp-json\/wp\/v2\/pages\/11\/revisions"}],"predecessor-version":[{"id":38,"href":"https:\/\/web.ciidiroaxaca.ipn.mx\/llagunez\/wp-json\/wp\/v2\/pages\/11\/revisions\/38"}],"wp:attachment":[{"href":"https:\/\/web.ciidiroaxaca.ipn.mx\/llagunez\/wp-json\/wp\/v2\/media?parent=11"}],"curies":[{"name":"wp","href":"https:\/\/api.w.org\/{rel}","templated":true}]}}