{"id":7,"date":"2011-11-03T21:51:04","date_gmt":"2011-11-03T21:51:04","guid":{"rendered":"https:\/\/web.ciidiroaxaca.ipn.mx\/lamartinez\/proyectos-de-investigacion\/"},"modified":"2025-09-18T19:16:15","modified_gmt":"2025-09-18T19:16:15","slug":"proyectos-de-investigacion","status":"publish","type":"page","link":"https:\/\/web.ciidiroaxaca.ipn.mx\/lamartinez\/proyectos-de-investigacion\/","title":{"rendered":"Proyectos de investigaci\u00f3n"},"content":{"rendered":"\n<ul class=\"wp-block-list\">\n<li>Directora del proyecto: \u201cHospederos de mariposa monarca y sus amenazas bi\u00f3ticas en Oaxaca, M\u00e9xico\u201d, clave SIP <strong>20200821<\/strong>. Financiamiento IPN. Enero a diciembre del 2020.<\/li>\n\n\n\n<li>Directora del proyecto: \u201cHospederos de mariposa monarca y sus amenazas bi\u00f3ticas en Oaxaca, M\u00e9xico\u201d, clave SIP <strong>20196006<\/strong>. Financiamiento IPN. Enero a diciembre del 2019.<\/li>\n\n\n\n<li>Directora del proyecto: \u201cRiqueza de ara\u00f1as (Arachnida: Araneae) en cultivos de caf\u00e9 en Oaxaca, M\u00e9xico\u201d, clave SIP <strong>20180876<\/strong>. Financiamiento IPN. Enero a diciembre del 2018.<\/li>\n\n\n\n<li>Directora del proyecto: \u201cCat\u00e1logo de Artr\u00f3podos Ben\u00e9ficos Asociados al Cultivo de Ma\u00edz en Oaxaca, M\u00e9xico\u201d, clave SIP <strong>20171541<\/strong>. Financiamiento IPN. Enero a diciembre del 2017.<\/li>\n\n\n\n<li>Directora del proyecto: \u201cEvaluaci\u00f3n del da\u00f1o por gusano cogollero del ma\u00edz, Spodoptera frugiperda (Lepidoptera: Noctuidae) en Oaxaca\u201d, clave SIP <strong>20161210<\/strong>. Financiamiento IPN. Enero a diciembre del 2016.<\/li>\n\n\n\n<li>Directora del proyecto: \u201cAgentes de control biol\u00f3gico de huevos de Spodoptera frugiperda (Lepidoptera: Noctuidae) en ma\u00edz\u201d, clave SIP <strong>20151067<\/strong>. Financiamiento IPN. Enero a diciembre del 2015.<\/li>\n<\/ul>\n\n\n\n<p><\/p>\n","protected":false},"excerpt":{"rendered":"","protected":false},"author":50,"featured_media":0,"parent":0,"menu_order":0,"comment_status":"closed","ping_status":"closed","template":"","meta":{"_swt_meta_header_display":false,"_swt_meta_footer_display":false,"_swt_meta_site_title_display":false,"_swt_meta_sticky_header":false,"_swt_meta_transparent_header":false,"footnotes":""},"class_list":["post-7","page","type-page","status-publish","hentry"],"_links":{"self":[{"href":"https:\/\/web.ciidiroaxaca.ipn.mx\/lamartinez\/wp-json\/wp\/v2\/pages\/7","targetHints":{"allow":["GET"]}}],"collection":[{"href":"https:\/\/web.ciidiroaxaca.ipn.mx\/lamartinez\/wp-json\/wp\/v2\/pages"}],"about":[{"href":"https:\/\/web.ciidiroaxaca.ipn.mx\/lamartinez\/wp-json\/wp\/v2\/types\/page"}],"author":[{"embeddable":true,"href":"https:\/\/web.ciidiroaxaca.ipn.mx\/lamartinez\/wp-json\/wp\/v2\/users\/50"}],"replies":[{"embeddable":true,"href":"https:\/\/web.ciidiroaxaca.ipn.mx\/lamartinez\/wp-json\/wp\/v2\/comments?post=7"}],"version-history":[{"count":3,"href":"https:\/\/web.ciidiroaxaca.ipn.mx\/lamartinez\/wp-json\/wp\/v2\/pages\/7\/revisions"}],"predecessor-version":[{"id":39,"href":"https:\/\/web.ciidiroaxaca.ipn.mx\/lamartinez\/wp-json\/wp\/v2\/pages\/7\/revisions\/39"}],"wp:attachment":[{"href":"https:\/\/web.ciidiroaxaca.ipn.mx\/lamartinez\/wp-json\/wp\/v2\/media?parent=7"}],"curies":[{"name":"wp","href":"https:\/\/api.w.org\/{rel}","templated":true}]}}