{"id":6,"date":"2011-11-03T20:46:22","date_gmt":"2011-11-03T20:46:22","guid":{"rendered":"https:\/\/web.ciidiroaxaca.ipn.mx\/lamartinez\/publicaciones\/"},"modified":"2025-09-18T19:12:32","modified_gmt":"2025-09-18T19:12:32","slug":"publicaciones","status":"publish","type":"page","link":"https:\/\/web.ciidiroaxaca.ipn.mx\/lamartinez\/publicaciones\/","title":{"rendered":"Publicaciones"},"content":{"rendered":"\n<p><a href=\"http:\/\/scholar.google.com\/citations?sortby=pubdate&amp;hl=es&amp;user=N6lXFJwAAAAJ&amp;view_op=list_works\">perfil en\u00a0<\/a><a href=\"http:\/\/scholar.google.com\/citations?sortby=pubdate&amp;hl=es&amp;user=N6lXFJwAAAAJ&amp;view_op=list_works\" target=\"_blank\" rel=\"noreferrer noopener\">Google Scholar<\/a><\/p>\n\n\n\n<p><a href=\"https:\/\/ipn.elsevierpure.com\/es\/persons\/laura-martinez-martinez\/publications\/\" target=\"_blank\" rel=\"noreferrer noopener\">Laura Mart\u00ednez \u2013 elsevierpure.com<\/a><\/p>\n\n\n\n<h3 class=\"wp-block-heading\">Publicaciones en revistas JCR<\/h3>\n\n\n\n<p>Padilla-Cortes, E., <strong>L. Mart\u00ednez-Mart\u00ednez<\/strong> and Jos\u00e9 Luis Ch\u00e1vez-Servia. 2022. Growth and fecundity of Spodoptera frugiperda on native Zea mays and the teosinte Z. luxurians, from Oaxaca, Mexico. Revista Colombiana de Entomolog\u00eda, 48(2). <a href=\"https:\/\/doi.org\/10.25100\/socolen.v48i2.11590\" target=\"_blank\" rel=\"noreferrer noopener\">https:\/\/doi.org\/10.25100\/socolen.v48i2.11590<\/a><\/p>\n\n\n\n<p>Padilla-Cortes, E.,<strong>\u00a0L. Mart\u00ednez-Mart\u00ednez<\/strong> and Jos\u00e9 Luis Ch\u00e1vez-Servia. 2022. Oviposition preference and development of the parasitoid Chelonus insularis on host fed on Zea mays and the teosinte Z. luxurians from Oaxaca, Mexico. Biocontrol Science and Technology, <a href=\"https:\/\/doi.org\/10.1080\/09583157.2022.2105305\" target=\"_blank\" rel=\"noreferrer noopener\">https:\/\/doi.org\/10.1080\/09583157.2022.2105305<\/a><\/p>\n\n\n\n<p>Padilla-Cortes, E. and <strong>L. Mart\u00ednez-Mart\u00ednez.<\/strong> 2022 . Development of the parasitoid Chelonus insularis (Hymenoptera: Braconidae) in Spodoptera frugiperda (Lepidoptera: Noctuidae) larvae reared on castor bean and maize leaves. Journal of Entomological Science 57(1): 27-38. <a href=\"https:\/\/doi.org\/10.18474\/JES20-93\" target=\"_blank\" rel=\"noreferrer noopener\">https:\/\/doi.org\/10.18474\/JES20-93<\/a><\/p>\n\n\n\n<p><strong>Mart\u00ednez-Mart\u00ednez, L.<\/strong> and P. A. Goz\u00e1lez-Vanegas. 2021. A non-appealing plant for appealing lepidopterans: the case of Telminostelma foetidum (Cav.) Fontella &amp; E. A. Schwarz as host-plant for Danaus gilippus, D. eresimus (Nymphalidae: Danainae) and Euchaetes mitis (Erebidae: Arctiinae) in Oaxaca, Mexico. Journal of Natural History 55 (41-42): 2651-2660. <a href=\"https:\/\/doi.org\/10.1080\/00222933.2021.2013556\" target=\"_blank\" rel=\"noreferrer noopener\">https:\/\/doi.org\/10.1080\/00222933.2021.2013556<\/a>\u00a0<\/p>\n\n\n\n<p>Guzm\u00e1n-V\u00e1squez, H. M. and <strong>L. Mart\u00ednez-Mart\u00ednez.<\/strong> 2021. New hosts, floral associations, and a checklist of scarab beetles from Huayapam, Oaxaca, Mexico. Southwestern Entomologist 46(2): 457-462. <a href=\"https:\/\/doi.org\/10.3958\/059.046.0215\" target=\"_blank\" rel=\"noreferrer noopener\">https:\/\/doi.org\/10.3958\/059.046.0215<\/a><\/p>\n\n\n\n<p><strong>Mart\u00ednez-Mart\u00ednez, L.<\/strong>, R. V\u00e1squez-Gonz\u00e1lez, E. Padilla-Cortes and J. L. Ch\u00e1vez-Servia. 2020. Hesperiid Species Feeding on Maize Landraces at Oaxaca, Mexico. Southwestern Entomologist 45(4): 1061-1068. <a href=\"https:\/\/doi.org\/10.3958\/059.045.0423\" target=\"_blank\" rel=\"noreferrer noopener\">https:\/\/doi.org\/10.3958\/059.045.0423<\/a><\/p>\n\n\n\n<p>Guzm\u00e1n-V\u00e1squez, H. M. and <strong>L. Mart\u00ednez-Mart\u00ednez.<\/strong> 2020. New distribution record for Phyllophaga latipes (Bates, 1888) with a key to the species of the subgenus Chlaenobia from Oaxaca, Mexico (Coleoptera: Scarabaeidae). The Coleopterists Bulletin 74(3): 576\u2013580. <a href=\"https:\/\/doi.org\/10.1649\/0010-065X-74.3.576\" target=\"_blank\" rel=\"noreferrer noopener\">https:\/\/doi.org\/10.1649\/0010-065X-74.3.576<\/a><\/p>\n\n\n\n<p>Jir\u00f3n-Pablo, E., <strong>L. Mart\u00ednez-Mart\u00ednez<\/strong>, y J. A. S\u00e1nchez-Garc\u00eda. 2018. Primer reporte de larvas de Toxomerus politus depredando huevos centinela de Spodoptera frugiperda en ma\u00edz. Southwestern Entomologist 43(2): 511-515. <a href=\"http:\/\/www.bioone.org\/doi\/full\/10.3958\/059.043.0222\" target=\"_blank\" rel=\"noreferrer noopener\">http:\/\/www.bioone.org\/doi\/full\/10.3958\/059.043.0222<\/a><\/p>\n\n\n\n<p>Figueroa-Castro, P., V. L\u00f3pez-Mart\u00ednez, J. A. S\u00e1nchez-Garc\u00eda y<strong> L. Mart\u00ednez-Mart\u00ednez<\/strong>. 2017. First record of Alienoclypeus insolitus Shenefelt, 1978 (Hymenoptera: Braconidae) from Guerrero and distributional data from Jalisco, and Oaxaca, Mexico. The Pan-Pacific Entomologist 93(4): 234-238. <a href=\"http:\/\/www.bioone.org\/doi\/pdf\/10.3956\/2017-93.4.234\" target=\"_blank\" rel=\"noreferrer noopener\">http:\/\/www.bioone.org\/doi\/pdf\/10.3956\/2017-93.4.234<\/a><\/p>\n\n\n\n<p>Hern\u00e1ndez-Cruz, J., J. Ruiz-Vega, J. A. S\u00e1nchez-Garc\u00eda, <strong>L. Mart\u00ednez-Mart\u00ednez<\/strong> y R. P\u00e9rez. 2016. Descripci\u00f3n de la larva de Phyllophaga lenis (Coleoptera: Melolonthidae) en Santa Cruz Xoxocotl\u00e1n, Oaxaca, M\u00e9xico, con notas sobre su biolog\u00eda. Acta Zool\u00f3gica Mexicana (nueva serie) 32 (1): 55-61. <a href=\"http:\/\/www.redalyc.org\/pdf\/575\/57544858007.pdf\" target=\"_blank\" rel=\"noreferrer noopener\">http:\/\/www.redalyc.org\/pdf\/575\/57544858007<\/a>.pdf\u00a0<\/p>\n\n\n\n<p>Gir\u00f3n-Pablo, S., J. Ruiz-Vega, R. P\u00e9rez-Pacheco, T. Aquino-Bola\u00f1os y <strong>L. Mart\u00ednez-Mart\u00ednez<\/strong>. 2015. Biological control of Phyllophaga vetula (Horn) with entomopathogenic nematodes in various formulations and moisture conditions. Southwestern Entomologist 40(3): 511-517. <a href=\"http:\/\/www.bioone.org\/doi\/full\/10.3958\/059.040.0309\" target=\"_blank\" rel=\"noreferrer noopener\">http:\/\/www.bioone.org\/doi\/full\/10.3958\/059.040.0309\u00a0<\/a><\/p>\n\n\n\n<p>Alonso-Hern\u00e1ndez, N., J. A. S\u00e1nchez-Garc\u00eda, J. I. Figueroa de la Rosa, V. L\u00f3pez-Mart\u00ednez,<strong> L. Mart\u00ednez-Mart\u00ednez<\/strong>, R. P\u00e9rez-Pacheco y C. Granados-Echegoyen. 2014. Distribuci\u00f3n espacial de Brac\u00f3nidos (Hymenoptera) reportados en el estado de Oaxaca. Acta Zool\u00f3gica Mexicana (nueva serie) 30 (3): 564-594. <a href=\"http:\/\/www.redalyc.org\/pdf\/575\/57532691008.pdf\" target=\"_blank\" rel=\"noreferrer noopener\">http:\/\/www.redalyc.org\/pdf\/575\/57532691008.pdf<\/a>\u00a0\u00a0<\/p>\n\n\n\n<p>Hern\u00e1ndez-Cruz, J., M. A. Mor\u00f3n, J. Ruiz-Vega, J. A. S\u00e1nchez-Garc\u00eda,<strong> L. Mart\u00ednez-Mart\u00ednez<\/strong> y R. P\u00e9rez-Pacheco. 2014. Bionom\u00eda de las especies de Phyllophaga (Coleoptera: Melolonthidae) en Santa Cruz Xoxocotl\u00e1n, Oaxaca, M\u00e9xico. Acta Zool\u00f3gica Mexicana (nueva serie) 30 (1): 144-160. <a href=\"http:\/\/www.redalyc.org\/pdf\/575\/57530109011.pdf\" target=\"_blank\" rel=\"noreferrer noopener\">http:\/\/www.redalyc.org\/pdf\/575\/57530109011.pdf<\/a>\u00a0\u00a0<\/p>\n\n\n\n<p>S\u00e1nchez, J. A., J. I. Figueroa, M. J. Sharkey, V. L\u00f3pez, S. Pineda, A. M. Mart\u00ednez, R. Jarqu\u00edn y <strong>L. Mart\u00ednez-Mart\u00ednez<\/strong>. 2012. A new species of Diospilus Haliday (Hymenoptera: Braconidae, Brachistinae, Diospilini) from Mexico. Journal of the Kansas Entomological Society 85(2): 109-115. <a href=\"http:\/\/www.bioone.org\/doi\/full\/10.2317\/JKES111214.1\" target=\"_blank\" rel=\"noreferrer noopener\">http:\/\/www.bioone.org\/doi\/full\/10.2317\/JKES111214.1<\/a>\u00a0\u00a0<\/p>\n\n\n\n<p>Jarqu\u00edn-L\u00f3pez, R., <strong>Laura Mart\u00ednez-Mart\u00ednez,<\/strong> J. A. S\u00e1nchez y J. I. Figueroa. 2011. Parasitoides asociados a Anthonomus sisyphus Clark (Coleoptera: Curculionidae) en frutos de nanche rojo (Malpighia mexicana) en Oaxaca, M\u00e9xico. Southwestern Entomol. 36: 351-361. <a href=\"http:\/\/www.bioone.org\/doi\/abs\/10.3958\/059.036.0312\" target=\"_blank\" rel=\"noreferrer noopener\">http:\/\/www.bioone.org\/doi\/abs\/10.3958\/059.036.0312<\/a>\u00a0<\/p>\n\n\n\n<p>Hern\u00e1ndez H., B., C. Cruz V., A. Gonz\u00e1lez H., C. Perales S., <strong>L. Mart\u00ednez-Mart\u00ednez.<\/strong> 2004. Parasitoides de pupas (Hymenoptera: Pteromalidae) de moscas (Diptera: Muscidae) asociados al esti\u00e9rcol de ganado lechero en Aguascalientes, M\u00e9xico. Folia Entomol. Mex. 43(1): 9-15.\u00a0<\/p>\n\n\n\n<p>P\u00e9rez P., R., C. Rodr\u00edguez, J. Lara, R. Montes, G. Ram\u00edrez y<strong> L. Mart\u00ednez-Mart\u00ednez<\/strong>. 2004. Parasitismo de Romanomermis iyengari en larvas de tres especies de mosquitos en laboratorio y en Anopheles pseudopunctipennis en campo. Agrociencia 38(4): 413-421. <a href=\"http:\/\/www.colpos.mx\/agrocien\/Bimestral\/2004\/jul-ago\/art-4.pdf\" target=\"_blank\" rel=\"noreferrer noopener\">http:\/\/www.colpos.mx\/agrocien\/Bimestral\/2004\/jul-ago\/art-4.pdf<\/a>\u00a0<\/p>\n\n\n\n<p><strong>Mart\u00ednez-Mart\u00ednez, L.<\/strong> and J. S. Bernal. 2002. Ephestia kuehniella Zeller as a factitious host for Telenomus remus Nixon: host acceptance and suitability. J. Entomol. Sci. 37(1): 10-26.\u00a0 \u00a0<\/p>\n\n\n\n<p><strong>Mart\u00ednez-Mart\u00ednez, L.<\/strong>, J. L. Leyva y H. Bravo. 1993. Utilizaci\u00f3n del esperma en hembras de Diachasmimorpha longicaudata. Southwestern Entomol. 18(4): 293-299.\u00a0\u00a0<a href=\"http:\/\/agrilife.org\/sswe\/files\/2017\/04\/SWE_Vol18.pdf\" target=\"_blank\" rel=\"noreferrer noopener\">http:\/\/agrilife.org\/sswe\/files\/2017\/04\/SWE_Vol18.pdf<\/a><\/p>\n\n\n\n<p><strong>Mart\u00ednez-Mart\u00ednez, L.<\/strong>, H. Bravo, J. L\u00f3pez, J. L. Leyva y J. Trujillo. 1992. Supervivencia y fecundidad de cuatro phena de Diachasmimorpha longicaudata (Hymenoptera: Braconidae), parasitoide de moscas de la fruta (Dipetra: Tephritidae). Agrociencia ser. Protecc. Veg. 3(1): 53-67.\u00a0<a href=\"http:\/\/agris.fao.org\/agris-search\/search.do?f=1997\/MX\/MX97005.xml;MX9700284\" target=\"_blank\" rel=\"noreferrer noopener\">http:\/\/agris.fao.org\/agris-search\/search.do?f=1997\/MX\/MX97005.xml;MX9700284<\/a><\/p>\n\n\n\n<p>Ramsey, J., E. Salinas, J. L\u00f3pez, G. del \u00c1ngel,<strong> L. Mart\u00ednez-Mart\u00ednez<\/strong> and D. Bown. 1988. Laboratory oviposition, fecundity and egg hatching ability of colonized Anopheles albimanus from Southwestern Mexico. J. Am. Mosq. Cont. Ass. 4(4): 509-515.\u00a0<a href=\"http:\/\/www.ncbi.nlm.nih.gov\/pubmed\/3225569\" target=\"_blank\" rel=\"noreferrer noopener\">http:\/\/www.ncbi.nlm.nih.gov\/pubmed\/3225569<\/a><\/p>\n\n\n\n<p>Leyva, J., <strong>L. Mart\u00ednez-Mart\u00ednez<\/strong> y J. Valdez. 1988. Mecanismos de detecci\u00f3n del hu\u00e9sped utilizados por Diachasmimorpha (=Biosteres) longicaudatus (Ashmead) (Hymenoptera: Braconidae) y estructura de los \u00f3rganos de recepci\u00f3n. Folia Entomol. M\u00e9x. 76: 165-176.\u00a0<a href=\"http:\/\/www.socmexent.org\/revista\/folia\/Num%2076\/165-176.pdf\" target=\"_blank\" rel=\"noreferrer noopener\">http:\/\/www.socmexent.org\/revista\/folia\/Num%2076\/165-176.pdf<\/a><\/p>\n\n\n\n<p><\/p>\n","protected":false},"excerpt":{"rendered":"<p>perfil en\u00a0Google Scholar Laura Mart\u00ednez \u2013 elsevierpure.com Publicaciones en revistas JCR Padilla-Cortes, E., L. Mart\u00ednez-Mart\u00ednez and Jos\u00e9 Luis Ch\u00e1vez-Servia. 2022. Growth and fecundity of Spodoptera frugiperda on native Zea mays and the teosinte Z. luxurians, from Oaxaca, Mexico. Revista Colombiana de Entomolog\u00eda, 48(2). https:\/\/doi.org\/10.25100\/socolen.v48i2.11590 Padilla-Cortes, E.,\u00a0L. Mart\u00ednez-Mart\u00ednez and Jos\u00e9 Luis Ch\u00e1vez-Servia. 2022. Oviposition preference and [&hellip;]<\/p>\n","protected":false},"author":50,"featured_media":0,"parent":0,"menu_order":0,"comment_status":"closed","ping_status":"closed","template":"","meta":{"_swt_meta_header_display":false,"_swt_meta_footer_display":false,"_swt_meta_site_title_display":false,"_swt_meta_sticky_header":false,"_swt_meta_transparent_header":false,"footnotes":""},"class_list":["post-6","page","type-page","status-publish","hentry"],"_links":{"self":[{"href":"https:\/\/web.ciidiroaxaca.ipn.mx\/lamartinez\/wp-json\/wp\/v2\/pages\/6","targetHints":{"allow":["GET"]}}],"collection":[{"href":"https:\/\/web.ciidiroaxaca.ipn.mx\/lamartinez\/wp-json\/wp\/v2\/pages"}],"about":[{"href":"https:\/\/web.ciidiroaxaca.ipn.mx\/lamartinez\/wp-json\/wp\/v2\/types\/page"}],"author":[{"embeddable":true,"href":"https:\/\/web.ciidiroaxaca.ipn.mx\/lamartinez\/wp-json\/wp\/v2\/users\/50"}],"replies":[{"embeddable":true,"href":"https:\/\/web.ciidiroaxaca.ipn.mx\/lamartinez\/wp-json\/wp\/v2\/comments?post=6"}],"version-history":[{"count":4,"href":"https:\/\/web.ciidiroaxaca.ipn.mx\/lamartinez\/wp-json\/wp\/v2\/pages\/6\/revisions"}],"predecessor-version":[{"id":34,"href":"https:\/\/web.ciidiroaxaca.ipn.mx\/lamartinez\/wp-json\/wp\/v2\/pages\/6\/revisions\/34"}],"wp:attachment":[{"href":"https:\/\/web.ciidiroaxaca.ipn.mx\/lamartinez\/wp-json\/wp\/v2\/media?parent=6"}],"curies":[{"name":"wp","href":"https:\/\/api.w.org\/{rel}","templated":true}]}}