{"id":5,"date":"2011-11-03T20:41:25","date_gmt":"2011-11-03T20:41:25","guid":{"rendered":"https:\/\/web.ciidiroaxaca.ipn.mx\/lamartinez\/m-en-c-laura-martinez-martinez\/"},"modified":"2025-09-18T19:06:16","modified_gmt":"2025-09-18T19:06:16","slug":"m-en-c-laura-martinez-martinez","status":"publish","type":"page","link":"https:\/\/web.ciidiroaxaca.ipn.mx\/lamartinez\/","title":{"rendered":"M. en C. Laura Mart\u00ednez Mart\u00ednez"},"content":{"rendered":"\n<figure class=\"wp-block-image aligncenter\"><img decoding=\"async\" src=\"https:\/\/web.ciidiroaxaca.ipn.mx\/lamartinez\/wp-content\/uploads\/sites\/50\/2011\/11\/Laura-21.jpg\" alt=\"\"\/><\/figure>\n\n\n\n<h3 class=\"wp-block-heading has-text-align-center\">M. en C. en Entomolog\u00eda y Acarolog\u00eda por el Colegio de Postgraduados<\/h3>\n\n\n\n<p class=\"has-text-align-center\">Bi\u00f3loga por la UNAM<\/p>\n\n\n\n<p class=\"has-text-align-center\">Profesora colegiada del CIIDIR Oaxaca, IPN<\/p>\n\n\n\n<p><strong>\u00c1reas de inter\u00e9s:<\/strong><\/p>\n\n\n\n<ul class=\"wp-block-list\">\n<li>Biolog\u00eda de insectos parasitoides<\/li>\n\n\n\n<li>Control biol\u00f3gico de plagas<\/li>\n<\/ul>\n\n\n\n<p class=\"has-text-align-center\">Correo electr\u00f3nico: lamartinez@ipn.mx<\/p>\n\n\n\n<p class=\"has-text-align-center\">Extensi\u00f3n: 82730<\/p>\n\n\n\n<p><\/p>\n","protected":false},"excerpt":{"rendered":"<p>M. en C. en Entomolog\u00eda y Acarolog\u00eda por el Colegio de Postgraduados Bi\u00f3loga por la UNAM Profesora colegiada del CIIDIR Oaxaca, IPN \u00c1reas de inter\u00e9s: Correo electr\u00f3nico: lamartinez@ipn.mx Extensi\u00f3n: 82730<\/p>\n","protected":false},"author":50,"featured_media":0,"parent":0,"menu_order":0,"comment_status":"closed","ping_status":"closed","template":"","meta":{"_swt_meta_header_display":false,"_swt_meta_footer_display":false,"_swt_meta_site_title_display":false,"_swt_meta_sticky_header":false,"_swt_meta_transparent_header":false,"footnotes":""},"class_list":["post-5","page","type-page","status-publish","hentry"],"_links":{"self":[{"href":"https:\/\/web.ciidiroaxaca.ipn.mx\/lamartinez\/wp-json\/wp\/v2\/pages\/5","targetHints":{"allow":["GET"]}}],"collection":[{"href":"https:\/\/web.ciidiroaxaca.ipn.mx\/lamartinez\/wp-json\/wp\/v2\/pages"}],"about":[{"href":"https:\/\/web.ciidiroaxaca.ipn.mx\/lamartinez\/wp-json\/wp\/v2\/types\/page"}],"author":[{"embeddable":true,"href":"https:\/\/web.ciidiroaxaca.ipn.mx\/lamartinez\/wp-json\/wp\/v2\/users\/50"}],"replies":[{"embeddable":true,"href":"https:\/\/web.ciidiroaxaca.ipn.mx\/lamartinez\/wp-json\/wp\/v2\/comments?post=5"}],"version-history":[{"count":3,"href":"https:\/\/web.ciidiroaxaca.ipn.mx\/lamartinez\/wp-json\/wp\/v2\/pages\/5\/revisions"}],"predecessor-version":[{"id":30,"href":"https:\/\/web.ciidiroaxaca.ipn.mx\/lamartinez\/wp-json\/wp\/v2\/pages\/5\/revisions\/30"}],"wp:attachment":[{"href":"https:\/\/web.ciidiroaxaca.ipn.mx\/lamartinez\/wp-json\/wp\/v2\/media?parent=5"}],"curies":[{"name":"wp","href":"https:\/\/api.w.org\/{rel}","templated":true}]}}