{"id":7,"date":"2016-10-19T16:04:50","date_gmt":"2016-10-19T16:04:50","guid":{"rendered":"https:\/\/web.ciidiroaxaca.ipn.mx\/lagomezh\/tesis\/"},"modified":"2025-10-18T14:38:56","modified_gmt":"2025-10-18T20:38:56","slug":"tesis","status":"publish","type":"page","link":"https:\/\/web.ciidiroaxaca.ipn.mx\/lagomezh\/tesis\/","title":{"rendered":"Tesis"},"content":{"rendered":"\n<h3 class=\"wp-block-heading\">Maestr\u00eda<\/h3>\n\n\n\n<h4 class=\"wp-block-heading\">Directora de tesis<\/h4>\n\n\n\n<p>Silvia Roc\u00edo Torres Z\u00e1rate, \u00ab<strong>Fortalecimiento en el manejo integral de residuos s\u00f3lidos<\/strong> <strong>urbanos del municipio de Santa Mar\u00eda Atzompa, desde la<\/strong> <strong>econom\u00eda solidaria y el buen vivir\u00bb.<\/strong>  CIIDIR Unidad Oaxaca-IPN. Agosto de 2025<\/p>\n\n\n\n<p>Victoria Bautista L\u00f3pez, <strong>\u00abFortalecimiento de la actividad artesanal (Cester\u00eda de carrizo) mediante estrategias de gesti\u00f3n comunitaria en Santa Cruz Papalutla, Tlacolula, Oaxaca, M\u00e9xico\u00bb<\/strong>. CIIDIR Unidad Oaxaca-IPN. Agosto 2025<\/p>\n\n\n\n<p>Lucia Guti\u00e9rrez Ruiz, <strong>\u00abFortalecimiento de la cultura del agua en la elaboraci\u00f3n de artesan\u00edas textiles en Teotitl\u00e1n del Valle Oaxaca, M\u00e9xico\u00bb<\/strong>. CIIDIR Unidad Oaxaca-IPN. Agosto 2025<\/p>\n\n\n\n<p>Sof\u00eda Guadalupe Ch\u00e1vez G\u00f3mez, <strong>\u00abLa sociedad cooperativa de R.L. de C.V. como forma de organizaci\u00f3n social para el aprovechamiento de productos y servicios: El caso de la localidad Ojo de Agua Tlaxiaco, Oaxaca\u00bb<\/strong>. CIIDIR Unidad Oaxaca-IPN. Febrero 2024<\/p>\n\n\n\n<p>Leticia Bautista Bautista, <strong>\u00abEstrategias de comercio justo como impulso de procesos comerciales en talleres de artesan\u00edas de barro de los Valles Centrales de Oaxaca<\/strong>. CIIDIR Unidad Oaxaca-IPN. Febrero 2024<\/p>\n\n\n\n<p>Sela Yanet Raymundo Allende, <strong>\u00abTurismo comunitario como alternativa de progreso local en zonas rurales ind\u00edgenas: Una propuesta sustentable para San Juan Comaltepec, Choapam Oaxaca\u00bb<\/strong>. CIIDIR Unidad Oaxaca-IPN. Febrero 2024<\/p>\n\n\n\n<p>Itzel Yolanda Gonz\u00e1lez Caballero, <strong>\u00abPromoci\u00f3n y sensibilizaci\u00f3n colectiva para la cultura comunitaria del agua. El caso de la Cieneguilla, San Andr\u00e9s Ixtlahuaca Oaxaca\u00bb. CIIDIR Unidad Oaxaca-IPN.<\/strong> Agosto 2023.<\/p>\n\n\n\n<p>V\u00e1squez Guti\u00e9rrez Mar\u00eda Dolores, \u201c<strong>Impulso del Comercio Justo: El caso de la empresa comunitaria Ka Niula Yanni en la comunidad de San Juan Evangelista Analco, Ixtl\u00e1n de Ju\u00e1rez, Oaxaca.<\/strong>\u201d CIIDIR Unidad Oaxaca-IPN. Agosto 2022<\/p>\n\n\n\n<p>Flores Hern\u00e1ndez Mar\u00eda Eugenia, \u201c<strong>Pr\u00e1cticas comerciales justas el impulso de la Cooperativa Flor del Valle, Zimatl\u00e1n de \u00c1lvarez, Oaxaca<\/strong>\u201d. CIIDIR Unidad Oaxaca-IPN. Agosto 2022.<\/p>\n\n\n\n<p>Herrera Santiago Laura Araceli, \u201c<strong>Microfinanzas c\u00f3mo factor de impulso local: el caso del Fondo de Ahorro Comunitario de Santa In\u00e9s del Monte, Zaachila, Oaxaca<\/strong>\u201d.&nbsp;CIIDIR Unidad Oaxaca-IPN. Febrero 2022.<\/p>\n\n\n\n<p>Cuevas Salzar Jorge Alan, \u201c<strong>Dise\u00f1o de una metodolog\u00eda social-solidaria para la reapropiaci\u00f3n del trabajo. El caso de un grupo de mujeres subcontratadas<\/strong>\u201d. CIIDIR Unidad Oaxaca-IPN. Febrero 2022.<\/p>\n\n\n\n<p>Gonz\u00e1lez P\u00e9rez Alma Ver\u00f3nica, \u201c<strong>Estrategia comunitaria de manejo de los residuos s\u00f3lidos: El caso de Villa de Mitla Oaxaca<\/strong>\u201d. CIIDIR Unidad Oaxaca-IPN. Agosto 2021.<\/p>\n\n\n\n<p>Ram\u00edrez Vargas Sara Roc\u00edo, \u201c<strong>El Comercio Justo, una alternativa para la elaboraci\u00f3n y venta de artesan\u00edas de barro. El caso de Santa Mar\u00eda Atzompa, Oaxaca<\/strong>\u201d. CIIDIR Unidad Oaxaca-IPN. Agosto 2021.<\/p>\n\n\n\n<p>L\u00f3pez Olmedo Karen Deniss, \u201c<strong>La dendroenerg\u00eda como uno de los componentes en la diversificaci\u00f3n productiva del manejo forestal comunitario de la Sierra Ju\u00e1rez, Oaxaca, M\u00e9xico. Experiencia desde dos organizaciones<\/strong>\u201d. Enero 2020.<\/p>\n\n\n\n<p>Hern\u00e1ndez Sosa Irvin Uriel, \u201c<strong>Integraci\u00f3n de una red socio-productiva para el aprovechamiento de Jamaica (Hibiscus sabdariffa) bajo principios de econom\u00eda solidaria en la Costa de Oaxaca<\/strong>\u201d. CIIDIR Unidad Oaxaca-IPN. Diciembre 2019.<\/p>\n\n\n\n<p>Ju\u00e1rez Cort\u00e9s Irene, \u00ab<strong>Elaboraci\u00f3n de un plan de acci\u00f3n sustentable del cultivo de tilapia en Valles Centrales, Oaxaca<\/strong>\u00ab.&nbsp;CIIDIR Unidad Oaxaca-IPN. Agosto 2019.<\/p>\n\n\n\n<p>Hernandez Miranda&nbsp;Azucena,&nbsp;\u00ab<strong>Conservaci\u00f3n comunitaria del venado cola blanca (Odocoileus virginianus) en vida libre, como especie de importancia socioeconomica y cultural. En el Vado, Oaxaca<\/strong>\u00ab. CIIDIR Unidad Oaxaca-IPN. Agosto 2019.<\/p>\n\n\n\n<p>Hern\u00e1ndez Cordova&nbsp;Cecilia,&nbsp;\u00ab<strong>Consolidaci\u00f3n de un grupo Socio-Productivo de Alimentos Naturales en la comunidad de Zimatlan de \u00c1lvares, Oaxaca<\/strong>\u00ab. CIIDIR Unidad Oaxaca-IPN. Julio 2019.<\/p>\n\n\n\n<p>P\u00e9rez Belmonte Nancy Merab, \u00ab<strong>Evaluaci\u00f3n de impactos socio ambientales del ecoturismo comunitario de Santa Mar\u00eda Yahuiche bajo el enfoque social solidario<\/strong>\u00ab. CIIDIR Unidad Oaxaca-IPN. Enero 2019<\/p>\n\n\n\n<p>Mart\u00ednez Ru\u00edz Ofelia,&nbsp;\u201c<strong>Gesti\u00f3n y gobernanza en empresas comunitarias. El caso de Ecotur Yahuiche S.P.R. de R.I.<\/strong>\u201d.&nbsp;CIIDIR Unidad Oaxaca-IPN. Agosto 2018.<\/p>\n\n\n\n<p>L\u00f3pez Saynes Gabriela,&nbsp;\u201c<strong>Revaloraci\u00f3n del Totopo (Guetabiguii Yaachi) desde el enfoque de la Econom\u00eda Social. El caso de mujeres productoras en Juchit\u00e1n, Oaxaca<\/strong>\u201d. CIIDIR Unidad Oaxaca-IPN. Julio 2018.<\/p>\n\n\n\n<p>Jim\u00e9nez G\u00f3mez Cecilia,&nbsp;\u201c<strong>Las microfinanzas como factor de gesti\u00f3n para el desarrollo solidario, una aproximaci\u00f3n desde la investigaci\u00f3n participativa en San Bartolo Coyotepec, Oaxaca<\/strong>\u201d. CIIDIR Unidad Oaxaca-IPN. Agosto 2017.<\/p>\n\n\n\n<p>P\u00e9rez Cruz Edgar, \u201c<strong>Fortalecimiento de la sostenibilidad energ\u00e9tica en una comunidad rural de Oaxaca<\/strong>\u201d. CIIDIR Unidad Oaxaca-IPN. Enero 2017.&nbsp;<\/p>\n","protected":false},"excerpt":{"rendered":"<p>Maestr\u00eda Directora de tesis Silvia Roc\u00edo Torres Z\u00e1rate, \u00abFortalecimiento en el manejo integral de residuos s\u00f3lidos urbanos del municipio de Santa Mar\u00eda Atzompa, desde la econom\u00eda solidaria y el buen vivir\u00bb. CIIDIR Unidad Oaxaca-IPN. Agosto de 2025 Victoria Bautista L\u00f3pez, \u00abFortalecimiento de la actividad artesanal (Cester\u00eda de carrizo) mediante estrategias de gesti\u00f3n comunitaria en Santa [&hellip;]<\/p>\n","protected":false},"author":67,"featured_media":0,"parent":0,"menu_order":0,"comment_status":"closed","ping_status":"closed","template":"","meta":{"_swt_meta_header_display":false,"_swt_meta_footer_display":false,"_swt_meta_site_title_display":false,"_swt_meta_sticky_header":false,"_swt_meta_transparent_header":false,"footnotes":""},"class_list":["post-7","page","type-page","status-publish","hentry"],"_links":{"self":[{"href":"https:\/\/web.ciidiroaxaca.ipn.mx\/lagomezh\/wp-json\/wp\/v2\/pages\/7","targetHints":{"allow":["GET"]}}],"collection":[{"href":"https:\/\/web.ciidiroaxaca.ipn.mx\/lagomezh\/wp-json\/wp\/v2\/pages"}],"about":[{"href":"https:\/\/web.ciidiroaxaca.ipn.mx\/lagomezh\/wp-json\/wp\/v2\/types\/page"}],"author":[{"embeddable":true,"href":"https:\/\/web.ciidiroaxaca.ipn.mx\/lagomezh\/wp-json\/wp\/v2\/users\/67"}],"replies":[{"embeddable":true,"href":"https:\/\/web.ciidiroaxaca.ipn.mx\/lagomezh\/wp-json\/wp\/v2\/comments?post=7"}],"version-history":[{"count":15,"href":"https:\/\/web.ciidiroaxaca.ipn.mx\/lagomezh\/wp-json\/wp\/v2\/pages\/7\/revisions"}],"predecessor-version":[{"id":78,"href":"https:\/\/web.ciidiroaxaca.ipn.mx\/lagomezh\/wp-json\/wp\/v2\/pages\/7\/revisions\/78"}],"wp:attachment":[{"href":"https:\/\/web.ciidiroaxaca.ipn.mx\/lagomezh\/wp-json\/wp\/v2\/media?parent=7"}],"curies":[{"name":"wp","href":"https:\/\/api.w.org\/{rel}","templated":true}]}}