{"id":6,"date":"2016-10-19T16:04:09","date_gmt":"2016-10-19T16:04:09","guid":{"rendered":"https:\/\/web.ciidiroaxaca.ipn.mx\/lagomezh\/proyectos-de-investigacion\/"},"modified":"2025-10-18T14:27:13","modified_gmt":"2025-10-18T20:27:13","slug":"proyectos-de-investigacion","status":"publish","type":"page","link":"https:\/\/web.ciidiroaxaca.ipn.mx\/lagomezh\/proyectos-de-investigacion\/","title":{"rendered":"Proyectos de investigaci\u00f3n"},"content":{"rendered":"\n<h3 class=\"wp-block-heading\">Directora del proyecto<\/h3>\n\n\n\n<p>01\/2025 &#8211; 12\/2025 La participaci\u00f3n social como elemento clave para una adecuada gesti\u00f3n de residuos s\u00f3lidos urbanos. <strong>Clave SIP20250759<\/strong>. CIIDIR Unidad Oaxaca IPN<\/p>\n\n\n\n<p>01\/2024 &#8211; 12\/2024  El comercio justo y su pr\u00e1ctica en talleres artesanales. El caso en Valles Centrales de Oaxaca. <strong>Clave SIP20241619<\/strong>. CIIDIR Unidad Oaxaca IPN<\/p>\n\n\n\n<p>01\/2023 \u2013 12\/2023&nbsp;An\u00e1lisis de procesos microfinancieros: una mirada para el acceso al ahorro y prestamos del sector social de la econom\u00eda .&nbsp;Clave&nbsp;<strong>SIP20231636<\/strong>. CIIDIR Unidad Oaxaca-IPN.<\/p>\n\n\n\n<p>01\/2022 \u2013 12\/2022&nbsp;Econom\u00eda &nbsp;social &nbsp;y &nbsp;solidaria &nbsp;en &nbsp;procesos &nbsp;micro &nbsp;financieros. &nbsp;El &nbsp;caso &nbsp;de&nbsp;grupos de auto ahorro y pr\u00e9stamo&nbsp;Clave&nbsp;<strong>SIP20221798<\/strong>. CIIDIR Unidad Oaxaca-IPN.<\/p>\n\n\n\n<p>01\/2021 \u2013 12\/2021&nbsp;Atributos&nbsp;de Econom\u00eda Solidaria en empresas comunitarias de la Sierra Norte de Oaxaca&nbsp;Clave&nbsp;<strong>SIP20211606<\/strong>. CIIDIR Unidad Oaxaca-IPN.<\/p>\n\n\n\n<p>01\/2018 \u2013 12\/2018&nbsp;Sustentabilidad y econom\u00eda solidaria: Propuesta de Indicadores para organismos del sector social&nbsp;Clave&nbsp;<strong>SIP20181496<\/strong>. CIIDIR Unidad Oaxaca-IPN.<\/p>\n\n\n\n<h3 class=\"wp-block-heading\">Participante del proyecto<\/h3>\n\n\n\n<p>01\/2020 \u2013 12\/2020 Memoria hist\u00f3rica y potencia de recordar en los movimientos por justicia ambiental.&nbsp;Clave <strong>SIP20200129<\/strong>. CIIDIR Unidad Oaxaca-IPN.<\/p>\n\n\n\n<p>01\/2019&nbsp;\u2013 12\/2019 Variaci\u00f3n fenol\u00f3gica entre bromelias y orqu\u00eddeas ep\u00edfitas.&nbsp;Clave <strong>SIP20195449<\/strong>. CIIDIR Unidad Oaxaca-IPN.&nbsp;<\/p>\n\n\n\n<p>01\/2019&nbsp;\u2013 12\/2019 Saberes tradicionales en el intercambio y la comercializaci\u00f3n de artesan\u00edas en San Pedro Cajonos y Santa Mar\u00eda Atzompa, Oaxaca.&nbsp;Clave <strong>SIP20195984<\/strong>. CIIDIR Unidad Oaxaca-IPN.<\/p>\n\n\n\n<p>01\/2017 \u2013 12\/2017&nbsp;El uso de la fenolog\u00eda de bromelias epifitas como una herramienta para su&nbsp;Conservaci\u00f3n.&nbsp;Clave <strong>SIP20170823<\/strong>. CIIDIR Unidad Oaxaca-IPN.<\/p>\n\n\n\n<p>01\/2017 \u2013 12\/2017&nbsp;Conflictos socio-ambientales en Oaxaca: Mapeo, tipolog\u00edas y marcos explicativos.&nbsp;Clave <strong>SIP20170779<\/strong>. CIIDIR Unidad Oaxaca-IPN.<\/p>\n\n\n\n<p>02\/2016 &#8211; 08\/2016 Proyecto Vinculado, Evaluaci\u00f3n de Impacto Social de la Central E\u00f3lica el Sauzal.&nbsp; &nbsp;Registro:Clave <strong>PYV-012-16<\/strong>. CIIDIR Unidad Oaxaca-IPN.&nbsp;<\/p>\n\n\n\n<p>01\/2016 \u2013 12\/2016 Fenolog\u00eda de Epifitas Vasculares. Clave <strong>SIP20161559<\/strong>. CIIDIR Unidad Oaxaca-IPN.<\/p>\n\n\n\n<p>01\/2015 \u2013 12\/2015 Diversidad de la dieta, nutrici\u00f3n y g\u00e9nero en una poblaci\u00f3n adulta de los Valles&nbsp; &nbsp; &nbsp; &nbsp; &nbsp;Centrales de Oaxaca. Clave <strong>SIP20150782<\/strong>. CIIDIR Unidad Oaxaca-IPN.&nbsp;<\/p>\n\n\n\n<p>01\/2014 &#8211; 12\/2014 Estudio etnobot\u00e1nico de las inflorecencias de bromelias epifitas en el mercado de Jamaica de la Cd. de M\u00e9xico. Clave <strong>SIP20140963<\/strong>. CIIDIR Unidad Oaxaca-IPN.<\/p>\n\n\n\n<p>01\/2013 \u2013 12\/2013 Seguimiento y verificaci\u00f3n del desempe\u00f1o del SGC en el proceso de Gesti\u00f3n de proyectos de investigaci\u00f3n del CIIDIR Oaxaca. Clave <strong>SIP20131699<\/strong>. CIIDIR Unidad Oaxaca-IPN.<\/p>\n\n\n\n<p>01\/2013 \u2013 12\/2013 Fenolog\u00eda de la comunidad de epifitas en un encinar de Santa Catarina Ixtepeji. Clave <strong>SIP20130738<\/strong>. CIIDIR Unidad Oaxaca-IPN.<\/p>\n\n\n\n<p>01\/2012 &#8211; 12\/2012 Estudio flor\u00edstico &nbsp;de las bromelias epifitas de Santo Domingo Cacalotepec. Clave <strong>SIP20090407<\/strong>. CIIDIR UNIDAD OAXACA-IPN. CIIDIR Unidad Oaxaca-IPN.<\/p>\n\n\n\n<p>01\/2012 \u2013 12\/2012 Biolog\u00eda reproductiva de una bromelia epifita con uso ornamental: El caso de Tillandsia Carlos-Hankii. Clave <strong>SIP20120868<\/strong>. CIIDIR Unidad Oaxaca-IPN.<\/p>\n\n\n\n<p>01\/2012 &#8211; 12\/2012 La racionalidad &nbsp;en el progreso &nbsp;sustentable &nbsp;rural comunitario. Clave <strong>SIP20120207 <\/strong>CIIDIR Unidad Oaxaca-IPN.<\/p>\n\n\n\n<p>01\/2010 \u2013 12\/2010 &nbsp;Metodolog\u00eda para la identificaci\u00f3n de proyectos productivos potenciales que impulsen el progreso local sustentable de comunidades marginadas. Clave <strong>SIP20100576<\/strong>. CIIDIR Unidad Oaxaca-IPN.<\/p>\n\n\n\n<p><\/p>\n","protected":false},"excerpt":{"rendered":"<p>Directora del proyecto 01\/2025 &#8211; 12\/2025 La participaci\u00f3n social como elemento clave para una adecuada gesti\u00f3n de residuos s\u00f3lidos urbanos. Clave SIP20250759. CIIDIR Unidad Oaxaca IPN 01\/2024 &#8211; 12\/2024 El comercio justo y su pr\u00e1ctica en talleres artesanales. El caso en Valles Centrales de Oaxaca. Clave SIP20241619. CIIDIR Unidad Oaxaca IPN 01\/2023 \u2013 12\/2023&nbsp;An\u00e1lisis de [&hellip;]<\/p>\n","protected":false},"author":67,"featured_media":0,"parent":0,"menu_order":0,"comment_status":"closed","ping_status":"closed","template":"","meta":{"_swt_meta_header_display":false,"_swt_meta_footer_display":false,"_swt_meta_site_title_display":false,"_swt_meta_sticky_header":false,"_swt_meta_transparent_header":false,"footnotes":""},"class_list":["post-6","page","type-page","status-publish","hentry"],"_links":{"self":[{"href":"https:\/\/web.ciidiroaxaca.ipn.mx\/lagomezh\/wp-json\/wp\/v2\/pages\/6","targetHints":{"allow":["GET"]}}],"collection":[{"href":"https:\/\/web.ciidiroaxaca.ipn.mx\/lagomezh\/wp-json\/wp\/v2\/pages"}],"about":[{"href":"https:\/\/web.ciidiroaxaca.ipn.mx\/lagomezh\/wp-json\/wp\/v2\/types\/page"}],"author":[{"embeddable":true,"href":"https:\/\/web.ciidiroaxaca.ipn.mx\/lagomezh\/wp-json\/wp\/v2\/users\/67"}],"replies":[{"embeddable":true,"href":"https:\/\/web.ciidiroaxaca.ipn.mx\/lagomezh\/wp-json\/wp\/v2\/comments?post=6"}],"version-history":[{"count":4,"href":"https:\/\/web.ciidiroaxaca.ipn.mx\/lagomezh\/wp-json\/wp\/v2\/pages\/6\/revisions"}],"predecessor-version":[{"id":71,"href":"https:\/\/web.ciidiroaxaca.ipn.mx\/lagomezh\/wp-json\/wp\/v2\/pages\/6\/revisions\/71"}],"wp:attachment":[{"href":"https:\/\/web.ciidiroaxaca.ipn.mx\/lagomezh\/wp-json\/wp\/v2\/media?parent=6"}],"curies":[{"name":"wp","href":"https:\/\/api.w.org\/{rel}","templated":true}]}}