{"id":4,"date":"2016-10-19T16:02:05","date_gmt":"2016-10-19T16:02:05","guid":{"rendered":"https:\/\/web.ciidiroaxaca.ipn.mx\/lagomezh\/m-en-a-laura-lourdes-gomez-hernandez\/"},"modified":"2025-10-13T18:00:44","modified_gmt":"2025-10-13T18:00:44","slug":"m-en-a-laura-lourdes-gomez-hernandez","status":"publish","type":"page","link":"https:\/\/web.ciidiroaxaca.ipn.mx\/lagomezh\/","title":{"rendered":"M. en A. Laura Lourdes G\u00f3mez Hern\u00e1ndez"},"content":{"rendered":"\n<h3 class=\"wp-block-heading has-text-align-center\">Maestra en Administraci\u00f3n por el Instituto Tecnol\u00f3gico de Oaxaca<\/h3>\n\n\n\n<p><strong>Temas de inter\u00e9s: <\/strong>Econom\u00eda Solidaria, Desarrollo Sostenible, Sistemas de Gesti\u00f3n de la Calidad, Comercio Justo, Empresas Familiares, Empresas Sociales, Gesti\u00f3n Comunitaria.<\/p>\n\n\n\n<p><strong>Perfiles de inter\u00e9s:<\/strong>\u00a0Administraci\u00f3n, Contadur\u00eda, Desarrollo Comunitario, Gesti\u00f3n Empresarial, Desarrollo Rural, Negocios u otras carreras afines a administraci\u00f3n o ciencia sociales, Ingenier\u00eda ambiental u otros perfiles con inter\u00e9s en la dimensi\u00f3n social.<\/p>\n\n\n\n<p class=\"has-text-align-center\">Contacto: <a href=\"mailto:lagomezh@ipn.mx\">lagomezh@ipn.mx<\/a><\/p>\n\n\n\n<p><\/p>\n","protected":false},"excerpt":{"rendered":"<p>Maestra en Administraci\u00f3n por el Instituto Tecnol\u00f3gico de Oaxaca Temas de inter\u00e9s: Econom\u00eda Solidaria, Desarrollo Sostenible, Sistemas de Gesti\u00f3n de la Calidad, Comercio Justo, Empresas Familiares, Empresas Sociales, Gesti\u00f3n Comunitaria. Perfiles de inter\u00e9s:\u00a0Administraci\u00f3n, Contadur\u00eda, Desarrollo Comunitario, Gesti\u00f3n Empresarial, Desarrollo Rural, Negocios u otras carreras afines a administraci\u00f3n o ciencia sociales, Ingenier\u00eda ambiental u otros perfiles [&hellip;]<\/p>\n","protected":false},"author":67,"featured_media":0,"parent":0,"menu_order":0,"comment_status":"closed","ping_status":"closed","template":"","meta":{"_swt_meta_header_display":false,"_swt_meta_footer_display":false,"_swt_meta_site_title_display":false,"_swt_meta_sticky_header":false,"_swt_meta_transparent_header":false,"footnotes":""},"class_list":["post-4","page","type-page","status-publish","hentry"],"_links":{"self":[{"href":"https:\/\/web.ciidiroaxaca.ipn.mx\/lagomezh\/wp-json\/wp\/v2\/pages\/4","targetHints":{"allow":["GET"]}}],"collection":[{"href":"https:\/\/web.ciidiroaxaca.ipn.mx\/lagomezh\/wp-json\/wp\/v2\/pages"}],"about":[{"href":"https:\/\/web.ciidiroaxaca.ipn.mx\/lagomezh\/wp-json\/wp\/v2\/types\/page"}],"author":[{"embeddable":true,"href":"https:\/\/web.ciidiroaxaca.ipn.mx\/lagomezh\/wp-json\/wp\/v2\/users\/67"}],"replies":[{"embeddable":true,"href":"https:\/\/web.ciidiroaxaca.ipn.mx\/lagomezh\/wp-json\/wp\/v2\/comments?post=4"}],"version-history":[{"count":3,"href":"https:\/\/web.ciidiroaxaca.ipn.mx\/lagomezh\/wp-json\/wp\/v2\/pages\/4\/revisions"}],"predecessor-version":[{"id":43,"href":"https:\/\/web.ciidiroaxaca.ipn.mx\/lagomezh\/wp-json\/wp\/v2\/pages\/4\/revisions\/43"}],"wp:attachment":[{"href":"https:\/\/web.ciidiroaxaca.ipn.mx\/lagomezh\/wp-json\/wp\/v2\/media?parent=4"}],"curies":[{"name":"wp","href":"https:\/\/api.w.org\/{rel}","templated":true}]}}