{"id":9,"date":"2019-10-31T20:37:04","date_gmt":"2019-10-31T20:37:04","guid":{"rendered":"https:\/\/web.ciidiroaxaca.ipn.mx\/jylopez\/tesis\/"},"modified":"2026-04-15T16:38:14","modified_gmt":"2026-04-15T22:38:14","slug":"tesis","status":"publish","type":"page","link":"https:\/\/web.ciidiroaxaca.ipn.mx\/jylopez\/tesis\/","title":{"rendered":"Tesis"},"content":{"rendered":"\n<h3 class=\"wp-block-heading\"><strong><strong>Tesis en Proceso: Nivel Posgrado<\/strong><\/strong><\/h3>\n\n\n\n<h4 class=\"wp-block-heading\"><strong>Doctorado en Ciencias&nbsp;<\/strong><\/h4>\n\n\n\n<ul class=\"wp-block-list\">\n<li>Lexly Reyes Jimenez \u00ab<strong>El cooperativismo como estrategia de inclusi\u00f3n social para personas con discapacidad en el estado de Oaxaca<\/strong>\u00bb 2026A <\/li>\n\n\n\n<li>ALBA LILIA SANTIAGO CRUZ.- \u00ab<strong>Percepci\u00f3n local del bienestar en San Pedro el Alto Zimatl\u00e1n de \u00c1lvarez\u00a0 Oaxaca<\/strong>\u00bb 2025B<\/li>\n\n\n\n<li>FERMIN SOSA PEREZ .- \u00ab<strong>La siembra de agua como proceso de coevoluci\u00f3n agua-comunidad en la construcci\u00f3n de sistemas de gobernanza h\u00eddrica<\/strong> Caso San Antonino Castillo Velasco, en Xnizza, Oaxaca\u00bb.2025B<\/li>\n\n\n\n<li>B220605 Mayra Atali Ter\u00e1n Ram\u00edrez.<strong>\u00a0<\/strong><u>\u201c<\/u><em><strong>Estrategias de aprovechamiento de residuos s\u00f3lidos del caf\u00e9 y su impacto en el bienestar social en San Juan Juquila Vijanos, Villa Alta, Oaxaca<\/strong>\u201d. 2022B.<\/em><\/li>\n<\/ul>\n\n\n\n<h4 class=\"wp-block-heading\"><strong>Maestr\u00eda en Ciencias&nbsp;<\/strong><\/h4>\n\n\n\n<ul class=\"wp-block-list\">\n<li><strong>B245192<\/strong> Imbert Lopez Merino .- <strong>\u00abAn\u00e1lisis de las competencias laborales en el sistema de producci\u00f3n de mezcal en el Valle de Tlacolula, Oaxaca<\/strong>\u00bb 2024B <\/li>\n<\/ul>\n\n\n\n<h3 class=\"wp-block-heading\"><strong>Tesis Concluidas: <\/strong><strong>Nivel Posgrado<\/strong><\/h3>\n\n\n\n<h4 class=\"wp-block-heading\"><strong>Doctorado en Ciencias<\/strong><\/h4>\n\n\n\n<ul class=\"wp-block-list\">\n<li>B200834 Sofia Otilia del Pozo Calder\u00f3n. <em>An\u00e1lisis del patrimonio Tangible e intangible en las comunidades ind\u00edgenas en Oaxaca<\/em>.2020B<\/li>\n\n\n\n<li>Fernando Jara Contreras.&nbsp;<em>Impacto del Programa de Fomento a la Econom\u00eda&nbsp;Social (PFES) en el desarrollo de Capacidades Asociativas para la Consolidaci\u00f3n y Sustentabilidad de Productores de Oaxaca.<\/em>&nbsp;Doctorado en Ciencias en Conservaci\u00f3n y Aprovechamiento de lo Recursos Naturales CIIDIR-IPN-OAX.&nbsp; 19 julio 2023.<\/li>\n<\/ul>\n\n\n\n<h4 class=\"wp-block-heading\"><strong>Maestr\u00eda en Ciencias<\/strong><\/h4>\n\n\n\n<ul class=\"wp-block-list\">\n<li>B231005 . Giselle Carolina Lescas Montes.\u00a0<em>\u00ab<strong>Cooperativismo y bienestar social: un estudio de caso de los artesanos del \u00abCentro de Arte Textil Zapoteco BII DA\u00fc\u00fc en Teotitl\u00e1n del Valle<\/strong><\/em>\u00bb 19 Agosto 2025<\/li>\n\n\n\n<li>Rosario Aide Hern\u00e1ndez L\u00f3pez. (A220446) <em>An\u00e1lisis de la contribuci\u00f3n econ\u00f3mica de la mujer en el bienestar familiar de San Martin Soyolapam, Santiago Comaltepec, Ixtl\u00e1n Oaxaca<\/em>.&nbsp;<em>Maestr\u00eda<\/em> en Ciencias en Conservaci\u00f3n y Aprovechamiento de lo Recursos Naturales CIIDIR-IPN-OAX. 6 febrero 2024.<\/li>\n\n\n\n<li>Jonatan Espinosa Nieto. <em>An\u00e1lisis de la gobernanza&nbsp;<\/em><em> y conservaci\u00f3n de recursos naturales: el caso del Parque Nacional Huatulco, Oaxaca. Maestr\u00eda<\/em> en Ciencias en Conservaci\u00f3n y Aprovechamiento de lo Recursos Naturales CIIDIR-IPN-OAX.&nbsp;6 de Agosto 2021.<\/li>\n\n\n\n<li>Mois\u00e9s Gonz\u00e1lez Cruz. <em>El sistema de Gesti\u00f3n Ambiental informal y la ventaja competitiva en costos, diferenciaci\u00f3n y crecimiento empresarial de los negocios de mezcal de Oaxaca.<\/em> Fecha de obtenci\u00f3n del grado<strong>: <\/strong>4 julio 2019. <em>Maestr\u00eda<\/em> en Ciencias en Conservaci\u00f3n y Aprovechamiento de los Recursos Naturales CIIDIR-IPN-OAX.<\/li>\n\n\n\n<li>Estefan\u00eda Ivette Villavicencio Antonio. <em>Responsabilidad Social Empresarial y su influencia en el Desempe\u00f1o a trav\u00e9s de la Eco.innovaci\u00f3n en restaurantes de Madrid y Oaxaca.<\/em> Fecha de obtenci\u00f3n del grado<strong>: <\/strong>14 enero de 2019. <em>Maestr\u00eda<\/em> en Ciencias en Conservaci\u00f3n y Aprovechamiento de los Recursos Naturales CIIDIR-IPN-OAX.<\/li>\n\n\n\n<li>Adriana Vasconcelos Ram\u00edrez. La formaci\u00f3n de un Sistema Agroalimentario Localizado (SIAL) entre peque\u00f1as productoras de tlayudas del municipio de Tlalixtac de Cabrera, Oaxaca. Fecha de obtenci\u00f3n del grado: 31 de julio de 2018. Maestr\u00eda en Ciencias en Conservaci\u00f3n y Aprovechamiento de los Recursos Naturales CIIDIR-IPN-OAX.<\/li>\n\n\n\n<li>Mar\u00eda Nayeli Callejas Hern\u00e1ndez. &#8211; <em>Evaluaci\u00f3n de las Disposiciones Administrativas sobre los Estudios de Impacto Social en Proyectos e\u00f3licos. El Caso de Santo Domingo Ingenio, Oaxaca.<\/em> Fecha de obtenci\u00f3n del grado: 25 junio de 2019. Maestr\u00eda en Ciencias en Conservaci\u00f3n y Aprovechamiento de los Recursos Naturales CIIDIR-IPN-OAX.<\/li>\n<\/ul>\n\n\n\n<h3 class=\"wp-block-heading rtejustify\"><strong>Tesis Concluidas: Nivel licenciatura<\/strong><\/h3>\n\n\n\n<ul class=\"wp-block-list\">\n<li>Nayelli Karol Sumano Luaysa. <em>Plan de negocios para la creaci\u00f3n de una microempresa de nuevos productos derivados del tomate de c\u00e1scara. <\/em>Fecha de titulaci\u00f3n:19 junio del 2018.Licenciatura en Ingenier\u00eda en Gesti\u00f3n Empresarial. <strong>&nbsp;<\/strong>Instituto Tecnol\u00f3gico del Valle de Etla.<\/li>\n\n\n\n<li>Azucena Oliva Miguel. <em>Estrategias para el aprovechamiento de residuos generados en la producci\u00f3n del mezcal artesanal en la comunidad de Yutanduchi de Guerrero<\/em><strong>. <\/strong>Fecha de titulaci\u00f3n:24 mayo del 2018.Licenciatura en Ingenier\u00eda en Gesti\u00f3n Empresarial. <strong>&nbsp;<\/strong>Instituto Tecnol\u00f3gico del Valle de Etla.<\/li>\n\n\n\n<li>Mois\u00e9s Gonz\u00e1lez&nbsp; Cruz . <em>Estrategias de comercializaci\u00f3n de nuevos productos alimenticios procesados del fruto deshidratado del tomate de c\u00e1scara.<\/em> Fecha de titulaci\u00f3n: 27 de marzo del 2017. Licenciatura en Ingenier\u00eda en Gesti\u00f3n Empresarial. <strong>&nbsp;<\/strong>Instituto Tecnol\u00f3gico del Valle de Etla.<\/li>\n\n\n\n<li>Guillermo G\u00f3mez Mart\u00ednez. <em>\u201cEstrategias de comercializaci\u00f3n para la producci\u00f3n de mezcal artesanal elaborado con agave de especies nativas en la agencia de polic\u00eda Nejapa-Tlahuitoltepec\u201d &nbsp;<\/em>Fecha de titulaci\u00f3n: 26 de junio del 2017. Licenciatura en Ingenier\u00eda en Gesti\u00f3n Empresarial. <strong>&nbsp;<\/strong>Instituto Tecnol\u00f3gico del Valle de Etla.<\/li>\n\n\n\n<li>Arisbeth Orozco Villafa\u00f1e. <em>Determinaci\u00f3n de costos de producci\u00f3n&nbsp;y evaluaci\u00f3n del rendimiento de 6 genotipos de Physalis ixocarpa brot. en ambientes. <\/em>Fecha de titulaci\u00f3n: 3 de marzo del 2015. Licenciatura en Ingenier\u00eda en Gesti\u00f3n Empresarial. <strong>&nbsp;<\/strong>Instituto Tecnol\u00f3gico del Valle de Etla.<\/li>\n\n\n\n<li>Victoria Bautista L\u00f3pez. <em>Producci\u00f3n de hortalizas en invernaderos familiares y su impacto en la calidad de vida de algunos productores de San Juan Mixtepec, Juxtlahuaca, Oax.<\/em>, Fecha de titulaci\u00f3n: 01 de diciembre del 2010. Licenciatura en Ingenier\u00eda de Calidad. Universidad Aut\u00f3noma Ind\u00edgena de M\u00e9xico.<\/li>\n<\/ul>\n","protected":false},"excerpt":{"rendered":"<p>Tesis en Proceso: Nivel Posgrado Doctorado en Ciencias&nbsp; Maestr\u00eda en Ciencias&nbsp; Tesis Concluidas: Nivel Posgrado Doctorado en Ciencias Maestr\u00eda en Ciencias Tesis Concluidas: Nivel licenciatura<\/p>\n","protected":false},"author":6,"featured_media":0,"parent":0,"menu_order":0,"comment_status":"closed","ping_status":"closed","template":"","meta":{"_swt_meta_header_display":false,"_swt_meta_footer_display":false,"_swt_meta_site_title_display":false,"_swt_meta_sticky_header":false,"_swt_meta_transparent_header":false,"footnotes":""},"class_list":["post-9","page","type-page","status-publish","hentry"],"_links":{"self":[{"href":"https:\/\/web.ciidiroaxaca.ipn.mx\/jylopez\/wp-json\/wp\/v2\/pages\/9","targetHints":{"allow":["GET"]}}],"collection":[{"href":"https:\/\/web.ciidiroaxaca.ipn.mx\/jylopez\/wp-json\/wp\/v2\/pages"}],"about":[{"href":"https:\/\/web.ciidiroaxaca.ipn.mx\/jylopez\/wp-json\/wp\/v2\/types\/page"}],"author":[{"embeddable":true,"href":"https:\/\/web.ciidiroaxaca.ipn.mx\/jylopez\/wp-json\/wp\/v2\/users\/6"}],"replies":[{"embeddable":true,"href":"https:\/\/web.ciidiroaxaca.ipn.mx\/jylopez\/wp-json\/wp\/v2\/comments?post=9"}],"version-history":[{"count":6,"href":"https:\/\/web.ciidiroaxaca.ipn.mx\/jylopez\/wp-json\/wp\/v2\/pages\/9\/revisions"}],"predecessor-version":[{"id":87,"href":"https:\/\/web.ciidiroaxaca.ipn.mx\/jylopez\/wp-json\/wp\/v2\/pages\/9\/revisions\/87"}],"wp:attachment":[{"href":"https:\/\/web.ciidiroaxaca.ipn.mx\/jylopez\/wp-json\/wp\/v2\/media?parent=9"}],"curies":[{"name":"wp","href":"https:\/\/api.w.org\/{rel}","templated":true}]}}