{"id":8,"date":"2019-10-31T20:35:46","date_gmt":"2019-10-31T20:35:46","guid":{"rendered":"https:\/\/web.ciidiroaxaca.ipn.mx\/jylopez\/proyectos-de-investigacion\/"},"modified":"2026-04-14T14:35:41","modified_gmt":"2026-04-14T20:35:41","slug":"proyectos-de-investigacion","status":"publish","type":"page","link":"https:\/\/web.ciidiroaxaca.ipn.mx\/jylopez\/proyectos-de-investigacion\/","title":{"rendered":"Proyectos de Investigaci\u00f3n"},"content":{"rendered":"\n<h3 class=\"wp-block-heading\">Directora:<\/h3>\n\n\n\n<p class=\"has-text-align-center\"><strong>PROYECTOS DE INICIACI\u00d3N CON FINANCIAMIENTO INTERNO<\/strong> <\/p>\n\n\n\n<ul class=\"wp-block-list\">\n<li><strong>SIP20260941<\/strong> Dise\u00f1o de Estrategias para el Manejo y Aprovechamiento Integral de Recursos Naturales y su Contribuci\u00f3n a los ODS y al Bienestar Social en Comunidades de Oaxaca.Periodo: Enero &#8211; Diciembre 2026<\/li>\n\n\n\n<li><strong>SIP20254030<\/strong> DISE\u00d1O DE ESTRATEGIAS PARA EL MANEJO Y APROVECHAMIENTO INTEGRAL DE RECURSO NATURALES Y SU CONTRIBUCION A LOS ODS Y AL BIENESTAR SOCIAL EN COMUNIDADES INDIGENAS DE OAXACA. Periodo: Enero &#8211; Diciembre 2025.<\/li>\n<\/ul>\n\n\n\n<p class=\"has-text-align-center\"><strong>PROYECTOS DE DESARROLLO TECNOLOGICO E INNOVACI\u00d3N <\/strong><\/p>\n\n\n\n<ul class=\"wp-block-list\">\n<li><strong>SIP20250303<\/strong> Modelo \u00a0socioproductivo \u00a0basado \u00a0en \u00a0la \u00a0biodiversidad \u00a0e \u00a0integraci\u00f3n \u00a0de \u00a0saberes tradicionales para fortalecer la econom\u00eda solidaria en comunidades ind\u00edgenas. Caso: Procesamiento de frutos org\u00e1nicos en Sta. Catarina Lachatao, Ixtl\u00e1n, Oaxaca.Periodo: Enero &#8211; Diciembre 2025.<\/li>\n\n\n\n<li><strong>SIP20242329 <\/strong>Saberes tradicionales y su relaci\u00f3n con la preservaci\u00f3n del patrimonio sociocultural y el bienestar social de la comunidades ind\u00edgenas de Oaxaca Periodo: Enero &#8211; Diciembre 2024.<\/li>\n\n\n\n<li><strong>SIP20242809<\/strong> Modelo &nbsp;socioproductivo &nbsp;basado &nbsp;en &nbsp;la &nbsp;biodiversidad &nbsp;e &nbsp;integraci\u00f3n &nbsp;de &nbsp;saberes tradicionales para fortalecer la econom\u00eda solidaria en comunidades ind\u00edgenas. Caso: Procesamiento de frutos org\u00e1nicos en Sta. Catarina Lachatao, Ixtl\u00e1n, Oaxaca. Periodo: Enero &#8211; Diciembre 2024.<\/li>\n<\/ul>\n\n\n\n<p class=\"has-text-align-center\"><strong>PROYECTOS DE INVESTIGACI\u00d3N INDIVIDUALES<\/strong><\/p>\n\n\n\n<ul class=\"wp-block-list\">\n<li><strong>SIP 20230178<\/strong> Propuesta metodol\u00f3gica para determinar competencias gen\u00e9ricas en actividades productivas en comunidades ind\u00edgenas de Oaxaca para contribuir al Buen Vivir. Periodo: Enero &#8211; Diciembre 2023.<\/li>\n\n\n\n<li><strong>SIP 20221166<\/strong> Conocimiento tradicional, desde el enfoque de la bioeconom\u00eda, para el bienestar social en comunidades ind\u00edgenas de Oaxaca. Enero&nbsp; a diciembre 2022.<\/li>\n\n\n\n<li><strong>SIP 20210852<\/strong> Gesti\u00f3n del conocimiento para el desarrollo de competencias en mujeres que participan en el sector mezcalero en dos comunidades de Oaxaca. Enero a Diciembre 2021.<\/li>\n\n\n\n<li><strong>SIP 20201519.<\/strong> La participacion de la mujer en los procesos productivos artesanales en&nbsp; Oaxaca y su impacto socioeconomico en el bienestar familiar y comunitario. Enero a diciembre 2020<\/li>\n\n\n\n<li><strong>SIP 20195756.<\/strong> Gesti\u00f3n ambiental y aprovechamiento de residuos de mezcal en Oaxaca. Enero-diciembre 2019.<\/li>\n<\/ul>\n\n\n\n<p><\/p>\n\n\n\n<h3 class=\"wp-block-heading\">Participante:<\/h3>\n\n\n\n<ul class=\"wp-block-list\">\n<li><strong>SIP 20220404<\/strong> Participaci\u00f3n de la mujer oaxaque\u00f1a, en la selecci\u00f3n y usos de ecotipos de Hylocereus, Capsicum y Agaves. Enero a Diciembre 2022.<\/li>\n\n\n\n<li><strong>SIP20210775<\/strong>&nbsp;Variaci\u00f3n microclim\u00e1tica durante la etapa reproductiva de la pitahaya . Enero a Diciembre 2021<\/li>\n\n\n\n<li><strong>SIP 20200340.<\/strong> An\u00e1lisis de par\u00e1metros f\u00edsicos y fisiol\u00f3gicos de semillas y pl\u00e1ntulas en Capsicum annuum de Oaxaca y respuesta de la planta ante el estr\u00e9s h\u00eddrico. Enero 2020 a la fecha<\/li>\n\n\n\n<li><strong>SIP20190198.<\/strong> Germinaci\u00f3n y Desarrollo postemergente de A. potatorum.<\/li>\n\n\n\n<li><strong>SIP20180457.<\/strong> Nutrici\u00f3n hidrop\u00f3nica, propagaci\u00f3n y uso del bagazo de Agave potatorum<\/li>\n\n\n\n<li><strong>SIP20170188.<\/strong> Nutrici\u00f3n hidrop\u00f3nica, propagaci\u00f3n y uso del bagazo de Agave potatorum<\/li>\n\n\n\n<li><strong>SIP 20170705.<\/strong> Las diferencias de g\u00e9nero en el an\u00e1lisis de la sustentabilidad en negocios familiares del sector artesanal.<\/li>\n\n\n\n<li><strong>2015-2017<\/strong>. PROYECTO CONACYT. Uso y conocimiento de Physalis spp.para su cultivo intensivo en ambientes protegidos y campo. Clave 248261.y SIP 2015-RE\/123.<\/li>\n\n\n\n<li><strong>SIP20160437<\/strong>. Nutrici\u00f3n y ecofisiolog\u00eda de agave spp. en condiciones protegidas, hidrop\u00f3nicas y campo.<\/li>\n\n\n\n<li><strong>SIP 20160594<\/strong>. G\u00e9nero y valores ambientales en artesanos de Guanajuato y Oaxaca, M\u00e9xico.<\/li>\n<\/ul>\n\n\n\n<p class=\"has-text-align-center\"><strong>PROYECTOS MULTIDISCIPLINARIOS<\/strong><\/p>\n\n\n\n<ul class=\"wp-block-list\">\n<li>Proyecto multidisciplinario. Diagn\u00f3stico, propagaci\u00f3n, plagas y enfermedades y contenido de fructanos de Agave potatorum Zucc. en invernadero y campo (ETAPA II)<\/li>\n\n\n\n<li>Proyecto Multidisciplinario <strong>SIP 1691<\/strong>.-\u201cDiagn\u00f3stico, ecofisiolog\u00eda y contenido de az\u00facares solubles de Agave sp. en ambiente controlado y en campo. (Etapa I)<\/li>\n\n\n\n<li>PROYECTO <strong>Multidisciplinario 1559<\/strong>.- ESTUDIO ECOFISIOLOGICO Y MOLECULAR DE PHYSALIS IXOCARPA. en el M\u00f3dulo SIP20140511.- Evaluacion del germoplasma de Physalis ixocarpa brot, su fisiologia, nutrici\u00f3n y manejo para optimizar el rendimiento.<\/li>\n<\/ul>\n\n\n\n<h3 class=\"wp-block-heading\">Proyectos Internacionales Vinculados<\/h3>\n\n\n\n<p>2019.- Engineering Nano-Enabled Water Treatment Solutions for Communities in Oaxaca, MX and Colonias in TX.(Soluciones para t ratamiento de agua con Ingenier\u00eda Nanohabilitada para comunidades en Oaxaca MX, y colonias en TX).Duraci\u00f3n: &nbsp;01\/sep\/2019 31\/ago\/2023. Instituci\u00f3n: Universidad de Texas , Campus Austin<\/p>\n\n\n\n<p>Colaboradores:Universidad de Austin: NAVID SALEH, DESMOND LAWLER, PETER WARD, <strong>CIIDIR Unidad Oaxaca: JUANA YOLANDA L\u00d3PEZ CRUZ<\/strong>, MANUEL GERARDO ALONSO GUTIERREZ, MARIA EUFEMIA P\u00c9REZ FLORES, PASTOR TEODORO MATADAMAS ORTIZ,SALVADOR ISIDRO BELMONTE JIM\u00c9NEZ,&nbsp; BALDOMERO H. Z\u00c1RATE NICOL\u00c1S<\/p>\n\n\n\n<p>&nbsp;<\/p>\n\n\n\n<p>&nbsp;<\/p>\n","protected":false},"excerpt":{"rendered":"<p>Directora: PROYECTOS DE INICIACI\u00d3N CON FINANCIAMIENTO INTERNO PROYECTOS DE DESARROLLO TECNOLOGICO E INNOVACI\u00d3N PROYECTOS DE INVESTIGACI\u00d3N INDIVIDUALES Participante: PROYECTOS MULTIDISCIPLINARIOS Proyectos Internacionales Vinculados 2019.- Engineering Nano-Enabled Water Treatment Solutions for Communities in Oaxaca, MX and Colonias in TX.(Soluciones para t ratamiento de agua con Ingenier\u00eda Nanohabilitada para comunidades en Oaxaca MX, y colonias en TX).Duraci\u00f3n: [&hellip;]<\/p>\n","protected":false},"author":6,"featured_media":0,"parent":0,"menu_order":0,"comment_status":"closed","ping_status":"closed","template":"","meta":{"_swt_meta_header_display":false,"_swt_meta_footer_display":false,"_swt_meta_site_title_display":false,"_swt_meta_sticky_header":false,"_swt_meta_transparent_header":false,"footnotes":""},"class_list":["post-8","page","type-page","status-publish","hentry"],"_links":{"self":[{"href":"https:\/\/web.ciidiroaxaca.ipn.mx\/jylopez\/wp-json\/wp\/v2\/pages\/8","targetHints":{"allow":["GET"]}}],"collection":[{"href":"https:\/\/web.ciidiroaxaca.ipn.mx\/jylopez\/wp-json\/wp\/v2\/pages"}],"about":[{"href":"https:\/\/web.ciidiroaxaca.ipn.mx\/jylopez\/wp-json\/wp\/v2\/types\/page"}],"author":[{"embeddable":true,"href":"https:\/\/web.ciidiroaxaca.ipn.mx\/jylopez\/wp-json\/wp\/v2\/users\/6"}],"replies":[{"embeddable":true,"href":"https:\/\/web.ciidiroaxaca.ipn.mx\/jylopez\/wp-json\/wp\/v2\/comments?post=8"}],"version-history":[{"count":7,"href":"https:\/\/web.ciidiroaxaca.ipn.mx\/jylopez\/wp-json\/wp\/v2\/pages\/8\/revisions"}],"predecessor-version":[{"id":82,"href":"https:\/\/web.ciidiroaxaca.ipn.mx\/jylopez\/wp-json\/wp\/v2\/pages\/8\/revisions\/82"}],"wp:attachment":[{"href":"https:\/\/web.ciidiroaxaca.ipn.mx\/jylopez\/wp-json\/wp\/v2\/media?parent=8"}],"curies":[{"name":"wp","href":"https:\/\/api.w.org\/{rel}","templated":true}]}}