{"id":6,"date":"2019-10-31T20:26:33","date_gmt":"2019-10-31T20:26:33","guid":{"rendered":"https:\/\/web.ciidiroaxaca.ipn.mx\/jylopez\/dra-juana-yolanda-lopez-cruz\/"},"modified":"2026-04-13T15:40:52","modified_gmt":"2026-04-13T21:40:52","slug":"dra-juana-yolanda-lopez-cruz","status":"publish","type":"page","link":"https:\/\/web.ciidiroaxaca.ipn.mx\/jylopez\/","title":{"rendered":"Dra. Juana Yolanda L\u00f3pez Cruz"},"content":{"rendered":"\n<p class=\"rtecenter\"><\/p>\n\n\n\n<figure class=\"wp-block-image aligncenter size-large is-resized\"><img decoding=\"async\" src=\"https:\/\/web.ciidiroaxaca.ipn.mx\/jylopez\/wp-content\/uploads\/sites\/6\/2025\/10\/FOTO-JYLC__20250913_210112959_HDR-1-768x1024.jpg\" alt=\"\" style=\"width:281px;height:auto\" \/><\/figure>\n\n\n\n<p class=\"has-text-align-center rtecenter\"><strong>Doctorado en Ciencias<\/strong> en Desarrollo Regional y Tecnol\u00f3gico<\/p>\n\n\n\n<p class=\"has-text-align-center rtecenter\">Instituto Tecnol\u00f3gico de Oaxaca<\/p>\n\n\n\n<p class=\"has-text-align-center rtecenter\"><strong>Maestr\u00eda en Ciencias<\/strong> en Planificaci\u00f3n de Empresas y Desarrollo Regional<\/p>\n\n\n\n<p class=\"has-text-align-center rtecenter\">Instituto Tecnol\u00f3gico de Oaxaca<\/p>\n\n\n\n<p class=\"has-text-align-center rtecenter\">Licenciada en Administraci\u00f3n Industrial<\/p>\n\n\n\n<p class=\"has-text-align-center rtecenter\">Instituto Polit\u00e9cnico Nacional- UPIICSA<\/p>\n\n\n\n<p class=\"has-text-align-center rtecenter\">&nbsp;<\/p>\n\n\n\n<p class=\"has-text-align-center rtecenter\">Diplomado en Ecoturismo comunitario.- CONAFOR-SEMARNAT<\/p>\n\n\n\n<p class=\"has-text-align-center rtecenter\">Cat\u00e9dra Juan de Dios B\u00e1tiz. Desarrollo Social y Humano. <strong>SEDESOL-IPN<\/strong><\/p>\n\n\n\n<p class=\"has-text-align-center rtecenter\">Curso: Responsabilidad social Universitaria. <strong>OEA.<\/strong> (Organizaci\u00f3n de los Estados Americanos)<\/p>\n\n\n\n<p class=\"has-text-align-center rtecenter\">Curso: Protecci\u00f3n a la Propiedad Intelectual. <strong>OMPI <\/strong>(Organizaci\u00f3n Mundial de la Propiedad Intelectual)-<\/p>\n\n\n\n<p class=\"has-text-align-center rtecenter\">\u00a0<strong>MIEMBRO DEL SISTEMA NACIONAL DE INVESTIGADORAS E INVESTIGADORES Nivel I <\/strong><\/p>\n\n\n\n<p class=\"has-text-align-center rtecenter\">Profesor Colegiado de la Maestr\u00eda y Doctorado en Ciencias en<\/p>\n\n\n\n<p class=\"has-text-align-center rtecenter\">Conservaci\u00f3n y Aprovechamiento de Recursos Naturales-CIIDIR Oaxaca, del Instituto Polit\u00e9cnico Nacional.<\/p>\n\n\n\n<p class=\"has-text-align-center rtecenter\"><\/p>\n\n\n\n<p class=\"has-text-align-center rtecenter\"><strong>\u00c1reas de inter\u00e9s:&nbsp; <\/strong><\/p>\n\n\n\n<p class=\"has-text-align-center rtecenter\">Sistemas productivos y la Evaluaci\u00f3n de su impacto social y econ\u00f3mico,<\/p>\n\n\n\n<p class=\"has-text-align-center rtecenter\">Ecoturismo comunitario, Responsabilidad Social , Estudios de g\u00e9nero<\/p>\n\n\n\n<p class=\"has-text-align-center rtecenter\">Desarrollo Local, Desarrollo Comunitario, Desarrollo Regional<\/p>\n\n\n\n<p>          Estudio con efoque en economia social y solidaria o en Econom\u00eda circular<\/p>\n\n\n\n<p class=\"has-text-align-center rtecenter\"><strong>Correo institucional:<\/strong> <a href=\"mailto:jylopez@ipn.mx\">jylopez@ipn.mx<\/a>&nbsp; &nbsp;&nbsp;&nbsp;&nbsp;&nbsp;&nbsp;&nbsp;&nbsp;&nbsp;&nbsp;&nbsp;&nbsp;&nbsp;Tel. (951) 5170610 Extensi\u00f3n: 82747<\/p>\n\n\n\n<p><\/p>\n","protected":false},"excerpt":{"rendered":"<p>Doctorado en Ciencias en Desarrollo Regional y Tecnol\u00f3gico Instituto Tecnol\u00f3gico de Oaxaca Maestr\u00eda en Ciencias en Planificaci\u00f3n de Empresas y Desarrollo Regional Instituto Tecnol\u00f3gico de Oaxaca Licenciada en Administraci\u00f3n Industrial Instituto Polit\u00e9cnico Nacional- UPIICSA &nbsp; Diplomado en Ecoturismo comunitario.- CONAFOR-SEMARNAT Cat\u00e9dra Juan de Dios B\u00e1tiz. Desarrollo Social y Humano. SEDESOL-IPN Curso: Responsabilidad social Universitaria. OEA. [&hellip;]<\/p>\n","protected":false},"author":6,"featured_media":0,"parent":0,"menu_order":0,"comment_status":"closed","ping_status":"closed","template":"","meta":{"_swt_meta_header_display":false,"_swt_meta_footer_display":false,"_swt_meta_site_title_display":false,"_swt_meta_sticky_header":false,"_swt_meta_transparent_header":false,"footnotes":""},"class_list":["post-6","page","type-page","status-publish","hentry"],"_links":{"self":[{"href":"https:\/\/web.ciidiroaxaca.ipn.mx\/jylopez\/wp-json\/wp\/v2\/pages\/6","targetHints":{"allow":["GET"]}}],"collection":[{"href":"https:\/\/web.ciidiroaxaca.ipn.mx\/jylopez\/wp-json\/wp\/v2\/pages"}],"about":[{"href":"https:\/\/web.ciidiroaxaca.ipn.mx\/jylopez\/wp-json\/wp\/v2\/types\/page"}],"author":[{"embeddable":true,"href":"https:\/\/web.ciidiroaxaca.ipn.mx\/jylopez\/wp-json\/wp\/v2\/users\/6"}],"replies":[{"embeddable":true,"href":"https:\/\/web.ciidiroaxaca.ipn.mx\/jylopez\/wp-json\/wp\/v2\/comments?post=6"}],"version-history":[{"count":9,"href":"https:\/\/web.ciidiroaxaca.ipn.mx\/jylopez\/wp-json\/wp\/v2\/pages\/6\/revisions"}],"predecessor-version":[{"id":76,"href":"https:\/\/web.ciidiroaxaca.ipn.mx\/jylopez\/wp-json\/wp\/v2\/pages\/6\/revisions\/76"}],"wp:attachment":[{"href":"https:\/\/web.ciidiroaxaca.ipn.mx\/jylopez\/wp-json\/wp\/v2\/media?parent=6"}],"curies":[{"name":"wp","href":"https:\/\/api.w.org\/{rel}","templated":true}]}}