{"id":8,"date":"2011-10-18T20:22:42","date_gmt":"2011-10-18T20:22:42","guid":{"rendered":"https:\/\/web.ciidiroaxaca.ipn.mx\/jvega\/tesis\/"},"modified":"2025-10-14T20:02:48","modified_gmt":"2025-10-14T20:02:48","slug":"tesis","status":"publish","type":"page","link":"https:\/\/web.ciidiroaxaca.ipn.mx\/jvega\/tesis\/","title":{"rendered":"Tesis"},"content":{"rendered":"\n<p>Los temas generales para tesis incluyen:<\/p>\n\n\n\n<ol class=\"wp-block-list\">\n<li>Control biol\u00f3gico de plagas edaficolas con hongos y nematodos entomopat\u00f3genos<\/li>\n\n\n\n<li>Evaluaci\u00f3n y promoci\u00f3n de cultivos asociados al ma\u00edz en agroecosistemas tradicionales.<\/li>\n\n\n\n<li>An\u00e1lisis energ\u00e9tico de sistemas de producci\u00f3n.<\/li>\n<\/ol>\n\n\n\n<h3 class=\"wp-block-heading\">DOCTORADO<\/h3>\n\n\n\n<p>Beaupr\u00e9, Alexander. 2021. Abonos verdes asociados para mejorar el manejo sustentable del suelo del sistema ma\u00edz criollo de temporal en Zaachila, Oaxaca. Tesis de Doctor en Ciencias, CIIDIR-IPN U. Oaxaca, 163 pp. Director Jaime Ruiz-Vega.<\/p>\n\n\n\n<p>Hector Alejandro Leyva Hern\u00e1ndez. 2019. Formulaci\u00f3n y evaluaci\u00f3n de microencapsulados y pellets a base de hongos y nematodos entomopat\u00f3genos para el control del gusano cogollero del ma\u00edz <em>Spodoptera frugiperda (<\/em>J.E. Smith). Tesis de doctor en Ciencias, CIIDIR, IPN Unidad Guasave. 17 de enero 2019. <strong>Menci\u00f3n honor\u00edfica. <\/strong>Directores de t\u00e9sis: Dr. Cipriano Garc\u00eda Guti\u00e9rrez y Dr. Jaime Ru\u00edz Vega, 123 pp.<\/p>\n\n\n\n<p>Hector Alejandro Leyva Hern\u00e1ndez. 2019. Formulaci\u00f3n y evaluaci\u00f3n de microencapsulados y pellets a base de hongos y nematodos entomopat\u00f3genos para el control del gusano cogollero del ma\u00edz Spodoptera frugiperda (J.E. Smith). Tesis de doctor en Ciencias, CIIDIR, IPN Unidad Guasave. 17 de enero 2019. Menci\u00f3n honor\u00edfica. Directores de t\u00e9sis: Dr. Cipriano Garc\u00eda Guti\u00e9rrez y Dr. Jaime Ru\u00edz Vega, 123 pp.<\/p>\n\n\n\n<p>Niurka Mena Mesa. 2018. &nbsp;\u201cEvaluaci\u00f3n de la eficiencia energ\u00e9tica e impacto agroecol\u00f3gico de tres sistemas labranza utilizados en la producci\u00f3n de ma\u00edz (Zea mays L.) en los valles centrales de Oaxaca\u201d. Tesis de doctor en Ciencias, CIIDIR, IPN Unidad Oaxaca 17 mayo 2018. 83 pp.<\/p>\n\n\n\n<p>Cort\u00e9s Mart\u00ednez Carlos Inocencio. 2016. Dise\u00f1o de reservorios microestructurados para nematodos entomopat\u00f3genos&nbsp;Steinernema glaseri&nbsp;como agentes de control biol\u00f3gico. Tesis de doctor en Ciencias, CIIDIR, IPN Unidad Oaxaca,&nbsp; 14 de junio 2016. 110 pp.&nbsp;Director,&nbsp;Menci\u00f3n honor\u00edfica.<\/p>\n\n\n\n<p>Juan Reyes Delgado Gamboa. 2015. Aislamiento, caracterizaci\u00f3n y evaluaci\u00f3n biol\u00f3gica de nematodos entomopat\u00f3genos nativos para el control del picudo del agave (Scyphophorus acupunctatus&nbsp;Gyll.).Tesis de doctor en Ciencias, CIIDIR, IPN Unidad Oaxaca, 28 de enero 2016. 78 pp.&nbsp;Director.<\/p>\n\n\n\n<h3 class=\"wp-block-heading\">MAESTRIA<\/h3>\n\n\n\n<p>Ileana Sof\u00eda L\u00f3pez Ju\u00e1rez. 2023. Formulaci\u00f3n de nematodos y hongos entomopat\u00f3genos en pellets multicapa para el control de plagas edaf\u00edcolas y dise\u00f1o de una planta productora. Tesis de Maestro en Ciencias CIIDIR, IPN Unidad Oaxaca<strong> Menci\u00f3n Cum Laude.<\/strong> Directores de t\u00e9sis: Dr. Jaime Ru\u00edz Vega y Dr. Pastor Teodoro Matadamas Ort\u00edz. 102 pp.<\/p>\n\n\n\n<ol class=\"wp-block-list\">\n<li><\/li>\n<\/ol>\n\n\n\n<p>Romero Ramos Lino Efrain. 2021. Aislamiento y patogenicidad de nematodos entomopat\u00f3genos sobre <em>Triodonix lalanza<\/em> en ca\u00f1a de az\u00facar, en el centro de Nayarit, M\u00e9xico. Tesis de Maestro en Ciencias, Universidad Aut\u00f3noma de Nayarit, 58 pp. Directores de t\u00e9sis: Dr. Jaime Ru\u00edz Vega y Dr. Nestor Isiordia Aquino<\/p>\n\n\n\n<p>Alejo D\u00edaz Ramos. 2020. Dise\u00f1o de una cosechadora de esporas para los hongos entomopat\u00f3genos<em> Metarhizium anisopliae <\/em>y<em> Beauveria bassiana<\/em>. Tesis de Maestro en Ciencias CIIDIR, IPN Unidad Oaxaca, <strong>Menci\u00f3n honor\u00edfica<\/strong> Directores de t\u00e9sis: Dr. Jaime Ru\u00edz Vega y Dr. Fidel Diego Nava. 66 pp<\/p>\n\n\n\n<p>Mary Carmen Pacheco Esteva. 2018. ESTUDIO DE LA ACTIVIDAD PLAGUICIDA DE EXTRACTOS DE Salmea scandens SOBRE Spodoptera frugiperda, Diabrotica balteata y Cerotoma ruficornis, EN FUNCI\u00d3N DEL CONTENIDO DE ALQUILAMIDAS.Tesis de Maestro en Ciencias CIIDIR, IPN Unidad Oaxaca, Menci\u00f3n honor\u00edfica Directores de t\u00e9sis: Dra. Delia Soto Castro Dr. Jaime Ru\u00edz Vega, 140 pp.<\/p>\n\n\n\n<p>Raymundo Mart\u00ednez Jim\u00e9nez. 2017. Distribuci\u00f3n potencial y reproducci\u00f3n por semilla, de especies de agave empleadas en la elaboraci\u00f3n de mezcal en el municipio de Villa de Sola de Vega, Oaxaca.Tesis de Maestro en Ciencias CIIDIR, IPN Unidad Oaxaca, Menci\u00f3n honor\u00edfica Directores de t\u00e9sis: Dr. Magdaleno Caballero Caballero y Dr. Jaime Ru\u00edz Vega, 131 pp.<\/p>\n\n\n\n<p>A\u00edda Carmen Rios Colin. 2017. Evaluaci\u00f3n de sustentabilidad en sistemas de producci\u00f3n maguey-mezcal artesanal, en el municipio de Villa Sola de Vega, Oaxaca. Tesis de Maestro en Ciencias. CIIDIR, IPN Unidad Oaxaca, Menci\u00f3n honor\u00edfica. Directores de T\u00e9sis: Dr. Magdaleno Caballero Caballero y Dr. Jaime Ru\u00edz Vega, 153 pp.<\/p>\n\n\n\n<p>Franco Luj\u00e1n, Victor A. 2015. Efecto de la disgregaci\u00f3n mec\u00e1nica y nivel de rehidrataci\u00f3n del pellet en la emergencia de nematodos entomopat\u00f3genos Steinernema glaseri&nbsp; encapsulados mec\u00e1nicamente. Tesis de maestro en Ciencias, CIIDIR, IPN Unidad Oaxaca, junio, 2015. 51 pp. Co-Director. Menci\u00f3n honor\u00edfica.<\/p>\n\n\n\n<p>Cruz Mart\u00ednez Heriberto. Efecto del recubrimiento del pellet en la supervivencia del nematodo entomopat\u00f3geno Steinernema glaseri encapsulado mec\u00e1nicamente. Tesis de maestro en Ciencias, CIIDIR, IPN Unidad Oaxaca, 9 de mayo, 2013. 68 pp. Director. Menci\u00f3n honor\u00edfica.<\/p>\n\n\n\n<p>Moya Rasgado Rafael. Evaluaci\u00f3n de mezclas de compostas con aplicaci\u00f3n de fertilizante de liberaci\u00f3n lenta o soluci\u00f3n nutritiva para la producci\u00f3n de tomate y chile. Tesis de maestro en Ciencias, CIIDIR, IPN Unidad Oaxaca, 3 de junio, 2013. 71 pp. Director.<\/p>\n\n\n\n<p>Garc\u00eda Ram\u00edrez Emilio. Patogenicidad de hongos entomopat\u00f3genos contra el mosquito Culex quinquefasciatus. Tesis de maestro en Ciencias, CIIDIR, IPN Unidad Oaxaca, 11 de junio, 2013. 69 pp. Director. Menci\u00f3n honor\u00edfica.<\/p>\n\n\n\n<p>L\u00f3pez Mart\u00ednez, Mois\u00e9s Caleb. 2010. Labranza y sostenibilidad de uso del suelo en agroecosistemas del Valle de Etla, Oaxaca. Tesis de maestro en Ciencias, CIIDIR, IPN Unidad Oaxaca, enero de 2010. 41 pp. Director.<\/p>\n\n\n\n<p>Hern\u00e1ndez Cruz, Juli\u00e1n. 2010. Caracterizaci\u00f3n y evaluaci\u00f3n de las especies de Phyllophaga harris (coleoptera: melolonthidae) en Santa Cruz Xoxocotlan, oaxaca 16 de diciembre 2010. 81 pp. Director. Menci\u00f3n honor\u00edfica. &nbsp;<\/p>\n\n\n\n<p>Cruz Ruiz, Marco Antonio. 2009. Eficiencia Relativa del la Tierra y Perspectivas de dos Policultivos de Temporal en Santa Cruz Xoxocotlan, Oaxaca. Tesis de maestro en Ciencias, CIIDIR, IPN Unidad Oaxaca, 30 de julio de 2009. 93 p. Director.<\/p>\n\n\n\n<p>Ruiz Carballo, Fernando. 2009. Mejoramiento a la tolerancia al calor y a la desecaci\u00f3n de tres nematodos entomopat\u00f3genos. Tesis de maestro en Ciencias, CIIDIR, IPN Unidad Oaxaca, 23 de enero, 2009. 83 p. Director.<\/p>\n\n\n\n<p>Gir\u00f3n Pablo, Sergio. 2008. Evaluaci\u00f3n de dos formulaciones de nematodos entomopat\u00f3genos para el control de gallina ciega (phyllophaga vetula) en ma\u00edz. Tesis de maestro en Ciencias, CIIDIR, IPN Unidad Oaxaca. Junio 4, 2008. 93 p. Director. Menci\u00f3n honor\u00edfica.<\/p>\n\n\n\n<p>Miguel Angel Cruz S\u00e1nchez. 2008. Evaluaci\u00f3n del efecto de diferentes niveles de transmisi\u00f3n de radiaci\u00f3n solar sobre plantas de tomate (Lycopersicon esculentum mill.) en invernadero. Tesis de maestro en Ciencias, CIIDIR, IPN Unidad Oaxaca. Diciembre 17, 2008. Director.<\/p>\n\n\n\n<p>Reynosa Guerrero, Ulises. 2008. Hongos entomopat\u00f3genos para el control de gallina ciega (Phyllophaga spp.) en condiciones semicontroladas. Tesis de Lic. en Biolog\u00eda, Instituto Tecnol\u00f3gico del Valle de Oaxaca, Nazareno Xoxocot\u00e1n, Oax. 80 p. 24 de junio, 2008. Director.<\/p>\n\n\n\n<p>Pedro Gabriel, Cenobio. 2006. Producci\u00f3n de tomate Lycopersicon esculentum en condiciones de invernadero y con fertiriego en Zaachila, Oaxaca. Tesis de maestro en Ciencias, CIIDIR, IPN Unidad Oaxaca. Director.<\/p>\n\n\n\n<p>Carrillo Rodr\u00edguez Jose Cruz. 2003. Sistema protegido de producci\u00f3n de tomate: Alternativa tecnol\u00f3gica para el uso eficiente del agua en el desarrollo agr\u00edcola. Tesis de Doctor en Ciencias, Instituto Tecnol\u00f3gico de Oaxaca, SEP, DGIT. 157 pp. Asesor.<\/p>\n\n\n\n<p>Aquino Bola\u00f1os Teodulfo. 2003. Manejo integrado de gallina ciega (Phyllophaga spp.) en ma\u00edz de temporal. 6 de febrero. Tesis de Maestro en Ciencias, ITA No. 23, Nazareno Xoxocotl\u00e1n, Oax. Director.<\/p>\n\n\n\n<p>Mart\u00ednez S\u00e1nchez David. 2003. Manejo integrado de mosquita blanca-virosis en tomate en Valles Centrales de Oaxaca. 14 de marzo. Tesis de Maestro en Ciencias, ITA No. 23, Nazareno Xoxocotl\u00e1n, Oax. Director.<\/p>\n\n\n\n<p>Hern\u00e1ndez Yong, L. 2002.&nbsp; Comportamiento de la poblaci\u00f3n de frijol mungo (Vigna radiata) intercalado con ma\u00edz en la meseta Comiteca. Diciembre del 2002. Tesis de Maestro en Ciencias, ITA No. 23, Nazareno Xoxocotl\u00e1n, Oax. Director.<\/p>\n\n\n\n<p>Mart\u00ednez Landa, Arturo. 1999. Reducci\u00f3n de plaguicidas en el cultivo de tomate mediante adopci\u00f3n del Agribon en Valles Centrales de Oaxaca. Marzo de 1999. Tesis de Maestro en Ciencias, ITA No. 23, Nazareno Xoxocotl\u00e1n, Oax.<\/p>\n\n\n\n<p>Medina Z\u00e1rate, Jaime. 1999. Control biol\u00f3gico integrado de mosquita blanca en jitomate, en Nazareno Xoxocotl\u00e1n, Oaxaca. Marzo de 1999. Tesis de Maestro en Ciencias, ITA No. 23, Nazareno Xoxocotl\u00e1n, Oax. Director.<\/p>\n\n\n\n<p>Baray Tarango, M. 1995. Evaluaci\u00f3n de sistemas de labranza en dos variedades de frijol bajo temporal. Tesis de Maestro en Ciencias, ITA No. 23, Nazareno Xoxocotl\u00e1n,<\/p>\n\n\n\n<p>Escalante Dur\u00e1n, C. E. 1994. P\u00e9rdidas causadas por la broca del fruto del cafeto (Hypothenemus hampei) durante las etapas de producci\u00f3n y beneficiado del grano. Tesis de Maestro en Ciencias en Productividad Agr\u00edcola, ITA No. 23, Nazareno Xoxocotl\u00e1n, Oaxaca. Director.<\/p>\n\n\n\n<p>V\u00e1squez Rasgado, P. S. 1993. Relaci\u00f3n suelo-clima en la regi\u00f3n Norte del estado de Oaxaca. Tesis de Maestro en Ciencias en Productividad Agr\u00edcola, ITA No. 23, Nazareno Xoxocotl\u00e1n, Oaxaca. Director.<\/p>\n\n\n\n<p>Tuz Tuz, J. D. 1992. Evaluaci\u00f3n de Variedades de ma\u00edz en asociaci\u00f3n con frijol en los Valles Centrales de Oaxaca. Tesis de Maestro en Ciencias en Productividad Agr\u00edcola, ITA No. 23, Nazareno Xoxocotl\u00e1n, Oaxaca. Director.<\/p>\n\n\n\n<p>Herrera Villarruel, R. 1992. Evaluaci\u00f3n de sistemas de cultivos tradicionales de los Valles Centrales de Oaxaca. Tesis de Maestro en Ciencias en Productividad Agr\u00edcola, ITA No. 23, Nazareno Xoxocotl\u00e1n, Oaxaca. Director<\/p>\n\n\n\n<p>Garc\u00eda Solorio, M. 1991. Evaluaci\u00f3n de variedades criollas de ma\u00edz y frijol asociadas bajo condiciones de temporal en los Valles Centrales de Oaxaca. Tesis de Maestro en Ciencias en Productividad Agr\u00edcola, ITA No. 23, Nazareno Xoxocotl\u00e1n, Oax. Dir.<\/p>\n\n\n\n<p>Graham Araiza, H. 1991. Evaluaci\u00f3n de la asociaci\u00f3n ma\u00edz ch\u00edcharo gandul (Zea maiz -Cajanus cajan) en los Valles Centrales de Oaxaca. Tesis de Maestro en Ciencias en Productividad Agr\u00edcola, ITA No. 23, Nazareno Xoxocotl\u00e1n, Oaxaca. Dir.<\/p>\n\n\n\n<p>Carrillo Rodr\u00edguez, J. C. 1991. Uso de \u00edndices fisiot\u00e9cnicos en la evaluaci\u00f3n de genotipos de sorgo y mijo perla para forrajes en Valles Centrales de Oaxaca. Tesis de Maestro en Ciencias en Productividad Agr\u00edcola, ITA No. 23, Nazareno Xoxocotl\u00e1n, Oax. Director.<\/p>\n\n\n\n<p>Arcocha G\u00f3mez, E. 1989. Evaluaci\u00f3n de la capacidad de fijaci\u00f3n de nitr\u00f3geno de 8 cepas de Rhizobium leguminosarum en frijol ejotero para Valles Centrales de Oaxaca. Tesis de Maestro en Ciencias en Productividad Agr\u00edcola, Instituto Tecnol\u00f3gico Agropecuario (ITA) No. 23, Nazareno Xoxocotl\u00e1n, Oaxaca. Director.<\/p>\n\n\n\n<h3 class=\"wp-block-heading\">LICENCIATURA<\/h3>\n\n\n\n<p>Gayt\u00e1n Z\u00e1rate, Federico. 2015. Prospecci\u00f3n de nematodos entomopatogenos para el control biol\u00f3gico del picudo del agave (Scyphophorus acupunctatus Gyllenhal). Tesis de Ingeniero Agr\u00f3nomo, Instituto Tecnol\u00f3gico del Valle de Oaxaca, Nazareno Xoxocot\u00e1n, Oax. 46 p. 23 SEP 2015. Co-director.<\/p>\n\n\n\n<p>Villegas Villegas, M.C. 1997. Control de mosquita blanca Bemisia tabaci Gen. con homgos entomopat\u00f3genos. Tesis de Maestro en Ciencias, ITA No. 23, Nazareno Xoxocotl\u00e1n, Oax. Director.<\/p>\n\n\n\n<p>Gallegos Rodr\u00edguez, C. V. y Garc\u00eda Nu\u00f1ez, F. 1995. Evaluaci\u00f3n de la esporulaci\u00f3n de diferentes especies de hongos entomopat\u00f3genos en medios sint\u00e9ticos. Tesis profesional de Qu\u00edmico Bi\u00f3logo Parasit\u00f3logo. Universidad Regional del Sureste, Oax. Director.<\/p>\n","protected":false},"excerpt":{"rendered":"<p>Los temas generales para tesis incluyen: DOCTORADO Beaupr\u00e9, Alexander. 2021. Abonos verdes asociados para mejorar el manejo sustentable del suelo del sistema ma\u00edz criollo de temporal en Zaachila, Oaxaca. Tesis de Doctor en Ciencias, CIIDIR-IPN U. Oaxaca, 163 pp. Director Jaime Ruiz-Vega. Hector Alejandro Leyva Hern\u00e1ndez. 2019. Formulaci\u00f3n y evaluaci\u00f3n de microencapsulados y pellets a [&hellip;]<\/p>\n","protected":false},"author":53,"featured_media":0,"parent":0,"menu_order":0,"comment_status":"closed","ping_status":"closed","template":"","meta":{"_swt_meta_header_display":false,"_swt_meta_footer_display":false,"_swt_meta_site_title_display":false,"_swt_meta_sticky_header":false,"_swt_meta_transparent_header":false,"footnotes":""},"class_list":["post-8","page","type-page","status-publish","hentry"],"_links":{"self":[{"href":"https:\/\/web.ciidiroaxaca.ipn.mx\/jvega\/wp-json\/wp\/v2\/pages\/8","targetHints":{"allow":["GET"]}}],"collection":[{"href":"https:\/\/web.ciidiroaxaca.ipn.mx\/jvega\/wp-json\/wp\/v2\/pages"}],"about":[{"href":"https:\/\/web.ciidiroaxaca.ipn.mx\/jvega\/wp-json\/wp\/v2\/types\/page"}],"author":[{"embeddable":true,"href":"https:\/\/web.ciidiroaxaca.ipn.mx\/jvega\/wp-json\/wp\/v2\/users\/53"}],"replies":[{"embeddable":true,"href":"https:\/\/web.ciidiroaxaca.ipn.mx\/jvega\/wp-json\/wp\/v2\/comments?post=8"}],"version-history":[{"count":8,"href":"https:\/\/web.ciidiroaxaca.ipn.mx\/jvega\/wp-json\/wp\/v2\/pages\/8\/revisions"}],"predecessor-version":[{"id":64,"href":"https:\/\/web.ciidiroaxaca.ipn.mx\/jvega\/wp-json\/wp\/v2\/pages\/8\/revisions\/64"}],"wp:attachment":[{"href":"https:\/\/web.ciidiroaxaca.ipn.mx\/jvega\/wp-json\/wp\/v2\/media?parent=8"}],"curies":[{"name":"wp","href":"https:\/\/api.w.org\/{rel}","templated":true}]}}