{"id":7,"date":"2011-10-18T20:14:45","date_gmt":"2011-10-18T20:14:45","guid":{"rendered":"https:\/\/web.ciidiroaxaca.ipn.mx\/jvega\/proyectos-de-investigacion\/"},"modified":"2025-10-14T18:49:31","modified_gmt":"2025-10-14T18:49:31","slug":"proyectos-de-investigacion","status":"publish","type":"page","link":"https:\/\/web.ciidiroaxaca.ipn.mx\/jvega\/proyectos-de-investigacion\/","title":{"rendered":"Proyectos de investigaci\u00f3n"},"content":{"rendered":"\n<h2 class=\"wp-block-heading\">Proyectos Dirigidos<\/h2>\n\n\n\n<p>Formulaci\u00f3n de nematodos y hongos entomopat\u00f3genos en pellets multicapa para el control de gusano de alambre Agriotes spp. en condiciones de semi-campo. Proyectos SIP 20221762 y 20231350<\/p>\n\n\n\n<p>Evaluaci\u00f3n de nematodos y hongos entomopat\u00f3genos nativos para el control de larvas edaf\u00edcolas en laboratorio y semicampo. Proyectos SIP 20241886 y 20250620<\/p>\n\n\n\n<p>Formulaci\u00f3n de nematodos y hongos entomopat\u00f3genos en pellets multicapa para el control de plagas edaf\u00edcolas SIP20201652 y 20211307<\/p>\n\n\n\n<p>Formulaci\u00f3n de nematodos y hongos entomopat\u00f3genos en pellets para el control de plagas edaf\u00edcolas SIP20196287.<\/p>\n\n\n\n<p>Proyecto Multidisciplinario de investigaci\u00f3n \u201cProducci\u00f3n en planta piloto, formulaci\u00f3n y evaluaci\u00f3n de la efectividad de bioinsecticidas para el control de plagas agr\u00edcolas\u201d SIP-IPN 1824, M\u00f3dulo 4: Formulaci\u00f3n de nematodos en pellets para el control de plagas del suelo. Claves 20170139 y 20180309.<\/p>\n\n\n\n<p>2015-2016. Proyecto Multidisciplinario de investigaci\u00f3n Evaluaci\u00f3n de la efectividad de formulaciones de hongos y nematodos entomopatogenos para el control de insectos plaga de importancia agr\u00edcola SIP-IPN 1702,&nbsp;M\u00f3dulo 4. Estudio de la efectividad de formulaciones de hongos y nematodos entomopat\u00f3genos para el control de insectos de importancia agr\u00edcola en Oaxaca. Clave: 20150174 y 20160475.<\/p>\n\n\n\n<p>2013-2014. Pr\u00e1cticas Agrobiol\u00f3gicas para la producci\u00f3n sostenible de ma\u00edz y frijol. Proyecto Multidisciplinario de&nbsp;investigaci\u00f3n \u201cEvaluaci\u00f3n de Alternativas para la Mitigaci\u00f3n de los Efectos del Cambio Clim\u00e1tico en los Sectores de Inter\u00e9s para el Estado de Oaxaca\u201d SIP-IPN 1583, m\u00f3dulos 20130232 y 20140535.<\/p>\n\n\n\n<p>2011. Manejo biol\u00f3gico del picudo del agave (Scyphophorus acupunctatus Gyllenhal) en Oaxaca, M\u00e9xico. Proyecto de investigaci\u00f3n SIP-IPN: 20110645, y 20121321.<\/p>\n\n\n\n<p>2011. Biological control of the Agave Weevil, a pest of ornamental plants in the US and agave production for tequila and mescal in Mexico. UCMEXUS-CONACyT CN-11-540 &nbsp;&nbsp;&nbsp;&nbsp;&nbsp;&nbsp;&nbsp;&nbsp;&nbsp; $ 128,873<\/p>\n\n\n\n<p>2008-2010. Evaluaci\u00f3n de formulaciones de cepas nativas e introducidas de nematodos entomopat\u00f3genos para el control de gallina ciega (Phyllophaga vetula Horn) en ma\u00edz (Zea mays). Proyecto de investigaci\u00f3n SIP-IPN: 20082457, 20090368 y 20100510.&nbsp;<\/p>\n\n\n\n<p>2006-2007: Tecnolog\u00edas sostenibles de laboreo para mejorar los sistemas de producci\u00f3n de ma\u00edz en los Valles Centrales de Oaxaca. Proyecto produce Folio 20-2005-2599.<\/p>\n\n\n\n<p>2005-2006. Evaluation of two formulations of entomopathogenic nematodes for white grub (Phyllophaga spp., Cyclocephala spp.) control. UCMEXUS-CONACyT.<\/p>\n\n\n\n<p>2005-2007: Mejoramiento de la tolerancia al calor y a la desecaci\u00f3n de nem\u00e1todos entomopat\u00f3genos. (CGEPI 20050816, 20060616, 20071210)<\/p>\n\n\n\n<p>2002-2004: Formulaci\u00f3n y evaluaci\u00f3n de nem\u00e1todos entomopat\u00f3genos para el control de Phyllophaga spp. (CGEPI 20020515, 20030630, 20040067)<\/p>\n\n\n\n<p>2000-2002: Control biol\u00f3gico integrado de gallina ciega (Phyllophaga spp.) en ma\u00edz de temporal (SIBEJ 990501007, CEGEPI 200329).<\/p>\n\n\n\n<p>1998-2000: Control biol\u00f3gico de gallina ciega (Phyllophaga spp.) con nem\u00e1todos entomopat\u00f3genos (DEPI 988001).<\/p>\n\n\n\n<p>1997-1999: Control biol\u00f3gico integrado de mosca blanca en tomate y chile (SIBEJ A030 y DEPI 978 003).<\/p>\n\n\n\n<p>&nbsp;1997-1998: Uso sostenible de suelos de ladera (DEPI 970557).<\/p>\n\n\n\n<p>&nbsp;1997-1998: Entomopathogenic nematodes for Biological control of white grubs (UCMEXUS, University of California, Davis).<\/p>\n\n\n\n<p>1994-1996. Control de mosquita blanca con bioinsecticidas en cultivos hort\u00edcolas (DEPI IPN 948 039).<\/p>\n\n\n\n<p>1994-1996. Control integrado de virosis en chile y jitomate (CONACYT 3185-N).<\/p>\n\n\n\n<p>1994-1996: Sostenibilidad y potencial de mejoramiento de los sistemas de producci\u00f3n de la Subcuenca SO del R\u00edo Atoyac (DEPI 945 277).<\/p>\n\n\n\n<p>1990-1992: Zonificaci\u00f3n agroecol\u00f3gica del ma\u00edz (INIFAP, CAEVOAX).<\/p>\n\n\n\n<p>1991-1993: Zonificaci\u00f3n agroecol\u00f3gica del cafeto (INIFAP, CAEVOAX).<\/p>\n\n\n\n<p>1989-1992: Alternativas para el manejo del ma\u00edz en zonas de temporal deficiente (INIFAP, CAEVOAX).<\/p>\n\n\n\n<p>1990-1991. Evaluaci\u00f3n de pr\u00e1cticas de conservaci\u00f3n de suelos en maiz de temporal.<\/p>\n\n\n\n<p>1987-1989: Validaci\u00f3n de densidades de siembra y combate de plagas en ma\u00edz-frijol.<\/p>\n\n\n\n<p>1985-1989: Evaluaci\u00f3n y optimizaci\u00f3n de patrones de cultivo m\u00faltiple en los Valles Centrales de Oaxaca (INIFAP, CAEVOAX)<\/p>\n\n\n\n<p>1979-1980: Colecta y evaluaci\u00f3n de ecotipos de higuerilla (INIFAP, CAEVOAX)<\/p>\n\n\n\n<p>1978-1980: Fertilizaci\u00f3n, variedades y densidades de poblaci\u00f3n en ma\u00edz de y riego (INIA, CAEVOAX).<\/p>\n\n\n\n<p>1977-1978: Fertilizaci\u00f3n, variedades y densidades de poblaci\u00f3n en ma\u00edz de temporal (INIA, CAEVOAX).<\/p>\n","protected":false},"excerpt":{"rendered":"<p>Proyectos Dirigidos Formulaci\u00f3n de nematodos y hongos entomopat\u00f3genos en pellets multicapa para el control de gusano de alambre Agriotes spp. en condiciones de semi-campo. Proyectos SIP 20221762 y 20231350 Evaluaci\u00f3n de nematodos y hongos entomopat\u00f3genos nativos para el control de larvas edaf\u00edcolas en laboratorio y semicampo. Proyectos SIP 20241886 y 20250620 Formulaci\u00f3n de nematodos y [&hellip;]<\/p>\n","protected":false},"author":53,"featured_media":0,"parent":0,"menu_order":0,"comment_status":"closed","ping_status":"closed","template":"","meta":{"_swt_meta_header_display":false,"_swt_meta_footer_display":false,"_swt_meta_site_title_display":false,"_swt_meta_sticky_header":false,"_swt_meta_transparent_header":false,"footnotes":""},"class_list":["post-7","page","type-page","status-publish","hentry"],"_links":{"self":[{"href":"https:\/\/web.ciidiroaxaca.ipn.mx\/jvega\/wp-json\/wp\/v2\/pages\/7","targetHints":{"allow":["GET"]}}],"collection":[{"href":"https:\/\/web.ciidiroaxaca.ipn.mx\/jvega\/wp-json\/wp\/v2\/pages"}],"about":[{"href":"https:\/\/web.ciidiroaxaca.ipn.mx\/jvega\/wp-json\/wp\/v2\/types\/page"}],"author":[{"embeddable":true,"href":"https:\/\/web.ciidiroaxaca.ipn.mx\/jvega\/wp-json\/wp\/v2\/users\/53"}],"replies":[{"embeddable":true,"href":"https:\/\/web.ciidiroaxaca.ipn.mx\/jvega\/wp-json\/wp\/v2\/comments?post=7"}],"version-history":[{"count":6,"href":"https:\/\/web.ciidiroaxaca.ipn.mx\/jvega\/wp-json\/wp\/v2\/pages\/7\/revisions"}],"predecessor-version":[{"id":62,"href":"https:\/\/web.ciidiroaxaca.ipn.mx\/jvega\/wp-json\/wp\/v2\/pages\/7\/revisions\/62"}],"wp:attachment":[{"href":"https:\/\/web.ciidiroaxaca.ipn.mx\/jvega\/wp-json\/wp\/v2\/media?parent=7"}],"curies":[{"name":"wp","href":"https:\/\/api.w.org\/{rel}","templated":true}]}}