{"id":6,"date":"2011-10-18T19:50:53","date_gmt":"2011-10-18T19:50:53","guid":{"rendered":"https:\/\/web.ciidiroaxaca.ipn.mx\/jvega\/publicaciones\/"},"modified":"2025-10-14T17:53:49","modified_gmt":"2025-10-14T17:53:49","slug":"publicaciones","status":"publish","type":"page","link":"https:\/\/web.ciidiroaxaca.ipn.mx\/jvega\/publicaciones\/","title":{"rendered":"Publicaciones"},"content":{"rendered":"\n<p>Ruiz-Vega, J., C. I. Cort\u00e9s-Martinez,&nbsp; R. Roman-Doval, M. A. Vald\u00e9s-Madrigal, T. Aquino-Bola\u00f1os. 2025. An experiment-based screening approach to formulate the entomopathogenic nematode <em>Steinernema glaseri <\/em>in pellets with powder material Journal of Natural Pesticide Research 13(2025) 100140, <a href=\"https:\/\/doi.org\/10.1016\/jnapere\" target=\"_blank\" rel=\"noreferrer noopener\">https:\/\/doi.org\/10.1016\/jnapere<\/a>. EISSN <strong>2773-0786<\/strong><\/p>\n\n\n\n<p>Cort\u00e9s\u2011Mart\u00ednez, &nbsp;C. I., J.&nbsp;Ruiz\u2011Vega, N.&nbsp;Chavarr\u00eda\u2011Hern\u00e1ndez and T. Aquino\u2011Bola\u00f1os. 2025.Thirty\u2011eight years of&nbsp;patenting for&nbsp;the&nbsp;progress in&nbsp;biopesticides based on&nbsp;entomopathogenic nematodes: a&nbsp;mini\u2011review. J Plant Dis Prot 132:119, <a href=\"https:\/\/doi.org\/10.1007\/s41348-025-01116-y\" target=\"_blank\" rel=\"noreferrer noopener\">https:\/\/doi.org\/10.1007\/s41348-025-01116-y<\/a>. <strong>ISSN. 18613829<\/strong>. EISSN. 18613837<\/p>\n\n\n\n<p>Aquino-Bola\u00f1os T., Aquino-L\u00f3pez, T., Ruiz-Vega, J., &amp; Bautista-Cruz, A. (2024). Da\u00f1os de <em>Strategus aloeus <\/em>(Coleoptera: Scarabaeidae) en dos especies de agave y su manejo a base de hongos entomopat\u00f3genos en suspensiones de aceite. <em>Revista Colombiana de Entomolog\u00eda<\/em>, <em>50<\/em>(1), e12865. <a href=\"https:\/\/doi.org\/10.25100\/socolen.v50i1.12865\" target=\"_blank\" rel=\"noreferrer noopener\">https:\/\/doi.org\/10.25100\/socolen.v50i1.128<\/a><\/p>\n\n\n\n<p>Franco Luj\u00e1n, V\u00edctor Alberto, Adri\u00e1n Mart\u00ednez Vargas, Heriberto Cruz Mart\u00ednez, Samuel Ram\u00edrez Arellanes, y Jaime Ruiz Vega. 2023. \u00abRehidrataci\u00f3n y disgregaci\u00f3n mec\u00e1nica del reservorio de nematodos entomopat\u00f3genos <em>Steinernema Glaseri<\/em> para su liberaci\u00f3n\u00bb.&nbsp;<em>REVISTA IPSUMTEC<\/em>&nbsp;6 (6):50-56. https:\/\/doi.org\/10.61117\/ipsumtec.v6i6.52. &nbsp;<\/p>\n\n\n\n<p>Diego-Nava, F., C. G.-Echegoyen, J. Ru\u00edz-Vega, T. Aquino-Bola\u00f1os, R. P\u00e9rez-Pacheco, A. D\u00edaz-Ramos, N. Alonso-Hern\u00e1ndez, F. Arroyo-Bal\u00e1n and M. Beatriz L\u00f3pez-Hern\u00e1ndez. 2023. Functional and Quality Assessment of a Spore Harvester for Entomopathogenic Fungi for Biopesticide Production. AgriEngineering (5): 801\u2013813. <a href=\"https:\/\/doi.org\/10.3390\/agriengineering5020049\">https:\/\/doi.org\/10.3390\/agriengineering5020049<\/a><\/p>\n\n\n\n<p>PACHECO-ESTEVA, M. C., SOTO-CASTRO, D., RUIZ-VEGA, J., OCHOA, M. E., &amp; MONTES-GARC\u00cdA, P. (2023). Larvicidal effect of an N-isobutyl-(2E,4E,8Z,10E\/Z)-dodecatetraenamides-rich extract of Salmea scandens on fall armyworm. <em>Spanish Journal of Agricultural Research<\/em>, <em>21<\/em>(4), e1002. https:\/\/doi.org\/10.5424\/sjar\/2023214-20275<\/p>\n\n\n\n<p>A\u00edda Carmen R\u00edos-Col\u00edn, Jaime Ruiz-Vega, Magdaleno Caballero-Caballero, Mar\u00eda Eugenia Silva-Rivera y Jos\u00e9 Luis Montes-Bernab\u00e9. 2022. EVALUACI\u00d3N LONGITUDINAL DE LA SUSTENTABILIDAD DEL SUBSISTEMA DE PRODUCCI\u00d3N MAGUEY-MEZCAL ARTESANAL, EN EL MUNICIPIO DE VILLA SOLA DE VEGA, OAXACA, M\u00c9XICO. &nbsp;Tropical and Subtropical Agroecosystems 25 (2022): #043<\/p>\n\n\n\n<p>Beaupr\u00e9, A., Ruiz-Vega, J., Casta\u00f1eda, H., Ben\u00edtez, M., Van Cauwelaert, E., &amp; Gonz\u00e1lez Gonz\u00e1lez, C. (2020). Pertinence of exotic and local green manures for sustainable maize polyculture in Oaxaca, Mexico. <em>Renewable Agriculture and Food Systems, 36<\/em>(2), 138-149. doi:10.1017\/S1742170520000137<\/p>\n\n\n\n<p>Cort\u00e9s-Mart\u00ednez, C.I., Sandoval-Torres, S., Ruiz-Vega, J &nbsp;<em>et al. <\/em>2020. Modelling approach for analysis of moisture transport in diatomaceous earth pellets. <em>SN Appl. Sci.<\/em> <strong>2, <\/strong>1684 (2020). https:\/\/doi.org\/10.1007\/s42452-020-03467-7<\/p>\n\n\n\n<p>Ruiz-Vega, J., C: I. Cort\u00e9s-Mart\u00ednez, T. Aquino-Bola\u00f1os, P. T. Matadamas-Ort\u00edz, C. Garc\u00eda-Guti\u00e9rrez and <a href=\";\">J. Navarro-Antonio<\/a>. 2020. Mortality of Phyllophaga vetula larvae by the separate and combined application of Metarhizium anisopliae, Steinernema carpocapsae and Steinernema glaseri The Journal of Nematology, accepted on 06\/08\/2020 J Nematol. 2020; 52: 1-8. doi: 10.21307\/jofnem-2020-068.<\/p>\n\n\n\n<p>Fonseca-Mu\u00f1oz, A. Rafael P\u00e9rez-Pacheco, Benjam\u00edn Otto Ortega-Morales, Manuela Reyes-Estebanez, Alfonso V\u00e1squez-L\u00f3pez, Manuel Chan-Bacab,<strong> Jaime Ruiz-Vega<\/strong>, and Carlos A. Granados-Echegoyen. 2019. Bactericidal Activity of Chrysomya rufifacies and Cochliomyia macellaria (Diptera: Calliphoridae) Larval Excretions\u2013Secretions Against Staphylococcus aureus (Bacillales: Staphylococcaceae). Journal of Medical Entomology, 56(6): 1598-1604. ISSN 0022-2585, EISSN 1938-2928, <a href=\"https:\/\/doi.org\/10.1093\/jme\/tjz109\" target=\"_blank\" rel=\"noreferrer noopener\">https:\/\/doi.org\/10.1093\/jme\/tjz109<\/a><\/p>\n\n\n\n<p>Ernesto San-Blas, Raquel Campos-Herrera, claudia dolinski, Caio Monteiro, Vanessa Andal\u00f3, Luis Leite, Mayra Rodr\u00edguez, Patricia Morales Montero, Adriana Saenz, Carolina Cedano, Juan Carlos L\u00f3pez, Eleodoro Del Valle, Marcelo Doucet, Paola Lax, Patricia Navarro, Francisco B\u00e1ez, Pablo Llumiquinga, <strong>Jaime Ruiz-Vega<\/strong>, Abby Guerra-Moreno, S.Patricia Stock. 2019. Entomopathogenic nematology in Latin-America: brief history, current research and future perspectives. J. Invertebrate Pathol. <a href=\"https:\/\/www.sciencedirect.com\/science\/journal\/00222011\/165\/supp\/C\" target=\"_blank\" rel=\"noreferrer noopener\">Volume 165<\/a>, July 2019, pp. 22-45 <a href=\"https:\/\/doi.org\/10.1016\/j.jip.2019.03.010\" target=\"_blank\" rel=\"noreferrer noopener\">https:\/\/doi.org\/10.1016\/j.jip.2019.03.010<\/a><\/p>\n\n\n\n<p>Raymundo Mart\u00ednez Jim\u00e9nez, <strong>Jaime Ruiz-Vega<\/strong>, Magdaleno Caballero Caballero, Mar\u00eda Eugenia Silva Rivera and Jos\u00e9 Luis Montes Bernab\u00e9. 2019. Agaves silvestres y cultivados empleados en la elaboraci\u00f3n de mezcal en Sola de Vega, Oaxaca, M\u00e9xico. Tropical and Subtropical Agroecosistems 22(2): 477-485.&nbsp; eISSN 1870-0462 http:\/\/www.revista.ccba.uady.mx\/ojs\/index.php\/TSA\/article\/download\/2750\/1264<\/p>\n\n\n\n<p>Aquino-Bola\u00f1os, T.,<strong> J. Ruiz-Vega<\/strong>, Y. D. Ortiz Hern\u00e1ndez and J. C. Jim\u00e9nez Casta\u00f1eda. 2019. Survival of Entomopathogenic Nematodes in Oil Emulsions and Control Effectiveness on Adult Engorged Ticks (Acari: Ixodida) Journal of Nematology. Vol 51, 10 pp. ISSN 0022-300X DOI: DOI: https:\/\/doi.org\/10.21307\/jofnem-2019-001<\/p>\n\n\n\n<p>Diego-Nava, F,<strong> J. Ruiz Vega<\/strong>, O. Mart\u00ednez-Ru\u00edz, N. M. P\u00e9rez-Belmonte, F. Ruiz-Ortiz. 2019. Eficiencia energ\u00e9tica y emisiones de gases de efecto invernadero en dos agroecosistemas en Oaxaca, M\u00e9xico. Revista Ingenier\u00eda Agr\u00edcola, ISSN-2306-1545, EISSN 2227-8761, 9(2):39-44. <a href=\"https:\/\/revistas.unah.edu.cu\/index.php\/IAgric\/article\/view\/1101\" target=\"_blank\" rel=\"noreferrer noopener\">https:\/\/revistas.unah.edu.cu\/index.php\/IAgric\/article\/view\/1101<\/a><\/p>\n\n\n\n<p>Alberto Toriz-Roldan,<strong> Jaime Ruiz-Vega<\/strong>, Manuel Garc\u00eda-Ulloa, Alfredo Hern\u00e1ndez-Llamas, Jorge Fonseca Madrigal and Hervey Rodr\u00edguez-Gonz\u00e1lez. 2019. Assessment of Dietary Supplementation Levels of Black Soldier Fly, Hemertia illucens, Pre-Pupae Meal for Juvenile Nile Tilapia, Oreochromis niloticus. Southwestern Entomologist, 44(1): 251-259. ISSN 0147-1724 https:\/\/doi.org\/10.3958\/059.044.0127<\/p>\n\n\n\n<p>Leyva Hernandez, H. A., Garcia-Gutierrez, C., <strong>Ruiz-Vega, J.<\/strong>, Calderon-Vazquez C. L., Luna-Gonzalez, A. &nbsp;y Garcia-Salas, S. 2018. Evaluaci\u00f3n de la Virulencia de Steinernema riobrave y Rhabditis blumi&nbsp; contra Larvas del Tercer \u00cdnstar de Spodoptera frugiperda. Southwestern Entomologist 43(1): 189-198. ISSN 0147-1724. DOI: <a href=\"https:\/\/doi.org\/%2010.3958\/059.043.0111\" target=\"_blank\" rel=\"noreferrer noopener\">https:\/\/doi.org\/ 10.3958\/059.043.0111<\/a><\/p>\n\n\n\n<p><strong>Ruiz-Vega, J.<\/strong>, C. I. Cort\u00e9s-Mart\u00ednez and C. Garc\u00eda-Guti\u00e9rrez. 2018. Survival and Infectivity of Entomopathogenic Nematodes Formulated in Sodium Alginate Beads. Journal of Nematology (50)3: 273-280. 0022-300XDOI: 10.21307\/jofnem-2018-037<\/p>\n\n\n\n<p>M\u00e9ndez-Mat\u00edas, A., Robles-P\u00e9rez, C.,<strong> Ruiz_Vega J<\/strong>. y Casta\u00f1eda-Hidalgo, E. 2018. Compostaje de residuos agroindustriales inoculados con hongos lignocelul\u00f3sicos y modificaci\u00f3n de la relaci\u00f3n C\/N. Rev. Mex. de Ciencias Agr\u00edcolas,&nbsp; ISSN impreso: 2007-0934, 2007-9230 on line. 9(2): 271-280.&nbsp;<a href=\"https:\/\/doi.org\/10.29312\/remexca.v9i2.1070\" target=\"_blank\" rel=\"noreferrer noopener\">https:\/\/doi.org\/10.29312\/remexca.v9i2.1070<\/a><\/p>\n\n\n\n<p>Heriberto Cruz-Mart\u00ednez, <strong>Jaime Ruiz-Vega<\/strong>, Pastor T. Matadamas-Ort\u00edz, Carlos I. Cort\u00e9s-Mart\u00ednez and Jesusita Rosas-D\u00edaz. 2017. Formulation of Entomopathogenic Nematodes for Crop Pest Control: a Review. Plant Protect. Science 53(1): 15-24. ISSN1212-2580 (Print), ISSN 1805-9341 (On-line), doi: 10.17221\/35\/2016-PPS<\/p>\n\n\n\n<p>Cort\u00e9s-Mart\u00ednez, C.I., <strong>J. Ruiz-Vega<\/strong>, P.T. Matadamas-Ortiz, E.E. Lewis, T. Aquino-Bola\u00f1os &amp; J. Navarro-Antonio (2016) Effect of moisture evaporation from diatomaceous earth pellets on storage stability of Steinernema glaseri, Biocontrol Science and Technology, 26:3, 305-319, DOI: 10.1080\/09583157.2015.1104650<\/p>\n\n\n\n<p>Juli\u00e1n Hern\u00e1ndez-Cruz, Miguel \u00c1ngel Mor\u00f3n, <strong>Jaime Ruiz-Vega<\/strong>, Jos\u00e9 Antonio S\u00e1nchez-Garc\u00eda, Laura Mart\u00ednez-Mart\u00ednez y Rafael P\u00e9rez&nbsp; Pacheco. 2016. Descripci\u00f3n de la larva de Phyllophaga Lenis (Coleoptera: Melolonthidae) en Santa Cruz Xoxocotl\u00e1n, Oaxaca, M\u00e9xico, con notas sobre su biolog\u00eda. Acta Zool\u00f3gica Mexicana (Nueva Serie) 32(1): 55-61. ISSN 0065-1737.<\/p>\n\n\n\n<p>Sergio Gir\u00f3n-Pablo,<strong> Jaime Ruiz-Vega<\/strong>, Rafael P\u00e9rez-Pacheco, Yolanda Donaj\u00ed Ortiz-Hern\u00e1ndez, and Teodulfo Aquino-Bola\u00f1os. 2015. Biological Control of Phyllophaga vetula (Horn) and Lethal Concentrations and Times of Entomopathogenic Nematodes. Southwestern Entomologist 40(2): 291-296. ISSN 0147-1724. DOI: <a href=\"http:\/\/dx.doi.org\/10.3958\/059.040.0205\" target=\"_blank\" rel=\"noreferrer noopener\">10.3958\/059.040.0205<\/a><\/p>\n\n\n\n<p>Juan R. Delgado-Gamboa,<strong> Jaime Ru\u00edz-Vega<\/strong>, Jorge E. Ibarra-Rend\u00f3n, Teodulfo Aquino-Bola\u00f1os, and Sergio Giron-Pablo. 2015.&nbsp; Isolation and Identification of Native Entomopathogenic Nematodes (Nematoda: Rhabditidae) and Potential for Controlling Scyphophorus acupunctatus in a Laboratory. Southwestern Entomologist 40(4): 731-739. ISSN 0147-1724. DOI: http:\/\/dx.doi.org\/10.3958\/059.040.0401<\/p>\n\n\n\n<p>Sergio Gir\u00f3n-Pablo, <strong>Jaime Ruiz-Vega<\/strong>, Rafael P\u00e9rez-Pacheco, Teodulfo Aquino-Bola\u00f1os, and Laura Mart\u00ednez-Mart\u00ednez. 2015. Biological Control of Phyllophaga vetula (Horn) with Entomopathogenic Nematodes in Various Formulations and Moisture Conditions. Southwestern Entomologist (40) 3: 511-517. ISSN 0147-1724. DOI: <a href=\"http:\/\/dx.doi.org\/10.3958\/059.040.0309\" target=\"_blank\" rel=\"noreferrer noopener\">10.3958\/059.040.0309<\/a><\/p>\n\n\n\n<p><strong>Ruiz-Vega, J,<\/strong> Mena-Mesa, N, Diego-Nava, F &amp; Herrera-Su\u00e1rez, M. 2015, Productivity and energy efficiency of three tillage systems for maize (Zea mayz L.) production. Revista Facultad de Ingenieria, vol 2015, no. 76, pp. 66-72., ISSN 0120-6230. DOI: <a href=\"http:\/\/dx.doi.org\/10.17533\/udea.redin.n76a08\" target=\"_blank\" rel=\"noreferrer noopener\">10.17533\/udea.redin.n76a08<\/a><\/p>\n\n\n\n<p>Aguilar-Ben\u00edtez, G., C. B. Pe\u00f1a-Valdivia,<strong> J- Ruiz Vega<\/strong>, R. Castro-Rivera, &nbsp;H. M. Ram\u00edrez-Tob\u00edas. 2014. Seed Germination and Early Root Growth in Common Bean and Maize Landraces and Improved Cultivars at Different Water Stress Levels. International Journal of Applied Science and Technology 4 (4): 118-127.<\/p>\n\n\n\n<p>Hern\u00e1ndez-Cruz, J., M. A. Mor\u00f3n, <strong>J. Ruiz-Vega<\/strong>, J. A. S\u00e1nchez-Garc\u00eda, L. Mart\u00ednez-Mart\u00ednez y R. P\u00e9rez-Pacheco. 2014. Bionom\u00eda de las especies de Phyllophaga (Coleoptera: Melolonthidae) en Santa Cruz Xoxocotl\u00e1n, Oaxaca, M\u00e9xico. Acta Zool\u00f3gica Mexicana (nueva serie), Volumen 30(1): 144-160.<\/p>\n\n\n\n<p>Matadamas-Ortiz, P.,<strong> J. Ruiz-Vega<\/strong>, J.A. Vazquez-Feijoo, H. Cruz-Mart\u00ednez and C.I. Cort\u00e9s-Mart\u00ednez. 2014. Mechanical production of pellets for the application of entomopathogenic nematodes: factors that determine survival time of Steinernema glaseri. Biocontrol Science and Technology 24 (2): 145-157. ISSN: 0958-3157.<\/p>\n\n\n\n<p>Niurka Mena-Mesa, <strong>Jaime Ruiz\u2013Vega<\/strong>, Fernando Rafael Funes-Monzote, J. C. Carrillo Rodr\u00edguez y V. Velasco Velasco. 2014. Indicators of Agroecological Sustainability of Three Tillage Systems for Maize (Zea mayz L.) Production. Agroecology and Sustainable Food Systems 38: 410-426. ISSN: 2168-3565.<\/p>\n\n\n\n<p>Fidel Diego Nava, Miguel Herrera Su\u00e1rez, Armando Eloy Garc\u00eda de La Figal y<strong> Jaime Ruiz Vega<\/strong>. 2013. Situaci\u00f3n actual del empleo de la tracci\u00f3n animal en los Valles Centrales de Oaxaca, M\u00e9xico: An\u00e1lisis cr\u00edtico, Revista Ciencias T\u00e9cnicas Agropecuarias 22: 76-84. Univ. Agraria de la Habana. ISSN: 1010-2760 <a href=\"http:\/\/scielo.sld.cu\/pdf\/rcta\/v22n1\/rcta13113.pdf\" target=\"_blank\" rel=\"noreferrer noopener\">http:\/\/scielo.sld.cu\/pdf\/rcta\/v22n1\/rcta13113.pdf<\/a><\/p>\n\n\n\n<p>Miguel Herrera Su\u00e1rez, Omar Gonz\u00e1lez Cueto, Fidel Diego Nava, <strong>Jaime Ruiz Vega<\/strong>, Elvis L\u00f3pez Bravo y Ciro Enrique Iglesias Coronel. 2013. Simulaci\u00f3n de la respuesta mec\u00e1nica del suelo en la interfase suelo-herramienta de labranza. Rev. Fac. Ing. Univ. Antioquia 69: 79-88. ISSN: 0120-6230<\/p>\n\n\n\n<p><strong>RUIZ VEGA, J.<\/strong>, T, AQUINO BOLA\u00d1OS, M. E. Silva-Rivera y S. GIR\u00d3N PABLO. 2012. Control integrado de la gallina ciega Phyllophaga vetula Horn (Coleoptera: Melolonthidae) con agentes entomomopat\u00f3genos en Oaxaca, M\u00e9xico. Revista Cient\u00edfica UDO Agr\u00edcola 12 (3): 609-616.<\/p>\n\n\n\n<p><strong>Ruiz-Vega, Jaime<\/strong>, Rafael P\u00e9rez-Pacheco, Teodulfo Aquino-Bola\u00f1os and&nbsp; Mar\u00eda Eugenia Silva-Rivera. 2012. Participatory evaluation of sustainable land use and technology adoption in two agroecosystems. Tropical and Subtropical Agroecosystems 15: 25-30.<\/p>\n\n\n\n<p>Gir\u00f3n Pablo, S.,<strong> J. Ruiz-Vega<\/strong>, R. P\u00e9rez-Pacheco, J. A. Sanchez Garc\u00eda and T. Aquino-Bola\u00f1os. 2012. Isolation of entomopathogenic nematodes and control of Phyllophaga vetula Horn in Oaxaca, Mexico. African J. Biotechnol. 11(99): 16525-16531.<\/p>\n\n\n\n<p>Miguel Herrera Su\u00e1rez, Ciro Iglesias Coronel, Darina Lara Coba, Fidel Diego Nava, <strong>Jaime Ruiz Vega<\/strong>, Omar Gonz\u00e1lez Cueto y Elvis L\u00f3pez Bravo. 2012. Sensor para la medici\u00f3n continua de la compactaci\u00f3n del suelo. Rev. Mex. de Ciencias Agr\u00edcolas (no. especial) 4: 800-806.<\/p>\n\n\n\n<p>Spence, K., G. Stevens; H. Arimoto; <strong>J. Ruiz-Vega<\/strong>; H. Kaya and E. Lewis. 2011. Effect of insect cadaver desiccation and soil water potential during rehydration on entomopathogenic nematode (Rhabditida: Steinernematidae and Heterorhabditidae) production and virulence. Journal of Invertebrate Pathology. 106(2): 268-273. ISSN: 0022-2011.<\/p>\n\n\n\n<p>Aquino Bola\u00f1os, T.,<strong> J. Ruiz Vega<\/strong> y D. Mart\u00ednez S\u00e1nchez. 2010. Ecolog\u00eda y biolog\u00eda de Scyphophorus acupunctatus Gyllenhal (coleoptera: curculionidae), plaga del agave mezcalero en los Valles Centrales de Oaxaca. Naturaleza y Desarrollo 8(6): 62-71.<\/p>\n\n\n\n<p>Martinez-Tom\u00e1s, S. H., R. Perez-Pacheco, C. Hern\u00e1ndez-Rodriguez, G. Ramirez-Valverde &amp;<strong> J. Ruiz-Vega. <\/strong>2009. Effects of an aqueous extract of Azadirachta indica on the growth of larvae and development of pupae of Culex quinquefasciatus. African J. Biotechnol. 8(17): 4245-4250.<\/p>\n\n\n\n<p>Aquino B., T., <strong>Ruiz V., J. <\/strong>y M. A. Iparraguirre C. 2009. M\u00e9todos de control de Erwinia carotovora Dye y de su vector Syphophorus acupunctatus Gyllenhal en agave mezcalero en Oaxaca, M\u00e9xico. Revista Centro Agr\u00edcola Vol. 36 No. 4.<\/p>\n\n\n\n<p>N\u00fa\u00f1ez Barrios, A., E. S\u00e1nchez Ch\u00e1vez, <strong>J. Ruiz Vega<\/strong> y D. S. NeSmith. 2008. calidad de poscosecha en cultivares de arandano (Vaccinium sp.) sometidos a periodos de pre-almacenamieto y temperaturas. Agric. Tec. Mex. 34(4): 453-457.<\/p>\n\n\n\n<p>Aquino B., T., Iparraguirre C., M. y <strong>Ruiz V., J.<\/strong> 2007. Scyphophorus acupunctatus (=interstitialis) Gyllenhal (Coloptera: Curculionidae), plaga del agave mezcalero: P\u00e9rdidas y da\u00f1os en Oaxaca, M\u00e9xico. Revista UDO Agr\u00edcola 7(1): 1-6.<\/p>\n\n\n\n<p>Aquino B., T.,<strong> Ruiz V., J.<\/strong> e Iparraguirre C., M. 2006. Control biol\u00f3gico del picudo negro (Scyphophorus interstitialis Gyllenhal) con nem\u00e1todos y hongos entomopat\u00f3genos en agave&nbsp; en Oaxaca, M\u00e9xico. Revista UDO Agr\u00edcola 6(1): 92-101.<\/p>\n\n\n\n<p><strong>Ruiz V. J. <\/strong>y Carrillo R., J. C. 2005. Selecci\u00f3n de materiales forrajeros de sorgo (Sorghum bicolor) y mijo por \u00edndices de eficiencia de producci\u00f3n y calidad. Agron. Mesoam. 16(2): 153-160.<\/p>\n\n\n\n<p>Rafael P\u00e9rez-Pacheco, Ces\u00e1reo Rodr\u00edguez-Hern\u00e1ndez, Joel Lara-Reyna, Roberto Montes- Belmont and <strong>Jaime Ruiz-Vega<\/strong>. 2005. Control of the mosquito Anopheles pseudopunctipennis (Diptera: Culicidae) with romanomermis iyengari (nematoda: mermithidae) in Oaxaca, M\u00e9xico. Biological Control 32(1): 137-142.<\/p>\n\n\n\n<p>Jos\u00e9 C. Carrillo y<strong> Jaime Ruiz<\/strong>. 2004. Producci\u00f3n de forraje en sorgo y mijo: Variables de crecimiento. Agron. Mesoam. 15: 69-76.<\/p>\n\n\n\n<p><strong>Ruiz V., J.<\/strong>, Aquino B., T., Kaya H. K. y Stock, P. 2003. Colecta y evaluaci\u00f3n de nem\u00e1todos entomopat\u00f3genos para el control de gallinas ciegas Phyllophaga vetula (Horn) en Oaxaca, M\u00e9xico. Folia Entomol. Mex. 42: 169-175.<\/p>\n\n\n\n<p>Mendoza-Netzahual Hugo Jos\u00e9 C. Carrillo-Rodr\u00edguez, Catarino Perales-Segovia y<strong> Jaime Ruiz-Vega<\/strong>. 2003. Evaluaci\u00f3n de fuentes de fertilizaci\u00f3n org\u00e1nica para tomate de invernadero en Oaxaca, M\u00e9xico. Manejo Integrado de Plagas y Agroecolog\u00eda. 70: 30-35.<\/p>\n\n\n\n<p>Jos\u00e9 Cruz Carrillo, Felix Jim\u00e9nez, <strong>Jaime Ruiz<\/strong>, Prometeo S\u00e1nchez, Catarino Perales y Anselmo Arellanes. 2003. Evaluaci\u00f3n de densidades de siembra en tomate (Lycopersicon esculentum MILL) en invernadero. Agron. Mesoam. 14(1): 85-88.<\/p>\n\n\n\n<p><strong>Ruiz V., J. <\/strong>y Loaeza R., G. 2003. Evaluaci\u00f3n de abonos verdes en asociaci\u00f3n con ma\u00edz de temporal en los Valles Centrales de Oaxaca, M\u00e9xico. Terra 21: 409-415.<\/p>\n\n\n\n<p>Cisneros, J., P\u00e9rez, J. A., Penagos, D. I,<strong> Ruiz V., J.<\/strong>, Goulson, D., Caballero, P., Cave, R. D., and Williams, T. 2002. Formulation of a nucleopolyhedrovirus with boric acid for control of Spodoptera frugiperda (lepidoptera: Nocuidae) in maize. Biological Control 23 (1): 87-95.<\/p>\n\n\n\n<p><strong>Ruiz V., J.<\/strong> y Medina Z., J. 2001. Avances en el manejo integrado de Bemisia tabaci en tomate y chile en Oaxaca, M\u00e9xico. Manejo Integrado de Plagas (Costa Rica) 59: 32-38.<\/p>\n\n\n\n<p><strong>Ruiz V., J.<\/strong>, Bravo E., M. y Loaeza R., G. 2001. Cubiertas Vegetales y Barreras Vivas: Tecnolog\u00cdas Con Potencial para Reducir la erosi\u00f3n en Oaxaca, M\u00e9xico.&nbsp; Terra 19: 89-95.<\/p>\n\n\n\n<p><strong>Ruiz V., J.<\/strong> y Silva R., M. E. 1999. Zonificaci\u00f3n agroecol\u00f3gica del cultivo del ma\u00edz de temporal en los Valles Centrales de Oaxaca II. Determinaci\u00f3n de las pr\u00e1cticas de producci\u00f3n adecuadas. Terra 17 (4): 361-366.<\/p>\n\n\n\n<p><strong>Ruiz V., J.<\/strong> y Aquino B., T. 1999. Manejo de Bemisia tabaci mediante barreras vivas y Paecilomyces&nbsp; en Oaxaca, M\u00e9xico. Manejo Integrado de Plagas (Costa Rica ) 52: 80-88.<\/p>\n\n\n\n<p><\/p>\n","protected":false},"excerpt":{"rendered":"<p>Ruiz-Vega, J., C. I. Cort\u00e9s-Martinez,&nbsp; R. Roman-Doval, M. A. Vald\u00e9s-Madrigal, T. Aquino-Bola\u00f1os. 2025. An experiment-based screening approach to formulate the entomopathogenic nematode Steinernema glaseri in pellets with powder material Journal of Natural Pesticide Research 13(2025) 100140, https:\/\/doi.org\/10.1016\/jnapere. EISSN 2773-0786 Cort\u00e9s\u2011Mart\u00ednez, &nbsp;C. I., J.&nbsp;Ruiz\u2011Vega, N.&nbsp;Chavarr\u00eda\u2011Hern\u00e1ndez and T. Aquino\u2011Bola\u00f1os. 2025.Thirty\u2011eight years of&nbsp;patenting for&nbsp;the&nbsp;progress in&nbsp;biopesticides based on&nbsp;entomopathogenic nematodes: [&hellip;]<\/p>\n","protected":false},"author":53,"featured_media":0,"parent":0,"menu_order":0,"comment_status":"closed","ping_status":"closed","template":"","meta":{"_swt_meta_header_display":false,"_swt_meta_footer_display":false,"_swt_meta_site_title_display":false,"_swt_meta_sticky_header":false,"_swt_meta_transparent_header":false,"footnotes":""},"class_list":["post-6","page","type-page","status-publish","hentry"],"_links":{"self":[{"href":"https:\/\/web.ciidiroaxaca.ipn.mx\/jvega\/wp-json\/wp\/v2\/pages\/6","targetHints":{"allow":["GET"]}}],"collection":[{"href":"https:\/\/web.ciidiroaxaca.ipn.mx\/jvega\/wp-json\/wp\/v2\/pages"}],"about":[{"href":"https:\/\/web.ciidiroaxaca.ipn.mx\/jvega\/wp-json\/wp\/v2\/types\/page"}],"author":[{"embeddable":true,"href":"https:\/\/web.ciidiroaxaca.ipn.mx\/jvega\/wp-json\/wp\/v2\/users\/53"}],"replies":[{"embeddable":true,"href":"https:\/\/web.ciidiroaxaca.ipn.mx\/jvega\/wp-json\/wp\/v2\/comments?post=6"}],"version-history":[{"count":11,"href":"https:\/\/web.ciidiroaxaca.ipn.mx\/jvega\/wp-json\/wp\/v2\/pages\/6\/revisions"}],"predecessor-version":[{"id":54,"href":"https:\/\/web.ciidiroaxaca.ipn.mx\/jvega\/wp-json\/wp\/v2\/pages\/6\/revisions\/54"}],"wp:attachment":[{"href":"https:\/\/web.ciidiroaxaca.ipn.mx\/jvega\/wp-json\/wp\/v2\/media?parent=6"}],"curies":[{"name":"wp","href":"https:\/\/api.w.org\/{rel}","templated":true}]}}