{"id":11,"date":"2011-10-18T20:29:44","date_gmt":"2011-10-18T20:29:44","guid":{"rendered":"https:\/\/web.ciidiroaxaca.ipn.mx\/jvega\/cursos\/"},"modified":"2025-10-14T20:24:21","modified_gmt":"2025-10-14T20:24:21","slug":"actividades-academicas","status":"publish","type":"page","link":"https:\/\/web.ciidiroaxaca.ipn.mx\/jvega\/actividades-academicas\/","title":{"rendered":"Actividades Acad\u00e9micas"},"content":{"rendered":"\n<h3 class=\"wp-block-heading\">Cursos y seminarios<\/h3>\n\n\n\n<p>Seminario de Investigaci\u00f3n IV, Programa de Maestr\u00eda, CIIDIR OAXACA, 2005-2016.<\/p>\n\n\n\n<p>Seminario de Investigaci\u00f3n VIII, Programa de doctorado, CIIDIR OAXACA, 2017, 2018.<\/p>\n\n\n\n<p>Seminario de Investigaci\u00f3n II, Programa de doctorado, CIIDIR OAXACA, 2009.<\/p>\n\n\n\n<p>Seminario de Investigaci\u00f3n I, Programa de doctorado, CIIDIR OAXACA, 2008<\/p>\n\n\n\n<p>Manejo Integrado de Plagas, CIIDIR OAXACA, 2004-2008.<\/p>\n\n\n\n<p>Agroecolog\u00eda. Programa de Maestr\u00eda, CIIDIR OAXACA, 2003-2017, 2020, 2022, 2023 y 2024.<\/p>\n\n\n\n<p>Fisiot\u00e9cnia Vegetal. Programa de Maestr\u00eda, ITAO No. 23. 1991-2000, 2006, 2007.<\/p>\n\n\n\n<p>Agroclimatolog\u00eda. Programa de Maestr\u00eda, ITAO No. 23. 1989-1991<\/p>\n\n\n\n<p><\/p>\n","protected":false},"excerpt":{"rendered":"<p>Cursos y seminarios Seminario de Investigaci\u00f3n IV, Programa de Maestr\u00eda, CIIDIR OAXACA, 2005-2016. Seminario de Investigaci\u00f3n VIII, Programa de doctorado, CIIDIR OAXACA, 2017, 2018. Seminario de Investigaci\u00f3n II, Programa de doctorado, CIIDIR OAXACA, 2009. Seminario de Investigaci\u00f3n I, Programa de doctorado, CIIDIR OAXACA, 2008 Manejo Integrado de Plagas, CIIDIR OAXACA, 2004-2008. Agroecolog\u00eda. Programa de Maestr\u00eda, [&hellip;]<\/p>\n","protected":false},"author":53,"featured_media":0,"parent":0,"menu_order":0,"comment_status":"closed","ping_status":"closed","template":"","meta":{"_swt_meta_header_display":false,"_swt_meta_footer_display":false,"_swt_meta_site_title_display":false,"_swt_meta_sticky_header":false,"_swt_meta_transparent_header":false,"footnotes":""},"class_list":["post-11","page","type-page","status-publish","hentry"],"_links":{"self":[{"href":"https:\/\/web.ciidiroaxaca.ipn.mx\/jvega\/wp-json\/wp\/v2\/pages\/11","targetHints":{"allow":["GET"]}}],"collection":[{"href":"https:\/\/web.ciidiroaxaca.ipn.mx\/jvega\/wp-json\/wp\/v2\/pages"}],"about":[{"href":"https:\/\/web.ciidiroaxaca.ipn.mx\/jvega\/wp-json\/wp\/v2\/types\/page"}],"author":[{"embeddable":true,"href":"https:\/\/web.ciidiroaxaca.ipn.mx\/jvega\/wp-json\/wp\/v2\/users\/53"}],"replies":[{"embeddable":true,"href":"https:\/\/web.ciidiroaxaca.ipn.mx\/jvega\/wp-json\/wp\/v2\/comments?post=11"}],"version-history":[{"count":6,"href":"https:\/\/web.ciidiroaxaca.ipn.mx\/jvega\/wp-json\/wp\/v2\/pages\/11\/revisions"}],"predecessor-version":[{"id":67,"href":"https:\/\/web.ciidiroaxaca.ipn.mx\/jvega\/wp-json\/wp\/v2\/pages\/11\/revisions\/67"}],"wp:attachment":[{"href":"https:\/\/web.ciidiroaxaca.ipn.mx\/jvega\/wp-json\/wp\/v2\/media?parent=11"}],"curies":[{"name":"wp","href":"https:\/\/api.w.org\/{rel}","templated":true}]}}